{"id":10004,"date":"2024-11-13T08:31:46","date_gmt":"2024-11-13T08:31:46","guid":{"rendered":"https:\/\/alqawafel.com\/?post_type=product&#038;p=10004"},"modified":"2025-07-09T09:25:44","modified_gmt":"2025-07-09T09:25:44","slug":"an-nebras-8-16-323mgot-e","status":"publish","type":"product","link":"https:\/\/alqawafel.com\/de\/product\/an-nebras-8-16-323mgot-e\/","title":{"rendered":"AN-Nebras 8-16-32+3MgO+T.E. D\u00fcngemittel"},"content":{"rendered":"<h3>Warum AN-Nebras 8-16-32+3MgO+T.E. Suspensionsd\u00fcnger w\u00e4hlen?<\/h3>\n<p class=\"translation-block\"><span style=\"font-size: 18px\">AN-Nebras 8-16-32+3MgO+T.E. Suspensionsd\u00fcnger ist ein hochwertiger, gebrauchsfertiger <\/span><span style=\"font-size: 14pt\">Suspensions<\/span> <span style=\"font-size: 18px\">D\u00fcnger, der speziell f\u00fcr die direkte Anwendung formuliert wurde. Er enth\u00e4lt nicht nur eine Mischung aus wichtigen organischen Verbindungen, sondern auch lebenswichtige N\u00e4hrstoffe wie Phosphor, Kalium und Stickstoff. Diese ausgewogene Zusammensetzung sorgt daf\u00fcr, dass die N\u00e4hrstoffe leicht aufgenommen werden, ohne dass es zu nachteiligen Reaktionen mit den Bodenbestandteilen kommt.<\/span><\/p>\n<p><span style=\"font-size: 18px;\">Au\u00dferdem enth\u00e4lt AN-Nebras eine hohe Konzentration an chelatierten Spurenelementen, die von den Pflanzen schnell aufgenommen werden k\u00f6nnen, was zu sp\u00fcrbaren Wachstumserfolgen f\u00fchrt. Mit einem niedrigen pH-Wert von 2 bis 3 verbessert es au\u00dferdem die N\u00e4hrstoffaufnahme in verschiedenen Bodentypen. Dar\u00fcber hinaus minimiert die niedrige elektrische Leitf\u00e4higkeit (EC = 1 bei 1 g\/Liter) die Osmose, so dass die Pflanzen auch bei hoher Dosierung ein Maximum an N\u00e4hrstoffen aufnehmen k\u00f6nnen. Schlie\u00dflich ist AN-Nebras in hohem Ma\u00dfe wasserl\u00f6slich und verteilt wichtige Mikro- und Makroelemente, die ein gesundes Wachstum w\u00e4hrend des gesamten Lebenszyklus der Pflanzen unterst\u00fctzen.<\/span><\/p>\n<h3>Vorteile<\/h3>\n<ul>\n<li><span style=\"font-size: 18px;\"><strong>Hoher Kaliumgehalt:<\/strong> Liefert essentielles Kalium zur F\u00f6rderung des Wachstums in verschiedenen Entwicklungsstadien.<\/span><\/li>\n<li><span style=\"font-size: 14pt;\"><strong>Geeignet f\u00fcr die Produktionsphasen:<\/strong> zur Ertragssteigerung und Verbesserung der Fruchtqualit\u00e4t.<\/span><\/li>\n<li><span style=\"font-size: 18px;\"><strong>Wasserl\u00f6slichkeit:<\/strong> Vollst\u00e4ndig wasserl\u00f6slich und mit allen Bew\u00e4sserungssystemen kompatibel, was eine nahtlose Anwendung erm\u00f6glicht.<\/span><\/li>\n<li><span style=\"font-size: 18px;\"><strong>Geeignet f\u00fcr alle Arten von Kulturen:<\/strong> Zugelassen f\u00fcr den Anbau von Feldfr\u00fcchten, B\u00e4umen, Gem\u00fcse und Zierpflanzen, die eine breite Palette von landwirtschaftlichen Anforderungen erf\u00fcllen.<\/span><\/li>\n<li><span style=\"font-size: 18px;\"><strong>Flexibilit\u00e4t f\u00fcr zwei Anwendungen:<\/strong> Wirksam sowohl bei der Blatt- als auch bei der Bodenanwendung, wodurch die N\u00e4hrstoffzufuhr maximiert wird.<\/span><\/li>\n<\/ul>\n<h3>AN-Nebras 8-16-32+3MgO+T.E. Chemische Zusammensetzung<\/h3>\n<ul>\n<li><span style=\"font-size: 18px;\"><strong>Prim\u00e4re N\u00e4hrstoffe:<\/strong> Stickstoff (N 8%), Pho sphorus (P\u2082O\u2085 16%), Kalium (K\u2082O 32%).<\/span><\/li>\n<li><span style=\"font-size: 18px;\"><strong>Sekund\u00e4re N\u00e4hrstoffe:<\/strong> Magnesium (MgO 3%), Schwefel (S), Calciumoxid (CaO).<\/span><\/li>\n<li><span style=\"font-size: 18px;\"><strong>Mikron\u00e4hrstoffe:<\/strong> Eisen (Fe) (EDTA-Zitronens\u00e4ure-chelatiert), Zink (Zn) (EDTA-Zitronens\u00e4ure-chelatiert), Mangan (Mn) (EDTA-Zitronens\u00e4ure-chelatiert), Kupfer (Cu) (EDTA-Zitronens\u00e4ure-chelatiert), Bor (B).<\/span><\/li>\n<li><span style=\"font-size: 18px;\"><strong>Zusatzstoffe:<\/strong> Thiamin, Riboflavin, Pyridoxin, Nicotinamid, organische S\u00e4uren.<\/span><\/li>\n<li><span style=\"font-size: 18px;\"><strong>Frei von Chlorid:<\/strong> Gew\u00e4hrleistet die Sicherheit der Pflanzen und f\u00f6rdert die Gesundheit des Bodens.<\/span><\/li>\n<\/ul>\n<h3>Ideale Anwendung<\/h3>\n<p><span style=\"font-size: 18px;\">AN-Nebras 8-16-32+3MgO+T.E. wird f\u00fcr Boden- und Blattanwendungen empfohlen, geeignet f\u00fcr:<\/span><\/p>\n<ol>\n<li><span style=\"font-size: 18px;\">Gew\u00e4chshausgem\u00fcse.<\/span><\/li>\n<li><span style=\"font-size: 18px;\">Freilandgem\u00fcse.<\/span><\/li>\n<li><span style=\"font-size: 18px;\">Obstb\u00e4ume.<\/span><\/li>\n<li>Feldfr\u00fcchte.<\/li>\n<li>Zierpflanzen.<\/li>\n<\/ol>\n<h3>Anwendungsraten<\/h3>\n<h4 data-start=\"168\" data-end=\"200\"><strong data-start=\"174\" data-end=\"200\">Gew\u00e4chshaus-Gem\u00fcse<\/strong><\/h4>\n<ul data-start=\"201\" data-end=\"391\">\n<li data-start=\"201\" data-end=\"331\">\n<p data-start=\"203\" data-end=\"331\"><strong data-start=\"203\" data-end=\"224\">Anwendung im Boden:<\/strong><br data-start=\"224\" data-end=\"227\" \/>1,5 l pro Haus (500 m\u00b2) von der Anpflanzung bis 30-40 Tage<br data-start=\"281\" data-end=\"284\" \/>2-4 l pro Haus (500 m\u00b2) in fortgeschrittenen Stadien<\/p>\n<\/li>\n<li data-start=\"332\" data-end=\"391\">\n<p data-start=\"334\" data-end=\"391\"><strong data-start=\"334\" data-end=\"357\">Anwendung \u00fcber das Blatt:<\/strong><br data-start=\"357\" data-end=\"360\" \/>300-400 ml pro 200 l Wasser<\/p>\n<\/li>\n<\/ul>\n<h4 data-start=\"398\" data-end=\"430\"><strong data-start=\"404\" data-end=\"430\">Freilandgem\u00fcse<\/strong><\/h4>\n<ul data-start=\"431\" data-end=\"538\">\n<li data-start=\"431\" data-end=\"478\">\n<p data-start=\"433\" data-end=\"478\"><strong data-start=\"433\" data-end=\"454\">Anwendung im Boden:<\/strong><br data-start=\"454\" data-end=\"457\" \/>2-4 l pro 1000 m\u00b2<\/p>\n<\/li>\n<li data-start=\"479\" data-end=\"538\">\n<p data-start=\"481\" data-end=\"538\"><strong data-start=\"481\" data-end=\"504\">Anwendung \u00fcber das Blatt:<\/strong><br data-start=\"504\" data-end=\"507\" \/>400-500 ml pro 200 l Wasser<\/p>\n<\/li>\n<\/ul>\n<h4 data-start=\"545\" data-end=\"567\"><strong data-start=\"551\" data-end=\"567\">Obstb\u00e4ume<\/strong><\/h4>\n<ul data-start=\"568\" data-end=\"717\">\n<li data-start=\"568\" data-end=\"656\">\n<p data-start=\"570\" data-end=\"656\"><strong data-start=\"570\" data-end=\"591\">Anwendung im Boden:<\/strong><br data-start=\"591\" data-end=\"594\" \/>1,25 l pro 1000 m\u00b2 vom Beginn des Wachstums bis zur Fruchtbildung<\/p>\n<\/li>\n<li data-start=\"657\" data-end=\"717\">\n<p data-start=\"659\" data-end=\"717\"><strong data-start=\"659\" data-end=\"682\">Anwendung \u00fcber das Blatt:<\/strong><br data-start=\"682\" data-end=\"685\" \/>500-1000 ml pro 200 l Wasser<\/p>\n<\/li>\n<\/ul>\n<h3>Verpackung<\/h3>\n<p><span style=\"font-size: 18px;\">Erh\u00e4ltlich in S\u00e4cken zu 1 kg, 5 kg und 20 kg.<\/span><\/p>\n<p><img loading=\"lazy\" decoding=\"async\" class=\"alignnone size-medium wp-image-16945\" src=\"https:\/\/alqawafel.com\/wp-content\/uploads\/2024\/11\/NPK-8-16-32-300x300.webp\" alt=\"AN-Nebras 8-16-32+3MgO+T.E. \" width=\"300\" height=\"300\" srcset=\"https:\/\/alqawafel.com\/wp-content\/uploads\/2024\/11\/NPK-8-16-32-300x300.webp 300w, https:\/\/alqawafel.com\/wp-content\/uploads\/2024\/11\/NPK-8-16-32-150x150.webp 150w, https:\/\/alqawafel.com\/wp-content\/uploads\/2024\/11\/NPK-8-16-32-768x768.webp 768w, https:\/\/alqawafel.com\/wp-content\/uploads\/2024\/11\/NPK-8-16-32.webp 1000w\" sizes=\"auto, (max-width: 300px) 100vw, 300px\" \/><\/p>","protected":false},"excerpt":{"rendered":"<p><span style=\"font-size: 18px;\">AN-Nebras 8-16-32+3MgO+T.E. Suspensionsd\u00fcnger, reich an Kalium, bietet eine hohe Absorption und essentielle Spurenelemente f\u00fcr verschiedene Kulturen,.<\/span><\/p>","protected":false},"featured_media":16945,"comment_status":"open","ping_status":"closed","template":"","meta":{"om_disable_all_campaigns":false,"_monsterinsights_skip_tracking":false,"_monsterinsights_sitenote_active":false,"_monsterinsights_sitenote_note":"","_monsterinsights_sitenote_category":0},"product_brand":[2215],"product_cat":[50,2133],"product_tag":[866,890,463,881,887,863],"class_list":{"0":"post-10004","1":"product","2":"type-product","3":"status-publish","4":"has-post-thumbnail","6":"product_brand-an-nebras","7":"product_cat-fertilizers","8":"product_cat-suspension-fertilizers","9":"product_tag-al-qawafel-ind-agr-co","10":"product_tag-an-nebras-8-16-323mgot-e","11":"product_tag-fertilizer","12":"product_tag-high-potassium","13":"product_tag-versatile-application","14":"product_tag-water-soluble","16":"first","17":"instock","18":"shipping-taxable","19":"product-type-simple"},"aioseo_notices":[],"_links":{"self":[{"href":"https:\/\/alqawafel.com\/de\/wp-json\/wp\/v2\/product\/10004","targetHints":{"allow":["GET"]}}],"collection":[{"href":"https:\/\/alqawafel.com\/de\/wp-json\/wp\/v2\/product"}],"about":[{"href":"https:\/\/alqawafel.com\/de\/wp-json\/wp\/v2\/types\/product"}],"replies":[{"embeddable":true,"href":"https:\/\/alqawafel.com\/de\/wp-json\/wp\/v2\/comments?post=10004"}],"version-history":[{"count":11,"href":"https:\/\/alqawafel.com\/de\/wp-json\/wp\/v2\/product\/10004\/revisions"}],"predecessor-version":[{"id":19306,"href":"https:\/\/alqawafel.com\/de\/wp-json\/wp\/v2\/product\/10004\/revisions\/19306"}],"wp:featuredmedia":[{"embeddable":true,"href":"https:\/\/alqawafel.com\/de\/wp-json\/wp\/v2\/media\/16945"}],"wp:attachment":[{"href":"https:\/\/alqawafel.com\/de\/wp-json\/wp\/v2\/media?parent=10004"}],"wp:term":[{"taxonomy":"product_brand","embeddable":true,"href":"https:\/\/alqawafel.com\/de\/wp-json\/wp\/v2\/product_brand?post=10004"},{"taxonomy":"product_cat","embeddable":true,"href":"https:\/\/alqawafel.com\/de\/wp-json\/wp\/v2\/product_cat?post=10004"},{"taxonomy":"product_tag","embeddable":true,"href":"https:\/\/alqawafel.com\/de\/wp-json\/wp\/v2\/product_tag?post=10004"}],"curies":[{"name":"wp","href":"https:\/\/api.w.org\/{rel}","templated":true}]}}