{"id":10023,"date":"2024-11-13T10:22:51","date_gmt":"2024-11-13T10:22:51","guid":{"rendered":"https:\/\/alqawafel.com\/?post_type=product&#038;p=10023"},"modified":"2025-07-19T11:33:07","modified_gmt":"2025-07-19T11:33:07","slug":"an-nebras-40-10-10t-e","status":"publish","type":"product","link":"https:\/\/alqawafel.com\/de\/product\/an-nebras-40-10-10t-e\/","title":{"rendered":"AN-Nebras 40-10-10+T.E. D\u00fcngemittel"},"content":{"rendered":"<h3>Warum AN-Nebras 40-10-10+T.E. Suspensionsd\u00fcnger w\u00e4hlen?<\/h3>\n<p><span style=\"font-size: 18px;\">AN-Nebras 40-10-10+T.E. Suspensionsd\u00fcnger ist eine stickstoffreiche, gebrauchsfertige L\u00f6sung, die speziell f\u00fcr ein kr\u00e4ftiges Pflanzenwachstum entwickelt wurde. Er liefert nicht nur wichtige N\u00e4hrstoffe wie Stickstoff, Phosphor und Kalium, sondern sorgt auch f\u00fcr eine<\/span><span style=\"font-size: 18px;\">mple und effiziente N\u00e4hrstoffaufnahme ohne Nebenreaktionen mit Bodenbestandteilen.<\/span><\/p>\n<p><span style=\"font-size: 18px;\">Dar\u00fcber hinaus f\u00f6rdert dieser D\u00fcnger mit einem pH-Bereich von 2 bis 3 eine effektive N\u00e4hrstoffaufnahme und passt sich gut an eine Vielzahl von Bodentypen an. Dar\u00fcber hinaus minimiert die niedrige elektrische Leitf\u00e4higkeit (EC = 1 bei 1 g\/Liter) die Osmose, so dass die Pflanzen die N\u00e4hrstoffaufnahme auch bei h\u00f6herer Dosierung maximieren k\u00f6nnen. Schlie\u00dflich ist AN-Nebras in hohem Ma\u00dfe wasserl\u00f6slich und gew\u00e4hrleistet eine gr\u00fcndliche Mischung von Mikro- und Makroelementen, die f\u00fcr ein gesundes und nachhaltiges Pflanzenwachstum unerl\u00e4sslich sind.<\/span><\/p>\n<h3>Vorteile<\/h3>\n<ul>\n<li><span style=\"font-size: 18px;\"><strong>Hoher Stickstoffgehalt:<\/strong> Bietet eine hohe Stickstoffkonzentration zur F\u00f6rderung eines kr\u00e4ftigen vegetativen Wachstums in verschiedenen Stadien.<\/span><\/li>\n<li><span style=\"font-size: 18px;\"><strong>Flexibilit\u00e4t in der Wachstumsphase:<\/strong> Geeignet f\u00fcr Pflanzen in verschiedenen Wachstumsphasen, die eine kontinuierliche Entwicklung unterst\u00fctzen.<\/span><\/li>\n<li><span style=\"font-size: 18px;\"><strong>Vollst\u00e4ndige Wasserl\u00f6slichkeit:<\/strong> Vollst\u00e4ndig kompatibel mit allen Arten von Bew\u00e4sserungssystemen, was die Anwendung vereinfacht.<\/span><\/li>\n<li><span style=\"font-size: 18px;\"><strong>Geeignet f\u00fcr alle Arten von Kulturen:<\/strong> Zugelassen f\u00fcr den Anbau von Feldfr\u00fcchten, B\u00e4umen, Gem\u00fcse und Zierpflanzen, die verschiedene landwirtschaftliche Anforderungen erf\u00fcllen.<\/span><\/li>\n<li><span style=\"font-size: 18px;\"><strong>Vielseitige Anwendung:<\/strong> Wirksam sowohl bei der Blatt- als auch bei der Bodenanwendung, wodurch die N\u00e4hrstoffzufuhr maximiert wird.<\/span><\/li>\n<\/ul>\n<h3>AN-Nebras 40-10-10+T.E. Chemische Zusammensetzung<\/h3>\n<ul>\n<li><span style=\"font-size: 18px;\"><strong>Prim\u00e4re N\u00e4hrstoffe:<\/strong> Stickstoff (N 40%), Phosphor (P\u2082O\u2085 10%), Kalium (K\u2082O 10%).<\/span><\/li>\n<li><span style=\"font-size: 18px;\"><strong>Zusatzstoffe:<\/strong> Thiamin, Riboflavin, Pyridoxin, Nicotinamid und organische S\u00e4uren.<\/span><\/li>\n<li><span style=\"font-size: 18px;\"><strong>Frei von Chlorid:<\/strong> Gew\u00e4hrleistet die Sicherheit der Pflanzen und f\u00f6rdert die langfristige Gesundheit des Bodens.<\/span><\/li>\n<\/ul>\n<h3>Ideale Anwendung<\/h3>\n<p><strong><span style=\"font-size: 18px;\">AN-Nebras 40-10-10+T.E. wird sowohl f\u00fcr die Boden- als auch f\u00fcr die Blattanwendung empfohlen, geeignet f\u00fcr:<\/span><\/strong><\/p>\n<ol>\n<li><span style=\"font-size: 18px;\">Gew\u00e4chshausgem\u00fcse.<\/span><\/li>\n<li><span style=\"font-size: 18px;\">Freilandgem\u00fcse.<\/span><\/li>\n<li><span style=\"font-size: 18px;\">Obstb\u00e4ume.<\/span><\/li>\n<li><span style=\"font-size: 14pt;\">Feldfr\u00fcchte<\/span><\/li>\n<li><span style=\"font-size: 14pt;\">Zierpflanzen<\/span><\/li>\n<\/ol>\n<h3>Anwendungsraten<\/h3>\n<h4 data-start=\"168\" data-end=\"200\"><strong data-start=\"174\" data-end=\"200\">Gew\u00e4chshaus-Gem\u00fcse<\/strong><\/h4>\n<ul data-start=\"201\" data-end=\"391\">\n<li data-start=\"201\" data-end=\"331\">\n<p data-start=\"203\" data-end=\"331\"><strong data-start=\"203\" data-end=\"224\">Anwendung im Boden:<\/strong><br data-start=\"224\" data-end=\"227\" \/>1,5 l pro Haus (500 m\u00b2) von der Anpflanzung bis 30-40 Tage<br data-start=\"281\" data-end=\"284\" \/>2-4 l pro Haus (500 m\u00b2) in fortgeschrittenen Stadien<\/p>\n<\/li>\n<li data-start=\"332\" data-end=\"391\">\n<p data-start=\"334\" data-end=\"391\"><strong data-start=\"334\" data-end=\"357\">Anwendung \u00fcber das Blatt:<\/strong><br data-start=\"357\" data-end=\"360\" \/>300-400 ml pro 200 l Wasser<\/p>\n<\/li>\n<\/ul>\n<h4 data-start=\"398\" data-end=\"430\"><strong data-start=\"404\" data-end=\"430\">Freilandgem\u00fcse<\/strong><\/h4>\n<ul data-start=\"431\" data-end=\"538\">\n<li data-start=\"431\" data-end=\"478\">\n<p data-start=\"433\" data-end=\"478\"><strong data-start=\"433\" data-end=\"454\">Anwendung im Boden:<\/strong><br data-start=\"454\" data-end=\"457\" \/>2-4 l pro 1000 m\u00b2<\/p>\n<\/li>\n<li data-start=\"479\" data-end=\"538\">\n<p data-start=\"481\" data-end=\"538\"><strong data-start=\"481\" data-end=\"504\">Anwendung \u00fcber das Blatt:<\/strong><br data-start=\"504\" data-end=\"507\" \/>400-500 ml pro 200 l Wasser<\/p>\n<\/li>\n<\/ul>\n<h4 data-start=\"545\" data-end=\"567\"><strong data-start=\"551\" data-end=\"567\">Obstb\u00e4ume<\/strong><\/h4>\n<ul data-start=\"568\" data-end=\"717\">\n<li data-start=\"568\" data-end=\"656\">\n<p data-start=\"570\" data-end=\"656\"><strong data-start=\"570\" data-end=\"591\">Anwendung im Boden:<\/strong><br data-start=\"591\" data-end=\"594\" \/>1,25 l pro 1000 m\u00b2 vom Beginn des Wachstums bis zur Fruchtbildung<\/p>\n<\/li>\n<li data-start=\"657\" data-end=\"717\">\n<p data-start=\"659\" data-end=\"717\"><strong data-start=\"659\" data-end=\"682\">Anwendung \u00fcber das Blatt:<\/strong><br data-start=\"682\" data-end=\"685\" \/>500-1000 ml pro 200 l Wasser<\/p>\n<\/li>\n<\/ul>\n<h3>Verpackung<\/h3>\n<p><span style=\"font-size: 18px;\">AN-Nebras 40-10-10+T.E. ist in 1 kg-, 5 kg- und 20 kg-S\u00e4cken erh\u00e4ltlich und auf die Bed\u00fcrfnisse verschiedener landwirtschaftlicher Betriebe zugeschnitten, vom Kleinbetrieb bis zum Gro\u00dfunternehmen.<\/span><\/p>\n<p><img loading=\"lazy\" decoding=\"async\" class=\"alignnone size-medium wp-image-16863\" src=\"https:\/\/alqawafel.com\/wp-content\/uploads\/2024\/11\/NPK-LOGO-44-10-10-300x300.webp\" alt=\"AN-Nebras 40-10-10+T.E.\" width=\"300\" height=\"300\" srcset=\"https:\/\/alqawafel.com\/wp-content\/uploads\/2024\/11\/NPK-LOGO-44-10-10-300x300.webp 300w, https:\/\/alqawafel.com\/wp-content\/uploads\/2024\/11\/NPK-LOGO-44-10-10-150x150.webp 150w, https:\/\/alqawafel.com\/wp-content\/uploads\/2024\/11\/NPK-LOGO-44-10-10-768x768.webp 768w, https:\/\/alqawafel.com\/wp-content\/uploads\/2024\/11\/NPK-LOGO-44-10-10.webp 1000w\" sizes=\"auto, (max-width: 300px) 100vw, 300px\" \/><\/p>","protected":false},"excerpt":{"rendered":"<p><span style=\"font-size: 18px;\">AN-Nebras 40-10-10+T.E. ist ein stickstoffhaltiger Suspensionsd\u00fcnger, der die N\u00e4hrstoffaufnahme verbessert und ein kr\u00e4ftiges Pflanzenwachstum in allen Phasen unterst\u00fctzt.<\/span><\/p>","protected":false},"featured_media":16863,"comment_status":"open","ping_status":"closed","template":"","meta":{"om_disable_all_campaigns":false,"_monsterinsights_skip_tracking":false,"_monsterinsights_sitenote_active":false,"_monsterinsights_sitenote_note":"","_monsterinsights_sitenote_category":0},"product_brand":[2215],"product_cat":[50,2133],"product_tag":[866,891,463,895,471,893,863],"class_list":{"0":"post-10023","1":"product","2":"type-product","3":"status-publish","4":"has-post-thumbnail","6":"product_brand-an-nebras","7":"product_cat-fertilizers","8":"product_cat-suspension-fertilizers","9":"product_tag-al-qawafel-ind-agr-co","10":"product_tag-an-nebras-12-50-120-25mgot-e","11":"product_tag-fertilizer","12":"product_tag-high-nitrogen","13":"product_tag-plant-growth","14":"product_tag-soil-foliar","15":"product_tag-water-soluble","17":"first","18":"instock","19":"shipping-taxable","20":"product-type-simple"},"aioseo_notices":[],"_links":{"self":[{"href":"https:\/\/alqawafel.com\/de\/wp-json\/wp\/v2\/product\/10023","targetHints":{"allow":["GET"]}}],"collection":[{"href":"https:\/\/alqawafel.com\/de\/wp-json\/wp\/v2\/product"}],"about":[{"href":"https:\/\/alqawafel.com\/de\/wp-json\/wp\/v2\/types\/product"}],"replies":[{"embeddable":true,"href":"https:\/\/alqawafel.com\/de\/wp-json\/wp\/v2\/comments?post=10023"}],"version-history":[{"count":13,"href":"https:\/\/alqawafel.com\/de\/wp-json\/wp\/v2\/product\/10023\/revisions"}],"predecessor-version":[{"id":13126,"href":"https:\/\/alqawafel.com\/de\/wp-json\/wp\/v2\/product\/10023\/revisions\/13126"}],"wp:featuredmedia":[{"embeddable":true,"href":"https:\/\/alqawafel.com\/de\/wp-json\/wp\/v2\/media\/16863"}],"wp:attachment":[{"href":"https:\/\/alqawafel.com\/de\/wp-json\/wp\/v2\/media?parent=10023"}],"wp:term":[{"taxonomy":"product_brand","embeddable":true,"href":"https:\/\/alqawafel.com\/de\/wp-json\/wp\/v2\/product_brand?post=10023"},{"taxonomy":"product_cat","embeddable":true,"href":"https:\/\/alqawafel.com\/de\/wp-json\/wp\/v2\/product_cat?post=10023"},{"taxonomy":"product_tag","embeddable":true,"href":"https:\/\/alqawafel.com\/de\/wp-json\/wp\/v2\/product_tag?post=10023"}],"curies":[{"name":"wp","href":"https:\/\/api.w.org\/{rel}","templated":true}]}}