{"id":10034,"date":"2024-11-13T11:47:21","date_gmt":"2024-11-13T11:47:21","guid":{"rendered":"https:\/\/alqawafel.com\/?post_type=product&#038;p=10034"},"modified":"2025-08-28T07:03:45","modified_gmt":"2025-08-28T07:03:45","slug":"granufert-18-18-51-5mgo","status":"publish","type":"product","link":"https:\/\/alqawafel.com\/de\/product\/granufert-18-18-51-5mgo\/","title":{"rendered":"Granufert 18-18-5 D\u00fcngemittel"},"content":{"rendered":"<h3>Warum Granufert 18-18-5 Granulatd\u00fcnger w\u00e4hlen?<\/h3>\n<p><span style=\"font-size: 18px;\">Granufert 18-18-5 Granulatd\u00fcnger bietet eine ausgewogene N\u00e4hrstoffversorgung zur Unterst\u00fctzung eines nachhaltigen Pflanzenwachstums. Mit seiner Mischung aus Stickstoff, Phosphor, Kalium und zugesetztem Magnesium deckt Granufert den Grundbedarf der Pflanzen. Es sorgt daf\u00fcr, dass sich bei jeder Bew\u00e4sserung Teile des D\u00fcngers allm\u00e4hlich aufl\u00f6sen und die Pflanzen genau dann mit wichtigen N\u00e4hrstoffen versorgen, wenn sie sie brauchen.<\/span><\/p>\n<h3>Vorteile<\/h3>\n<ul>\n<li><span style=\"font-size: 18px;\"><strong>Konsistente N\u00e4hrstoffversorgung:<\/strong> Die Formulierung von Granufert ist auf die Wachstumsbed\u00fcrfnisse der Pflanzen abgestimmt und liefert \u00fcber einen l\u00e4ngeren Zeitraum hinweg N\u00e4hrstoffe.<\/span><\/li>\n<li><span style=\"font-size: 18px;\"><strong>Vielseitige Anwendungsm\u00f6glichkeiten:<\/strong> Granufert kann direkt auf den Boden gestreut oder mit fermentierten D\u00fcngemitteln gemischt werden, so dass es f\u00fcr verschiedene Anbaupraktiken geeignet ist.<\/span><\/li>\n<li><span style=\"font-size: 18px;\"><strong>Verbesserte Bodenbedingungen:<\/strong> Das schwefelbeschichtete Granulat hat eine saure Wirkung, die die Bodenfruchtbarkeit verbessert und die N\u00e4hrstoffaufnahme f\u00f6rdert.<\/span><\/li>\n<li><span style=\"font-size: 18px;\"><strong>Erweiterte Bodenstabilit\u00e4t:<\/strong> Durch die Schwefelumh\u00fcllung bleibt Granufert l\u00e4nger im Boden aktiv und sorgt f\u00fcr mehr Stabilit\u00e4t und Effizienz.<\/span><\/li>\n<li><span style=\"font-size: 18px;\"><strong>Vollst\u00e4ndiges N\u00e4hrstoffprofil:<\/strong> Neben Stickstoff, Phosphor und Kalium enth\u00e4lt Granufert auch Magnesium und essenzielle Spurenelemente wie Eisen und sorgt so f\u00fcr eine ausgewogene Pflanzenern\u00e4hrung.<\/span><\/li>\n<\/ul>\n<h3>Granufert 18-18-5+1.5MgO Chemische Zusammensetzung<\/h3>\n<ul>\n<li><span style=\"font-size: 18px;\"><strong>Prim\u00e4re N\u00e4hrstoffe:<\/strong> Stickstoff (N 18%), Phosphor (P\u2082O\u2085 18%), Kalium (K\u2082O 5%).<\/span><\/li>\n<li>\n<h3><span style=\"font-size: 18px;\"><strong>Zus\u00e4tzlicher N\u00e4hrstoff:<\/strong> Magnesium (MgO 1.5%).<\/span><\/h3>\n<\/li>\n<\/ul>\n<h3>Ideale Anwendung f\u00fcr Granufert 18-18-5<\/h3>\n<p><strong><span style=\"font-size: 18px;\">Granufert 18-18-5 ist geeignet f\u00fcr:<\/span><\/strong><\/p>\n<ol>\n<li><span style=\"font-size: 18px;\">Gr\u00fcne Landschaften<\/span><\/li>\n<li><span style=\"font-size: 18px;\">Obstb\u00e4ume (wie \u00c4pfel, Mandeln, Oliven, Trauben und Zitrusfr\u00fcchte)<\/span><\/li>\n<li><span style=\"font-size: 18px;\">Feldfr\u00fcchte<\/span><\/li>\n<li><span style=\"font-size: 18px;\">Zierpflanzen im Freien<\/span><\/li>\n<\/ol>\n<h3 data-start=\"81\" data-end=\"114\">Anwendungsrate<\/h3>\n<h4 data-start=\"81\" data-end=\"114\"><strong data-start=\"87\" data-end=\"112\">Freilandgem\u00fcse<\/strong><\/h4>\n<ul data-start=\"115\" data-end=\"223\">\n<li data-start=\"115\" data-end=\"223\">\n<p data-start=\"117\" data-end=\"223\"><em data-start=\"117\" data-end=\"223\">Wird als Vorbereitungsd\u00fcnger verwendet, der vor dem Pflanzen von Gem\u00fcse oder beim Pfl\u00fcgen in die Reihen gestreut wird.<\/em><\/p>\n<\/li>\n<\/ul>\n<h4 data-start=\"230\" data-end=\"253\"><strong data-start=\"236\" data-end=\"251\">Obstb\u00e4ume<\/strong><\/h4>\n<ul data-start=\"254\" data-end=\"348\">\n<li data-start=\"254\" data-end=\"348\">\n<p data-start=\"256\" data-end=\"348\"><em data-start=\"256\" data-end=\"348\">1-2 kg\/Baum je nach Alter.<\/em><\/p>\n<\/li>\n<\/ul>\n<h4 data-start=\"355\" data-end=\"378\"><strong data-start=\"361\" data-end=\"376\">Feldfr\u00fcchte<\/strong><\/h4>\n<ul data-start=\"379\" data-end=\"462\">\n<li data-start=\"379\" data-end=\"462\">\n<p data-start=\"381\" data-end=\"462\"><em data-start=\"381\" data-end=\"462\">500 kg\/Ha bei der Aussaat und erneut nach Beginn des Wachstums.<\/em><\/p>\n<\/li>\n<\/ul>\n<h4 data-start=\"469\" data-end=\"500\"><strong data-start=\"475\" data-end=\"498\">Zierpflanzen im Freien<\/strong><\/h4>\n<ul data-start=\"501\" data-end=\"582\">\n<li data-start=\"501\" data-end=\"582\">\n<p data-start=\"503\" data-end=\"582\"><em data-start=\"503\" data-end=\"582\">25 g\/m\u00b2, die w\u00e4hrend des aktiven Wachstums einmal im Monat hinzugef\u00fcgt werden.<\/em><\/p>\n<\/li>\n<\/ul>\n<h3>Verpackung<\/h3>\n<ul>\n<li><span style=\"font-size: 14pt;\">25 kg Sack.<\/span><\/li>\n<li><span style=\"font-size: 14pt;\">50 kg Sack.<\/span><\/li>\n<\/ul>\n<p>&nbsp;<\/p>\n<p><img loading=\"lazy\" decoding=\"async\" class=\"alignnone size-medium wp-image-16428\" src=\"https:\/\/alqawafel.com\/wp-content\/uploads\/2024\/11\/Granufert-Logo-18-18-5-300x300.webp\" alt=\"Granufert 18-18-5\" width=\"300\" height=\"300\" srcset=\"https:\/\/alqawafel.com\/wp-content\/uploads\/2024\/11\/Granufert-Logo-18-18-5-300x300.webp 300w, https:\/\/alqawafel.com\/wp-content\/uploads\/2024\/11\/Granufert-Logo-18-18-5-150x150.webp 150w, https:\/\/alqawafel.com\/wp-content\/uploads\/2024\/11\/Granufert-Logo-18-18-5-768x768.webp 768w, https:\/\/alqawafel.com\/wp-content\/uploads\/2024\/11\/Granufert-Logo-18-18-5.webp 1000w\" sizes=\"auto, (max-width: 300px) 100vw, 300px\" \/><\/p>","protected":false},"excerpt":{"rendered":"<p data-start=\"177\" data-end=\"364\"><span style=\"font-size: 14pt;\">Granufert 18-18-5+1,5MgO ist ein D\u00fcnger f\u00fcr den allgemeinen Gebrauch. Er f\u00f6rdert das Wurzel-, Trieb- und fr\u00fche Fruchtwachstum und verbessert gleichzeitig die Bodengesundheit.<\/span><\/p>","protected":false},"featured_media":16428,"comment_status":"open","ping_status":"closed","template":"","meta":{"om_disable_all_campaigns":false,"_monsterinsights_skip_tracking":false,"_monsterinsights_sitenote_active":false,"_monsterinsights_sitenote_note":"","_monsterinsights_sitenote_category":0},"product_brand":[2214],"product_cat":[50,2128],"product_tag":[866,886,463,1968,907,470],"class_list":{"0":"post-10034","1":"product","2":"type-product","3":"status-publish","4":"has-post-thumbnail","6":"product_brand-granufert","7":"product_cat-fertilizers","8":"product_cat-npk-granular-fertilizers","9":"product_tag-al-qawafel-ind-agr-co","10":"product_tag-balanced-nutrients","11":"product_tag-fertilizer","12":"product_tag-granufert-18-18-5","13":"product_tag-long-term-feeding","14":"product_tag-soil-fertility","16":"first","17":"instock","18":"shipping-taxable","19":"product-type-simple"},"aioseo_notices":[],"_links":{"self":[{"href":"https:\/\/alqawafel.com\/de\/wp-json\/wp\/v2\/product\/10034","targetHints":{"allow":["GET"]}}],"collection":[{"href":"https:\/\/alqawafel.com\/de\/wp-json\/wp\/v2\/product"}],"about":[{"href":"https:\/\/alqawafel.com\/de\/wp-json\/wp\/v2\/types\/product"}],"replies":[{"embeddable":true,"href":"https:\/\/alqawafel.com\/de\/wp-json\/wp\/v2\/comments?post=10034"}],"version-history":[{"count":14,"href":"https:\/\/alqawafel.com\/de\/wp-json\/wp\/v2\/product\/10034\/revisions"}],"predecessor-version":[{"id":19916,"href":"https:\/\/alqawafel.com\/de\/wp-json\/wp\/v2\/product\/10034\/revisions\/19916"}],"wp:featuredmedia":[{"embeddable":true,"href":"https:\/\/alqawafel.com\/de\/wp-json\/wp\/v2\/media\/16428"}],"wp:attachment":[{"href":"https:\/\/alqawafel.com\/de\/wp-json\/wp\/v2\/media?parent=10034"}],"wp:term":[{"taxonomy":"product_brand","embeddable":true,"href":"https:\/\/alqawafel.com\/de\/wp-json\/wp\/v2\/product_brand?post=10034"},{"taxonomy":"product_cat","embeddable":true,"href":"https:\/\/alqawafel.com\/de\/wp-json\/wp\/v2\/product_cat?post=10034"},{"taxonomy":"product_tag","embeddable":true,"href":"https:\/\/alqawafel.com\/de\/wp-json\/wp\/v2\/product_tag?post=10034"}],"curies":[{"name":"wp","href":"https:\/\/api.w.org\/{rel}","templated":true}]}}