{"id":10048,"date":"2024-11-13T14:47:38","date_gmt":"2024-11-13T14:47:38","guid":{"rendered":"https:\/\/alqawafel.com\/?post_type=product&#038;p=10048"},"modified":"2025-08-06T08:50:12","modified_gmt":"2025-08-06T08:50:12","slug":"micromix-21","status":"publish","type":"product","link":"https:\/\/alqawafel.com\/de\/product\/micromix-21\/","title":{"rendered":"Micromix 21 D\u00fcngemittel"},"content":{"rendered":"<h3>Warum Micromix 21 w\u00e4hlen?<\/h3>\n<p><span style=\"font-size: 18px;\">Micromix 21 ist ein vollst\u00e4ndig wasserl\u00f6slicher Mikron\u00e4hrstoffd\u00fcnger, der entwickelt wurde, um Defizite an essenziellen Mikron\u00e4hrstoffen wie Zink, Mangan, Eisen und Kupfer auszugleichen. Mit einem pH-Wert von 4 ist diese chelatierte Mikron\u00e4hrstoffmischung f\u00fcr eine Vielzahl von Pflanzen geeignet. Die vollst\u00e4ndige L\u00f6slichkeit und die wirksame Chelatisierung erm\u00f6glichen eine rasche N\u00e4hrstoffaufnahme und stellen sicher, dass die Pflanzen lebenswichtige Elemente f\u00fcr ein gesundes Wachstum und einen hohen Ertrag erhalten.<\/span><\/p>\n<h3>Wichtigste Vorteile<\/h3>\n<ul>\n<li><span style=\"font-size: 18px;\"><strong>Unterst\u00fctzung mit wichtigen Mikron\u00e4hrstoffen:<\/strong> Enth\u00e4lt Zink, Mangan, Eisen und Kupfer, um spezifische N\u00e4hrstoffdefizite wirksam zu behandeln.<\/span><\/li>\n<li><span style=\"font-size: 18px;\"><strong>Optimaler pH-Wert:<\/strong> Mit einem pH-Wert von 4 verbessert Micromix 21 die N\u00e4hrstoffaufnahme und die Vertr\u00e4glichkeit mit verschiedenen Pflanzen und Bodentypen.<\/span><\/li>\n<li><span style=\"font-size: 18px;\"><strong>Vollst\u00e4ndige L\u00f6slichkeit:<\/strong> L\u00f6st sich vollst\u00e4ndig in Wasser auf und erm\u00f6glicht eine einfache Anwendung durch Blattspritzen oder Bew\u00e4sserungssysteme.<\/span><\/li>\n<li><span style=\"font-size: 18px;\"><strong>Chelatisierte Formel:<\/strong> Sorgt daf\u00fcr, dass die N\u00e4hrstoffe stabil und f\u00fcr die Pflanzenaufnahme leicht verf\u00fcgbar bleiben.<\/span><\/li>\n<\/ul>\n<h3>Ideale Anwendung<\/h3>\n<p><strong><span style=\"font-size: 18px;\">Micromix 21 ist vielseitig einsetzbar und kann durch:<\/span><\/strong><\/p>\n<ol>\n<li><span style=\"font-size: 18px;\"><strong>Blattspray<\/strong> - Direkt auf den Bl\u00e4ttern, um M\u00e4ngel wirksam zu beheben.<\/span><\/li>\n<li><span style=\"font-size: 18px;\"><strong>Bew\u00e4sserungssysteme<\/strong> - Kompatibel mit mehreren Bew\u00e4sserungsmethoden f\u00fcr eine bequeme und gleichm\u00e4\u00dfige Verteilung.<\/span><\/li>\n<\/ol>\n<h3>Micromix 21 ist ideal f\u00fcr die Behandlung von Mikron\u00e4hrstoffdefiziten bei:<\/h3>\n<ul>\n<li data-start=\"68\" data-end=\"96\">\n<p data-start=\"70\" data-end=\"96\"><span style=\"font-size: 14pt;\">Plastik-Hausgem\u00fcse<\/span><\/p>\n<\/li>\n<li data-start=\"97\" data-end=\"126\">\n<p data-start=\"99\" data-end=\"126\"><span style=\"font-size: 14pt;\">Freilandgem\u00fcse<\/span><\/p>\n<\/li>\n<li data-start=\"127\" data-end=\"146\">\n<p data-start=\"129\" data-end=\"146\"><span style=\"font-size: 14pt;\">Obstb\u00e4ume<\/span><\/p>\n<\/li>\n<li data-start=\"147\" data-end=\"166\">\n<p data-start=\"149\" data-end=\"166\"><span style=\"font-size: 14pt;\">Feldfr\u00fcchte<\/span><\/p>\n<\/li>\n<li data-start=\"167\" data-end=\"190\">\n<p data-start=\"169\" data-end=\"190\"><span style=\"font-size: 14pt;\">Zierpflanzen<\/span><\/p>\n<\/li>\n<\/ul>\n<h3>Chemische Zusammensetzung:<\/h3>\n<ul>\n<li><span style=\"font-size: 18px;\"><strong>Prim\u00e4re Mikron\u00e4hrstoffe:<\/strong> Zink (Zn), Mangan (Mn), Eisen (Fe), Kupfer (Cu)<\/span><\/li>\n<li><span style=\"font-size: 18px;\"><b>Ph-Wert bei 4<\/b><\/span><\/li>\n<li><span style=\"font-size: 18px;\"><strong>L\u00f6slichkeit:<\/strong> Vollst\u00e4ndig wasserl\u00f6slich<\/span><\/li>\n<\/ul>\n<h3 data-start=\"592\" data-end=\"619\"><strong data-start=\"598\" data-end=\"619\">Anwendungsrate<\/strong><\/h3>\n<ul data-start=\"620\" data-end=\"720\">\n<li data-start=\"620\" data-end=\"720\">\n<p data-start=\"622\" data-end=\"720\" class=\"translation-block\"><span style=\"font-size: 14pt\"><strong data-start=\"622\" data-end=\"635\">4-6 kg\/ha<\/strong>, ausgebracht <strong data-start=\"645\" data-end=\"661\">2 bis 3 mal<\/strong>, entweder <strong data-start=\"670\" data-end=\"689\">als Blattspray<\/strong> oder <strong data-start=\"693\" data-end=\"719\">\u00fcber Bew\u00e4sserungssysteme<\/strong>.<\/span><\/p>\n<\/li>\n<\/ul>\n<h3>Verpackung<\/h3>\n<ul>\n<li><span style=\"font-size: 14pt;\">1 kg<\/span><\/li>\n<\/ul>\n<p><img loading=\"lazy\" decoding=\"async\" class=\"alignnone size-medium wp-image-17036\" src=\"https:\/\/alqawafel.com\/wp-content\/uploads\/2024\/11\/Micromix-21-LOGO-300x300.webp\" alt=\"Micromix 21 \" width=\"300\" height=\"300\" srcset=\"https:\/\/alqawafel.com\/wp-content\/uploads\/2024\/11\/Micromix-21-LOGO-300x300.webp 300w, https:\/\/alqawafel.com\/wp-content\/uploads\/2024\/11\/Micromix-21-LOGO-150x150.webp 150w, https:\/\/alqawafel.com\/wp-content\/uploads\/2024\/11\/Micromix-21-LOGO-768x768.webp 768w, https:\/\/alqawafel.com\/wp-content\/uploads\/2024\/11\/Micromix-21-LOGO.webp 1000w\" sizes=\"auto, (max-width: 300px) 100vw, 300px\" \/><\/p>","protected":false},"excerpt":{"rendered":"<p><span style=\"font-size: 18px;\">Micromix 21 ist ein wasserl\u00f6slicher Mikron\u00e4hrstoffd\u00fcnger, der wichtige N\u00e4hrstoffe f\u00fcr gesundes Wachstum und Ertrag liefert.<\/span><\/p>","protected":false},"featured_media":17036,"comment_status":"open","ping_status":"closed","template":"","meta":{"om_disable_all_campaigns":false,"_monsterinsights_skip_tracking":false,"_monsterinsights_sitenote_active":false,"_monsterinsights_sitenote_note":"","_monsterinsights_sitenote_category":0},"product_brand":[2216],"product_cat":[50,2135],"product_tag":[866,924,926,463,927,923,925],"class_list":{"0":"post-10048","1":"product","2":"type-product","3":"status-publish","4":"has-post-thumbnail","6":"product_brand-micronate","7":"product_cat-fertilizers","8":"product_cat-micro-nutrients-fertilizers","9":"product_tag-al-qawafel-ind-agr-co","10":"product_tag-chelated-micronutrients","11":"product_tag-deficiency-correction","12":"product_tag-fertilizer","13":"product_tag-foliar-irrigation","14":"product_tag-micromix-21-fertilizer","15":"product_tag-ph-optimized","17":"first","18":"instock","19":"shipping-taxable","20":"product-type-simple"},"aioseo_notices":[],"_links":{"self":[{"href":"https:\/\/alqawafel.com\/de\/wp-json\/wp\/v2\/product\/10048","targetHints":{"allow":["GET"]}}],"collection":[{"href":"https:\/\/alqawafel.com\/de\/wp-json\/wp\/v2\/product"}],"about":[{"href":"https:\/\/alqawafel.com\/de\/wp-json\/wp\/v2\/types\/product"}],"replies":[{"embeddable":true,"href":"https:\/\/alqawafel.com\/de\/wp-json\/wp\/v2\/comments?post=10048"}],"version-history":[{"count":11,"href":"https:\/\/alqawafel.com\/de\/wp-json\/wp\/v2\/product\/10048\/revisions"}],"predecessor-version":[{"id":19484,"href":"https:\/\/alqawafel.com\/de\/wp-json\/wp\/v2\/product\/10048\/revisions\/19484"}],"wp:featuredmedia":[{"embeddable":true,"href":"https:\/\/alqawafel.com\/de\/wp-json\/wp\/v2\/media\/17036"}],"wp:attachment":[{"href":"https:\/\/alqawafel.com\/de\/wp-json\/wp\/v2\/media?parent=10048"}],"wp:term":[{"taxonomy":"product_brand","embeddable":true,"href":"https:\/\/alqawafel.com\/de\/wp-json\/wp\/v2\/product_brand?post=10048"},{"taxonomy":"product_cat","embeddable":true,"href":"https:\/\/alqawafel.com\/de\/wp-json\/wp\/v2\/product_cat?post=10048"},{"taxonomy":"product_tag","embeddable":true,"href":"https:\/\/alqawafel.com\/de\/wp-json\/wp\/v2\/product_tag?post=10048"}],"curies":[{"name":"wp","href":"https:\/\/api.w.org\/{rel}","templated":true}]}}