{"id":10084,"date":"2024-11-13T18:36:38","date_gmt":"2024-11-13T18:36:38","guid":{"rendered":"https:\/\/alqawafel.com\/?post_type=product&#038;p=10084"},"modified":"2025-07-06T09:45:29","modified_gmt":"2025-07-06T09:45:29","slug":"bona-beta","status":"publish","type":"product","link":"https:\/\/alqawafel.com\/de\/product\/bona-beta\/","title":{"rendered":"BONA BETA"},"content":{"rendered":"<div class=\"flex-shrink-0 flex flex-col relative items-end\">\n<div class=\"pt-0\">\n<div class=\"gizmo-bot-avatar flex h-8 w-8 items-center justify-center overflow-hidden rounded-full\">\n<h4><strong>Warum BONA BETA w\u00e4hlen?<\/strong><\/h4>\n<p><span style=\"font-size: 18px;\">BONA BETA ist ein wirksamer Pflanzenwachstumsregulator, der den Fruchtansatz und die Fruchtvergr\u00f6\u00dferung bei einer Vielzahl von Kulturpflanzen f\u00f6rdert, darunter Tomaten, Auberginen, K\u00fcrbisse, Paprika, Gurken, Bohnen und Erdbeeren. Es kann sowohl im Gew\u00e4chshaus als auch im Freiland eingesetzt werden, wo es die nat\u00fcrlichen Wachstumsprozesse w\u00e4hrend der entscheidenden Bl\u00fctephase f\u00f6rdert. Durch den Einsatz von BONA BETA unterst\u00fctzen Sie Ihre Pflanzen aktiv dabei, gesunde und reiche Ertr\u00e4ge zu erzielen.<\/span><\/p>\n<h3><strong>Wichtigste Vorteile<\/strong><\/h3>\n<ul>\n<li><span style=\"font-size: 18px;\"><strong>Verbessert den Fruchtansatz:<\/strong> F\u00f6rdert aktiv die Fruchtentwicklung und sorgt f\u00fcr h\u00f6here Ertr\u00e4ge bei verschiedenen Kulturen.<\/span><\/li>\n<li><span style=\"font-size: 18px;\"><strong>Verbessert die Fruchtgr\u00f6\u00dfe:<\/strong> Es unterst\u00fctzt die Vergr\u00f6\u00dferung der Fr\u00fcchte und hilft den Pflanzen, ihre optimale Gr\u00f6\u00dfe und Qualit\u00e4t zu erreichen.<\/span><\/li>\n<li><span style=\"font-size: 18px;\"><strong>Vielseitige Anwendung:<\/strong> Es kann sowohl in Gew\u00e4chsh\u00e4usern als auch im Freiland eingesetzt werden und ist ideal f\u00fcr Tomaten, Auberginen, K\u00fcrbisse, Paprika, Gurken, Bohnen und Erdbeeren.<\/span><\/li>\n<\/ul>\n<h3><strong>Zusammensetzung der <\/strong><strong>BONA BETA<\/strong><\/h3>\n<ul>\n<li><span style=\"font-size: 18px;\"><strong>Aktiver Inhaltsstoff:<\/strong> Beta-Naphthoxyessigs\u00e4ure 50 g\/L<\/span><\/li>\n<\/ul>\n<h3><strong>Ideale Anwendung\u00a0<\/strong><\/h3>\n<ul>\n<li data-start=\"70\" data-end=\"82\">\n<p data-start=\"72\" data-end=\"82\"><span style=\"font-size: 14pt;\">Tomaten<\/span><\/p>\n<\/li>\n<li data-start=\"83\" data-end=\"96\">\n<p data-start=\"85\" data-end=\"96\"><span style=\"font-size: 14pt;\">Auberginen<\/span><\/p>\n<\/li>\n<li data-start=\"97\" data-end=\"109\">\n<p data-start=\"99\" data-end=\"109\"><span style=\"font-size: 14pt;\">K\u00fcrbisse<\/span><\/p>\n<\/li>\n<li data-start=\"110\" data-end=\"121\">\n<p data-start=\"112\" data-end=\"121\"><span style=\"font-size: 14pt;\">Paprika<\/span><\/p>\n<\/li>\n<li data-start=\"122\" data-end=\"135\">\n<p data-start=\"124\" data-end=\"135\"><span style=\"font-size: 14pt;\">Essiggurken<\/span><\/p>\n<\/li>\n<li data-start=\"136\" data-end=\"145\">\n<p data-start=\"138\" data-end=\"145\"><span style=\"font-size: 14pt;\">Bohnen<\/span><\/p>\n<\/li>\n<li data-start=\"146\" data-end=\"162\">\n<p data-start=\"148\" data-end=\"162\"><span style=\"font-size: 14pt;\">Erdbeeren<\/span><\/p>\n<\/li>\n<\/ul>\n<h3>Anwendungsrate<\/h3>\n<ul>\n<li data-start=\"188\" data-end=\"223\">\n<p data-start=\"190\" data-end=\"223\"><span style=\"font-size: 14pt;\"><strong data-start=\"190\" data-end=\"221\">2-4 ml pro 1 Liter Wasser<\/strong><\/span><\/p>\n<\/li>\n<li data-start=\"224\" data-end=\"299\">\n<p data-start=\"226\" data-end=\"299\" class=\"translation-block\"><span style=\"font-size: 14pt\">W\u00e4hrend der <strong data-start=\"243\" data-end=\"263\">Bl\u00fctephase<\/strong> und in den <strong data-start=\"271\" data-end=\"298\">k\u00fchleren Stunden des Tages<\/strong> anwenden.<\/span><\/p>\n<\/li>\n<\/ul>\n<h3><strong>Verpackung<\/strong><\/h3>\n<ul>\n<li><span style=\"font-size: 18px;\"><strong>100-ml-Flaschen<\/strong><\/span><\/li>\n<\/ul>\n<p><img loading=\"lazy\" decoding=\"async\" class=\"alignnone size-medium wp-image-17071\" src=\"https:\/\/alqawafel.com\/wp-content\/uploads\/2024\/11\/\u0628\u0648\u0646\u0627-\u0628\u064a\u062a\u0627-LOGO-300x300.webp\" alt=\"BONA BETA\" width=\"300\" height=\"300\" srcset=\"\" sizes=\"auto, (max-width: 300px) 100vw, 300px\" data-srcset=\"\" \/><\/p>\n<\/div>\n<\/div>\n<\/div>\n<div id=\"hzImgLoader\" class=\"imgError\" style=\"width: auto; height: auto; line-height: 0px; overflow: hidden; padding: 0px; margin: 4px; position: absolute; z-index: 2147483647; border-radius: 4px; background-color: #ed0707; border: 4px solid #ed0707;\"><\/div>","protected":false},"excerpt":{"rendered":"<p><span style=\"font-size: 18px;\">BONA BETA ist ein Pflanzenwachstumsregulator, der den Fruchtansatz und die Fruchtvergr\u00f6\u00dferung f\u00f6rdert. Ideal f\u00fcr Gew\u00e4chshaus- und Freilandkulturen.<\/span><\/p>","protected":false},"featured_media":17071,"comment_status":"open","ping_status":"closed","template":"","meta":{"om_disable_all_campaigns":false,"_monsterinsights_skip_tracking":false,"_monsterinsights_sitenote_active":false,"_monsterinsights_sitenote_note":"","_monsterinsights_sitenote_category":0},"product_brand":[],"product_cat":[50,2139],"product_tag":[866,968,463,971,970,972,969],"class_list":{"0":"post-10084","1":"product","2":"type-product","3":"status-publish","4":"has-post-thumbnail","6":"product_cat-fertilizers","7":"product_cat-plant-growth-regulator","8":"product_tag-al-qawafel-ind-agr-co","9":"product_tag-bona-beta","10":"product_tag-fertilizer","11":"product_tag-fruit-enlargement","12":"product_tag-fruit-setting","13":"product_tag-greenhouse-field","14":"product_tag-growth-regulator","16":"first","17":"instock","18":"shipping-taxable","19":"product-type-simple"},"aioseo_notices":[],"_links":{"self":[{"href":"https:\/\/alqawafel.com\/de\/wp-json\/wp\/v2\/product\/10084","targetHints":{"allow":["GET"]}}],"collection":[{"href":"https:\/\/alqawafel.com\/de\/wp-json\/wp\/v2\/product"}],"about":[{"href":"https:\/\/alqawafel.com\/de\/wp-json\/wp\/v2\/types\/product"}],"replies":[{"embeddable":true,"href":"https:\/\/alqawafel.com\/de\/wp-json\/wp\/v2\/comments?post=10084"}],"version-history":[{"count":14,"href":"https:\/\/alqawafel.com\/de\/wp-json\/wp\/v2\/product\/10084\/revisions"}],"predecessor-version":[{"id":19360,"href":"https:\/\/alqawafel.com\/de\/wp-json\/wp\/v2\/product\/10084\/revisions\/19360"}],"wp:featuredmedia":[{"embeddable":true,"href":"https:\/\/alqawafel.com\/de\/wp-json\/wp\/v2\/media\/17071"}],"wp:attachment":[{"href":"https:\/\/alqawafel.com\/de\/wp-json\/wp\/v2\/media?parent=10084"}],"wp:term":[{"taxonomy":"product_brand","embeddable":true,"href":"https:\/\/alqawafel.com\/de\/wp-json\/wp\/v2\/product_brand?post=10084"},{"taxonomy":"product_cat","embeddable":true,"href":"https:\/\/alqawafel.com\/de\/wp-json\/wp\/v2\/product_cat?post=10084"},{"taxonomy":"product_tag","embeddable":true,"href":"https:\/\/alqawafel.com\/de\/wp-json\/wp\/v2\/product_tag?post=10084"}],"curies":[{"name":"wp","href":"https:\/\/api.w.org\/{rel}","templated":true}]}}