{"id":10091,"date":"2024-11-13T19:07:28","date_gmt":"2024-11-13T19:07:28","guid":{"rendered":"https:\/\/alqawafel.com\/?post_type=product&#038;p=10091"},"modified":"2025-08-07T09:50:47","modified_gmt":"2025-08-07T09:50:47","slug":"gibberellin","status":"publish","type":"product","link":"https:\/\/alqawafel.com\/de\/product\/gibberellin\/","title":{"rendered":"Gibberellin"},"content":{"rendered":"<div class=\"flex-shrink-0 flex flex-col relative items-end\">\n<div class=\"pt-0\">\n<div class=\"gizmo-bot-avatar flex h-8 w-8 items-center justify-center overflow-hidden rounded-full\">\n<h3>Warum Gibberellin w\u00e4hlen?<\/h3>\n<p><span style=\"font-size: 18px;\">Gibberellin ist ein vielseitiger Pflanzenwachstumsregulator, der das Wachstum und die Qualit\u00e4t von Obst- und Gem\u00fcsekulturen sowie Zierpflanzen verbessert. Durch die F\u00f6rderung eines schnelleren Wachstums, die Verbesserung der Fruchtgr\u00f6\u00dfe und die Unterst\u00fctzung bei der Verwaltung der Erntezeiten optimiert Gibberellin den Ertrag und die Qualit\u00e4t der Pflanzen und f\u00f6rdert so die Produktivit\u00e4t und den Marktwert.<\/span><\/p>\n<h3>Die wichtigsten Vorteile des Gibberellin-Pflanzenwachstumsregulators<\/h3>\n<ul>\n<li><span style=\"font-size: 18px;\"><strong>Verbessert die Qualit\u00e4t und Gr\u00f6\u00dfe der Fr\u00fcchte:<\/strong> Erh\u00f6ht die Gr\u00f6\u00dfe, Einheitlichkeit und Farbe der Fr\u00fcchte bei verschiedenen Kulturen.<\/span><\/li>\n<li><span style=\"font-size: 18px;\"><strong>Beschleunigt den Wachstumsprozess:<\/strong> F\u00f6rdert ein schnelleres, ges\u00fcnderes Wachstum, das f\u00fcr die Erzielung optimaler Ernteertr\u00e4ge unerl\u00e4sslich ist.<\/span><\/li>\n<li><span style=\"font-size: 18px;\"><strong>Steuert den Erntezeitpunkt:<\/strong> Hilft bei der Verwaltung der Zeitpl\u00e4ne f\u00fcr die Obsternte, was Flexibilit\u00e4t und ein besseres Timing erm\u00f6glicht.<\/span><\/li>\n<\/ul>\n<h3>Zusammensetzung<\/h3>\n<ul>\n<li><span style=\"font-size: 18px;\"><strong>Aktiver Inhaltsstoff:<\/strong> Gibberellins\u00e4ure 20g\/L<\/span><\/li>\n<\/ul>\n<h3>Empfohlene Anwendungen und Verwendungszwecke<\/h3>\n<ul>\n<li><span style=\"font-size: 18px;\"><strong>Weintrauben:<\/strong><\/span>\n<ul>\n<li><span style=\"font-size: 18px;\">F\u00f6rdert die Dehnung des Clusters.<\/span><\/li>\n<li><span style=\"font-size: 18px;\">Vergr\u00f6\u00dfert die Fr\u00fcchte.<\/span><\/li>\n<li><span style=\"font-size: 18px;\">Sorgt f\u00fcr eine einheitliche Fruchtgr\u00f6\u00dfe.<\/span><\/li>\n<\/ul>\n<\/li>\n<li><span style=\"font-size: 18px;\"><strong>Rosinen-Trauben:<\/strong><\/span>\n<ul>\n<li><span style=\"font-size: 18px;\">Erleichtert Cluster f\u00fcr verbesserten Luftstrom und Qualit\u00e4t.<\/span><\/li>\n<\/ul>\n<\/li>\n<li><span style=\"font-size: 18px;\"><strong>Perlit Weintrauben:<\/strong><\/span>\n<ul>\n<li><span style=\"font-size: 18px;\">Vergr\u00f6\u00dfert die Fr\u00fcchte.<\/span><\/li>\n<\/ul>\n<\/li>\n<li><span style=\"font-size: 18px;\"><strong>Orangen:<\/strong><\/span>\n<ul>\n<li><span style=\"font-size: 18px;\">Verl\u00e4ngert die Zeit der Obsternte.<\/span><\/li>\n<li><span style=\"font-size: 18px;\">Verbessert die Qualit\u00e4t der Au\u00dfenhaut.<\/span><\/li>\n<\/ul>\n<\/li>\n<li><span style=\"font-size: 18px;\"><strong>Zitronen:<\/strong><\/span>\n<ul>\n<li><span style=\"font-size: 18px;\">Verl\u00e4ngert die Gr\u00fcnphase der B\u00e4ume.<\/span><\/li>\n<li><span style=\"font-size: 18px;\">Hilft bei der Kontrolle der Zeitpl\u00e4ne f\u00fcr die Obsternte.<\/span><\/li>\n<\/ul>\n<\/li>\n<li><span style=\"font-size: 18px;\"><strong>Mandarinen:<\/strong><\/span>\n<ul>\n<li><span style=\"font-size: 18px;\">Verbessert den Fruchtansatz und damit den Ertrag.<\/span><\/li>\n<\/ul>\n<\/li>\n<li><span style=\"font-size: 18px;\"><strong>Birnen:<\/strong><\/span>\n<ul>\n<li><span style=\"font-size: 18px;\">Verk\u00fcrzt die Bl\u00fctezeit.<\/span><\/li>\n<li><span style=\"font-size: 18px;\">Beugt Krankheiten und Sch\u00e4dlingen vor.<\/span><\/li>\n<li><span style=\"font-size: 18px;\">Erh\u00f6ht den Fruchtansatz und den Ertrag.<\/span><\/li>\n<\/ul>\n<\/li>\n<li><span style=\"font-size: 18px;\"><strong>Erdbeeren:<\/strong><\/span>\n<ul>\n<li><span style=\"font-size: 18px;\">F\u00f6rdert das Wachstum von Ausl\u00e4ufern (Pfetten), die die Ausbreitung und die Produktion der Pflanzen verbessern.<\/span><\/li>\n<\/ul>\n<\/li>\n<li><span style=\"font-size: 18px;\"><strong>Bananen:<\/strong><\/span>\n<ul>\n<li><span style=\"font-size: 18px;\">Vergr\u00f6\u00dfert die Fr\u00fcchte und verbessert die Qualit\u00e4t.<\/span><\/li>\n<\/ul>\n<\/li>\n<li><span style=\"font-size: 18px;\"><strong>Kirschen:<\/strong><\/span>\n<ul>\n<li><span style=\"font-size: 18px;\">Verz\u00f6gert die Ernte, um eine optimale Reifung zu erm\u00f6glichen.<\/span><\/li>\n<li><span style=\"font-size: 18px;\">Das Ergebnis sind gr\u00f6\u00dfere, festere und farblich hellere Fr\u00fcchte.<\/span><\/li>\n<\/ul>\n<\/li>\n<\/ul>\n<h3>Anwendungsrate<\/h3>\n<ul>\n<li data-start=\"146\" data-end=\"517\">\n<p data-start=\"148\" data-end=\"308\"><span style=\"font-size: 14pt;\"><strong data-start=\"148\" data-end=\"188\">Gem\u00fcse (Gew\u00e4chshaus und Freiland):<\/strong><\/span><br data-start=\"188\" data-end=\"191\" \/><span style=\"font-size: 14pt;\">- <em data-start=\"195\" data-end=\"205\">Zweck:<\/em> Streckung der Trauben vor der Bl\u00fcte (wenn die Traube 4-8 cm gro\u00df ist)<\/span><br data-start=\"266\" data-end=\"269\" \/><span style=\"font-size: 14pt;\">- <em data-start=\"273\" data-end=\"280\">Bewerten:<\/em> <strong data-start=\"281\" data-end=\"308\">100 ml \/ 100 L Wasser<\/strong><\/span><\/p>\n<p data-start=\"312\" data-end=\"411\"><span style=\"font-size: 14pt;\">- <em data-start=\"314\" data-end=\"324\">Zweck:<\/em> Zunehmende Fruchtgr\u00f6\u00dfe (wenn die Frucht 3-4 mm gro\u00df ist)<\/span><br data-start=\"369\" data-end=\"372\" \/><span style=\"font-size: 14pt;\">- <em data-start=\"376\" data-end=\"383\">Bewerten:<\/em> <strong data-start=\"384\" data-end=\"411\">150 ml \/ 100 L Wasser<\/strong><\/span><\/p>\n<p data-start=\"415\" data-end=\"517\"><span style=\"font-size: 14pt;\">- <em data-start=\"417\" data-end=\"427\">Zweck:<\/em> Sicherstellung \u00e4hnlich gro\u00dfer Fr\u00fcchte (nach der 3. Spritzung)<\/span><br data-start=\"475\" data-end=\"478\" \/><span style=\"font-size: 14pt;\">- <em data-start=\"482\" data-end=\"489\">Bewerten:<\/em> <strong data-start=\"490\" data-end=\"517\">150 ml \/ 100 L Wasser<\/strong><\/span><\/p>\n<\/li>\n<li data-start=\"519\" data-end=\"703\">\n<p data-start=\"521\" data-end=\"636\"><span style=\"font-size: 14pt;\"><strong data-start=\"521\" data-end=\"606\">Obstb\u00e4ume (z. B. Trauben, Orangen, Zitronen, Mandarinen, Birnen, Bananen, Kirschen):<\/strong><\/span><br data-start=\"606\" data-end=\"609\" \/><span style=\"font-size: 14pt;\">- <em data-start=\"613\" data-end=\"634\">Die Preise variieren je nach Typ:<\/em><\/span><\/p>\n<ul data-start=\"641\" data-end=\"703\">\n<li data-start=\"641\" data-end=\"703\">\n<p data-start=\"643\" data-end=\"703\"><span style=\"font-size: 14pt;\"><strong data-start=\"643\" data-end=\"673\">50-200 ml \/ 100 L Wasser<\/strong>je nach Ernte und Zeitpunkt<\/span><\/p>\n<\/li>\n<\/ul>\n<\/li>\n<\/ul>\n<h3>Verpackung<\/h3>\n<ul>\n<li><span style=\"font-size: 18px;\"><strong>100-ml-Flaschen<\/strong><\/span><\/li>\n<\/ul>\n<p><img loading=\"lazy\" decoding=\"async\" class=\"alignnone size-medium wp-image-17053\" src=\"https:\/\/alqawafel.com\/wp-content\/uploads\/2024\/11\/GIBBERELLIN-LOGO-300x300.webp\" alt=\"Gibberellin\" width=\"300\" height=\"300\" srcset=\"https:\/\/alqawafel.com\/wp-content\/uploads\/2024\/11\/GIBBERELLIN-LOGO-300x300.webp 300w, https:\/\/alqawafel.com\/wp-content\/uploads\/2024\/11\/GIBBERELLIN-LOGO-150x150.webp 150w, https:\/\/alqawafel.com\/wp-content\/uploads\/2024\/11\/GIBBERELLIN-LOGO-768x768.webp 768w, https:\/\/alqawafel.com\/wp-content\/uploads\/2024\/11\/GIBBERELLIN-LOGO.webp 1000w\" sizes=\"auto, (max-width: 300px) 100vw, 300px\" \/><\/p>\n<\/div>\n<\/div>\n<\/div>\n<div id=\"hzImgLoader\" class=\"imgError\" style=\"width: auto; height: auto; line-height: 0px; overflow: hidden; padding: 0px; margin: 4px; position: absolute; z-index: 2147483647; border-radius: 4px; background-color: #ed0707; border: 4px solid #ed0707;\"><\/div>","protected":false},"excerpt":{"rendered":"<p><span style=\"font-size: 18px;\">Gibberellin ist ein Pflanzenwachstumsregulator f\u00fcr Obst, Gem\u00fcse und Zierpflanzen. Es verbessert die Fruchtqualit\u00e4t, beschleunigt das Wachstum und steuert den Erntezeitplan.<\/span><\/p>","protected":false},"featured_media":17053,"comment_status":"open","ping_status":"closed","template":"","meta":{"om_disable_all_campaigns":false,"_monsterinsights_skip_tracking":false,"_monsterinsights_sitenote_active":false,"_monsterinsights_sitenote_note":"","_monsterinsights_sitenote_category":0},"product_brand":[],"product_cat":[50,2139],"product_tag":[866,463,935,983,982,969,984],"class_list":{"0":"post-10091","1":"product","2":"type-product","3":"status-publish","4":"has-post-thumbnail","6":"product_cat-fertilizers","7":"product_cat-plant-growth-regulator","8":"product_tag-al-qawafel-ind-agr-co","9":"product_tag-fertilizer","10":"product_tag-fruit-quality","11":"product_tag-fruit-size-enhancement","12":"product_tag-gibberellin","13":"product_tag-growth-regulator","14":"product_tag-harvest-timing","16":"first","17":"instock","18":"shipping-taxable","19":"product-type-simple"},"aioseo_notices":[],"_links":{"self":[{"href":"https:\/\/alqawafel.com\/de\/wp-json\/wp\/v2\/product\/10091","targetHints":{"allow":["GET"]}}],"collection":[{"href":"https:\/\/alqawafel.com\/de\/wp-json\/wp\/v2\/product"}],"about":[{"href":"https:\/\/alqawafel.com\/de\/wp-json\/wp\/v2\/types\/product"}],"replies":[{"embeddable":true,"href":"https:\/\/alqawafel.com\/de\/wp-json\/wp\/v2\/comments?post=10091"}],"version-history":[{"count":13,"href":"https:\/\/alqawafel.com\/de\/wp-json\/wp\/v2\/product\/10091\/revisions"}],"predecessor-version":[{"id":12257,"href":"https:\/\/alqawafel.com\/de\/wp-json\/wp\/v2\/product\/10091\/revisions\/12257"}],"wp:featuredmedia":[{"embeddable":true,"href":"https:\/\/alqawafel.com\/de\/wp-json\/wp\/v2\/media\/17053"}],"wp:attachment":[{"href":"https:\/\/alqawafel.com\/de\/wp-json\/wp\/v2\/media?parent=10091"}],"wp:term":[{"taxonomy":"product_brand","embeddable":true,"href":"https:\/\/alqawafel.com\/de\/wp-json\/wp\/v2\/product_brand?post=10091"},{"taxonomy":"product_cat","embeddable":true,"href":"https:\/\/alqawafel.com\/de\/wp-json\/wp\/v2\/product_cat?post=10091"},{"taxonomy":"product_tag","embeddable":true,"href":"https:\/\/alqawafel.com\/de\/wp-json\/wp\/v2\/product_tag?post=10091"}],"curies":[{"name":"wp","href":"https:\/\/api.w.org\/{rel}","templated":true}]}}