{"id":10093,"date":"2024-11-13T19:17:39","date_gmt":"2024-11-13T19:17:39","guid":{"rendered":"https:\/\/alqawafel.com\/?post_type=product&#038;p=10093"},"modified":"2025-08-07T07:24:16","modified_gmt":"2025-08-07T07:24:16","slug":"toma-frucht","status":"publish","type":"product","link":"https:\/\/alqawafel.com\/de\/product\/toma-fruit\/","title":{"rendered":"TOMA FR\u00dcCHTE"},"content":{"rendered":"<div class=\"flex-shrink-0 flex flex-col relative items-end\">\n<div class=\"pt-0\">\n<div class=\"gizmo-bot-avatar flex h-8 w-8 items-center justify-center overflow-hidden rounded-full\">\n<h3>Warum TOMA FRUIT w\u00e4hlen?<\/h3>\n<p><span style=\"font-size: 18px;\">TOMA FRUIT ist ein wirksamer Pflanzenwachstumsregulator, der den Fruchtansatz bei Kulturen wie Tomaten, Auberginen und Paprika f\u00f6rdert. Dieses Produkt funktioniert gut im Gew\u00e4chshaus und f\u00f6rdert eine gesunde Fruchtentwicklung und h\u00f6here Ertr\u00e4ge.<\/span><\/p>\n<h3>Die wichtigsten Vorteile von TOMA FRUIT Plant Growth Regulator<\/h3>\n<ul>\n<li><span style=\"font-size: 18px;\"><strong>Verbessert den Fruchtansatz:<\/strong> Stimuliert den Fruchtansatz f\u00fcr bessere Ertr\u00e4ge bei einer Vielzahl von Kulturen.<\/span><\/li>\n<li><span style=\"font-size: 18px;\"><strong>Geeignet f\u00fcr Pflanzen, die in Gew\u00e4chsh\u00e4usern angebaut werden:<\/strong> Geeignet f\u00fcr den Einsatz in Gew\u00e4chsh\u00e4usern, f\u00f6rdert das Wachstum, erh\u00f6ht die Fruchtansatzrate und verbessert die Fruchtqualit\u00e4t.<\/span><\/li>\n<li><span style=\"font-size: 18px;\"><strong>Wide Crop Kompatibilit\u00e4t:<\/strong> Ideal f\u00fcr Tomaten, Paprika, Bohnen, Wassermelonen, Zuckermelonen, Gurken, K\u00fcrbisse und Obstb\u00e4ume.<\/span><\/li>\n<\/ul>\n<h3>Zusammensetzung<\/h3>\n<ul>\n<li><span style=\"font-size: 18px;\"><strong>Aktiver Inhaltsstoff:<\/strong> Para-Chlor-Phenoxyessigs\u00e4ure 7g\/L<\/span><\/li>\n<\/ul>\n<h3>Ideale Anwendung<\/h3>\n<ul>\n<li><span style=\"font-size: 18px;\">Tomaten, Paprika und Bohnen<\/span><\/li>\n<\/ul>\n<p><span style=\"font-size: 18px;\">Es bietet Flexibilit\u00e4t und erm\u00f6glicht die Anwendung in Gew\u00e4chsh\u00e4usern je nach den Bed\u00fcrfnissen der Pflanzen.<\/span><\/p>\n<h3>Anwendungsrate<\/h3>\n<p><span style=\"font-size: 14pt;\">100-120 g pro 200 Liter Wasser<\/span><\/p>\n<h3>Verpackung<\/h3>\n<ul>\n<li><span style=\"font-size: 18px;\"><strong>100-ml-Flaschen<\/strong><\/span><\/li>\n<\/ul>\n<p><img loading=\"lazy\" decoding=\"async\" class=\"alignnone size-medium wp-image-17048\" src=\"https:\/\/alqawafel.com\/wp-content\/uploads\/2024\/11\/TOMA-FRUIT-LOGO-300x300.webp\" alt=\"TOMA FR\u00dcCHTE\" width=\"300\" height=\"300\" srcset=\"https:\/\/alqawafel.com\/wp-content\/uploads\/2024\/11\/TOMA-FRUIT-LOGO-300x300.webp 300w, https:\/\/alqawafel.com\/wp-content\/uploads\/2024\/11\/TOMA-FRUIT-LOGO-150x150.webp 150w, https:\/\/alqawafel.com\/wp-content\/uploads\/2024\/11\/TOMA-FRUIT-LOGO-768x768.webp 768w, https:\/\/alqawafel.com\/wp-content\/uploads\/2024\/11\/TOMA-FRUIT-LOGO.webp 1000w\" sizes=\"auto, (max-width: 300px) 100vw, 300px\" \/><\/p>\n<\/div>\n<\/div>\n<\/div>\n<div id=\"hzImgLoader\" class=\"imgError\" style=\"width: auto; height: auto; line-height: 0px; overflow: hidden; padding: 0px; margin: 4px; position: absolute; z-index: 2147483647; border-radius: 4px; background-color: #ed0707; border: 4px solid #ed0707;\"><\/div>","protected":false},"excerpt":{"rendered":"<p><span style=\"font-size: 14pt;\"><strong data-start=\"88\" data-end=\"102\">TOMA FR\u00dcCHTE<\/strong> ist ein leistungsstarker Pflanzenwachstumsregulator, der den Fruchtansatz bei Nutzpflanzen f\u00f6rdert. Er f\u00f6rdert eine gesunde Fruchtentwicklung und verbessert die Fruchtqualit\u00e4t.<\/span><\/p>","protected":false},"featured_media":17048,"comment_status":"open","ping_status":"closed","template":"","meta":{"om_disable_all_campaigns":false,"_monsterinsights_skip_tracking":false,"_monsterinsights_sitenote_active":false,"_monsterinsights_sitenote_note":"","_monsterinsights_sitenote_category":0},"product_brand":[],"product_cat":[50,2139],"product_tag":[866,463,970,972,969,985,986],"class_list":{"0":"post-10093","1":"product","2":"type-product","3":"status-publish","4":"has-post-thumbnail","6":"product_cat-fertilizers","7":"product_cat-plant-growth-regulator","8":"product_tag-al-qawafel-ind-agr-co","9":"product_tag-fertilizer","10":"product_tag-fruit-setting","11":"product_tag-greenhouse-field","12":"product_tag-growth-regulator","13":"product_tag-toma-fruit","14":"product_tag-yield-enhancement","16":"first","17":"instock","18":"shipping-taxable","19":"product-type-simple"},"aioseo_notices":[],"_links":{"self":[{"href":"https:\/\/alqawafel.com\/de\/wp-json\/wp\/v2\/product\/10093","targetHints":{"allow":["GET"]}}],"collection":[{"href":"https:\/\/alqawafel.com\/de\/wp-json\/wp\/v2\/product"}],"about":[{"href":"https:\/\/alqawafel.com\/de\/wp-json\/wp\/v2\/types\/product"}],"replies":[{"embeddable":true,"href":"https:\/\/alqawafel.com\/de\/wp-json\/wp\/v2\/comments?post=10093"}],"version-history":[{"count":8,"href":"https:\/\/alqawafel.com\/de\/wp-json\/wp\/v2\/product\/10093\/revisions"}],"predecessor-version":[{"id":19486,"href":"https:\/\/alqawafel.com\/de\/wp-json\/wp\/v2\/product\/10093\/revisions\/19486"}],"wp:featuredmedia":[{"embeddable":true,"href":"https:\/\/alqawafel.com\/de\/wp-json\/wp\/v2\/media\/17048"}],"wp:attachment":[{"href":"https:\/\/alqawafel.com\/de\/wp-json\/wp\/v2\/media?parent=10093"}],"wp:term":[{"taxonomy":"product_brand","embeddable":true,"href":"https:\/\/alqawafel.com\/de\/wp-json\/wp\/v2\/product_brand?post=10093"},{"taxonomy":"product_cat","embeddable":true,"href":"https:\/\/alqawafel.com\/de\/wp-json\/wp\/v2\/product_cat?post=10093"},{"taxonomy":"product_tag","embeddable":true,"href":"https:\/\/alqawafel.com\/de\/wp-json\/wp\/v2\/product_tag?post=10093"}],"curies":[{"name":"wp","href":"https:\/\/api.w.org\/{rel}","templated":true}]}}