{"id":10095,"date":"2024-11-14T06:34:00","date_gmt":"2024-11-14T06:34:00","guid":{"rendered":"https:\/\/alqawafel.com\/?post_type=product&#038;p=10095"},"modified":"2025-08-28T07:15:43","modified_gmt":"2025-08-28T07:15:43","slug":"agrasticky","status":"publish","type":"product","link":"https:\/\/alqawafel.com\/de\/product\/agrasticky\/","title":{"rendered":"Agrasticky"},"content":{"rendered":"<h3>Warum Agrasticky w\u00e4hlen?<\/h3>\n<p><span style=\"font-size: 18px;\">Agrasticky ist eine leistungsstarke organische Emulsionssubstanz (EC), die die Haftung, Dispersion und Wirksamkeit von Pestiziden, Fungiziden, Herbiziden und D\u00fcngemitteln verbessert. Durch die Befeuchtung von Pflanzenoberfl\u00e4chen und die Verbesserung der Absorption von Spr\u00fchl\u00f6sungen sorgt Agrasticky daf\u00fcr, dass jede Anwendung die gew\u00fcnschten Ergebnisse effizienter und mit l\u00e4nger anhaltender Wirkung erzielt. Agrasticky kann sowohl in konventionellen als auch in \u00f6kologischen Betrieben eingesetzt werden und tr\u00e4gt zu einer ges\u00fcnderen Umwelt bei.<\/span><\/p>\n<h3>Die wichtigsten Vorteile von Agrasticky<\/h3>\n<ul>\n<li><span style=\"font-size: 18px;\"><strong>Verbessert die Spr\u00fchhaftung und Deckkraft:<\/strong> Sorgt f\u00fcr eine bessere Verteilung und Haftung von Pestiziden, Fungiziden, Herbiziden und D\u00fcngemitteln.<\/span><\/li>\n<li><span style=\"font-size: 18px;\"><strong>Verbessert die Absorption und Effizienz:<\/strong> Erh\u00f6ht die Penetration und Aufnahme der Zielsubstanzen, verbessert die Ergebnisse und verl\u00e4ngert die Spr\u00fchintervalle.<\/span><\/li>\n<li><span style=\"font-size: 18px;\"><strong>Erh\u00f6ht die Potenz und senkt die Kosten:<\/strong> Erh\u00f6ht die Wirksamkeit von Pestiziden, verringert die Notwendigkeit h\u00e4ufiger Anwendungen und spart Zeit und Geld.<\/span><\/li>\n<li><span style=\"font-size: 18px;\"><strong>Reduziert Abdrift und Geruch:<\/strong> Minimiert die Abdrift durch Stabilisierung der Spr\u00fchtropfengr\u00f6\u00dfe und reduziert die Geruchsbildung durch Kontrolle der Verdunstung.<\/span><\/li>\n<li><span style=\"font-size: 18px;\"><strong>Sicher f\u00fcr den biologischen Gebrauch:<\/strong> Zugelassen f\u00fcr \u00f6kologische und konventionelle Betriebe, zum Schutz der menschlichen Gesundheit und der Umwelt.<\/span><\/li>\n<li><span style=\"font-size: 18px;\"><strong>Hohe Kompatibilit\u00e4t:<\/strong> Vertr\u00e4gt sich mit einer breiten Palette von Pestiziden, D\u00fcngemitteln und Materialien, einschlie\u00dflich schwefelhaltiger Produkte, ohne eine Empfindlichkeit der Bl\u00e4tter zu verursachen.<\/span><\/li>\n<\/ul>\n<h3>Ideale Anwendung<\/h3>\n<ul>\n<li><span style=\"font-size: 18px;\"><strong>Blattfungizide, Insektizide und D\u00fcngung:<\/strong> Verbessert die Aufnahme und Verteilung auf den Blattoberfl\u00e4chen.<\/span><\/li>\n<li><span style=\"font-size: 18px;\"><strong>Herbizide:<\/strong> Verbessert die Penetration und Aufnahme f\u00fcr eine bessere Unkrautbek\u00e4mpfung.<\/span><\/li>\n<li><span style=\"font-size: 18px;\"><strong>Sch\u00e4dlingsbek\u00e4mpfung:<\/strong> Deckt Schildl\u00e4use und Eier ab und erstickt sie, was die Fruchtbarkeit der Eier verringert.<\/span><\/li>\n<\/ul>\n<h3>Anwendungsrate<\/h3>\n<ul>\n<li data-start=\"47\" data-end=\"143\">\n<p data-start=\"49\" data-end=\"143\"><span style=\"font-size: 14pt;\"><strong data-start=\"49\" data-end=\"106\">Mit Blattfungiziden, Insektiziden und D\u00fcngemitteln<\/strong>: 50-150 ml pro 200 Liter Wasser<\/span><\/p>\n<\/li>\n<li data-start=\"144\" data-end=\"235\" data-is-last-node=\"\">\n<p data-start=\"146\" data-end=\"235\" data-is-last-node=\"\"><span style=\"font-size: 14pt;\"><strong data-start=\"146\" data-end=\"165\">Mit Herbiziden<\/strong>: 250 ml pro 100 Liter Wasser<\/span><\/p>\n<\/li>\n<\/ul>\n<h3>Eigenschaften von Agrasticky<\/h3>\n<ul>\n<li><span style=\"font-size: 18px;\"><strong>Organische Emulsion:<\/strong> Dispergierend, adh\u00e4siv und nahrhaft, f\u00f6rdert eine bessere Wirkung von Pflanzenschutzmitteln.<\/span><\/li>\n<li><span style=\"font-size: 18px;\"><strong>Wasserl\u00f6slich:<\/strong> Hohe Wasserl\u00f6slichkeit, wodurch Probleme mit der Blattempfindlichkeit vermieden werden, die bei Produkten auf \u00d6lbasis auftreten.<\/span><\/li>\n<li><span style=\"font-size: 18px;\"><strong>Verl\u00e4ngerte Kontaktzeit:<\/strong> Verl\u00e4ngert die Wirkungsdauer von Kontaktpestiziden und erh\u00f6ht die Bereitschaft von systemischen Pestiziden.<\/span><\/li>\n<li><span style=\"font-size: 18px;\"><strong>Erh\u00f6hte Deckkraft auf wachsartigen Oberfl\u00e4chen:<\/strong> Bildet einen d\u00fcnnen Film auf wachshaltigen Oberfl\u00e4chen und verbessert die Verteilung und Wirksamkeit.<\/span><\/li>\n<\/ul>\n<h3 class=\"translation-block\"><span style=\"font-size: 18px\">Chemische Zusammensetzung<\/span><\/h3>\n<ul>\n<li><span style=\"font-size: 18px;\"><strong>Aktiver Inhaltsstoff:<\/strong> Stickstoff-Polymer 2.5%<\/span><\/li>\n<li>Organische Materie 35%<\/li>\n<\/ul>\n<h3>Verpackung<\/h3>\n<p>1-Liter-Flasche.<\/p>\n<p><img loading=\"lazy\" decoding=\"async\" class=\"alignnone size-medium wp-image-17176\" src=\"https:\/\/alqawafel.com\/wp-content\/uploads\/2024\/11\/AGRA-STICKY-LOGO-300x300.webp\" alt=\"Agrasticky\" width=\"300\" height=\"300\" srcset=\"https:\/\/alqawafel.com\/wp-content\/uploads\/2024\/11\/AGRA-STICKY-LOGO-300x300.webp 300w, https:\/\/alqawafel.com\/wp-content\/uploads\/2024\/11\/AGRA-STICKY-LOGO-150x150.webp 150w, https:\/\/alqawafel.com\/wp-content\/uploads\/2024\/11\/AGRA-STICKY-LOGO-768x768.webp 768w, https:\/\/alqawafel.com\/wp-content\/uploads\/2024\/11\/AGRA-STICKY-LOGO.webp 1000w\" sizes=\"auto, (max-width: 300px) 100vw, 300px\" \/><\/p>","protected":false},"excerpt":{"rendered":"<p><span style=\"font-size: 18px;\">Agrasticky ist eine organische Emulsion, die die Haftung, Verteilung und Aufnahme von Pestiziden und D\u00fcngemitteln verbessert.<\/span><\/p>","protected":false},"featured_media":17176,"comment_status":"open","ping_status":"closed","template":"","meta":{"om_disable_all_campaigns":false,"_monsterinsights_skip_tracking":false,"_monsterinsights_sitenote_active":false,"_monsterinsights_sitenote_note":"","_monsterinsights_sitenote_category":0},"product_brand":[],"product_cat":[50,2136],"product_tag":[987,866,991,463,990,988,989],"class_list":{"0":"post-10095","1":"product","2":"type-product","3":"status-publish","4":"has-post-thumbnail","6":"product_cat-fertilizers","7":"product_cat-specialty-fertilizers","8":"product_tag-agrasticky","9":"product_tag-al-qawafel-ind-agr-co","10":"product_tag-extended-efficacy","11":"product_tag-fertilizer","12":"product_tag-improved-adhesion","13":"product_tag-organic-emulsion","14":"product_tag-spray-enhancer","16":"first","17":"instock","18":"shipping-taxable","19":"product-type-simple"},"aioseo_notices":[],"_links":{"self":[{"href":"https:\/\/alqawafel.com\/de\/wp-json\/wp\/v2\/product\/10095","targetHints":{"allow":["GET"]}}],"collection":[{"href":"https:\/\/alqawafel.com\/de\/wp-json\/wp\/v2\/product"}],"about":[{"href":"https:\/\/alqawafel.com\/de\/wp-json\/wp\/v2\/types\/product"}],"replies":[{"embeddable":true,"href":"https:\/\/alqawafel.com\/de\/wp-json\/wp\/v2\/comments?post=10095"}],"version-history":[{"count":7,"href":"https:\/\/alqawafel.com\/de\/wp-json\/wp\/v2\/product\/10095\/revisions"}],"predecessor-version":[{"id":19919,"href":"https:\/\/alqawafel.com\/de\/wp-json\/wp\/v2\/product\/10095\/revisions\/19919"}],"wp:featuredmedia":[{"embeddable":true,"href":"https:\/\/alqawafel.com\/de\/wp-json\/wp\/v2\/media\/17176"}],"wp:attachment":[{"href":"https:\/\/alqawafel.com\/de\/wp-json\/wp\/v2\/media?parent=10095"}],"wp:term":[{"taxonomy":"product_brand","embeddable":true,"href":"https:\/\/alqawafel.com\/de\/wp-json\/wp\/v2\/product_brand?post=10095"},{"taxonomy":"product_cat","embeddable":true,"href":"https:\/\/alqawafel.com\/de\/wp-json\/wp\/v2\/product_cat?post=10095"},{"taxonomy":"product_tag","embeddable":true,"href":"https:\/\/alqawafel.com\/de\/wp-json\/wp\/v2\/product_tag?post=10095"}],"curies":[{"name":"wp","href":"https:\/\/api.w.org\/{rel}","templated":true}]}}