{"id":10097,"date":"2024-11-14T06:34:35","date_gmt":"2024-11-14T06:34:35","guid":{"rendered":"https:\/\/alqawafel.com\/?post_type=product&#038;p=10097"},"modified":"2025-06-23T11:23:03","modified_gmt":"2025-06-23T11:23:03","slug":"bio-magie","status":"publish","type":"product","link":"https:\/\/alqawafel.com\/de\/product\/bio-magic\/","title":{"rendered":"Bio-Magic-D\u00fcnger"},"content":{"rendered":"<h3>Warum Bio Magic w\u00e4hlen?<\/h3>\n<p><span style=\"font-size: 18px\">Bio Magic ist ein nat\u00fcrlicher Pflanzenwachstumsaktivator, der 20% freie Aminos\u00e4uren enth\u00e4lt, die f\u00fcr die F\u00f6rderung eines ausgewogenen Wachstums und der Pflanzengesundheit unerl\u00e4sslich sind. Diese Formel enth\u00e4lt wichtige Aminos\u00e4uren wie Threonin, Valin, Methionin, Lysin und andere, die eine Schl\u00fcsselrolle bei der Aktivierung und Entwicklung von Pflanzen spielen. Bio Magic erh\u00f6ht nicht nur die Chlorophylldichte f\u00fcr eine verbesserte Photosynthese, sondern f\u00f6rdert auch das vegetative Wachstum, die Bl\u00fcte und die fr\u00fche Fruchtbildung und hilft den Pflanzen, ihr volles Potenzial auszusch\u00f6pfen.<\/span><\/p>\n<h3>Die wichtigsten Vorteile von Bio Magic<\/h3>\n<ul>\n<li><span style=\"font-size: 18px\"><strong>F\u00f6rdert die Photosynthese:<\/strong> Erh\u00f6ht die Chlorophylldichte in den Bl\u00e4ttern und unterst\u00fctzt so eine effiziente Photosynthese und Energieproduktion.<\/span><\/li>\n<li><span style=\"font-size: 18px\"><strong>Verbessert das Wachstum und die Bl\u00fcte:<\/strong> Stimuliert die Enzymsekretion zur F\u00f6rderung eines kr\u00e4ftigen vegetativen Wachstums und der Bl\u00fcte.<\/span><\/li>\n<li><span style=\"font-size: 18px\"><strong>Gleicht den Wassergehalt aus:<\/strong> Hilft, den Wasserhaushalt im Pflanzengewebe aufrechtzuerhalten und verbessert die Widerstandsf\u00e4higkeit.<\/span><\/li>\n<li><span style=\"font-size: 18px\"><strong>F\u00f6rdert die fr\u00fche Produktion:<\/strong> Tr\u00e4gt zu einer fr\u00fchen Fruchtbildung bei und erh\u00f6ht den Zuckergehalt in den Fr\u00fcchten f\u00fcr besseren Geschmack und Qualit\u00e4t.<\/span><\/li>\n<li><span style=\"font-size: 18px\"><strong>Unterst\u00fctzt die Wurzelentwicklung:<\/strong> Beschleunigt das Wurzelwachstum, f\u00f6rdert ges\u00fcndere Pflanzen und h\u00f6here Ertr\u00e4ge.<\/span><\/li>\n<li><span style=\"font-size: 18px\"><strong>Wirtschaftliche Effizienz:<\/strong> Verringert den Bedarf an zus\u00e4tzlichen D\u00fcngemitteln und Pestiziden und ist somit kosteng\u00fcnstig.<\/span><\/li>\n<li><span style=\"font-size: 18px\"><strong>Erh\u00f6ht die Widerstandsf\u00e4higkeit:<\/strong> Verbessert die Widerstandsf\u00e4higkeit der Pflanzen gegen\u00fcber Witterungseinfl\u00fcssen und minimiert die Auswirkungen von Pestiziden auf das Gewebe.<\/span><\/li>\n<li><span style=\"font-size: 18px\"><strong>Verbessert den Produktgeschmack:<\/strong> Verbessert das Aroma und den Geschmack von Fr\u00fcchten und liefert ein hervorragendes Produkt.<\/span><\/li>\n<\/ul>\n<h3>Zusammensetzung<\/h3>\n<ul>\n<li><span style=\"font-size: 18px\"><strong>Aktiver Inhaltsstoff:<\/strong> 20% Freie Aminos\u00e4uren<\/span><\/li>\n<\/ul>\n<h3>Ideale Anwendung<\/h3>\n<p><span style=\"font-size: 18px\">Bio Magic kann \u00fcber angewendet werden:<\/span><\/p>\n<ul>\n<li><span style=\"font-size: 18px\"><strong>Anwendung \u00fcber das Blatt:<\/strong> Zur direkten Aufnahme auf die Bl\u00e4tter spr\u00fchen.<\/span><\/li>\n<li><span style=\"font-size: 18px\"><strong>Anwendung im Boden:<\/strong> Verwendung im Boden f\u00fcr die Wurzelaufnahme.<\/span><\/li>\n<\/ul>\n<h3>Bio-Magie <strong>Geeignet f\u00fcr:<\/strong><\/h3>\n<ul>\n<li><span style=\"font-size: 18px\"><strong>Gem\u00fcse<\/strong><\/span><\/li>\n<li><span style=\"font-size: 18px\"><strong>Obstb\u00e4ume<\/strong><\/span><\/li>\n<li><strong><span style=\"font-size: 14pt\">Feldfr\u00fcchte<\/span><\/strong><\/li>\n<li><strong><span style=\"font-size: 14pt\">Zierpflanzen<\/span><\/strong><\/li>\n<\/ul>\n<h3>Anwendungsraten<\/h3>\n<p><span style=\"font-size: 14pt\"><strong>Anwendung im Boden:<\/strong><\/span><\/p>\n<ul data-start=\"158\" data-end=\"408\">\n<li data-start=\"158\" data-end=\"225\">\n<p data-start=\"160\" data-end=\"225\"><span style=\"font-size: 14pt\"><strong data-start=\"160\" data-end=\"195\">Gew\u00e4chshausgem\u00fcse:<\/strong><\/span><br data-start=\"195\" data-end=\"198\" \/><span style=\"font-size: 14pt\">250-500 ml pro Gew\u00e4chshaus<\/span><\/p>\n<\/li>\n<li data-start=\"227\" data-end=\"280\">\n<p data-start=\"229\" data-end=\"280\"><span style=\"font-size: 14pt\"><strong data-start=\"229\" data-end=\"255\">Freilandgem\u00fcse:<\/strong><\/span><br data-start=\"255\" data-end=\"258\" \/><span style=\"font-size: 14pt\">250-500 ml pro Dunum<\/span><\/p>\n<\/li>\n<li data-start=\"282\" data-end=\"349\">\n<p data-start=\"284\" data-end=\"349\"><span style=\"font-size: 14pt\"><strong data-start=\"284\" data-end=\"300\">Obstb\u00e4ume:<\/strong><\/span><br data-start=\"300\" data-end=\"303\" \/><span style=\"font-size: 14pt\">20-40 ml pro Baum, je nach Art und Alter<\/span><\/p>\n<\/li>\n<li data-start=\"351\" data-end=\"408\">\n<p data-start=\"353\" data-end=\"408\"><span style=\"font-size: 14pt\"><strong data-start=\"353\" data-end=\"375\">Zierpflanzen:<\/strong><\/span><br data-start=\"375\" data-end=\"378\" \/><span style=\"font-size: 14pt\">20 ml pro 20 Liter Wasser<\/span><\/p>\n<\/li>\n<\/ul>\n<p data-start=\"410\" data-end=\"448\"><span style=\"font-size: 14pt\"><strong data-start=\"410\" data-end=\"448\">Blattanwendung (allgemeiner Satz):<\/strong><\/span><\/p>\n<ul data-start=\"450\" data-end=\"486\">\n<li data-start=\"450\" data-end=\"486\">\n<p data-start=\"452\" data-end=\"486\"><span style=\"font-size: 14pt\">150-250 ml pro 200 Liter Wasser<\/span><\/p>\n<\/li>\n<\/ul>\n<h3>Verpackung<\/h3>\n<ul>\n<li><span style=\"font-size: 18px\"><strong>1-Liter-Flasche<\/strong><\/span><\/li>\n<\/ul>\n<p><img loading=\"lazy\" decoding=\"async\" class=\"alignnone size-medium wp-image-18435\" src=\"https:\/\/alqawafel.com\/wp-content\/uploads\/2024\/11\/Bio-Magic-LOGO-300x300.webp\" alt=\"Bio Magic ist ein Pflanzenwachstumsaktivator, der reich an Aminos\u00e4uren ist, die Photosynthese ankurbelt, das Wachstum f\u00f6rdert und die Qualit\u00e4t der Ernte verbessert.\" width=\"300\" height=\"300\" srcset=\"https:\/\/alqawafel.com\/wp-content\/uploads\/2024\/11\/Bio-Magic-LOGO-300x300.webp 300w, https:\/\/alqawafel.com\/wp-content\/uploads\/2024\/11\/Bio-Magic-LOGO-150x150.webp 150w, https:\/\/alqawafel.com\/wp-content\/uploads\/2024\/11\/Bio-Magic-LOGO-768x768.webp 768w, https:\/\/alqawafel.com\/wp-content\/uploads\/2024\/11\/Bio-Magic-LOGO.webp 1000w\" sizes=\"auto, (max-width: 300px) 100vw, 300px\" \/><\/p>","protected":false},"excerpt":{"rendered":"<p><span style=\"font-size: 18px\">Bio Magic ist ein Pflanzenwachstumsaktivator, der reich an Aminos\u00e4uren ist, die Photosynthese ankurbelt, das Wachstum f\u00f6rdert und die Qualit\u00e4t der Ernte verbessert.<\/span><\/p>","protected":false},"featured_media":18435,"comment_status":"open","ping_status":"closed","template":"","meta":{"om_disable_all_campaigns":false,"_monsterinsights_skip_tracking":false,"_monsterinsights_sitenote_active":false,"_monsterinsights_sitenote_note":"","_monsterinsights_sitenote_category":0},"product_brand":[],"product_cat":[2138,50],"product_tag":[866,994,992,463,935,993,995],"class_list":{"0":"post-10097","1":"product","2":"type-product","3":"status-publish","4":"has-post-thumbnail","6":"product_cat-biostimulants-fertilizers","7":"product_cat-fertilizers","8":"product_tag-al-qawafel-ind-agr-co","9":"product_tag-amino-acid-rich","10":"product_tag-bio-magic","11":"product_tag-fertilizer","12":"product_tag-fruit-quality","13":"product_tag-growth-activator","14":"product_tag-plant-vitality","16":"first","17":"instock","18":"shipping-taxable","19":"product-type-simple"},"aioseo_notices":[],"_links":{"self":[{"href":"https:\/\/alqawafel.com\/de\/wp-json\/wp\/v2\/product\/10097","targetHints":{"allow":["GET"]}}],"collection":[{"href":"https:\/\/alqawafel.com\/de\/wp-json\/wp\/v2\/product"}],"about":[{"href":"https:\/\/alqawafel.com\/de\/wp-json\/wp\/v2\/types\/product"}],"replies":[{"embeddable":true,"href":"https:\/\/alqawafel.com\/de\/wp-json\/wp\/v2\/comments?post=10097"}],"version-history":[{"count":9,"href":"https:\/\/alqawafel.com\/de\/wp-json\/wp\/v2\/product\/10097\/revisions"}],"predecessor-version":[{"id":13071,"href":"https:\/\/alqawafel.com\/de\/wp-json\/wp\/v2\/product\/10097\/revisions\/13071"}],"wp:featuredmedia":[{"embeddable":true,"href":"https:\/\/alqawafel.com\/de\/wp-json\/wp\/v2\/media\/18435"}],"wp:attachment":[{"href":"https:\/\/alqawafel.com\/de\/wp-json\/wp\/v2\/media?parent=10097"}],"wp:term":[{"taxonomy":"product_brand","embeddable":true,"href":"https:\/\/alqawafel.com\/de\/wp-json\/wp\/v2\/product_brand?post=10097"},{"taxonomy":"product_cat","embeddable":true,"href":"https:\/\/alqawafel.com\/de\/wp-json\/wp\/v2\/product_cat?post=10097"},{"taxonomy":"product_tag","embeddable":true,"href":"https:\/\/alqawafel.com\/de\/wp-json\/wp\/v2\/product_tag?post=10097"}],"curies":[{"name":"wp","href":"https:\/\/api.w.org\/{rel}","templated":true}]}}