{"id":10119,"date":"2024-11-14T08:19:46","date_gmt":"2024-11-14T08:19:46","guid":{"rendered":"https:\/\/alqawafel.com\/?post_type=product&#038;p=10119"},"modified":"2025-07-07T08:26:39","modified_gmt":"2025-07-07T08:26:39","slug":"riese-0-45-55","status":"publish","type":"product","link":"https:\/\/alqawafel.com\/de\/product\/giant-0-45-55\/","title":{"rendered":"Giant 0-45-55 D\u00fcngemittel"},"content":{"rendered":"<h3>Warum Giant 0-45-55 w\u00e4hlen?<\/h3>\n<p><span style=\"font-size: 18px;\">Giant 0-45-55 stellt eine neue Technologie in der Blattd\u00fcngung dar, die Phosphat- und Kaliverbindungen mit einem niedrigen Salzindex bereitstellt und so Sicherheit und Wirksamkeit auch bei hohen Konzentrationen gew\u00e4hrleistet. Angereichert mit Aminos\u00e4uren, Minerals\u00e4uren und essentiellen Vitaminen ist Giant 0-45-55 so konzipiert, dass es Pflanzen aktiviert, das Wachstum f\u00f6rdert und alle Entwicklungsstadien unterst\u00fctzt. Durch die schnelle Absorption durch die Pflanzenepidermis f\u00f6rdert diese Formulierung die Photosynthese, den Stoffwechsel und die Gesundheit der Wurzeln, w\u00e4hrend sie gleichzeitig die Widerstandsf\u00e4higkeit gegen Pilzkrankheiten erh\u00f6ht. Es ist ideal f\u00fcr die Verwendung als Blattspray und zur Bew\u00e4sserung.<\/span><\/p>\n<h3>Die wichtigsten Vorteile von Giant 0-45-55 Blattd\u00fcnger<\/h3>\n<ul>\n<li><span style=\"font-size: 18px;\"><strong>Schnelle Pflanzenaktivierung:<\/strong> Liefert N\u00e4hrstoffe in leicht absorbierbarer Form, beschleunigt das Wachstum und verbessert den Pflanzenstoffwechsel.<\/span><\/li>\n<li><span style=\"font-size: 18px;\"><strong>Sichere Verwendung hoher Konzentrationen:<\/strong> Der niedrige Salzindex macht es sicher f\u00fcr die Blattanwendung, selbst unter schwierigen Wetterbedingungen.<\/span><\/li>\n<li><span style=\"font-size: 18px;\"><strong>Verbessert die Fruchtqualit\u00e4t:<\/strong> Ein hoher Kaligehalt verbessert die Gr\u00f6\u00dfe, den Geschmack, das Aroma, die Farbe und die Haltbarkeit der Fr\u00fcchte nach der Ernte.<\/span><\/li>\n<li><span style=\"font-size: 18px;\"><strong>Erh\u00f6ht die Widerstandsf\u00e4higkeit:<\/strong> St\u00e4rkt die Abwehrkr\u00e4fte der Pflanzen gegen Pilzkrankheiten, insbesondere gegen solche, die die Wurzeln befallen.<\/span><\/li>\n<li><span style=\"font-size: 18px;\"><strong>F\u00f6rdert die Bl\u00fcte und den Fruchtansatz:<\/strong> Enth\u00e4lt umh\u00fcllten Phosphor und organische Verbindungen, die eine \u00fcppige Bl\u00fcte und einen starken Fruchtansatz f\u00f6rdern.<\/span><\/li>\n<li><span style=\"font-size: 18px;\"><strong>Multi-Vitamin-Anreicherung:<\/strong> Vitamine wie Thiamin, Riboflavin, Niacin und Pyridoxin stimulieren biochemische Reaktionen und f\u00f6rdern so das Wachstum und die Produktivit\u00e4t.<\/span><\/li>\n<\/ul>\n<h3>Ideale Anwendung<\/h3>\n<p><span style=\"font-size: 18px;\"><strong>Anwendung \u00fcber das Blatt:<\/strong> Wird schnell von den Bl\u00e4ttern aufgenommen und steigert die Photosynthese und den Pflanzenstoffwechsel.<\/span><br \/>\n<span style=\"font-size: 18px;\"><strong>Anwendung der Bew\u00e4sserung:<\/strong> Effektive N\u00e4hrstoffzufuhr durch das Gie\u00dfwasser f\u00fcr schnelle und gr\u00fcndliche Ergebnisse, <\/span><\/p>\n<h4><span style=\"font-size: 18px;\">Geeignet f\u00fcr: <\/span><\/h4>\n<ul>\n<li><span style=\"font-size: 14pt;\">Freiland- und Gew\u00e4chshausgem\u00fcse<\/span><\/li>\n<li><span style=\"font-size: 14pt;\">Obstb\u00e4ume<\/span><\/li>\n<li>Zierpflanzen<\/li>\n<\/ul>\n<h3>Anwendungsrate<\/h3>\n<ul>\n<li data-start=\"262\" data-end=\"338\">\n<p data-start=\"264\" data-end=\"338\"><span style=\"font-size: 14pt;\"><strong data-start=\"264\" data-end=\"287\">Anwendung \u00fcber das Blatt:<\/strong> 200-300 ml pro 200 l Wasser (2-4 mal wiederholen)<\/span><\/p>\n<\/li>\n<li data-start=\"339\" data-end=\"442\">\n<p data-start=\"341\" data-end=\"370\"><span style=\"font-size: 14pt;\"><strong data-start=\"341\" data-end=\"368\">Anwendung der Bew\u00e4sserung:<\/strong><\/span><\/p>\n<ul data-start=\"373\" data-end=\"442\">\n<li data-start=\"373\" data-end=\"407\">\n<p data-start=\"375\" data-end=\"407\"><span style=\"font-size: 14pt;\">Gem\u00fcse: 350 ml pro 1000 m\u00b2<\/span><\/p>\n<\/li>\n<li data-start=\"410\" data-end=\"442\">\n<p data-start=\"412\" data-end=\"442\"><span style=\"font-size: 14pt;\">Obstb\u00e4ume: 10-20 ml pro Baum<\/span><\/p>\n<\/li>\n<\/ul>\n<\/li>\n<\/ul>\n<h3 class=\"translation-block\"><span style=\"font-size: 18px\">Chemische Zusammensetzung<\/span><\/h3>\n<ul>\n<li><span style=\"font-size: 18px;\"><strong>Phosphor (P\u2082O\u2085):<\/strong> 45%<\/span><\/li>\n<li><span style=\"font-size: 18px;\"><strong>Kalium (K\u2082O):<\/strong> 55%<\/span><\/li>\n<li><span style=\"font-size: 18px;\"><strong>Zus\u00e4tzliche Verbindungen:<\/strong> Mehrfach- und Einfachcarbons\u00e4uren, Fulvos\u00e4uren, Polysaccharide, Vitamine und Aminos\u00e4uren<\/span><\/li>\n<\/ul>\n<h3>Verpackung<\/h3>\n<ul>\n<li><span style=\"font-size: 18px;\"><strong>250 ml, 1 L-Flasche und 5 L-Gallone<\/strong><\/span><\/li>\n<\/ul>\n<p><img loading=\"lazy\" decoding=\"async\" class=\"alignnone size-medium wp-image-18292\" src=\"https:\/\/alqawafel.com\/wp-content\/uploads\/2024\/11\/Giant-0-45-55-LOGO-300x300.webp\" alt=\"Giant 0-45-55 ist ein kali- und phosphatreicher Blattd\u00fcnger, der das Wachstum, die Fruchtqualit\u00e4t und die Widerstandsf\u00e4higkeit der Pflanzen in allen Entwicklungsstadien f\u00f6rdert.\" width=\"300\" height=\"300\" srcset=\"https:\/\/alqawafel.com\/wp-content\/uploads\/2024\/11\/Giant-0-45-55-LOGO-300x300.webp 300w, https:\/\/alqawafel.com\/wp-content\/uploads\/2024\/11\/Giant-0-45-55-LOGO-150x150.webp 150w, https:\/\/alqawafel.com\/wp-content\/uploads\/2024\/11\/Giant-0-45-55-LOGO-768x768.webp 768w, https:\/\/alqawafel.com\/wp-content\/uploads\/2024\/11\/Giant-0-45-55-LOGO.webp 1000w\" sizes=\"auto, (max-width: 300px) 100vw, 300px\" \/><\/p>","protected":false},"excerpt":{"rendered":"<p><span style=\"font-size: 18px;\">Giant 0-45-55 ist ein kali- und phosphatreicher Blattd\u00fcnger, der das Wachstum, die Fruchtqualit\u00e4t und die Widerstandsf\u00e4higkeit der Pflanzen in allen Entwicklungsstadien f\u00f6rdert.<\/span><\/p>","protected":false},"featured_media":18292,"comment_status":"open","ping_status":"closed","template":"","meta":{"om_disable_all_campaigns":false,"_monsterinsights_skip_tracking":false,"_monsterinsights_sitenote_active":false,"_monsterinsights_sitenote_note":"","_monsterinsights_sitenote_category":0},"product_brand":[],"product_cat":[50,2136],"product_tag":[866,463,1022,935,1020,1021,932],"class_list":{"0":"post-10119","1":"product","2":"type-product","3":"status-publish","4":"has-post-thumbnail","6":"product_cat-fertilizers","7":"product_cat-specialty-fertilizers","8":"product_tag-al-qawafel-ind-agr-co","9":"product_tag-fertilizer","10":"product_tag-foliar-growth-boost","11":"product_tag-fruit-quality","12":"product_tag-giant-0-45-55","13":"product_tag-high-phosphorus-potassium","14":"product_tag-rapid-absorption","16":"first","17":"instock","18":"shipping-taxable","19":"product-type-simple"},"aioseo_notices":[],"_links":{"self":[{"href":"https:\/\/alqawafel.com\/de\/wp-json\/wp\/v2\/product\/10119","targetHints":{"allow":["GET"]}}],"collection":[{"href":"https:\/\/alqawafel.com\/de\/wp-json\/wp\/v2\/product"}],"about":[{"href":"https:\/\/alqawafel.com\/de\/wp-json\/wp\/v2\/types\/product"}],"replies":[{"embeddable":true,"href":"https:\/\/alqawafel.com\/de\/wp-json\/wp\/v2\/comments?post=10119"}],"version-history":[{"count":9,"href":"https:\/\/alqawafel.com\/de\/wp-json\/wp\/v2\/product\/10119\/revisions"}],"predecessor-version":[{"id":19380,"href":"https:\/\/alqawafel.com\/de\/wp-json\/wp\/v2\/product\/10119\/revisions\/19380"}],"wp:featuredmedia":[{"embeddable":true,"href":"https:\/\/alqawafel.com\/de\/wp-json\/wp\/v2\/media\/18292"}],"wp:attachment":[{"href":"https:\/\/alqawafel.com\/de\/wp-json\/wp\/v2\/media?parent=10119"}],"wp:term":[{"taxonomy":"product_brand","embeddable":true,"href":"https:\/\/alqawafel.com\/de\/wp-json\/wp\/v2\/product_brand?post=10119"},{"taxonomy":"product_cat","embeddable":true,"href":"https:\/\/alqawafel.com\/de\/wp-json\/wp\/v2\/product_cat?post=10119"},{"taxonomy":"product_tag","embeddable":true,"href":"https:\/\/alqawafel.com\/de\/wp-json\/wp\/v2\/product_tag?post=10119"}],"curies":[{"name":"wp","href":"https:\/\/api.w.org\/{rel}","templated":true}]}}