{"id":10126,"date":"2024-11-14T08:56:19","date_gmt":"2024-11-14T08:56:19","guid":{"rendered":"https:\/\/alqawafel.com\/?post_type=product&#038;p=10126"},"modified":"2025-08-09T12:05:34","modified_gmt":"2025-08-09T12:05:34","slug":"magphos","status":"publish","type":"product","link":"https:\/\/alqawafel.com\/de\/product\/magphos\/","title":{"rendered":"MAGPHOS D\u00fcngemittel"},"content":{"rendered":"<h3>Warum MAGPHOS w\u00e4hlen?<\/h3>\n<p><span style=\"font-size: 18px;\">MAGPHOS ist ein ausgewogener D\u00fcnger, der die Pflanzen mit Phosphor, Kalium und Magnesium versorgt, die f\u00fcr ihr Wachstum und ihre Widerstandsf\u00e4higkeit gegen Krankheiten unerl\u00e4sslich sind. MAGPHOS ist sowohl f\u00fcr die Blattd\u00fcngung als auch f\u00fcr die Bew\u00e4sserung geeignet und st\u00e4rkt die Pflanzen, indem es Pilz- und Bakterienkrankheiten wie Falschem Mehltau, Krautf\u00e4ule und Wurzelf\u00e4ule vorbeugt. Die einzigartige Formulierung von Magnesiumphosphonat sorgt f\u00fcr einen leichten N\u00e4hrstofftransport von der Wurzel zum Blatt, w\u00e4hrend synergistische Wechselwirkungen zwischen Kalzium und Phosphor die N\u00e4hrstoffaufnahme ohne Beeintr\u00e4chtigung des Bodens optimieren. MAGPHOS ist ideal f\u00fcr den Einsatz in erdgebundenen und erdelosen Anbausystemen.<\/span><\/p>\n<h3>Die wichtigsten Vorteile von MAGPHOS D\u00fcnger<\/h3>\n<ul>\n<li><span style=\"font-size: 18px;\"><strong>Verbesserte N\u00e4hrstoffvertr\u00e4glichkeit:<\/strong> Phosphor und Magnesium wirken synergetisch, verhindern N\u00e4hrstoffantagonismus und f\u00f6rdern eine optimale Pflanzengesundheit.<\/span><\/li>\n<li><span style=\"font-size: 18px;\"><strong>Krankheitsvorbeugung:<\/strong> Sch\u00fctzt Pflanzen vor Pilz- und Bakterieninfektionen, einschlie\u00dflich Falschem Mehltau, Phytophthora spp. und Wurzelf\u00e4ule.<\/span><\/li>\n<li><span style=\"font-size: 18px;\"><strong>Effizienter N\u00e4hrstofftransport:<\/strong> Magnesiumphosphonat unterst\u00fctzt den einfachen N\u00e4hrstofftransfer von den Wurzeln zu den Bl\u00e4ttern und gew\u00e4hrleistet eine umfassende Versorgung der Pflanzen.<\/span><\/li>\n<li><span style=\"font-size: 18px;\"><strong>Unterst\u00fctzt die moderne Landwirtschaft:<\/strong> Geeignet f\u00fcr die Integration in moderne landwirtschaftliche Programme, die sich auf den boden- und erdlosen Anbau konzentrieren.<\/span><\/li>\n<li><span style=\"font-size: 18px;\"><strong>Reicher Magnesiumgehalt:<\/strong> Magnesium f\u00f6rdert die Chlorophyllproduktion, aktiviert Enzyme und unterst\u00fctzt die Energiesynthese, die f\u00fcr ein kr\u00e4ftiges Pflanzenwachstum unerl\u00e4sslich ist.<\/span><\/li>\n<\/ul>\n<h3>Die Rolle von Magnesium in Pflanzen<\/h3>\n<ul>\n<li><span style=\"font-size: 18px;\"><strong>Chlorophyll-Produktion:<\/strong> Magnesium ist entscheidend f\u00fcr die Bildung von Chlorophyllpartikeln.<\/span><\/li>\n<li><span style=\"font-size: 18px;\"><strong>Enzymaktivierung:<\/strong> Unterst\u00fctzt mehrere Enzyme, die f\u00fcr die Entwicklung der Pflanzen wichtig sind.<\/span><\/li>\n<li><span style=\"font-size: 18px;\"><strong>Energieproduktion (ATP):<\/strong> Entscheidend f\u00fcr die Energiesynthese, die das Wachstum und die Produktivit\u00e4t ankurbelt.<\/span><\/li>\n<li><span style=\"font-size: 18px;\"><strong>Proteinsynthese:<\/strong> Hilft bei der Bildung von Proteinen in Pflanzengeweben.<\/span><\/li>\n<li><span style=\"font-size: 18px;\"><strong>WachstumsregulatorInitiierung:<\/strong> Spielt eine Schl\u00fcsselrolle bei der Produktion von Pflanzenwachstumsregulatoren.<\/span><\/li>\n<\/ul>\n<h3>Ideale Anwendung von MAGPHOS<\/h3>\n<p><span style=\"font-size: 18px;\"><strong>Anwendung \u00fcber das Blatt:<\/strong> F\u00fcr eine effiziente N\u00e4hrstoffaufnahme direkt auf die Bl\u00e4tter auftragen.<\/span><br \/>\n<span style=\"font-size: 18px;\"><strong>Anwendung am Boden:<\/strong> Verwendung mit Bew\u00e4sserung zur direkten Aufnahme durch die Wurzeln und zur Unterst\u00fctzung einer umfassenden Pflanzengesundheit.<\/span><\/p>\n<p><span style=\"font-size: 18px;\"><strong>Geeignet f\u00fcr:<\/strong><\/span><\/p>\n<ul>\n<li><span style=\"font-size: 18px;\">Gew\u00e4chshausgem\u00fcse<\/span><\/li>\n<li>Offene Feldfr\u00fcchte<\/li>\n<li>Obstb\u00e4ume<\/li>\n<li>Feldfr\u00fcchte<\/li>\n<li><span style=\"font-size: 18px;\">Zierpflanzen<\/span><\/li>\n<\/ul>\n<h3>Anwendungsrate<\/h3>\n<ul>\n<li data-start=\"149\" data-end=\"293\">\n<h4 data-start=\"151\" data-end=\"166\"><strong data-start=\"151\" data-end=\"164\">Tomaten<\/strong><\/h4>\n<ul data-start=\"169\" data-end=\"293\">\n<li data-start=\"169\" data-end=\"201\">\n<p data-start=\"171\" data-end=\"201\">Ausbringung im Boden: 10-15 l\/ha<\/p>\n<\/li>\n<li data-start=\"204\" data-end=\"244\">\n<p data-start=\"206\" data-end=\"244\">Blattspray: 350 mL pro 200 L Wasser<\/p>\n<\/li>\n<li data-start=\"247\" data-end=\"293\">\n<p data-start=\"249\" data-end=\"293\">H\u00e4ufigkeit: 2-4 Mal w\u00e4hrend des Wachstumszyklus<\/p>\n<\/li>\n<\/ul>\n<\/li>\n<li data-start=\"295\" data-end=\"448\">\n<h4 data-start=\"297\" data-end=\"312\"><strong data-start=\"297\" data-end=\"310\">Kartoffeln<\/strong><\/h4>\n<ul data-start=\"315\" data-end=\"448\">\n<li data-start=\"315\" data-end=\"347\">\n<p data-start=\"317\" data-end=\"347\">Ausbringung im Boden: 10-15 l\/ha<\/p>\n<\/li>\n<li data-start=\"350\" data-end=\"390\">\n<p data-start=\"352\" data-end=\"390\">Blattspray: 350 mL pro 200 L Wasser<\/p>\n<\/li>\n<li data-start=\"393\" data-end=\"448\">\n<p data-start=\"395\" data-end=\"448\">Zeitplan: Vom Beginn der Knollenbildung bis zum Anschwellen (1-2 mal)<\/p>\n<\/li>\n<\/ul>\n<\/li>\n<li data-start=\"450\" data-end=\"594\">\n<h4 data-start=\"452\" data-end=\"465\"><strong data-start=\"452\" data-end=\"463\">Weintrauben<\/strong><\/h4>\n<ul data-start=\"468\" data-end=\"594\">\n<li data-start=\"468\" data-end=\"500\">\n<p data-start=\"470\" data-end=\"500\">Ausbringung im Boden: 10-12 l\/ha<\/p>\n<\/li>\n<li data-start=\"503\" data-end=\"543\">\n<p data-start=\"505\" data-end=\"543\">Blattspray: 350 mL pro 200 L Wasser<\/p>\n<\/li>\n<li data-start=\"546\" data-end=\"594\">\n<p data-start=\"548\" data-end=\"594\">Zeitplan: Vom Fruchtansatz bis zur F\u00e4rbung (3-5 mal)<\/p>\n<\/li>\n<\/ul>\n<\/li>\n<li data-start=\"596\" data-end=\"749\">\n<h4 data-start=\"598\" data-end=\"617\"><strong data-start=\"598\" data-end=\"615\">Erdbeeren<\/strong><\/h4>\n<ul data-start=\"620\" data-end=\"749\">\n<li data-start=\"620\" data-end=\"651\">\n<p data-start=\"622\" data-end=\"651\">Ausbringung im Boden: 5-10 l\/ha<\/p>\n<\/li>\n<li data-start=\"654\" data-end=\"694\">\n<p data-start=\"656\" data-end=\"694\">Blattspray: 350 mL pro 200 L Wasser<\/p>\n<\/li>\n<li data-start=\"697\" data-end=\"749\">\n<p data-start=\"699\" data-end=\"749\">Zeitplan: Ab der Bl\u00fcte alle 10 Tage (5-10 mal)<\/p>\n<\/li>\n<\/ul>\n<\/li>\n<li data-start=\"751\" data-end=\"900\">\n<h4 data-start=\"753\" data-end=\"766\"><strong data-start=\"753\" data-end=\"764\">\u00c4pfel<\/strong><\/h4>\n<ul data-start=\"769\" data-end=\"900\">\n<li data-start=\"769\" data-end=\"801\">\n<p data-start=\"771\" data-end=\"801\">Ausbringung im Boden: 10-20 l\/ha<\/p>\n<\/li>\n<li data-start=\"804\" data-end=\"844\">\n<p data-start=\"806\" data-end=\"844\">Blattspray: 350 mL pro 200 L Wasser<\/p>\n<\/li>\n<li data-start=\"847\" data-end=\"900\">\n<p data-start=\"849\" data-end=\"900\">Zeitplan: Nach dem Bl\u00fctenblattfall bis zur F\u00e4rbung (3-5 mal)<\/p>\n<\/li>\n<\/ul>\n<\/li>\n<li data-start=\"902\" data-end=\"1049\">\n<h4 data-start=\"904\" data-end=\"917\"><strong data-start=\"904\" data-end=\"915\">Zitrusfr\u00fcchte<\/strong><\/h4>\n<ul data-start=\"920\" data-end=\"1049\">\n<li data-start=\"920\" data-end=\"951\">\n<p data-start=\"922\" data-end=\"951\">Ausbringung im Boden: 5-10 l\/ha<\/p>\n<\/li>\n<li data-start=\"954\" data-end=\"994\">\n<p data-start=\"956\" data-end=\"994\">Blattspray: 350 mL pro 200 L Wasser<\/p>\n<\/li>\n<li data-start=\"997\" data-end=\"1049\">\n<p data-start=\"999\" data-end=\"1049\">Zeitplan: Nach dem Fruchtansatz, alle 10 Tage (1-2 Mal)<\/p>\n<\/li>\n<\/ul>\n<\/li>\n<li data-start=\"1051\" data-end=\"1183\">\n<h4 data-start=\"1053\" data-end=\"1065\"><strong data-start=\"1053\" data-end=\"1063\">Pfirsich<\/strong><\/h4>\n<ul data-start=\"1068\" data-end=\"1183\">\n<li data-start=\"1068\" data-end=\"1099\">\n<p data-start=\"1070\" data-end=\"1099\">Ausbringung im Boden: 5-10 l\/ha<\/p>\n<\/li>\n<li data-start=\"1102\" data-end=\"1142\">\n<p data-start=\"1104\" data-end=\"1142\">Blattspray: 350 mL pro 200 L Wasser<\/p>\n<\/li>\n<li data-start=\"1145\" data-end=\"1183\">\n<p data-start=\"1147\" data-end=\"1183\">Zeitplan: Nach dem Bl\u00fctenblattfall (1-2 Mal)<\/p>\n<\/li>\n<\/ul>\n<\/li>\n<li data-start=\"1185\" data-end=\"1332\">\n<h4 data-start=\"1187\" data-end=\"1203\"><strong data-start=\"1187\" data-end=\"1201\">K\u00fcrbisgew\u00e4chse<\/strong><\/h4>\n<ul data-start=\"1206\" data-end=\"1332\">\n<li data-start=\"1206\" data-end=\"1237\">\n<p data-start=\"1208\" data-end=\"1237\">Ausbringung im Boden: 5-10 l\/ha<\/p>\n<\/li>\n<li data-start=\"1240\" data-end=\"1280\">\n<p data-start=\"1242\" data-end=\"1280\">Blattspray: 350 mL pro 200 L Wasser<\/p>\n<\/li>\n<li data-start=\"1283\" data-end=\"1332\">\n<p data-start=\"1285\" data-end=\"1332\">Zeitplan: W\u00e4hrend des Wachstums und der Fruchtbildung (5-10 Mal)<\/p>\n<\/li>\n<\/ul>\n<\/li>\n<li data-start=\"1334\" data-end=\"1478\">\n<h4 data-start=\"1336\" data-end=\"1350\"><strong data-start=\"1336\" data-end=\"1348\">Bananen<\/strong><\/h4>\n<ul data-start=\"1353\" data-end=\"1478\">\n<li data-start=\"1353\" data-end=\"1390\">\n<p data-start=\"1355\" data-end=\"1390\">Nur Bodenausbringung: 10-15 l\/ha<\/p>\n<\/li>\n<li data-start=\"1393\" data-end=\"1478\">\n<p data-start=\"1395\" data-end=\"1478\">Zeitpunkt: 2 Anwendungen vor dem Erscheinen der Kelchbl\u00e4tter und 2 nach dem Fruchtansatz (insgesamt 4-mal)<\/p>\n<\/li>\n<\/ul>\n<\/li>\n<li data-start=\"1480\" data-end=\"1624\">\n<h4 data-start=\"1482\" data-end=\"1496\"><strong data-start=\"1482\" data-end=\"1494\">Paprika<\/strong><\/h4>\n<ul data-start=\"1499\" data-end=\"1624\">\n<li data-start=\"1499\" data-end=\"1530\">\n<p data-start=\"1501\" data-end=\"1530\">Ausbringung im Boden: 5-10 l\/ha<\/p>\n<\/li>\n<li data-start=\"1533\" data-end=\"1573\">\n<p data-start=\"1535\" data-end=\"1573\">Blattspray: 250 mL pro 200 L Wasser<\/p>\n<\/li>\n<li data-start=\"1576\" data-end=\"1624\">\n<p data-start=\"1578\" data-end=\"1624\">Zeitplan: W\u00e4hrend des Wachstums und der Fruchtbildung (3-5 mal)<\/p>\n<\/li>\n<\/ul>\n<\/li>\n<li data-start=\"1626\" data-end=\"1764\">\n<h4 data-start=\"1628\" data-end=\"1646\"><strong data-start=\"1628\" data-end=\"1644\">Zierpflanzen<\/strong><\/h4>\n<ul data-start=\"1649\" data-end=\"1764\">\n<li data-start=\"1649\" data-end=\"1680\">\n<p data-start=\"1651\" data-end=\"1680\">Ausbringung im Boden: 5-10 l\/ha<\/p>\n<\/li>\n<li data-start=\"1683\" data-end=\"1723\">\n<p data-start=\"1685\" data-end=\"1723\">Blattspray: 250 mL pro 200 L Wasser<\/p>\n<\/li>\n<li data-start=\"1726\" data-end=\"1764\">\n<p data-start=\"1728\" data-end=\"1764\">Zeitplan: Vor der Bl\u00fcte (5-6 mal)<\/p>\n<\/li>\n<\/ul>\n<\/li>\n<\/ul>\n<h3 class=\"translation-block\"><span style=\"font-size: 18px\">Chemische Zusammensetzung<\/span><\/h3>\n<ul>\n<li><span style=\"font-size: 18px;\"><strong>Phosphor (P2O5 40%)<\/strong><\/span><\/li>\n<li><span style=\"font-size: 18px;\"><strong>Kalium (K2O 9%)<\/strong><\/span><\/li>\n<li><span style=\"font-size: 18px;\"><strong>Magnesium (MgO 9%)<\/strong><\/span><\/li>\n<\/ul>\n<h3>Verpackung<\/h3>\n<ul>\n<li><span style=\"font-size: 18px;\"><strong>1-Liter-Flasche.<\/strong><\/span><\/li>\n<\/ul>\n<p><img loading=\"lazy\" decoding=\"async\" class=\"alignnone size-medium wp-image-18657\" src=\"https:\/\/alqawafel.com\/wp-content\/uploads\/2024\/11\/MAGPHOS-300x300.webp\" alt=\"MAGPHOS liefert essentiellen Phosphor, Kalium und Magnesium zur Unterst\u00fctzung der Pflanzengesundheit, zum Schutz vor Pilzkrankheiten und zur F\u00f6rderung der Chlorophyllproduktion.\" width=\"300\" height=\"300\" \/><\/p>","protected":false},"excerpt":{"rendered":"<p><span style=\"font-size: 18px;\">MAGPHOS liefert essentiellen Phosphor, Kalium und Magnesium zur Unterst\u00fctzung der Pflanzengesundheit, zum Schutz vor Pilzkrankheiten und zur F\u00f6rderung der Chlorophyllproduktion.<\/span><\/p>","protected":false},"featured_media":0,"comment_status":"open","ping_status":"closed","template":"","meta":{"om_disable_all_campaigns":false,"_monsterinsights_skip_tracking":false,"_monsterinsights_sitenote_active":false,"_monsterinsights_sitenote_note":"","_monsterinsights_sitenote_category":0},"product_brand":[],"product_cat":[50,2137],"product_tag":[866,946,1000,463,1013,1567,1027],"class_list":{"0":"post-10126","1":"product","2":"type-product","3":"status-publish","5":"product_cat-fertilizers","6":"product_cat-smart-fertilizers","7":"product_tag-al-qawafel-ind-agr-co","8":"product_tag-chlorophyll-production","9":"product_tag-disease-resistance","10":"product_tag-fertilizer","11":"product_tag-fungal-protection","12":"product_tag-magphos","13":"product_tag-phosphorus-magnesium-blend","15":"first","16":"instock","17":"shipping-taxable","18":"product-type-simple"},"aioseo_notices":[],"_links":{"self":[{"href":"https:\/\/alqawafel.com\/de\/wp-json\/wp\/v2\/product\/10126","targetHints":{"allow":["GET"]}}],"collection":[{"href":"https:\/\/alqawafel.com\/de\/wp-json\/wp\/v2\/product"}],"about":[{"href":"https:\/\/alqawafel.com\/de\/wp-json\/wp\/v2\/types\/product"}],"replies":[{"embeddable":true,"href":"https:\/\/alqawafel.com\/de\/wp-json\/wp\/v2\/comments?post=10126"}],"version-history":[{"count":11,"href":"https:\/\/alqawafel.com\/de\/wp-json\/wp\/v2\/product\/10126\/revisions"}],"predecessor-version":[{"id":19514,"href":"https:\/\/alqawafel.com\/de\/wp-json\/wp\/v2\/product\/10126\/revisions\/19514"}],"wp:attachment":[{"href":"https:\/\/alqawafel.com\/de\/wp-json\/wp\/v2\/media?parent=10126"}],"wp:term":[{"taxonomy":"product_brand","embeddable":true,"href":"https:\/\/alqawafel.com\/de\/wp-json\/wp\/v2\/product_brand?post=10126"},{"taxonomy":"product_cat","embeddable":true,"href":"https:\/\/alqawafel.com\/de\/wp-json\/wp\/v2\/product_cat?post=10126"},{"taxonomy":"product_tag","embeddable":true,"href":"https:\/\/alqawafel.com\/de\/wp-json\/wp\/v2\/product_tag?post=10126"}],"curies":[{"name":"wp","href":"https:\/\/api.w.org\/{rel}","templated":true}]}}