{"id":10130,"date":"2024-11-14T09:08:03","date_gmt":"2024-11-14T09:08:03","guid":{"rendered":"https:\/\/alqawafel.com\/?post_type=product&#038;p=10130"},"modified":"2025-08-09T10:25:26","modified_gmt":"2025-08-09T10:25:26","slug":"max-plus-25-25-25","status":"publish","type":"product","link":"https:\/\/alqawafel.com\/de\/product\/max-plus-25-25-25\/","title":{"rendered":"Max Plus 25-25-25 D\u00fcngemittel"},"content":{"rendered":"<h4>Warum w\u00e4hlen <strong>Max Plus 25-25-25<\/strong>?<\/h4>\n<p class=\"translation-block\"><span style=\"font-size: 14pt\"><strong data-start=\"0\" data-end=\"21\" data-is-only-node=\"\">Max Plus 25-25-25<\/strong> ist ein hochwirksamer nat\u00fcrlicher D\u00fcnger, der aus <em data-start=\"77\" data-end=\"98\">Ascophyllum nodosum<\/em> Algen gewonnen wird, die f\u00fcr ihren reichen Gehalt an Makro- und Mikron\u00e4hrstoffen, nat\u00fcrlichen Wachstumsregulatoren, Vitaminen und Aminos\u00e4uren bekannt sind.<\/span><br data-start=\"221\" data-end=\"224\"><span style=\"font-size: 14pt\">Diese organische Verbindung unterst\u00fctzt die Pflanzengesundheit, indem sie den Bedarf an Bew\u00e4sserung, D\u00fcngung und Pestiziden verringert und gleichzeitig die Widerstandsf\u00e4higkeit der Pflanzen gegen\u00fcber Umweltbelastungen wie Hitze, K\u00e4lte und Trockenheit erh\u00f6ht.<\/span><br data-start=\"427\" data-end=\"430\"><span style=\"font-size: 14pt\">Max Plus 25-25-25 verbessert die Qualit\u00e4t und Nat\u00fcrlichkeit der Pflanzen und ist damit die ideale Wahl f\u00fcr die \u00f6kologische und nachhaltige Landwirtschaft.<\/span><\/p>\n<h3>Die wichtigsten Vorteile von Max Plus 25-25-25<\/h3>\n<ul>\n<li><span style=\"font-size: 18px;\"><strong>Reichhaltige N\u00e4hrstoffmischung:<\/strong> Enth\u00e4lt wichtige Makro-, Mikro- und Nebenn\u00e4hrstoffe, nat\u00fcrliche Wachstumsregulatoren und organische S\u00e4uren f\u00fcr eine ausgewogene Pflanzenern\u00e4hrung.<\/span><\/li>\n<li><span style=\"font-size: 18px;\"><strong>St\u00e4rkt die Widerstandsf\u00e4higkeit der Pflanzen:<\/strong> Erh\u00f6ht die Widerstandsf\u00e4higkeit gegen Hitze, K\u00e4lte und Trockenheit und sch\u00fctzt die Pflanzen vor Umweltstress.<\/span><\/li>\n<li><span style=\"font-size: 18px;\"><strong>Aktiviert Wurzeln und Bl\u00e4tter:<\/strong> Stimuliert das Wachstum von Wurzeln und Bl\u00e4ttern gleichzeitig aufgrund seiner Zusammensetzung aus nat\u00fcrlichen Pflanzenelementen.<\/span><\/li>\n<li><span style=\"font-size: 18px;\"><strong>Verbessert den Geschmack und die Qualit\u00e4t:<\/strong> Erzeugt Pflanzen mit nat\u00fcrlichem Geschmack, frei von unnat\u00fcrlichen Zusatzstoffen.<\/span><\/li>\n<li><span style=\"font-size: 18px;\"><strong>Unterst\u00fctzt den \u00f6kologischen Landbau:<\/strong> Es ist frei von Giftstoffen und sch\u00e4dlichen R\u00fcckst\u00e4nden und entspricht somit den Standards des \u00f6kologischen Landbaus und ist umweltfreundlich.<\/span><\/li>\n<li><span style=\"font-size: 18px;\"><strong>Verbessert die Effizienz von D\u00fcngemitteln und Pestiziden:<\/strong> Verst\u00e4rkt die Wirksamkeit von D\u00fcngemitteln und Pestiziden und erm\u00f6glicht eine sichere Mischung mit anderen Behandlungen.<\/span><\/li>\n<\/ul>\n<h3>Ideale Anwendung<\/h3>\n<p><span style=\"font-size: 18px;\"><strong>Anwendung vor Ort:<\/strong> F\u00fcr die Wurzelaufnahme, um die N\u00e4hrstoffaufnahme aus dem Boden zu verbessern.<\/span><br \/>\n<span style=\"font-size: 18px;\"><strong>Anwendung \u00fcber das Blatt:<\/strong> Direkt auf die Bl\u00e4tter spr\u00fchen f\u00fcr eine schnelle Absorption und Wachstumsf\u00f6rderung.<\/span><\/p>\n<p><span style=\"font-size: 18px;\"><strong>Geeignet f\u00fcr:<\/strong><\/span><\/p>\n<ul>\n<li><span style=\"font-size: 18px;\"><strong>Freiland- und Gew\u00e4chshausgem\u00fcse<\/strong><\/span><\/li>\n<li><span style=\"font-size: 18px;\"><strong>Obstb\u00e4ume<\/strong><\/span><\/li>\n<li><span style=\"font-size: 18px;\"><strong>Feldfr\u00fcchte<\/strong><\/span><\/li>\n<li><span style=\"font-size: 18px;\"><strong>Zierpflanzen<\/strong><\/span><\/li>\n<\/ul>\n<h3 data-start=\"201\" data-end=\"226\">Anwendungsraten<\/h3>\n<ul data-start=\"227\" data-end=\"345\">\n<li data-start=\"227\" data-end=\"289\">\n<p data-start=\"229\" data-end=\"289\"><span style=\"font-size: 14pt;\"><strong data-start=\"229\" data-end=\"252\">Anwendung \u00fcber das Blatt:<\/strong> 200 - 500 ml pro 200 Liter Wasser<\/span><\/p>\n<\/li>\n<li data-start=\"290\" data-end=\"345\">\n<p data-start=\"292\" data-end=\"345\"><span style=\"font-size: 14pt;\"><strong data-start=\"292\" data-end=\"315\">Anwendung am Boden:<\/strong> 1,5 - 2 ml pro Liter Wasser<\/span><\/p>\n<\/li>\n<\/ul>\n<h3>Zusammensetzung<\/h3>\n<ul>\n<li><span style=\"font-size: 18px;\"><strong>Extrakt aus Meeresalgen (Ascophyllum Nodosum):<\/strong> Reich an Makro- und Mikron\u00e4hrstoffen sowie Spurenelementen<\/span><\/li>\n<li><span style=\"font-size: 18px;\"><strong>Nat\u00fcrliche Wachstumsregulatoren:<\/strong> Auxine, Aminos\u00e4uren, Enzyme, Vitamine und organische S\u00e4uren<\/span><\/li>\n<li><strong><span style=\"font-size: 14pt;\">Stickstoff <\/span><\/strong><span style=\"font-size: 14pt;\">(N 25%)<\/span><strong><span style=\"font-size: 14pt;\">Phosphor <\/span><\/strong><span style=\"font-size: 14pt;\">(P2O5 25%)<\/span><strong><span style=\"font-size: 14pt;\">Kalium <\/span><\/strong><span style=\"font-size: 14pt;\">(K 25%)<\/span><\/li>\n<\/ul>\n<h3>Verpackung<\/h3>\n<ul>\n<li><span style=\"font-size: 18px;\"><strong>1-Liter-Flasche<\/strong><\/span><\/li>\n<\/ul>\n<p><img loading=\"lazy\" decoding=\"async\" class=\"alignnone size-medium wp-image-17104\" src=\"https:\/\/alqawafel.com\/wp-content\/uploads\/2024\/11\/Max-Plus-LOGO-300x300.webp\" alt=\"Max Plus 25-25-25\" width=\"300\" height=\"300\" srcset=\"https:\/\/alqawafel.com\/wp-content\/uploads\/2024\/11\/Max-Plus-LOGO-300x300.webp 300w, https:\/\/alqawafel.com\/wp-content\/uploads\/2024\/11\/Max-Plus-LOGO-150x150.webp 150w, https:\/\/alqawafel.com\/wp-content\/uploads\/2024\/11\/Max-Plus-LOGO-768x768.webp 768w, https:\/\/alqawafel.com\/wp-content\/uploads\/2024\/11\/Max-Plus-LOGO.webp 1000w\" sizes=\"auto, (max-width: 300px) 100vw, 300px\" \/><\/p>","protected":false},"excerpt":{"rendered":"<p><span style=\"font-size: 18px;\">Max Plus 25-25-25 ist ein ausgewogener Blattd\u00fcnger mit Stickstoff, Phosphor und Kalium, der das Pflanzenwachstum, die Bl\u00fcte und die Fruchtqualit\u00e4t f\u00f6rdert.<\/span><\/p>","protected":false},"featured_media":17104,"comment_status":"open","ping_status":"closed","template":"","meta":{"om_disable_all_campaigns":false,"_monsterinsights_skip_tracking":false,"_monsterinsights_sitenote_active":false,"_monsterinsights_sitenote_note":"","_monsterinsights_sitenote_category":0},"product_brand":[],"product_cat":[50,2137],"product_tag":[866,894,463,1032,1031,1033,863],"class_list":{"0":"post-10130","1":"product","2":"type-product","3":"status-publish","4":"has-post-thumbnail","6":"product_cat-fertilizers","7":"product_cat-smart-fertilizers","8":"product_tag-al-qawafel-ind-agr-co","9":"product_tag-balanced-npk","10":"product_tag-fertilizer","11":"product_tag-growth-enhancement","12":"product_tag-max-plus-25-25-25","13":"product_tag-root-foliage-support","14":"product_tag-water-soluble","16":"first","17":"instock","18":"shipping-taxable","19":"product-type-simple"},"aioseo_notices":[],"_links":{"self":[{"href":"https:\/\/alqawafel.com\/de\/wp-json\/wp\/v2\/product\/10130","targetHints":{"allow":["GET"]}}],"collection":[{"href":"https:\/\/alqawafel.com\/de\/wp-json\/wp\/v2\/product"}],"about":[{"href":"https:\/\/alqawafel.com\/de\/wp-json\/wp\/v2\/types\/product"}],"replies":[{"embeddable":true,"href":"https:\/\/alqawafel.com\/de\/wp-json\/wp\/v2\/comments?post=10130"}],"version-history":[{"count":9,"href":"https:\/\/alqawafel.com\/de\/wp-json\/wp\/v2\/product\/10130\/revisions"}],"predecessor-version":[{"id":19503,"href":"https:\/\/alqawafel.com\/de\/wp-json\/wp\/v2\/product\/10130\/revisions\/19503"}],"wp:featuredmedia":[{"embeddable":true,"href":"https:\/\/alqawafel.com\/de\/wp-json\/wp\/v2\/media\/17104"}],"wp:attachment":[{"href":"https:\/\/alqawafel.com\/de\/wp-json\/wp\/v2\/media?parent=10130"}],"wp:term":[{"taxonomy":"product_brand","embeddable":true,"href":"https:\/\/alqawafel.com\/de\/wp-json\/wp\/v2\/product_brand?post=10130"},{"taxonomy":"product_cat","embeddable":true,"href":"https:\/\/alqawafel.com\/de\/wp-json\/wp\/v2\/product_cat?post=10130"},{"taxonomy":"product_tag","embeddable":true,"href":"https:\/\/alqawafel.com\/de\/wp-json\/wp\/v2\/product_tag?post=10130"}],"curies":[{"name":"wp","href":"https:\/\/api.w.org\/{rel}","templated":true}]}}