{"id":10138,"date":"2024-11-14T09:40:57","date_gmt":"2024-11-14T09:40:57","guid":{"rendered":"https:\/\/alqawafel.com\/?post_type=product&#038;p=10138"},"modified":"2025-08-10T09:28:35","modified_gmt":"2025-08-10T09:28:35","slug":"nebranat","status":"publish","type":"product","link":"https:\/\/alqawafel.com\/de\/product\/nebranate\/","title":{"rendered":"NEBRANATE D\u00fcngemittel"},"content":{"rendered":"<h3>Warum NEBRANATE w\u00e4hlen?<\/h3>\n<p><span style=\"font-size: 18px;\">NEBRANATE ist ein speziell formulierter Schutzanstrich, der Baumst\u00e4mme vor Sch\u00e4dlingen, extremen Wetterbedingungen und sch\u00e4dlichen UV-Strahlen sch\u00fctzt. Angereichert mit Mineralsalzen, Zink, Kupfer und organischen Stoffen, haftet es effektiv an den Baumst\u00e4mmen und bildet eine dauerhafte Barriere. Diese Isolierschicht sch\u00fctzt nicht nur vor Sch\u00e4dlingen, sondern vermindert auch Sch\u00e4den durch Sonneneinstrahlung und Frost und ist damit ideal f\u00fcr den ganzj\u00e4hrigen Schutz.<\/span><\/p>\n<h3>Die wichtigsten Vorteile der NEBRANATE-Schutzbeschichtung<\/h3>\n<ul>\n<li><span style=\"font-size: 18px;\"><strong>Schutz vor Sch\u00e4dlingen:<\/strong> Bildet eine Schutzbarriere, die Sch\u00e4dlinge abh\u00e4lt und die Baumst\u00e4mme vor Befall sch\u00fctzt.<\/span><\/li>\n<li><span style=\"font-size: 18px;\"><strong>Wetterbest\u00e4ndigkeit:<\/strong> Isoliert Baumst\u00e4mme und bietet Schutz vor intensiver Sonneneinstrahlung und Frost.<\/span><\/li>\n<li><span style=\"font-size: 18px;\"><strong>Verbesserte Langlebigkeit:<\/strong> Enth\u00e4lt Mineralsalze und Stabilisatoren, die die Haftung verbessern und einen lang anhaltenden Schutz gew\u00e4hrleisten.<\/span><\/li>\n<li><span style=\"font-size: 18px;\"><strong>Vielseitige Anwendung:<\/strong> Geeignet f\u00fcr eine breite Palette von Baumarten und bietet universellen Schutz in verschiedenen Umgebungen.<\/span><\/li>\n<\/ul>\n<h3 class=\"translation-block\"><span style=\"font-size: 18px\">Chemische Zusammensetzung<\/span><\/h3>\n<ul>\n<li><span style=\"font-size: 18px;\"><strong>Mineralsalze 30%<\/strong><\/span><\/li>\n<li><span style=\"font-size: 18px;\"><strong>Tr\u00e4germaterialien 59%<\/strong><\/span><\/li>\n<li><span style=\"font-size: 18px;\"><strong>Zink und Kupfer 10%<\/strong><\/span><\/li>\n<li><span style=\"font-size: 18px;\"><strong>Organische Materie 1%<\/strong><\/span><\/li>\n<\/ul>\n<h3><strong data-start=\"45\" data-end=\"65\">Anwendungsrate<\/strong><\/h3>\n<p><span style=\"font-size: 14pt;\">Die Dosierung betr\u00e4gt 2-4 kg pro 20 Liter Wasser.<\/span><br data-start=\"608\" data-end=\"611\" \/><span style=\"font-size: 14pt;\">Die Baumst\u00e4mme sollten mit der vorbereiteten L\u00f6sung gestrichen werden.<\/span><\/p>\n<h3>Verpackung<\/h3>\n<ul>\n<li><span style=\"font-size: 18px;\"><strong>2 kg<\/strong><\/span><\/li>\n<\/ul>\n<p><img loading=\"lazy\" decoding=\"async\" class=\"alignnone size-medium wp-image-17129\" src=\"https:\/\/alqawafel.com\/wp-content\/uploads\/2024\/11\/\u0639\u0644\u0628\u0629-\u062e\u0644\u064a\u0637-\u0646\u0628\u0631\u0627\u0646\u064a\u062a-01-LOGO-300x300.webp\" alt=\"NEBRANAT\" width=\"300\" height=\"300\" srcset=\"\" sizes=\"auto, (max-width: 300px) 100vw, 300px\" data-srcset=\"\" \/><\/p>","protected":false},"excerpt":{"rendered":"<p><span style=\"font-size: 14pt;\"><strong data-start=\"51\" data-end=\"64\">NEBRANAT<\/strong> ist ein Schutzanstrich, der die Baumst\u00e4mme vor Sch\u00e4dlingen, extremen Wetterbedingungen und UV-Strahlen sch\u00fctzt. Ideal f\u00fcr verschiedene Baumarten.<\/span><\/p>","protected":false},"featured_media":17129,"comment_status":"open","ping_status":"closed","template":"","meta":{"om_disable_all_campaigns":false,"_monsterinsights_skip_tracking":false,"_monsterinsights_sitenote_active":false,"_monsterinsights_sitenote_note":"","_monsterinsights_sitenote_category":0},"product_brand":[],"product_cat":[50,2136],"product_tag":[866,463,1040,1042,1041,1044,1043],"class_list":{"0":"post-10138","1":"product","2":"type-product","3":"status-publish","4":"has-post-thumbnail","6":"product_cat-fertilizers","7":"product_cat-specialty-fertilizers","8":"product_tag-al-qawafel-ind-agr-co","9":"product_tag-fertilizer","10":"product_tag-nebranate","11":"product_tag-pest-barrier","12":"product_tag-protective-coating","13":"product_tag-sun-frost-defense","14":"product_tag-tree-trunk-protection","16":"first","17":"instock","18":"shipping-taxable","19":"product-type-simple"},"aioseo_notices":[],"_links":{"self":[{"href":"https:\/\/alqawafel.com\/de\/wp-json\/wp\/v2\/product\/10138","targetHints":{"allow":["GET"]}}],"collection":[{"href":"https:\/\/alqawafel.com\/de\/wp-json\/wp\/v2\/product"}],"about":[{"href":"https:\/\/alqawafel.com\/de\/wp-json\/wp\/v2\/types\/product"}],"replies":[{"embeddable":true,"href":"https:\/\/alqawafel.com\/de\/wp-json\/wp\/v2\/comments?post=10138"}],"version-history":[{"count":7,"href":"https:\/\/alqawafel.com\/de\/wp-json\/wp\/v2\/product\/10138\/revisions"}],"predecessor-version":[{"id":19517,"href":"https:\/\/alqawafel.com\/de\/wp-json\/wp\/v2\/product\/10138\/revisions\/19517"}],"wp:featuredmedia":[{"embeddable":true,"href":"https:\/\/alqawafel.com\/de\/wp-json\/wp\/v2\/media\/17129"}],"wp:attachment":[{"href":"https:\/\/alqawafel.com\/de\/wp-json\/wp\/v2\/media?parent=10138"}],"wp:term":[{"taxonomy":"product_brand","embeddable":true,"href":"https:\/\/alqawafel.com\/de\/wp-json\/wp\/v2\/product_brand?post=10138"},{"taxonomy":"product_cat","embeddable":true,"href":"https:\/\/alqawafel.com\/de\/wp-json\/wp\/v2\/product_cat?post=10138"},{"taxonomy":"product_tag","embeddable":true,"href":"https:\/\/alqawafel.com\/de\/wp-json\/wp\/v2\/product_tag?post=10138"}],"curies":[{"name":"wp","href":"https:\/\/api.w.org\/{rel}","templated":true}]}}