{"id":10140,"date":"2024-11-14T09:46:37","date_gmt":"2024-11-14T09:46:37","guid":{"rendered":"https:\/\/alqawafel.com\/?post_type=product&#038;p=10140"},"modified":"2025-07-07T10:10:39","modified_gmt":"2025-07-07T10:10:39","slug":"nebrasal","status":"publish","type":"product","link":"https:\/\/alqawafel.com\/de\/product\/nebrasal\/","title":{"rendered":"Nebrasal-D\u00fcnger"},"content":{"rendered":"<h3>\u00a0Warum Nebrasal w\u00e4hlen?<\/h3>\n<p><span style=\"font-size: 18px;\">Nebrasal ist eine hochwertige L\u00f6sung f\u00fcr Probleme mit dem Salzgehalt in Boden und Wasser. Es wirkt den negativen Auswirkungen eines hohen Salz- und Alkalit\u00e4tsgehalts wirksam entgegen. Mit organischem Kalzium und chelatierten organischen S\u00e4uren reduziert Nebrasal die Natrium- und Bikarbonatkonzentration. Es st\u00e4rkt die Bodenstruktur und verbessert die Gesundheit der Wurzeln. Dieser Salzkorrektor f\u00f6rdert auch die N\u00e4hrstoffaufnahme und aktiviert n\u00fctzliche Bodenmikroorganismen. Nebrasal schafft ideale Bedingungen f\u00fcr das Pflanzenwachstum, selbst in Umgebungen mit hohem Salzgehalt.<\/span><\/p>\n<h3>Wichtigste Vorteile<\/h3>\n<ul>\n<li><span style=\"font-size: 18px;\"><strong>Reduziert den Salz- und Alkaligehalt:<\/strong> Organisches Kalzium ersetzt Natriumionen, verringert den sch\u00e4dlichen Salzgehalt und stellt das N\u00e4hrstoffgleichgewicht in der Wurzelzone wieder her.<\/span><\/li>\n<li><span style=\"font-size: 18px;\"><strong>Verbessert die Durchl\u00fcftung und Durchdringung des Bodens:<\/strong> Verbessert die Bodenstruktur und erm\u00f6glicht eine bessere Luftzirkulation und Wasserdurchdringung, was die Gesundheit und das Wachstum der Wurzeln f\u00f6rdert.<\/span><\/li>\n<li><span style=\"font-size: 18px;\"><strong>Verhindert N\u00e4hrstoffdefizite:<\/strong> Mildert Kalziummangelerscheinungen wie Bl\u00fctenendf\u00e4ule bei Tomaten, Paprika und Auberginen sowie Blattrandverbrennungen bei Salatbl\u00e4ttern.<\/span><\/li>\n<li><span style=\"font-size: 18px;\"><strong>Unterst\u00fctzt das Wachstum und die Widerstandsf\u00e4higkeit der Pflanzen:<\/strong> St\u00e4rkt die Zellw\u00e4nde und verbessert die Widerstandsf\u00e4higkeit der Pflanzen gegen Krankheiten und Umweltstress.<\/span><\/li>\n<li><span style=\"font-size: 18px;\"><strong>Aktiviert die Mikroorganismen im Boden:<\/strong> Erh\u00f6ht die organische Substanz und die mikrobielle Aktivit\u00e4t in der Wurzelzone und unterst\u00fctzt ein gesundes Boden\u00f6kosystem.<\/span><\/li>\n<li><span style=\"font-size: 18px;\"><strong>Wirksam in der Salzwasserbewirtschaftung:<\/strong> Behandelt salzhaltiges Bew\u00e4sserungswasser mit organischem Kalzium mit niedrigem Molekulargewicht, das die Ausf\u00e4llung von N\u00e4hrstoffen verhindert und die Aufnahme f\u00f6rdert.<\/span><\/li>\n<\/ul>\n<h3>Ideale Anwendung<\/h3>\n<p><span style=\"font-size: 18px;\">Nebrasal kann als korrigierende Behandlung auf den Boden aufgetragen werden, insbesondere bei salzhaltigen Bedingungen. F\u00fcr optimale Ergebnisse:<\/span><\/p>\n<ol>\n<li><span style=\"font-size: 18px;\"><strong>Nebrasal mit Bew\u00e4sserung anwenden:<\/strong> Verwenden Sie die entsprechenden Mengen auf der Grundlage des Prozentsatzes an austauschbarem Natrium (ESP) und des Natriumabsorptionsverh\u00e4ltnisses (SAR) in Ihrem Boden.<\/span><\/li>\n<li><span style=\"font-size: 18px;\"><strong>Behandlung salzhaltiger B\u00f6den vor der Pflanzung:<\/strong> Geben Sie zus\u00e4tzliches Wasser, um salzhaltige B\u00f6den zu sp\u00fclen, gefolgt von Nebrasal, um den Natrium-Calcium-Austausch zu f\u00f6rdern und die Drainage und die Bodenstruktur zu verbessern.<\/span><\/li>\n<\/ol>\n<p><span style=\"font-size: 18px;\"><strong>Geeignet f\u00fcr:<\/strong><\/span><\/p>\n<ul>\n<li><span style=\"font-size: 18px;\"><strong>Freiland- und Gew\u00e4chshausgem\u00fcse<\/strong><\/span><\/li>\n<li><span style=\"font-size: 18px;\"><strong>Obstb\u00e4ume<\/strong><\/span><\/li>\n<li><span style=\"font-size: 18px;\"><strong>Zierpflanzen<\/strong><\/span><\/li>\n<li><span style=\"font-size: 18px;\"><strong>Feldfr\u00fcchte<\/strong><\/span><\/li>\n<\/ul>\n<h3>Anwendungsrate<\/h3>\n<ul>\n<li data-start=\"327\" data-end=\"378\">\n<p data-start=\"329\" data-end=\"378\"><span style=\"font-size: 14pt;\"><strong data-start=\"329\" data-end=\"354\">Gem\u00fcse aus dem Gr\u00fcnen Haus:<\/strong> 1-2 kg pro Gew\u00e4chshaus<\/span><\/p>\n<\/li>\n<li data-start=\"379\" data-end=\"426\">\n<p data-start=\"381\" data-end=\"426\"><span style=\"font-size: 14pt;\"><strong data-start=\"381\" data-end=\"407\">Freilandgem\u00fcse:<\/strong> 1-2 kg pro Dunum<\/span><\/p>\n<\/li>\n<li data-start=\"427\" data-end=\"496\">\n<p data-start=\"429\" data-end=\"496\"><span style=\"font-size: 14pt;\"><strong data-start=\"429\" data-end=\"445\">Obstb\u00e4ume:<\/strong> 50-100 g pro Baum, je nach Art und Alter<\/span><\/p>\n<\/li>\n<li data-start=\"497\" data-end=\"536\">\n<p data-start=\"499\" data-end=\"536\"><span style=\"font-size: 14pt;\"><strong data-start=\"499\" data-end=\"515\">Feldfr\u00fcchte:<\/strong> 5-7 kg pro Hektar<\/span><\/p>\n<\/li>\n<\/ul>\n<h3 class=\"translation-block\"><span style=\"font-size: 18px\">Chemische Zusammensetzung<\/span><\/h3>\n<ul>\n<li><span style=\"font-size: 18px;\"><strong>Kalzium (CaO 10%)<\/strong><\/span><\/li>\n<li><span style=\"font-size: 18px;\"><strong>Organische S\u00e4uren 30%<\/strong><\/span><\/li>\n<\/ul>\n<h3>Nebrasal Vorteile<\/h3>\n<ul>\n<li><span style=\"font-size: 18px;\"><strong>Entfernt \u00fcbersch\u00fcssige alkalische Elemente:<\/strong> Gleicht den pH-Wert des Bodens aus und f\u00f6rdert die Gesundheit des Bodens.<\/span><\/li>\n<li><span style=\"font-size: 18px;\"><strong>Verbessert die physikalischen Eigenschaften des Bodens:<\/strong> Verbessert die Bodenstruktur und reduziert den Alkaligehalt.<\/span><\/li>\n<li><span style=\"font-size: 18px;\"><strong>Behandelt Salzwasser effektiv:<\/strong> Organisches Kalzium verhindert die Ausf\u00e4llung von N\u00e4hrstoffen und f\u00f6rdert die effiziente Aufnahme.<\/span><\/li>\n<li><span style=\"font-size: 18px;\"><strong>Wirkt Osmoseproblemen entgegen:<\/strong> Hilft, negative Osmoseeffekte durch Natriumanreicherung zu verhindern und die Bodenstabilit\u00e4t zu erhalten.<\/span><\/li>\n<\/ul>\n<h3>Verpackung<\/h3>\n<ul>\n<li><span style=\"font-size: 18px;\"><strong>25 Kg Gallone.<\/strong><\/span><\/li>\n<\/ul>\n<p><img loading=\"lazy\" decoding=\"async\" class=\"alignnone size-medium wp-image-17120\" src=\"https:\/\/alqawafel.com\/wp-content\/uploads\/2024\/11\/Nebrasal-LOGO-300x300.webp\" alt=\"Nebrasal\" width=\"300\" height=\"300\" srcset=\"https:\/\/alqawafel.com\/wp-content\/uploads\/2024\/11\/Nebrasal-LOGO-300x300.webp 300w, https:\/\/alqawafel.com\/wp-content\/uploads\/2024\/11\/Nebrasal-LOGO-150x150.webp 150w, https:\/\/alqawafel.com\/wp-content\/uploads\/2024\/11\/Nebrasal-LOGO-768x768.webp 768w, https:\/\/alqawafel.com\/wp-content\/uploads\/2024\/11\/Nebrasal-LOGO.webp 1000w\" sizes=\"auto, (max-width: 300px) 100vw, 300px\" \/><\/p>","protected":false},"excerpt":{"rendered":"<p><span style=\"font-size: 18px;\">Nebrasal ist ein hochwertiger Salzkorrektor, der den Salzgehalt des Bodens reduziert, die Kalziumaufnahme f\u00f6rdert und die Bodeneigenschaften f\u00fcr ein ges\u00fcnderes Pflanzenwachstum verbessert.<\/span><\/p>","protected":false},"featured_media":17120,"comment_status":"open","ping_status":"closed","template":"","meta":{"om_disable_all_campaigns":false,"_monsterinsights_skip_tracking":false,"_monsterinsights_sitenote_active":false,"_monsterinsights_sitenote_note":"","_monsterinsights_sitenote_category":0},"product_brand":[],"product_cat":[50,2136],"product_tag":[866,1047,463,1045,1048,1046,1049],"class_list":{"0":"post-10140","1":"product","2":"type-product","3":"status-publish","4":"has-post-thumbnail","6":"product_cat-fertilizers","7":"product_cat-specialty-fertilizers","8":"product_tag-al-qawafel-ind-agr-co","9":"product_tag-calcium-chelated","10":"product_tag-fertilizer","11":"product_tag-nebrasal","12":"product_tag-salinity-reduction","13":"product_tag-salt-corrector","14":"product_tag-soil-structure-improvement","16":"first","17":"instock","18":"shipping-taxable","19":"product-type-simple"},"aioseo_notices":[],"_links":{"self":[{"href":"https:\/\/alqawafel.com\/de\/wp-json\/wp\/v2\/product\/10140","targetHints":{"allow":["GET"]}}],"collection":[{"href":"https:\/\/alqawafel.com\/de\/wp-json\/wp\/v2\/product"}],"about":[{"href":"https:\/\/alqawafel.com\/de\/wp-json\/wp\/v2\/types\/product"}],"replies":[{"embeddable":true,"href":"https:\/\/alqawafel.com\/de\/wp-json\/wp\/v2\/comments?post=10140"}],"version-history":[{"count":9,"href":"https:\/\/alqawafel.com\/de\/wp-json\/wp\/v2\/product\/10140\/revisions"}],"predecessor-version":[{"id":19401,"href":"https:\/\/alqawafel.com\/de\/wp-json\/wp\/v2\/product\/10140\/revisions\/19401"}],"wp:featuredmedia":[{"embeddable":true,"href":"https:\/\/alqawafel.com\/de\/wp-json\/wp\/v2\/media\/17120"}],"wp:attachment":[{"href":"https:\/\/alqawafel.com\/de\/wp-json\/wp\/v2\/media?parent=10140"}],"wp:term":[{"taxonomy":"product_brand","embeddable":true,"href":"https:\/\/alqawafel.com\/de\/wp-json\/wp\/v2\/product_brand?post=10140"},{"taxonomy":"product_cat","embeddable":true,"href":"https:\/\/alqawafel.com\/de\/wp-json\/wp\/v2\/product_cat?post=10140"},{"taxonomy":"product_tag","embeddable":true,"href":"https:\/\/alqawafel.com\/de\/wp-json\/wp\/v2\/product_tag?post=10140"}],"curies":[{"name":"wp","href":"https:\/\/api.w.org\/{rel}","templated":true}]}}