{"id":10142,"date":"2024-11-14T09:57:10","date_gmt":"2024-11-14T09:57:10","guid":{"rendered":"https:\/\/alqawafel.com\/?post_type=product&#038;p=10142"},"modified":"2025-07-07T09:43:50","modified_gmt":"2025-07-07T09:43:50","slug":"ph-korrektor","status":"publish","type":"product","link":"https:\/\/alqawafel.com\/de\/product\/ph-corrector\/","title":{"rendered":"pH-Korrektor"},"content":{"rendered":"<h3>Warum pH-Korrektor w\u00e4hlen?<\/h3>\n<p><span style=\"font-size: 18px;\">pH Corrector ist eine wirksame L\u00f6sung, um den pH-Wert von Boden und Wasser auszugleichen und die N\u00e4hrstoffe f\u00fcr die Pflanzenaufnahme besser zug\u00e4nglich zu machen. Durch die Wiederherstellung des chemischen Gleichgewichts im Boden setzt dieses Produkt N\u00e4hrstoffe frei, die sonst im Boden gebunden sind, und f\u00f6rdert so das Wachstum und die Gesundheit der Pflanzen. Au\u00dferdem senkt es den pH-Wert im Boden und im Bew\u00e4sserungswasser, befreit Bew\u00e4sserungssysteme von Sedimentablagerungen und erh\u00f6ht die Wirksamkeit von D\u00fcngemitteln.<\/span><\/p>\n<h3>Die wichtigsten Vorteile von pH Corrector<\/h3>\n<ul>\n<li><span style=\"font-size: 18px;\"><strong>Setzt gesperrte N\u00e4hrstoffe frei:<\/strong> Macht die Bodenn\u00e4hrstoffe f\u00fcr die Pflanzenaufnahme verf\u00fcgbar.<\/span><\/li>\n<li><span style=\"font-size: 18px;\"><strong>Gleicht die Bodenchemie aus:<\/strong> Stellt das chemische Gleichgewicht wieder her und f\u00f6rdert ein ges\u00fcnderes Pflanzenwachstum.<\/span><\/li>\n<li><span style=\"font-size: 18px;\"><strong>Senkt den pH-Wert:<\/strong> Senkt den pH-Wert in Boden und Wasser, ideal f\u00fcr alkalische Bedingungen.<\/span><\/li>\n<li><span style=\"font-size: 18px;\"><strong>Reinigt Bew\u00e4sserungssysteme:<\/strong> Entfernt Sedimentablagerungen und sorgt f\u00fcr eine effiziente Bew\u00e4sserung.<\/span><\/li>\n<li><span style=\"font-size: 18px;\"><strong>Verbessert die N\u00e4hrstoffeffizienz:<\/strong> Verbessert die Aufnahme von N\u00e4hrstoffen aus dem Boden und aus D\u00fcngemitteln.<\/span><\/li>\n<\/ul>\n<h3>Anwendungsrate<\/h3>\n<p><span style=\"font-size: 14pt;\">Je nach Bodenart und Alkalinit\u00e4t 2-3 kg pro Dunum ausbringen.<\/span><br data-start=\"153\" data-end=\"156\" \/><span style=\"font-size: 14pt;\">Alternativ kann es dem Teich oder dem Spr\u00fchfass je nach Alkalinit\u00e4t des Wassers in einer Menge von 50-75 g pro 200 Liter Wasser zugesetzt werden.<\/span><\/p>\n<h3 class=\"translation-block\"><span style=\"font-size: 18px\">Chemische Zusammensetzung<\/span><\/h3>\n<ul>\n<li><span style=\"font-size: 18px;\"><strong>Stickstoff (N 10%)<\/strong><\/span><\/li>\n<\/ul>\n<h3>Verpackung<\/h3>\n<ul>\n<li><span style=\"font-size: 18px;\"><strong>25 Kg Gallone.<\/strong><\/span><\/li>\n<\/ul>\n<p><img loading=\"lazy\" decoding=\"async\" class=\"alignnone size-medium wp-image-17112\" src=\"https:\/\/alqawafel.com\/wp-content\/uploads\/2024\/11\/CORRECTOR-LOGO-300x300.webp\" alt=\"pH-Korrektor\" width=\"300\" height=\"300\" srcset=\"https:\/\/alqawafel.com\/wp-content\/uploads\/2024\/11\/CORRECTOR-LOGO-300x300.webp 300w, https:\/\/alqawafel.com\/wp-content\/uploads\/2024\/11\/CORRECTOR-LOGO-150x150.webp 150w, https:\/\/alqawafel.com\/wp-content\/uploads\/2024\/11\/CORRECTOR-LOGO-768x768.webp 768w, https:\/\/alqawafel.com\/wp-content\/uploads\/2024\/11\/CORRECTOR-LOGO.webp 1000w\" sizes=\"auto, (max-width: 300px) 100vw, 300px\" \/><\/p>","protected":false},"excerpt":{"rendered":"<p><span style=\"font-size: 18px;\">pH Corrector gleicht den pH-Wert des Bodens aus, setzt gebundene N\u00e4hrstoffe frei und reinigt Bew\u00e4sserungssysteme, wodurch die Verf\u00fcgbarkeit und Aufnahme von N\u00e4hrstoffen verbessert wird.<\/span><\/p>","protected":false},"featured_media":17112,"comment_status":"open","ping_status":"closed","template":"","meta":{"om_disable_all_campaigns":false,"_monsterinsights_skip_tracking":false,"_monsterinsights_sitenote_active":false,"_monsterinsights_sitenote_note":"","_monsterinsights_sitenote_category":0},"product_brand":[],"product_cat":[50,2136],"product_tag":[866,463,1054,1052,1051,1050,1053],"class_list":{"0":"post-10142","1":"product","2":"type-product","3":"status-publish","4":"has-post-thumbnail","6":"product_cat-fertilizers","7":"product_cat-specialty-fertilizers","8":"product_tag-al-qawafel-ind-agr-co","9":"product_tag-fertilizer","10":"product_tag-nutrient-efficiency","11":"product_tag-nutrient-unlocker","12":"product_tag-ph-balancing","13":"product_tag-ph-corrector","14":"product_tag-soil-water-ph-control","16":"first","17":"instock","18":"shipping-taxable","19":"product-type-simple"},"aioseo_notices":[],"_links":{"self":[{"href":"https:\/\/alqawafel.com\/de\/wp-json\/wp\/v2\/product\/10142","targetHints":{"allow":["GET"]}}],"collection":[{"href":"https:\/\/alqawafel.com\/de\/wp-json\/wp\/v2\/product"}],"about":[{"href":"https:\/\/alqawafel.com\/de\/wp-json\/wp\/v2\/types\/product"}],"replies":[{"embeddable":true,"href":"https:\/\/alqawafel.com\/de\/wp-json\/wp\/v2\/comments?post=10142"}],"version-history":[{"count":7,"href":"https:\/\/alqawafel.com\/de\/wp-json\/wp\/v2\/product\/10142\/revisions"}],"predecessor-version":[{"id":19398,"href":"https:\/\/alqawafel.com\/de\/wp-json\/wp\/v2\/product\/10142\/revisions\/19398"}],"wp:featuredmedia":[{"embeddable":true,"href":"https:\/\/alqawafel.com\/de\/wp-json\/wp\/v2\/media\/17112"}],"wp:attachment":[{"href":"https:\/\/alqawafel.com\/de\/wp-json\/wp\/v2\/media?parent=10142"}],"wp:term":[{"taxonomy":"product_brand","embeddable":true,"href":"https:\/\/alqawafel.com\/de\/wp-json\/wp\/v2\/product_brand?post=10142"},{"taxonomy":"product_cat","embeddable":true,"href":"https:\/\/alqawafel.com\/de\/wp-json\/wp\/v2\/product_cat?post=10142"},{"taxonomy":"product_tag","embeddable":true,"href":"https:\/\/alqawafel.com\/de\/wp-json\/wp\/v2\/product_tag?post=10142"}],"curies":[{"name":"wp","href":"https:\/\/api.w.org\/{rel}","templated":true}]}}