{"id":10144,"date":"2024-11-14T10:01:35","date_gmt":"2024-11-14T10:01:35","guid":{"rendered":"https:\/\/alqawafel.com\/?post_type=product&#038;p=10144"},"modified":"2025-07-07T07:13:28","modified_gmt":"2025-07-07T07:13:28","slug":"phosphor","status":"publish","type":"product","link":"https:\/\/alqawafel.com\/de\/product\/phosphorous\/","title":{"rendered":"Phosphor-D\u00fcnger"},"content":{"rendered":"<h3>Warum Phosphor?<\/h3>\n<p><span style=\"font-size: 18px;\">Phosphor ist ein speziell formuliertes N\u00e4hrstoffpr\u00e4parat, das reich an essenziellen N\u00e4hrstoffen wie Phosphor, Kalium, Stickstoff und chelatierten Mikroelementen ist. Dieses Produkt unterst\u00fctzt die Wurzelentwicklung, verbessert die Widerstandsf\u00e4higkeit der Pflanzen und steigert die Qualit\u00e4t der Ernte, indem es den N\u00e4hrstofftransport innerhalb der Pflanze erleichtert. Seine einzigartige Zusammensetzung erm\u00f6glicht eine effiziente Aufnahme sowohl nach oben als auch nach unten, so dass die Pflanzen eine gleichm\u00e4\u00dfige Versorgung mit Phosphor und Kalium erhalten. Phosphor spielt auch in der \u00f6kologischen Landwirtschaft eine wichtige Rolle, da er die nat\u00fcrliche Resistenz gegen Pilzinfektionen st\u00e4rkt, ohne eine Pilzimmunit\u00e4t zu verursachen.<\/span><\/p>\n<h3>Die wichtigsten Vorteile des Phosphor-Pflanzen-N\u00e4hrstoffs<\/h3>\n<ul>\n<li><span style=\"font-size: 18px;\"><strong>F\u00f6rdert die Wurzelentwicklung:<\/strong> Unterst\u00fctzt die Wurzelbildung, f\u00f6rdert die Bl\u00fcte und steigert den Fruchtansatz und die Produktion.<\/span><\/li>\n<li><span style=\"font-size: 18px;\"><strong>Dual-Direktionale Absorption:<\/strong> Wird sowohl nach oben als auch nach unten absorbiert und bietet so einen st\u00e4ndigen Zugang zu wichtigen N\u00e4hrstoffen.<\/span><\/li>\n<li><span style=\"font-size: 18px;\"><strong>St\u00e4rkt die Resistenz gegen Pilzkrankheiten:<\/strong> Verbessert die nat\u00fcrliche Abwehr gegen Pilze und beugt Infektionen wie Falschem Mehltau und Wurzelf\u00e4ule vor.<\/span><\/li>\n<li><span style=\"font-size: 18px;\"><strong>Verbessert die Fruchtqualit\u00e4t und die Lagerung:<\/strong> Verbessert die Bewegung von St\u00e4rke, Fett und Sacchariden und verbessert Farbe, Geschmack, Form und Lagerf\u00e4higkeit von Fr\u00fcchten.<\/span><\/li>\n<li><span style=\"font-size: 18px;\"><strong>Ideal f\u00fcr den \u00f6kologischen Landbau:<\/strong> Minimiert den Bedarf an chemischen Pestiziden und unterst\u00fctzt eine nachhaltige und nat\u00fcrliche Pflanzenproduktion.<\/span><\/li>\n<\/ul>\n<h3>Empfohlene Anwendungen f\u00fcr Phosphor<\/h3>\n<p><span style=\"font-size: 18px;\"><strong>Anwendung \u00fcber das Blatt:<\/strong> F\u00fcr eine effiziente N\u00e4hrstoffaufnahme direkt auf die Bl\u00e4tter auftragen.<\/span><br \/>\n<span style=\"font-size: 18px;\"><strong>Anwendung im Boden:<\/strong> Ideal f\u00fcr die Absorption im Wurzelbereich bei verschiedenen Kulturen.<\/span><\/p>\n<p><span style=\"font-size: 18px;\"><strong>Geeignet f\u00fcr:<\/strong><\/span><\/p>\n<ul>\n<li><span style=\"font-size: 18px;\"><b>Obstb\u00e4ume<\/b><\/span><\/li>\n<li><span style=\"font-size: 18px;\"><strong>Freiland- und Gew\u00e4chshausgem\u00fcse<\/strong><\/span><\/li>\n<li><span style=\"font-size: 18px;\"><strong>Zierpflanzen Pflanze<\/strong><\/span><\/li>\n<\/ul>\n<h3>Anwendungsrate<\/h3>\n<ul>\n<li data-start=\"121\" data-end=\"258\">\n<h4 data-start=\"123\" data-end=\"133\"><strong data-start=\"123\" data-end=\"133\">\u00c4pfel<\/strong><\/h4>\n<ul data-start=\"136\" data-end=\"258\">\n<li data-start=\"136\" data-end=\"200\">\n<p data-start=\"138\" data-end=\"200\"><span style=\"font-size: 14pt;\"><em data-start=\"138\" data-end=\"147\">Blattwerk:<\/em> 400-500 ml \/ 200 L Wasser, monatlich w\u00e4hrend der Entlaubung<\/span><\/p>\n<\/li>\n<li data-start=\"203\" data-end=\"258\">\n<p data-start=\"205\" data-end=\"258\"><span style=\"font-size: 14pt;\"><em data-start=\"205\" data-end=\"212\">Boden:<\/em> 10 l \/ 200 l Wasser, bei einer Menge von 2 l pro Baum<\/span><\/p>\n<\/li>\n<\/ul>\n<\/li>\n<li data-start=\"260\" data-end=\"346\">\n<h4 data-start=\"262\" data-end=\"272\"><strong data-start=\"262\" data-end=\"272\">Zitrusfr\u00fcchte<\/strong><\/h4>\n<ul data-start=\"275\" data-end=\"346\">\n<li data-start=\"275\" data-end=\"346\">\n<p data-start=\"277\" data-end=\"346\"><span style=\"font-size: 14pt;\"><em data-start=\"277\" data-end=\"286\">Blattwerk:<\/em> Zweimal im Fr\u00fchjahr, einmal im Herbst bei 400-500 ml \/ 200 L Wasser<\/span><\/p>\n<\/li>\n<\/ul>\n<\/li>\n<li data-start=\"348\" data-end=\"420\">\n<h4 data-start=\"350\" data-end=\"360\"><strong data-start=\"350\" data-end=\"360\">Weintrauben<\/strong><\/h4>\n<ul data-start=\"363\" data-end=\"420\">\n<li data-start=\"363\" data-end=\"420\">\n<p data-start=\"365\" data-end=\"420\"><span style=\"font-size: 14pt;\"><em data-start=\"365\" data-end=\"374\">Blattwerk:<\/em> 2-3 Mal je nach Bedarf, 500 ml \/ 200 L Wasser<\/span><\/p>\n<\/li>\n<\/ul>\n<\/li>\n<li data-start=\"422\" data-end=\"504\">\n<h4 data-start=\"424\" data-end=\"440\"><strong data-start=\"424\" data-end=\"440\">Erdbeeren<\/strong><\/h4>\n<ul data-start=\"443\" data-end=\"504\">\n<li data-start=\"443\" data-end=\"504\">\n<p data-start=\"445\" data-end=\"504\"><span style=\"font-size: 14pt;\"><em data-start=\"445\" data-end=\"454\">Blattwerk:<\/em> 2-3 Mal je nach Bedarf, 400-600 ml \/ 200 L Wasser<\/span><\/p>\n<\/li>\n<\/ul>\n<\/li>\n<li data-start=\"506\" data-end=\"584\">\n<h4 data-start=\"508\" data-end=\"532\"><strong data-start=\"508\" data-end=\"532\">Erdbeer-Setzlinge<\/strong><\/h4>\n<ul data-start=\"535\" data-end=\"584\">\n<li data-start=\"535\" data-end=\"584\">\n<p data-start=\"537\" data-end=\"584\"><span style=\"font-size: 14pt;\"><em data-start=\"537\" data-end=\"549\">Wurzeln eintauchen:<\/em> 15 Minuten in Phosphorl\u00f6sung<\/span><\/p>\n<\/li>\n<\/ul>\n<\/li>\n<li data-start=\"586\" data-end=\"666\">\n<h4 data-start=\"588\" data-end=\"627\"><strong data-start=\"588\" data-end=\"627\">Gem\u00fcse (gesch\u00fctztes &amp; Freiland)<\/strong><\/h4>\n<ul data-start=\"630\" data-end=\"666\">\n<li data-start=\"630\" data-end=\"666\">\n<p data-start=\"632\" data-end=\"666\"><span style=\"font-size: 14pt;\"><em data-start=\"632\" data-end=\"641\">Blattwerk:<\/em> 400-600 ml \/ 200 L Wasser<\/span><\/p>\n<\/li>\n<\/ul>\n<\/li>\n<li data-start=\"668\" data-end=\"724\">\n<h4 data-start=\"670\" data-end=\"685\"><strong data-start=\"670\" data-end=\"685\">Zierpflanzen<\/strong><\/h4>\n<ul data-start=\"688\" data-end=\"724\">\n<li data-start=\"688\" data-end=\"724\">\n<p data-start=\"690\" data-end=\"724\"><span style=\"font-size: 14pt;\"><em data-start=\"690\" data-end=\"699\">Blattwerk:<\/em> 400-600 ml \/ 200 L Wasser<\/span><\/p>\n<\/li>\n<\/ul>\n<\/li>\n<\/ul>\n<h3 class=\"translation-block\"><span style=\"font-size: 18px\">Chemische Zusammensetzung<\/span><\/h3>\n<ul>\n<li><span style=\"font-size: 18px;\"><strong>Phosphor (P 27%)<\/strong><\/span><\/li>\n<li><span style=\"font-size: 18px;\"><strong>Kalium (K 18%)<\/strong><\/span><\/li>\n<li><span style=\"font-size: 18px;\"><strong>Stickstoff (N 3%)<\/strong><\/span><\/li>\n<li><span style=\"font-size: 18px;\"><strong>Chelatierte Mikron\u00e4hrstoffe<\/strong><\/span><\/li>\n<\/ul>\n<h3>Verpackung<\/h3>\n<ul>\n<li><span style=\"font-size: 18px;\"><strong>1 L und 5 L<\/strong><\/span><\/li>\n<\/ul>\n<p><img loading=\"lazy\" decoding=\"async\" class=\"alignnone size-medium wp-image-17092\" src=\"https:\/\/alqawafel.com\/wp-content\/uploads\/2024\/11\/PHOSPHOROS.-LOGO-300x300.webp\" alt=\"Phosphor\" width=\"300\" height=\"300\" srcset=\"https:\/\/alqawafel.com\/wp-content\/uploads\/2024\/11\/PHOSPHOROS.-LOGO-300x300.webp 300w, https:\/\/alqawafel.com\/wp-content\/uploads\/2024\/11\/PHOSPHOROS.-LOGO-150x150.webp 150w, https:\/\/alqawafel.com\/wp-content\/uploads\/2024\/11\/PHOSPHOROS.-LOGO-768x768.webp 768w, https:\/\/alqawafel.com\/wp-content\/uploads\/2024\/11\/PHOSPHOROS.-LOGO.webp 1000w\" sizes=\"auto, (max-width: 300px) 100vw, 300px\" \/><\/p>","protected":false},"excerpt":{"rendered":"<p><span style=\"font-size: 18px;\">Phosphor ist ein Pflanzenn\u00e4hrstoff, der die Wurzelentwicklung f\u00f6rdert, die Widerstandsf\u00e4higkeit gegen Pilze erh\u00f6ht und die Qualit\u00e4t der Pflanzen im \u00f6kologischen Landbau verbessert.<\/span><\/p>","protected":false},"featured_media":17092,"comment_status":"open","ping_status":"closed","template":"","meta":{"om_disable_all_campaigns":false,"_monsterinsights_skip_tracking":false,"_monsterinsights_sitenote_active":false,"_monsterinsights_sitenote_note":"","_monsterinsights_sitenote_category":0},"product_brand":[],"product_cat":[50,2137],"product_tag":[866,463,1058,1055,1056,1057,1010],"class_list":{"0":"post-10144","1":"product","2":"type-product","3":"status-publish","4":"has-post-thumbnail","6":"product_cat-fertilizers","7":"product_cat-smart-fertilizers","8":"product_tag-al-qawafel-ind-agr-co","9":"product_tag-fertilizer","10":"product_tag-fungal-resistance","11":"product_tag-phosphorous","12":"product_tag-phosphorus-rich","13":"product_tag-root-booster","14":"product_tag-root-development","16":"first","17":"instock","18":"shipping-taxable","19":"product-type-simple"},"aioseo_notices":[],"_links":{"self":[{"href":"https:\/\/alqawafel.com\/de\/wp-json\/wp\/v2\/product\/10144","targetHints":{"allow":["GET"]}}],"collection":[{"href":"https:\/\/alqawafel.com\/de\/wp-json\/wp\/v2\/product"}],"about":[{"href":"https:\/\/alqawafel.com\/de\/wp-json\/wp\/v2\/types\/product"}],"replies":[{"embeddable":true,"href":"https:\/\/alqawafel.com\/de\/wp-json\/wp\/v2\/comments?post=10144"}],"version-history":[{"count":4,"href":"https:\/\/alqawafel.com\/de\/wp-json\/wp\/v2\/product\/10144\/revisions"}],"predecessor-version":[{"id":19368,"href":"https:\/\/alqawafel.com\/de\/wp-json\/wp\/v2\/product\/10144\/revisions\/19368"}],"wp:featuredmedia":[{"embeddable":true,"href":"https:\/\/alqawafel.com\/de\/wp-json\/wp\/v2\/media\/17092"}],"wp:attachment":[{"href":"https:\/\/alqawafel.com\/de\/wp-json\/wp\/v2\/media?parent=10144"}],"wp:term":[{"taxonomy":"product_brand","embeddable":true,"href":"https:\/\/alqawafel.com\/de\/wp-json\/wp\/v2\/product_brand?post=10144"},{"taxonomy":"product_cat","embeddable":true,"href":"https:\/\/alqawafel.com\/de\/wp-json\/wp\/v2\/product_cat?post=10144"},{"taxonomy":"product_tag","embeddable":true,"href":"https:\/\/alqawafel.com\/de\/wp-json\/wp\/v2\/product_tag?post=10144"}],"curies":[{"name":"wp","href":"https:\/\/api.w.org\/{rel}","templated":true}]}}