{"id":10149,"date":"2024-11-14T10:15:36","date_gmt":"2024-11-14T10:15:36","guid":{"rendered":"https:\/\/alqawafel.com\/?post_type=product&#038;p=10149"},"modified":"2025-08-09T11:59:02","modified_gmt":"2025-08-09T11:59:02","slug":"superfrucht","status":"publish","type":"product","link":"https:\/\/alqawafel.com\/de\/product\/super-fruit\/","title":{"rendered":"Super-Obstd\u00fcnger"},"content":{"rendered":"<h3>Warum Superfrucht w\u00e4hlen?<\/h3>\n<p><span style=\"font-size: 18px;\">Super Fruit ist ein spezielles Pflanzenn\u00e4hrstoffpr\u00e4parat zur F\u00f6rderung der Bl\u00fcte und des Fruchtansatzes, selbst unter schwierigen Wetterbedingungen. Mit essentiellen N\u00e4hrstoffen wie Molybd\u00e4n, Phosphor und Stickstoff sowie organischen S\u00e4uren st\u00e4rkt Super Fruit die Pflanzen und f\u00f6rdert die nat\u00fcrliche Produktion von Wachstumsregulatoren, wodurch der Einsatz industrieller Wachstumsregulatoren \u00fcberfl\u00fcssig wird. Diese ausgewogene Formel hilft, \u00fcbersch\u00fcssigen Stickstoff zu regulieren und wandelt ihn in n\u00fctzliche Aminos\u00e4uren um, die eine gesunde Zellentwicklung und ein ausgewogenes Wachstum der Reproduktion f\u00f6rdern.<\/span><\/p>\n<h3>Die wichtigsten Vorteile von Super Fruit Nutritive Compound<\/h3>\n<ul>\n<li><span style=\"font-size: 18px;\"><strong>F\u00f6rdert die Bl\u00fcte und regelt das Fruchtwachstum:<\/strong> Stimuliert die Produktion nat\u00fcrlicher Wachstumsregulatoren, verbessert die Bl\u00fcte und den Fruchtansatz und reduziert gleichzeitig den Bedarf an industriellen Wachstumsregulatoren.<\/span><\/li>\n<li><span style=\"font-size: 18px;\"><strong>Gleichgewicht zwischen vegetativem und reproduktivem Wachstum:<\/strong> Wandelt \u00fcbersch\u00fcssigen Stickstoff in Aminos\u00e4uren um und sorgt so f\u00fcr einen ausgewogenen Wachstumszyklus zwischen vegetativer und reproduktiver Phase.<\/span><\/li>\n<li><span style=\"font-size: 18px;\"><strong>Verbessert die Qualit\u00e4t der Fr\u00fcchte:<\/strong> Erh\u00f6ht den Fruchtansatz und verbessert die Qualit\u00e4t, was zu ges\u00fcnderen und marktf\u00e4higeren Produkten f\u00fchrt.<\/span><\/li>\n<li><span style=\"font-size: 18px;\"><strong>Temperaturbest\u00e4ndigkeit:<\/strong> Unterst\u00fctzt den Fruchtansatz bei unterschiedlichen Temperaturen und hilft den Pflanzen, sich an hohe oder niedrige Temperaturen anzupassen.<\/span><\/li>\n<li><span style=\"font-size: 18px;\"><strong>Duale Absorptionsmethode:<\/strong> Wird sowohl von den Bl\u00e4ttern als auch von den Wurzeln aufgenommen und ist daher vielseitig f\u00fcr Blattspritzungen oder Tropfbew\u00e4sserung geeignet.<\/span><\/li>\n<\/ul>\n<h3>Ideale Anwendung<\/h3>\n<p><span style=\"font-size: 18px;\">Super Fruit kann \u00fcber angewendet werden:<\/span><\/p>\n<ul>\n<li><span style=\"font-size: 18px;\"><strong>Anwendung \u00fcber das Blatt:<\/strong> F\u00fcr eine effiziente Aufnahme direkt auf die Bl\u00e4tter spr\u00fchen.<\/span><\/li>\n<li><span style=\"font-size: 18px;\"><strong>Tr\u00f6pfchenbew\u00e4sserung:<\/strong> Anwendung \u00fcber Bew\u00e4sserungssysteme zur direkten Aufnahme durch die Wurzeln.<\/span><\/li>\n<\/ul>\n<p><span style=\"font-size: 18px;\"><strong>Geeignet f\u00fcr:<\/strong><\/span><\/p>\n<ul>\n<li><span style=\"font-size: 18px;\"><strong>Zuckermelone und Wassermelone<\/strong><\/span><\/li>\n<li><span style=\"font-size: 18px;\"><strong>Verschiedene Gem\u00fcsekulturen<\/strong><\/span><\/li>\n<\/ul>\n<h3 class=\"translation-block\"><span style=\"font-size: 18px\">Chemische Zusammensetzung<\/span><\/h3>\n<ul>\n<li><span style=\"font-size: 18px;\"><strong>Molybd\u00e4n (Mo 3%)<\/strong><\/span><\/li>\n<li><span style=\"font-size: 18px;\"><strong>Stickstoff (N 4%)<\/strong><\/span><\/li>\n<li><span style=\"font-size: 18px;\"><strong>Phosphor (P2O5 21%)<\/strong><\/span><\/li>\n<\/ul>\n<h3 data-start=\"191\" data-end=\"215\">Anwendungsraten<\/h3>\n<h4 data-start=\"217\" data-end=\"245\"><strong data-start=\"222\" data-end=\"245\">Anwendung \u00fcber das Blatt:<\/strong><\/h4>\n<ul data-start=\"246\" data-end=\"420\">\n<li data-start=\"246\" data-end=\"364\">\n<p data-start=\"248\" data-end=\"259\"><span style=\"font-size: 14pt;\"><strong data-start=\"248\" data-end=\"259\">Sommer:<\/strong><\/span><\/p>\n<ul data-start=\"262\" data-end=\"364\">\n<li data-start=\"262\" data-end=\"317\">\n<p data-start=\"264\" data-end=\"317\"><span style=\"font-size: 14pt;\">Zuckermelone, Wassermelone: <strong data-start=\"287\" data-end=\"317\">100-140 g \/ 200 L Wasser<\/strong><\/span><\/p>\n<\/li>\n<li data-start=\"320\" data-end=\"364\">\n<p data-start=\"322\" data-end=\"364\"><span style=\"font-size: 14pt;\">Gem\u00fcse: <strong data-start=\"334\" data-end=\"364\">120-160 g \/ 200 L Wasser<\/strong><\/span><\/p>\n<\/li>\n<\/ul>\n<\/li>\n<li data-start=\"365\" data-end=\"420\">\n<p data-start=\"367\" data-end=\"378\"><span style=\"font-size: 14pt;\"><strong data-start=\"367\" data-end=\"378\">Winter:<\/strong><\/span><\/p>\n<ul data-start=\"381\" data-end=\"420\">\n<li data-start=\"381\" data-end=\"420\">\n<p data-start=\"383\" data-end=\"420\"><span style=\"font-size: 14pt;\">Alle Feldfr\u00fcchte: <strong data-start=\"394\" data-end=\"420\">200 g \/ 200 L Wasser<\/strong><\/span><\/p>\n<\/li>\n<\/ul>\n<\/li>\n<\/ul>\n<h4 data-start=\"422\" data-end=\"447\"><span style=\"font-size: 14pt;\"><strong data-start=\"427\" data-end=\"447\">Tr\u00f6pfchenbew\u00e4sserung:<\/strong><\/span><\/h4>\n<ul data-start=\"448\" data-end=\"480\">\n<li data-start=\"448\" data-end=\"480\">\n<p data-start=\"450\" data-end=\"480\"><span style=\"font-size: 14pt;\">Alle Feldfr\u00fcchte: <strong data-start=\"461\" data-end=\"480\">150 g \/ 1000 m\u00b2<\/strong><\/span><\/p>\n<\/li>\n<\/ul>\n<h3>Verpackung<\/h3>\n<ul>\n<li><span style=\"font-size: 18px;\"><strong>100 g, 150 g und 1 kg<\/strong><\/span><\/li>\n<\/ul>\n<p><img loading=\"lazy\" decoding=\"async\" class=\"alignnone size-medium wp-image-17083\" src=\"https:\/\/alqawafel.com\/wp-content\/uploads\/2024\/11\/SUPER-FRUIT-LOGO-300x300.webp\" alt=\"Superfrucht\" width=\"300\" height=\"300\" srcset=\"https:\/\/alqawafel.com\/wp-content\/uploads\/2024\/11\/SUPER-FRUIT-LOGO-300x300.webp 300w, https:\/\/alqawafel.com\/wp-content\/uploads\/2024\/11\/SUPER-FRUIT-LOGO-150x150.webp 150w, https:\/\/alqawafel.com\/wp-content\/uploads\/2024\/11\/SUPER-FRUIT-LOGO-768x768.webp 768w, https:\/\/alqawafel.com\/wp-content\/uploads\/2024\/11\/SUPER-FRUIT-LOGO.webp 1000w\" sizes=\"auto, (max-width: 300px) 100vw, 300px\" \/><\/p>","protected":false},"excerpt":{"rendered":"<p><span style=\"font-size: 18px;\">Super Fruit ist ein N\u00e4hrstoffpr\u00e4parat f\u00fcr Pflanzen, das die Bl\u00fcte, den Fruchtansatz und die Fruchtqualit\u00e4t f\u00f6rdert und N\u00e4hrstoffe enth\u00e4lt, die industrielle Wachstumsregulatoren ersetzen.<\/span><\/p>","protected":false},"featured_media":17083,"comment_status":"open","ping_status":"closed","template":"","meta":{"om_disable_all_campaigns":false,"_monsterinsights_skip_tracking":false,"_monsterinsights_sitenote_active":false,"_monsterinsights_sitenote_note":"","_monsterinsights_sitenote_category":0},"product_brand":[],"product_cat":[50,2137],"product_tag":[866,1039,463,1063,970,1062,1064],"class_list":{"0":"post-10149","1":"product","2":"type-product","3":"status-publish","4":"has-post-thumbnail","6":"product_cat-fertilizers","7":"product_cat-smart-fertilizers","8":"product_tag-al-qawafel-ind-agr-co","9":"product_tag-balanced-growth","10":"product_tag-fertilizer","11":"product_tag-flowering-enhancer","12":"product_tag-fruit-setting","13":"product_tag-super-fruit","14":"product_tag-temperature-resilience","16":"first","17":"instock","18":"shipping-taxable","19":"product-type-simple"},"aioseo_notices":[],"_links":{"self":[{"href":"https:\/\/alqawafel.com\/de\/wp-json\/wp\/v2\/product\/10149","targetHints":{"allow":["GET"]}}],"collection":[{"href":"https:\/\/alqawafel.com\/de\/wp-json\/wp\/v2\/product"}],"about":[{"href":"https:\/\/alqawafel.com\/de\/wp-json\/wp\/v2\/types\/product"}],"replies":[{"embeddable":true,"href":"https:\/\/alqawafel.com\/de\/wp-json\/wp\/v2\/comments?post=10149"}],"version-history":[{"count":7,"href":"https:\/\/alqawafel.com\/de\/wp-json\/wp\/v2\/product\/10149\/revisions"}],"predecessor-version":[{"id":19512,"href":"https:\/\/alqawafel.com\/de\/wp-json\/wp\/v2\/product\/10149\/revisions\/19512"}],"wp:featuredmedia":[{"embeddable":true,"href":"https:\/\/alqawafel.com\/de\/wp-json\/wp\/v2\/media\/17083"}],"wp:attachment":[{"href":"https:\/\/alqawafel.com\/de\/wp-json\/wp\/v2\/media?parent=10149"}],"wp:term":[{"taxonomy":"product_brand","embeddable":true,"href":"https:\/\/alqawafel.com\/de\/wp-json\/wp\/v2\/product_brand?post=10149"},{"taxonomy":"product_cat","embeddable":true,"href":"https:\/\/alqawafel.com\/de\/wp-json\/wp\/v2\/product_cat?post=10149"},{"taxonomy":"product_tag","embeddable":true,"href":"https:\/\/alqawafel.com\/de\/wp-json\/wp\/v2\/product_tag?post=10149"}],"curies":[{"name":"wp","href":"https:\/\/api.w.org\/{rel}","templated":true}]}}