{"id":10153,"date":"2024-11-14T10:23:34","date_gmt":"2024-11-14T10:23:34","guid":{"rendered":"https:\/\/alqawafel.com\/?post_type=product&#038;p=10153"},"modified":"2025-07-09T08:29:37","modified_gmt":"2025-07-09T08:29:37","slug":"wachstum-15-15-30t-e-dunger","status":"publish","type":"product","link":"https:\/\/alqawafel.com\/de\/product\/growth-15-15-30t-e-fertilizer\/","title":{"rendered":"Wachstum 15-15-30+T.E. D\u00fcngemittel"},"content":{"rendered":"<h3>Warum Wachstumsd\u00fcnger 15-15-30+T.E. w\u00e4hlen?<\/h3>\n<p><span style=\"font-size: 18px;\">Growth 15-15-30+T.E. Fertilizer ist eine fortschrittliche, hochkaliumhaltige Formel, die ein kr\u00e4ftiges Pflanzenwachstum unterst\u00fctzt und die Fruchtqualit\u00e4t verbessert. Angereichert mit wichtigen N\u00e4hrstoffen wie Stickstoff, Phosphor, Schwefel, Magnesium, Spurenelementen und Vitaminen liefert dieser l\u00f6sliche D\u00fcnger einen ausgewogenen N\u00e4hrstoffmix, der die Pflanzengesundheit in allen Wachstumsstadien f\u00f6rdert. Die Zusammensetzung sorgt f\u00fcr einen optimalen pH- und EC-Wert, wodurch er sich f\u00fcr B\u00f6den mit hohem Salzgehalt eignet und die N\u00e4hrstoffaufnahme maximiert. Mit Kalium, das aus reinen, stabilen Formen stammt, gew\u00e4hrleistet Growth Fertilizer eine lang anhaltende Wirksamkeit im Boden und ist damit ideal f\u00fcr Pflanzen mit hohem Kaliumbedarf.<\/span><\/p>\n<h3>Die wichtigsten Vorteile von Growth 15-15-30+T.E. Fertilizer<\/h3>\n<ul>\n<li><span style=\"font-size: 18px;\"><strong>Hoher Kaliumgehalt:<\/strong> F\u00f6rdert die Fruchtentwicklung, steigert den Ertrag und verbessert die allgemeine Fruchtqualit\u00e4t und ist damit ideal f\u00fcr Kulturen mit hohem Kaliumbedarf.<\/span><\/li>\n<li><span style=\"font-size: 18px;\"><strong>Optimale N\u00e4hrstoffabsorption:<\/strong> Ein saurer pH-Wert von 6 und ein niedriger EC-Wert verbessern die N\u00e4hrstoffaufnahme, was besonders auf salzhaltigen B\u00f6den von Vorteil ist.<\/span><\/li>\n<li><span style=\"font-size: 18px;\"><strong>Drei Stickstoff-Formen:<\/strong> Stickstoff wird als Nitrat, Ammonium und Amin bereitgestellt, was eine gleichm\u00e4\u00dfige und effektive N\u00e4hrstoffzufuhr gew\u00e4hrleistet.<\/span><\/li>\n<li><span style=\"font-size: 18px;\"><strong>Stabilisierte Kalium-Quellen:<\/strong> Kalium bleibt im Boden stabil, verhindert N\u00e4hrstoffkonkurrenz und erm\u00f6glicht eine effektive Aufnahme.<\/span><\/li>\n<li><span style=\"font-size: 18px;\"><strong>Vielseitige Anwendung:<\/strong> Die l\u00f6sliche Zusammensetzung ist ideal f\u00fcr verschiedene Bew\u00e4sserungssysteme und deckt den Bedarf von Gem\u00fcse, Obstb\u00e4umen, Feldfr\u00fcchten und Pflanzen mit hohem Kaliumbedarf.<\/span><\/li>\n<\/ul>\n<h3 class=\"translation-block\"><span style=\"font-size: 18px\">Chemische Zusammensetzung<\/span><\/h3>\n<ul>\n<li><span style=\"font-size: 18px;\"><strong>Stickstoff (N 15%)<\/strong><\/span><\/li>\n<li><span style=\"font-size: 18px;\"><strong>Phosphor (P\u2082O\u2085 15%)<\/strong><\/span><\/li>\n<li><span style=\"font-size: 18px;\"><strong>Kalium (K\u2082O 30%)<\/strong><\/span><\/li>\n<li><span style=\"font-size: 18px;\"><strong>Eisen (Fe) - EDTA-Zitronens\u00e4ure-chelatiert<\/strong><\/span><\/li>\n<li><span style=\"font-size: 18px;\"><strong>Zink (Zn) - EDTA-Zitronens\u00e4ure-chelatiert<\/strong><\/span><\/li>\n<li><span style=\"font-size: 18px;\"><strong>Mangan (Mn) - EDTA-Zitronens\u00e4ure-chelatiert<\/strong><\/span><\/li>\n<li><span style=\"font-size: 18px;\"><strong>Kupfer (Cu) - EDTA-Zitronens\u00e4ure-chelatiert<\/strong><\/span><\/li>\n<li><span style=\"font-size: 18px;\"><strong>Bor (B)<\/strong><\/span><\/li>\n<\/ul>\n<p><span style=\"font-size: 18px;\"><strong>Zus\u00e4tzliche Zusatzstoffe:<\/strong> Riboflavin, Pyridoxin, Nicotinamid, Thiamin und organische S\u00e4uren.<\/span><\/p>\n<p><span style=\"font-size: 18px;\"><strong>Frei von Chlorid (Cl)<\/strong><\/span><\/p>\n<h3>Ideale Anwendung<\/h3>\n<p><span style=\"font-size: 18px;\"><strong>Geeignete Kulturpflanzen:<\/strong><\/span><\/p>\n<ul>\n<li><span style=\"font-size: 18px;\">Gew\u00e4chshaus- und Freilandgem\u00fcse.<\/span><\/li>\n<li><span style=\"font-size: 14pt;\">Feldfr\u00fcchte.<\/span><\/li>\n<li><span style=\"font-size: 18px;\">Obstb\u00e4ume.<\/span><\/li>\n<li><span style=\"font-size: 14pt;\">Zierpflanzen.<\/span><\/li>\n<\/ul>\n<h3 data-start=\"139\" data-end=\"173\">Anwendungsrate<\/h3>\n<h4 data-start=\"139\" data-end=\"173\"><strong data-start=\"145\" data-end=\"171\">Freilandgem\u00fcse:<\/strong><\/h4>\n<p><span style=\"font-size: 14pt;\">1,5-2 kg \/ 1000 m\u00b2, 3-4 Mal pro Woche.<\/span><\/p>\n<h4 data-start=\"319\" data-end=\"343\"><strong data-start=\"325\" data-end=\"341\">Obstb\u00e4ume:<\/strong><\/h4>\n<p data-start=\"346\" data-end=\"497\"><span style=\"font-size: 14pt;\">0,5-1 kg \/ 1000 m\u00b2, 3-4 mal pro Woche nach Beginn der Fruchtbildung und w\u00e4hrend der Fruchtreife.<\/span><\/p>\n<h3>Verpackung<\/h3>\n<ul>\n<li><span style=\"font-size: 18px;\"><strong>25-kg-Sack.<\/strong><\/span><\/li>\n<\/ul>\n<p><img loading=\"lazy\" decoding=\"async\" class=\"alignnone size-medium wp-image-17262\" src=\"https:\/\/alqawafel.com\/wp-content\/uploads\/2024\/11\/Growth-Logo-15-15-30T.E-300x300.webp\" alt=\"Wachstum 15-15-30+T.E. \" width=\"300\" height=\"300\" srcset=\"https:\/\/alqawafel.com\/wp-content\/uploads\/2024\/11\/Growth-Logo-15-15-30T.E-300x300.webp 300w, https:\/\/alqawafel.com\/wp-content\/uploads\/2024\/11\/Growth-Logo-15-15-30T.E-150x150.webp 150w, https:\/\/alqawafel.com\/wp-content\/uploads\/2024\/11\/Growth-Logo-15-15-30T.E-768x768.webp 768w, https:\/\/alqawafel.com\/wp-content\/uploads\/2024\/11\/Growth-Logo-15-15-30T.E.webp 1000w\" sizes=\"auto, (max-width: 300px) 100vw, 300px\" \/><\/p>","protected":false},"excerpt":{"rendered":"<p><span style=\"font-size: 18px;\">Growth 15-15-30+T.E. Fertilizer ist ein kaliumreicher, l\u00f6slicher Mehrn\u00e4hrstoffd\u00fcnger, der mit essentiellen N\u00e4hrstoffen angereichert ist und sich ideal zur F\u00f6rderung des Pflanzenwachstums eignet.<\/span><\/p>","protected":false},"featured_media":17262,"comment_status":"open","ping_status":"closed","template":"","meta":{"om_disable_all_campaigns":false,"_monsterinsights_skip_tracking":false,"_monsterinsights_sitenote_active":false,"_monsterinsights_sitenote_note":"","_monsterinsights_sitenote_category":0},"product_brand":[2213],"product_cat":[50,2131],"product_tag":[866,463,1067,1065,881,1066,887],"class_list":{"0":"post-10153","1":"product","2":"type-product","3":"status-publish","4":"has-post-thumbnail","6":"product_brand-growth","7":"product_cat-fertilizers","8":"product_cat-water-soluble-fertilizers","9":"product_tag-al-qawafel-ind-agr-co","10":"product_tag-fertilizer","11":"product_tag-fruit-quality-enhancement","12":"product_tag-growth-15-15-30t-e","13":"product_tag-high-potassium","14":"product_tag-nutrient-balanced","15":"product_tag-versatile-application","17":"first","18":"instock","19":"shipping-taxable","20":"product-type-simple"},"aioseo_notices":[],"_links":{"self":[{"href":"https:\/\/alqawafel.com\/de\/wp-json\/wp\/v2\/product\/10153","targetHints":{"allow":["GET"]}}],"collection":[{"href":"https:\/\/alqawafel.com\/de\/wp-json\/wp\/v2\/product"}],"about":[{"href":"https:\/\/alqawafel.com\/de\/wp-json\/wp\/v2\/types\/product"}],"replies":[{"embeddable":true,"href":"https:\/\/alqawafel.com\/de\/wp-json\/wp\/v2\/comments?post=10153"}],"version-history":[{"count":7,"href":"https:\/\/alqawafel.com\/de\/wp-json\/wp\/v2\/product\/10153\/revisions"}],"predecessor-version":[{"id":19325,"href":"https:\/\/alqawafel.com\/de\/wp-json\/wp\/v2\/product\/10153\/revisions\/19325"}],"wp:featuredmedia":[{"embeddable":true,"href":"https:\/\/alqawafel.com\/de\/wp-json\/wp\/v2\/media\/17262"}],"wp:attachment":[{"href":"https:\/\/alqawafel.com\/de\/wp-json\/wp\/v2\/media?parent=10153"}],"wp:term":[{"taxonomy":"product_brand","embeddable":true,"href":"https:\/\/alqawafel.com\/de\/wp-json\/wp\/v2\/product_brand?post=10153"},{"taxonomy":"product_cat","embeddable":true,"href":"https:\/\/alqawafel.com\/de\/wp-json\/wp\/v2\/product_cat?post=10153"},{"taxonomy":"product_tag","embeddable":true,"href":"https:\/\/alqawafel.com\/de\/wp-json\/wp\/v2\/product_tag?post=10153"}],"curies":[{"name":"wp","href":"https:\/\/api.w.org\/{rel}","templated":true}]}}