{"id":10164,"date":"2024-11-14T11:14:44","date_gmt":"2024-11-14T11:14:44","guid":{"rendered":"https:\/\/alqawafel.com\/?post_type=product&#038;p=10164"},"modified":"2025-07-09T08:28:51","modified_gmt":"2025-07-09T08:28:51","slug":"wachstum-12-36-12t-e-dunger","status":"publish","type":"product","link":"https:\/\/alqawafel.com\/de\/product\/growth-12-36-12t-e-fertilizer\/","title":{"rendered":"Wachstum 12-36-12+T.E. D\u00fcngemittel"},"content":{"rendered":"<h3 class=\"translation-block\">Warum Wachstum 12-36-12+T.E.<strong> <\/strong>D\u00fcnger w\u00e4hlen?<\/h3>\n<p><span style=\"font-size: 18px;\">Wachstum 12-36-12+T.E. <\/span><span style=\"font-size: 18px;\">ist ein fortschrittlicher, phosphorreicher Mehrn\u00e4hrstoffd\u00fcnger zur Unterst\u00fctzung des Wachstums in der fr\u00fchen Phase, der Wurzelentwicklung und der Bl\u00fcte bei verschiedenen Pflanzenarten. Angereichert mit Stickstoff, Kalium, Schwefel, Magnesium, Spurenelementen und lebenswichtigen Vitaminen, f\u00f6rdert diese einzigartige Zusammensetzung das Wachstum, die Gesundheit und den Ertrag der Pflanzen. Der ausgewogene pH-Wert und der niedrige EC-Wert des D\u00fcngers machen ihn ideal f\u00fcr salzhaltige B\u00f6den und gew\u00e4hrleisten eine optimale N\u00e4hrstoffverf\u00fcgbarkeit und -aufnahme.<\/span><\/p>\n<h3 class=\"translation-block\">Die wichtigsten Vorteile von Growth 12-36-12+T.E.<strong> <\/strong>D\u00fcnger<\/h3>\n<ul>\n<li><span style=\"font-size: 18px;\"><strong>Hoher Phosphorgehalt:<\/strong> Unterst\u00fctzt die Wurzelentwicklung, die Bl\u00fcte und das Wachstum in der Fr\u00fchphase, was besonders in den ersten Phasen der Pflanzenentwicklung von Vorteil ist.<\/span><\/li>\n<li><span style=\"font-size: 18px;\"><strong>Verbesserte N\u00e4hrstoffabsorption:<\/strong> H\u00e4lt einen sauren pH-Wert von 6 und einen niedrigen EC-Wert aufrecht, was die N\u00e4hrstoffaufnahme verbessert, insbesondere in B\u00f6den mit hohem Salzgehalt.<\/span><\/li>\n<li><span style=\"font-size: 18px;\"><strong>Ausgewogene Stickstoff-Formen:<\/strong> Enth\u00e4lt Nitrat-, Ammonium- und Aminformen f\u00fcr eine effektive Stickstoffversorgung und Pflanzengesundheit.<\/span><\/li>\n<li><span style=\"font-size: 18px;\"><strong>Lang anhaltende Kaliumstabilit\u00e4t:<\/strong> Kalium bleibt im Boden stabil und ist somit st\u00e4ndig verf\u00fcgbar und unterst\u00fctzt ein ausgewogenes Wachstum.<\/span><\/li>\n<li><span style=\"font-size: 18px;\"><strong>Vielseitige Anwendung:<\/strong> Es ist gut l\u00f6slich und f\u00fcr verschiedene Bew\u00e4sserungssysteme geeignet, so dass es f\u00fcr eine Vielzahl von Kulturen, einschlie\u00dflich Gem\u00fcse, Obstb\u00e4ume und Feldfr\u00fcchte, eingesetzt werden kann.<\/span><\/li>\n<\/ul>\n<h3 class=\"translation-block\"><span style=\"font-size: 18px\">Chemische Zusammensetzung<\/span><\/h3>\n<ul>\n<li><span style=\"font-size: 18px;\"><strong>Stickstoff (N 12%)<\/strong><\/span><\/li>\n<li><span style=\"font-size: 18px;\"><strong>Phosphor (P\u2082O\u2085 36%)<\/strong><\/span><\/li>\n<li><span style=\"font-size: 18px;\"><strong>Kalium (K\u2082O 12%)<\/strong><\/span><\/li>\n<li><span style=\"font-size: 18px;\"><strong>Magnesium (MgO)<\/strong><\/span><\/li>\n<li><span style=\"font-size: 18px;\"><strong>Eisen (Fe) - EDTA-Zitronens\u00e4ure-chelatiert<\/strong><\/span><\/li>\n<li><span style=\"font-size: 18px;\"><strong>Zink (Zn) - EDTA-Zitronens\u00e4ure-chelatiert<\/strong><\/span><\/li>\n<li><span style=\"font-size: 18px;\"><strong>Mangan (Mn) - EDTA-Zitronens\u00e4ure-chelatiert<\/strong><\/span><\/li>\n<li><span style=\"font-size: 18px;\"><strong>Kupfer (Cu) - EDTA-Zitronens\u00e4ure-chelatiert<\/strong><\/span><\/li>\n<li><span style=\"font-size: 18px;\"><strong>Bor (B)<\/strong><\/span><\/li>\n<\/ul>\n<p><span style=\"font-size: 18px;\"><strong>Zus\u00e4tzliche Zusatzstoffe:<\/strong> Riboflavin, Pyridoxin, Nicotinamid, Thiamin und organische S\u00e4uren.<\/span><\/p>\n<p><span style=\"font-size: 18px;\"><strong>Frei von Chlorid (Cl)<\/strong><\/span><\/p>\n<h3>Ideale Anwendung<\/h3>\n<p><span style=\"font-size: 18px;\"><strong>Geeignete Kulturpflanzen:<\/strong><\/span><\/p>\n<ul>\n<li><span style=\"font-size: 18px;\">Gew\u00e4chshaus- und Freilandgem\u00fcse.<\/span><\/li>\n<li><span style=\"font-size: 14pt;\">Feldfr\u00fcchte.<\/span><\/li>\n<li><span style=\"font-size: 18px;\">Obstb\u00e4ume.<\/span><\/li>\n<li><span style=\"font-size: 14pt;\">Zierpflanzen.<\/span><\/li>\n<\/ul>\n<h3 data-start=\"139\" data-end=\"173\">Anwendungsrate<\/h3>\n<h4 data-start=\"139\" data-end=\"173\"><strong data-start=\"145\" data-end=\"171\">Freilandgem\u00fcse:<\/strong><\/h4>\n<p><span style=\"font-size: 14pt;\">1,5-2 kg \/ 1000 m\u00b2, 3-4 Mal pro Woche.<\/span><\/p>\n<h4 data-start=\"319\" data-end=\"343\"><strong data-start=\"325\" data-end=\"341\">Obstb\u00e4ume:<\/strong><\/h4>\n<p data-start=\"346\" data-end=\"497\"><span style=\"font-size: 14pt;\">0,5-1 kg \/ 1000 m\u00b2, 3-4 mal pro Woche nach Beginn der Fruchtbildung und w\u00e4hrend der Fruchtreife.<\/span><\/p>\n<h3>Verpackung<\/h3>\n<ul>\n<li><span style=\"font-size: 18px;\"><strong>25-kg-Sack.<\/strong><\/span><\/li>\n<\/ul>\n<p><img loading=\"lazy\" decoding=\"async\" class=\"alignnone size-medium wp-image-17238\" src=\"https:\/\/alqawafel.com\/wp-content\/uploads\/2024\/11\/Growth-Logo-12-36-12T.E-300x300.webp\" alt=\"Wachstum 12-36-12+T.E. \" width=\"300\" height=\"300\" srcset=\"https:\/\/alqawafel.com\/wp-content\/uploads\/2024\/11\/Growth-Logo-12-36-12T.E-300x300.webp 300w, https:\/\/alqawafel.com\/wp-content\/uploads\/2024\/11\/Growth-Logo-12-36-12T.E-150x150.webp 150w, https:\/\/alqawafel.com\/wp-content\/uploads\/2024\/11\/Growth-Logo-12-36-12T.E-768x768.webp 768w, https:\/\/alqawafel.com\/wp-content\/uploads\/2024\/11\/Growth-Logo-12-36-12T.E.webp 1000w\" sizes=\"auto, (max-width: 300px) 100vw, 300px\" \/><\/p>","protected":false},"excerpt":{"rendered":"<p class=\"translation-block\"><span style=\"font-size: 18px\">Growth 12-36-12+T.E. ist ein fortschrittlicher <span style=\"color: #333333\">l\u00f6slicher D\u00fcnger mit hohem Phosphorgehalt, der zur F\u00f6rderung des Pflanzenwachstums im Fr\u00fchstadium entwickelt wurde.<\/span><\/span><\/p>","protected":false},"featured_media":17238,"comment_status":"open","ping_status":"closed","template":"","meta":{"om_disable_all_campaigns":false,"_monsterinsights_skip_tracking":false,"_monsterinsights_sitenote_active":false,"_monsterinsights_sitenote_note":"","_monsterinsights_sitenote_category":0},"product_brand":[2213],"product_cat":[50,2131],"product_tag":[866,1075,463,1076,1074,877,1010],"class_list":{"0":"post-10164","1":"product","2":"type-product","3":"status-publish","4":"has-post-thumbnail","6":"product_brand-growth","7":"product_cat-fertilizers","8":"product_cat-water-soluble-fertilizers","9":"product_tag-al-qawafel-ind-agr-co","10":"product_tag-early-growth-support","11":"product_tag-fertilizer","12":"product_tag-flowering","13":"product_tag-growth-12-36-120-25mgot-e","14":"product_tag-high-phosphorus","15":"product_tag-root-development","17":"first","18":"instock","19":"shipping-taxable","20":"product-type-simple"},"aioseo_notices":[],"_links":{"self":[{"href":"https:\/\/alqawafel.com\/de\/wp-json\/wp\/v2\/product\/10164","targetHints":{"allow":["GET"]}}],"collection":[{"href":"https:\/\/alqawafel.com\/de\/wp-json\/wp\/v2\/product"}],"about":[{"href":"https:\/\/alqawafel.com\/de\/wp-json\/wp\/v2\/types\/product"}],"replies":[{"embeddable":true,"href":"https:\/\/alqawafel.com\/de\/wp-json\/wp\/v2\/comments?post=10164"}],"version-history":[{"count":7,"href":"https:\/\/alqawafel.com\/de\/wp-json\/wp\/v2\/product\/10164\/revisions"}],"predecessor-version":[{"id":19321,"href":"https:\/\/alqawafel.com\/de\/wp-json\/wp\/v2\/product\/10164\/revisions\/19321"}],"wp:featuredmedia":[{"embeddable":true,"href":"https:\/\/alqawafel.com\/de\/wp-json\/wp\/v2\/media\/17238"}],"wp:attachment":[{"href":"https:\/\/alqawafel.com\/de\/wp-json\/wp\/v2\/media?parent=10164"}],"wp:term":[{"taxonomy":"product_brand","embeddable":true,"href":"https:\/\/alqawafel.com\/de\/wp-json\/wp\/v2\/product_brand?post=10164"},{"taxonomy":"product_cat","embeddable":true,"href":"https:\/\/alqawafel.com\/de\/wp-json\/wp\/v2\/product_cat?post=10164"},{"taxonomy":"product_tag","embeddable":true,"href":"https:\/\/alqawafel.com\/de\/wp-json\/wp\/v2\/product_tag?post=10164"}],"curies":[{"name":"wp","href":"https:\/\/api.w.org\/{rel}","templated":true}]}}