{"id":10173,"date":"2024-11-16T06:51:16","date_gmt":"2024-11-16T06:51:16","guid":{"rendered":"https:\/\/alqawafel.com\/?post_type=product&#038;p=10173"},"modified":"2025-07-09T08:28:39","modified_gmt":"2025-07-09T08:28:39","slug":"wachstum-15-30-15t-e-dunger","status":"publish","type":"product","link":"https:\/\/alqawafel.com\/de\/product\/growth-15-30-15t-e-fertilizer\/","title":{"rendered":"Wachstum 15-30-15+T.E. D\u00fcngemittel"},"content":{"rendered":"<h3>Warum Wachstumsd\u00fcnger 15-30-15+T.E. w\u00e4hlen?<\/h3>\n<p><span style=\"font-size: 18px;\">Wachstum 15-30-15+T.E. <span style=\"color: #333333;\">ist ein phosphorreicher Mehrn\u00e4hrstoffd\u00fcnger, der mit Kalium, Stickstoff, Schwefel, Magnesium, Spurenelementen und wichtigen Vitaminen angereichert ist. Dieser D\u00fcnger wurde f\u00fcr eine optimale N\u00e4hrstoffaufnahme entwickelt und unterst\u00fctzt robuste Wurzelsysteme, verbessert die Bl\u00fcte, das Wachstum in der Fr\u00fchphase und die Fruchtqualit\u00e4t. Sein saurer pH-Wert und seine niedrige elektrische Leitf\u00e4higkeit machen ihn geeignet f\u00fcr B\u00f6den mit hohem Salzgehalt und verschiedene Bew\u00e4sserungssysteme.<\/span><\/span><\/p>\n<h3>Wichtigste Vorteile<\/h3>\n<ul>\n<li><span style=\"font-size: 18px;\"><strong>Hoher Phosphorgehalt:<\/strong> Liefert essentiellen Phosphor f\u00fcr das fr\u00fche Wachstum, die Wurzelentwicklung, die Verbesserung der Bl\u00fcte und des Fruchtansatzes sowie f\u00fcr h\u00f6here Ertr\u00e4ge.<\/span><\/li>\n<li><span style=\"font-size: 18px;\"><strong>Ausgewogene Stickstoffquellen:<\/strong> Bietet Nitrat (NO3), Ammonium (NH4) und Amin (NH2) f\u00fcr eine kontinuierliche und ausgewogene Pflanzenern\u00e4hrung zur F\u00f6rderung des vegetativen Wachstums.<\/span><\/li>\n<li><span style=\"font-size: 18px;\"><strong>Stabiles Kalium Formel:<\/strong> Enth\u00e4lt mehrere reine Kaliumquellen zur Gew\u00e4hrleistung einer lang anhaltenden Bodenstabilit\u00e4t und N\u00e4hrstoffverf\u00fcgbarkeit.<\/span><\/li>\n<li><span style=\"font-size: 18px;\"><strong>Saurer pH-Wert f\u00fcr bessere Absorption:<\/strong> H\u00e4lt einen idealen pH-Wert von ca. 6 f\u00fcr eine verbesserte N\u00e4hrstoffaufnahme in verschiedenen Bodenverh\u00e4ltnissen.<\/span><\/li>\n<li><span style=\"font-size: 18px;\"><strong>Vielseitige Anwendung:<\/strong> Aufgrund seiner hohen L\u00f6slichkeit und effizienten Absorptionseigenschaften f\u00fcr verschiedene Kulturen und Bew\u00e4sserungssysteme geeignet.<\/span><\/li>\n<\/ul>\n<h3 class=\"translation-block\"><span style=\"font-size: 18px\">Chemische Zusammensetzung<\/span><\/h3>\n<ul>\n<li><span style=\"font-size: 18px;\">Stickstoff (N 15%)<\/span><\/li>\n<li><span style=\"font-size: 18px;\">Phosphor (P\u2082O\u2085 30%)<\/span><\/li>\n<li><span style=\"font-size: 18px;\">Kalium (K\u2082O 15%)<\/span><\/li>\n<li><span style=\"font-size: 18px;\">Magnesium (MgO)<\/span><\/li>\n<li><span style=\"font-size: 18px;\">Eisen (Fe) - EDTA-Zitronens\u00e4ure-chelatiert<\/span><\/li>\n<li><span style=\"font-size: 18px;\">Zink (Zn) - EDTA-Zitronens\u00e4ure-chelatiert<\/span><\/li>\n<li><span style=\"font-size: 18px;\">Mangan (Mn) - EDTA-Zitronens\u00e4ure-chelatiert<\/span><\/li>\n<li><span style=\"font-size: 18px;\">Kupfer (Cu) - EDTA-Zitronens\u00e4ure-chelatiert<\/span><\/li>\n<li><span style=\"font-size: 18px;\">Bor (B)<\/span><\/li>\n<\/ul>\n<p><span style=\"font-size: 18px;\"><strong>Zus\u00e4tzliche Zusatzstoffe:<\/strong> Riboflavin, Pyridoxin, Nicotinamid, Thiamin und organische S\u00e4uren.<\/span><\/p>\n<p><span style=\"font-size: 18px;\"><strong>Frei von Chlorid (Cl)<\/strong><\/span><\/p>\n<h3>Ideale Anwendung des Wachstumsd\u00fcngers 15-30-15+T.E.<\/h3>\n<ul>\n<li><span style=\"font-size: 18px;\"><strong>Geeignete Kulturpflanzen:<\/strong><\/span>\n<ul>\n<li><span style=\"font-size: 18px;\">Gew\u00e4chshaus- und Freilandgem\u00fcse.<\/span><\/li>\n<li><span style=\"font-size: 14pt;\">Feldfr\u00fcchte.<\/span><\/li>\n<li><span style=\"font-size: 18px;\">Obstb\u00e4ume.<\/span><\/li>\n<li><span style=\"font-size: 14pt;\">Zierpflanzen.<\/span><\/li>\n<\/ul>\n<h3 data-start=\"139\" data-end=\"173\">Anwendungsrate<\/h3>\n<h4 data-start=\"139\" data-end=\"173\"><strong data-start=\"145\" data-end=\"171\">Freilandgem\u00fcse:<\/strong><\/h4>\n<p><span style=\"font-size: 14pt;\">1,5-2 kg \/ 1000 m\u00b2, 3-4 Mal pro Woche.<\/span><\/p>\n<h4 data-start=\"319\" data-end=\"343\"><strong data-start=\"325\" data-end=\"341\">Obstb\u00e4ume:<\/strong><\/h4>\n<p data-start=\"346\" data-end=\"497\"><span style=\"font-size: 14pt;\">0,5-1 kg \/ 1000 m\u00b2, 3-4 mal pro Woche nach Beginn der Fruchtbildung und w\u00e4hrend der Fruchtreife.<\/span><\/p>\n<\/li>\n<\/ul>\n<h3>Verpackung<\/h3>\n<ul>\n<li><span style=\"font-size: 18px;\"><strong>25-kg-S\u00e4cke<\/strong><\/span><\/li>\n<\/ul>\n<p><img loading=\"lazy\" decoding=\"async\" class=\"alignnone size-medium wp-image-17226\" src=\"https:\/\/alqawafel.com\/wp-content\/uploads\/2024\/11\/Growth-Logo-15-30-15T.E-300x300.webp\" alt=\"Wachstum 15-30-15+T.E. \" width=\"300\" height=\"300\" srcset=\"https:\/\/alqawafel.com\/wp-content\/uploads\/2024\/11\/Growth-Logo-15-30-15T.E-300x300.webp 300w, https:\/\/alqawafel.com\/wp-content\/uploads\/2024\/11\/Growth-Logo-15-30-15T.E-150x150.webp 150w, https:\/\/alqawafel.com\/wp-content\/uploads\/2024\/11\/Growth-Logo-15-30-15T.E-768x768.webp 768w, https:\/\/alqawafel.com\/wp-content\/uploads\/2024\/11\/Growth-Logo-15-30-15T.E.webp 1000w\" sizes=\"auto, (max-width: 300px) 100vw, 300px\" \/><\/p>","protected":false},"excerpt":{"rendered":"<p><span style=\"font-size: 18px;\">Growth 15-30-15+T.E. ist eine phosphorreiche Formel, die ideal f\u00fcr fr\u00fches Wachstum, Wurzelentwicklung und verbesserte Pflanzenqualit\u00e4t ist.<\/span><\/p>","protected":false},"featured_media":17226,"comment_status":"open","ping_status":"closed","template":"","meta":{"om_disable_all_campaigns":false,"_monsterinsights_skip_tracking":false,"_monsterinsights_sitenote_active":false,"_monsterinsights_sitenote_note":"","_monsterinsights_sitenote_category":0},"product_brand":[2213],"product_cat":[50,2131],"product_tag":[1077,866,463,877,1078,1010,1079],"class_list":{"0":"post-10173","1":"product","2":"type-product","3":"status-publish","4":"has-post-thumbnail","6":"product_brand-growth","7":"product_cat-fertilizers","8":"product_cat-water-soluble-fertilizers","9":"product_tag-acidic-ph","10":"product_tag-al-qawafel-ind-agr-co","11":"product_tag-fertilizer","12":"product_tag-high-phosphorus","13":"product_tag-nutrienta-bsorption","14":"product_tag-root-development","15":"product_tag-trace-elements","17":"first","18":"instock","19":"shipping-taxable","20":"product-type-simple"},"aioseo_notices":[],"_links":{"self":[{"href":"https:\/\/alqawafel.com\/de\/wp-json\/wp\/v2\/product\/10173","targetHints":{"allow":["GET"]}}],"collection":[{"href":"https:\/\/alqawafel.com\/de\/wp-json\/wp\/v2\/product"}],"about":[{"href":"https:\/\/alqawafel.com\/de\/wp-json\/wp\/v2\/types\/product"}],"replies":[{"embeddable":true,"href":"https:\/\/alqawafel.com\/de\/wp-json\/wp\/v2\/comments?post=10173"}],"version-history":[{"count":7,"href":"https:\/\/alqawafel.com\/de\/wp-json\/wp\/v2\/product\/10173\/revisions"}],"predecessor-version":[{"id":19319,"href":"https:\/\/alqawafel.com\/de\/wp-json\/wp\/v2\/product\/10173\/revisions\/19319"}],"wp:featuredmedia":[{"embeddable":true,"href":"https:\/\/alqawafel.com\/de\/wp-json\/wp\/v2\/media\/17226"}],"wp:attachment":[{"href":"https:\/\/alqawafel.com\/de\/wp-json\/wp\/v2\/media?parent=10173"}],"wp:term":[{"taxonomy":"product_brand","embeddable":true,"href":"https:\/\/alqawafel.com\/de\/wp-json\/wp\/v2\/product_brand?post=10173"},{"taxonomy":"product_cat","embeddable":true,"href":"https:\/\/alqawafel.com\/de\/wp-json\/wp\/v2\/product_cat?post=10173"},{"taxonomy":"product_tag","embeddable":true,"href":"https:\/\/alqawafel.com\/de\/wp-json\/wp\/v2\/product_tag?post=10173"}],"curies":[{"name":"wp","href":"https:\/\/api.w.org\/{rel}","templated":true}]}}