{"id":10258,"date":"2024-11-16T12:12:45","date_gmt":"2024-11-16T12:12:45","guid":{"rendered":"https:\/\/alqawafel.com\/?post_type=product&#038;p=10258"},"modified":"2025-04-28T08:25:59","modified_gmt":"2025-04-28T08:25:59","slug":"gurke-qsc-105-f1","status":"publish","type":"product","link":"https:\/\/alqawafel.com\/de\/product\/cucumber-qsc-105-f1\/","title":{"rendered":"Salatgurke QSC-105 F1"},"content":{"rendered":"<p><span style=\"font-size: 18px\">Gurke QSC-105 F1, Eine ertragreiche Beita-alpha Gew\u00e4chshausgurke, die sich ideal f\u00fcr warme Klimazonen eignet und einheitliche 17-19 cm gro\u00dfe Fr\u00fcchte mit hervorragender Toleranz und Wuchskraft produziert.<\/span><\/p>\n<table>\n<thead>\n<tr>\n<td><span style=\"font-size: 18px\"><strong>Attribut<\/strong><\/span><\/td>\n<td><span style=\"font-size: 18px\"><strong>Einzelheiten<\/strong><\/span><\/td>\n<\/tr>\n<\/thead>\n<tbody>\n<tr>\n<td><span style=\"font-size: 18px\"><strong>Produktname<\/strong><\/span><\/td>\n<td><span style=\"font-size: 18px\">Salatgurke QSC-105 F1<\/span><\/td>\n<\/tr>\n<tr>\n<td><span style=\"font-size: 18px\"><strong>Typ<\/strong><\/span><\/td>\n<td><span style=\"font-size: 18px\">Beita-Alpha-Gew\u00e4chshaus<\/span><\/td>\n<\/tr>\n<tr>\n<td><span style=\"font-size: 18px\"><strong>Fruchtsatz Stil<\/strong><\/span><\/td>\n<td><span style=\"font-size: 18px\">Mehrfr\u00fcchtig, 3-4 Fr\u00fcchte pro Knoten<\/span><\/td>\n<\/tr>\n<tr>\n<td><span style=\"font-size: 18px\"><strong>Saison<\/strong><\/span><\/td>\n<td><span style=\"font-size: 18px\">Sommer, geeignet f\u00fcr hohe bis mittlere Temperaturen<\/span><\/td>\n<\/tr>\n<tr>\n<td><span style=\"font-size: 18px\"><strong>Kr\u00e4ftiges Wachstum<\/strong><\/span><\/td>\n<td><span style=\"font-size: 18px\">Kr\u00e4ftige Pflanze mit mittelgro\u00dfen, mittelgr\u00fcnen Bl\u00e4ttern<\/span><\/td>\n<\/tr>\n<tr>\n<td><span style=\"font-size: 18px\"><strong>Merkmale der Fr\u00fcchte<\/strong><\/span><\/td>\n<td><span style=\"font-size: 18px\">Dunkel- bis mittelgr\u00fcne Fr\u00fcchte mit guten Rippen, 17-19 cm L\u00e4nge, hoher Gleichm\u00e4\u00dfigkeit und hoher Produktion<\/span><\/td>\n<\/tr>\n<tr>\n<td><span style=\"font-size: 18px\"><strong>Vertr\u00e4glichkeit (IR)<\/strong><\/span><\/td>\n<td><span style=\"font-size: 18px\">PM (Echter Mehltau), ZYMV (Zucchini Yellow Mosaic Virus), CMV (Cucumber Mosaic Virus), CVYV (Cucumber Vein Yellowing Virus)<\/span><\/td>\n<\/tr>\n<\/tbody>\n<\/table>\n<p><img loading=\"lazy\" decoding=\"async\" class=\"alignnone size-medium wp-image-10312\" src=\"https:\/\/alqawafel.com\/wp-content\/uploads\/2024\/11\/105-1-225x300.jpg\" alt=\"Salatgurke QSC-105 F1\" width=\"225\" height=\"300\" srcset=\"https:\/\/alqawafel.com\/wp-content\/uploads\/2024\/11\/105-1-225x300.jpg 225w, https:\/\/alqawafel.com\/wp-content\/uploads\/2024\/11\/105-1-150x200.jpg 150w, https:\/\/alqawafel.com\/wp-content\/uploads\/2024\/11\/105-1.jpg 741w\" sizes=\"auto, (max-width: 225px) 100vw, 225px\" \/><\/p>\n<p>&nbsp;<\/p>\n<p><a title=\"Zur\u00fcck zu Saatgut\" href=\"https:\/\/alqawafel.com\/de\/samen\/\">Zur\u00fcck zu Saatgut<\/a><\/p>\n<p><a title=\"Facebook\" href=\"https:\/\/alqawafel.com\/de\/facebook\/\" target=\"_blank\" rel=\"noopener\">Facebook<\/a><\/p>\n<p><a title=\"Linkedin\" href=\"https:\/\/www.linkedin.com\/company\/alqawafel-ind-agr-co\/\" target=\"_blank\" rel=\"noopener\">Linkedin<\/a><\/p>","protected":false},"excerpt":{"rendered":"<p><span style=\"font-size: 18px\">Salatgurke QSC-105 F1: Eine robuste Sorte mit dunkelgr\u00fcnen Fr\u00fcchten, 17-19 cm L\u00e4nge, hoher Uniformit\u00e4t und Toleranz gegen\u00fcber PM, ZYMV, CMV und CVYV.<\/span><\/p>","protected":false},"featured_media":10312,"comment_status":"open","ping_status":"closed","template":"","meta":{"om_disable_all_campaigns":false,"_monsterinsights_skip_tracking":false,"_monsterinsights_sitenote_active":false,"_monsterinsights_sitenote_note":"","_monsterinsights_sitenote_category":0},"product_brand":[],"product_cat":[827,237],"product_tag":[866,1097,1126,1098,1099,1101,1127],"class_list":{"0":"post-10258","1":"product","2":"type-product","3":"status-publish","4":"has-post-thumbnail","6":"product_cat-cucumber","7":"product_cat-seeds","8":"product_tag-al-qawafel-ind-agr-co","9":"product_tag-beita-alpha-cucumber","10":"product_tag-cucumber-qsc-105-f1","11":"product_tag-greenhouse-cucumber","12":"product_tag-high-yield-cucumber","13":"product_tag-seeds","14":"product_tag-warm-climate-cucumber","16":"first","17":"instock","18":"shipping-taxable","19":"product-type-simple"},"aioseo_notices":[],"_links":{"self":[{"href":"https:\/\/alqawafel.com\/de\/wp-json\/wp\/v2\/product\/10258","targetHints":{"allow":["GET"]}}],"collection":[{"href":"https:\/\/alqawafel.com\/de\/wp-json\/wp\/v2\/product"}],"about":[{"href":"https:\/\/alqawafel.com\/de\/wp-json\/wp\/v2\/types\/product"}],"replies":[{"embeddable":true,"href":"https:\/\/alqawafel.com\/de\/wp-json\/wp\/v2\/comments?post=10258"}],"version-history":[{"count":4,"href":"https:\/\/alqawafel.com\/de\/wp-json\/wp\/v2\/product\/10258\/revisions"}],"predecessor-version":[{"id":10311,"href":"https:\/\/alqawafel.com\/de\/wp-json\/wp\/v2\/product\/10258\/revisions\/10311"}],"wp:featuredmedia":[{"embeddable":true,"href":"https:\/\/alqawafel.com\/de\/wp-json\/wp\/v2\/media\/10312"}],"wp:attachment":[{"href":"https:\/\/alqawafel.com\/de\/wp-json\/wp\/v2\/media?parent=10258"}],"wp:term":[{"taxonomy":"product_brand","embeddable":true,"href":"https:\/\/alqawafel.com\/de\/wp-json\/wp\/v2\/product_brand?post=10258"},{"taxonomy":"product_cat","embeddable":true,"href":"https:\/\/alqawafel.com\/de\/wp-json\/wp\/v2\/product_cat?post=10258"},{"taxonomy":"product_tag","embeddable":true,"href":"https:\/\/alqawafel.com\/de\/wp-json\/wp\/v2\/product_tag?post=10258"}],"curies":[{"name":"wp","href":"https:\/\/api.w.org\/{rel}","templated":true}]}}