{"id":10280,"date":"2024-11-16T18:34:19","date_gmt":"2024-11-16T18:34:19","guid":{"rendered":"https:\/\/alqawafel.com\/?post_type=product&#038;p=10280"},"modified":"2025-09-11T08:31:37","modified_gmt":"2025-09-11T08:31:37","slug":"goldfel-24-ec","status":"publish","type":"product","link":"https:\/\/alqawafel.com\/de\/product\/goldfel-24-ec\/","title":{"rendered":"Goldfel 24% EC Herbizid"},"content":{"rendered":"<h3><strong>Warum Goldfel 24% EC?<\/strong><\/h3>\n<p><span style=\"font-size: 18px;\">Goldfel 24% EC ist ein selektives Kontaktherbizid, das speziell f\u00fcr die Bek\u00e4mpfung eines breiten Spektrums einj\u00e4hriger breitbl\u00e4ttriger und schmalbl\u00e4ttriger Unkr\u00e4uter entwickelt wurde. Der Wirkstoff Oxyfluorfen sorgt f\u00fcr eine wirksame Blattwirkung bei minimaler Wurzelabsorption und gew\u00e4hrleistet so eine pr\u00e4zise und gezielte Unkrautbek\u00e4mpfung ohne weitreichende Verlagerung innerhalb der Pflanze. Goldfel 24% EC ist ideal f\u00fcr die Unkrautbek\u00e4mpfung vor und nach der Aussaat und f\u00f6rdert ein gesundes Pflanzenwachstum, indem es die Konkurrenz durch invasive Unkr\u00e4uter minimiert.<\/span><\/p>\n<h3><strong>Identifizierung<\/strong><\/h3>\n<ul>\n<li><span style=\"font-size: 18px;\"><strong>Art der Formulierung:<\/strong> Emulgierbares Konzentrat (EC)<\/span><\/li>\n<li><span style=\"font-size: 18px;\"><strong>Aktiver Inhaltsstoff:<\/strong> Oxyfluorfen 24% (w\/v)<\/span><\/li>\n<li><span style=\"font-size: 18px;\"><strong>Chemische Gruppe:<\/strong> Diphenylether<\/span><\/li>\n<li><span style=\"font-size: 18px;\"><strong>Wirkungsweise:<\/strong> Selektives Kontaktherbizid, das haupts\u00e4chlich von Bl\u00e4ttern und Trieben aufgenommen wird<\/span><\/li>\n<\/ul>\n<h3><strong>Ideale Anwendung von <\/strong><strong>Goldfel 24% EC<\/strong><\/h3>\n<p><span style=\"font-size: 18px;\">Wirksam bei den folgenden Kulturen zur Bek\u00e4mpfung von einj\u00e4hrigen, breitbl\u00e4ttrigen Unkr\u00e4utern und Gr\u00e4sern:<\/span><\/p>\n<ul>\n<li><span style=\"font-size: 18px;\"><span style=\"font-size: 18px;\"><strong>Zwiebel:<\/strong> Kontrolliert <\/span><\/span><span style=\"font-size: 14pt;\">Zu den Pflanzen geh\u00f6ren Aufrechter Hahnensporn, Hahnenkamm, Distel, Stachelbeere, Bitterkresse, Malve, Vogelmiere, Amaranth (oder Pigweed), Wilder Salat, Hirtent\u00e4schel und Habichtskraut.<\/span><\/li>\n<li><span style=\"font-size: 14pt;\"><span style=\"font-size: 14pt;\"><strong>Knoblauch: <\/strong>Kontrolliert <\/span>Zu den Pflanzen geh\u00f6ren Aufrechter Hahnensporn, Hahnenkamm, Distel, Stachelbeere, Bitterkresse, Malve, Vogelmiere, Amaranth (oder Pigweed), Wilder Salat, Hirtent\u00e4schel und Habichtskraut.<\/span><\/li>\n<li><span style=\"font-size: 18px;\"><strong>Kohl, Blumenkohl, Brokkoli:<\/strong> <span style=\"font-size: 14pt;\">Kontrolliert\u00a0 <\/span>Hahnenkamm, Portulak und Pigweed (oder Amaranth)<\/span><\/li>\n<li><span style=\"font-size: 18px;\"><span style=\"font-size: 18px;\"><span style=\"font-size: 18px;\"><strong>Obstb\u00e4ume (Mandeln, \u00c4pfel, Zitrusfr\u00fcchte, usw.): <\/strong><span style=\"font-size: 14pt;\">Kontrolliert <\/span><\/span><\/span><\/span><span style=\"font-size: 14pt;\">\u00a0Hahnenkamm, Klee, Ackerkratzdistel, Brennnessel, Vogelmiere, Schweinegras (Amaranth), Bitterkresse, Hahnenfu\u00df, Malve, Vogelmiere, Amaranth, Feldsalat, Hirtent\u00e4schel und Habichtskraut.<\/span><\/li>\n<\/ul>\n<p><span style=\"font-size: 14pt;\">120-470 ml pro 200 l Wasser<\/span><\/p>\n<h3>Verpackung<\/h3>\n<ul>\n<li><span style=\"font-size: 18px;\"><strong>1 L<\/strong><\/span><\/li>\n<\/ul>\n<p><img loading=\"lazy\" decoding=\"async\" class=\"alignnone size-medium wp-image-18166\" src=\"https:\/\/alqawafel.com\/wp-content\/uploads\/2024\/11\/Gold-Fel-24-EC-LOGO-300x300.webp\" alt=\"Goldfel 24% EC Ein selektives Kontaktherbizid mit Oxyfluorfen zur Bek\u00e4mpfung von einj\u00e4hrigen breitbl\u00e4ttrigen Unkr\u00e4utern und Gr\u00e4sern in Kulturen wie Zwiebeln, Knoblauch und Obstb\u00e4umen.\" width=\"300\" height=\"300\" srcset=\"https:\/\/alqawafel.com\/wp-content\/uploads\/2024\/11\/Gold-Fel-24-EC-LOGO-300x300.webp 300w, https:\/\/alqawafel.com\/wp-content\/uploads\/2024\/11\/Gold-Fel-24-EC-LOGO-150x150.webp 150w, https:\/\/alqawafel.com\/wp-content\/uploads\/2024\/11\/Gold-Fel-24-EC-LOGO-768x768.webp 768w, https:\/\/alqawafel.com\/wp-content\/uploads\/2024\/11\/Gold-Fel-24-EC-LOGO.webp 1000w\" sizes=\"auto, (max-width: 300px) 100vw, 300px\" \/><\/p>\n<p>&nbsp;<\/p>","protected":false},"excerpt":{"rendered":"<p><span style=\"font-size: 18px;\">Goldfel 24% EC Ein selektives Kontaktherbizid mit Oxyfluorfen zur Bek\u00e4mpfung von einj\u00e4hrigen breitbl\u00e4ttrigen Unkr\u00e4utern und Gr\u00e4sern in Kulturen wie Zwiebeln, Knoblauch und Obstb\u00e4umen.<\/span><\/p>","protected":false},"featured_media":18166,"comment_status":"open","ping_status":"closed","template":"","meta":{"om_disable_all_campaigns":false,"_monsterinsights_skip_tracking":false,"_monsterinsights_sitenote_active":false,"_monsterinsights_sitenote_note":"","_monsterinsights_sitenote_category":0},"product_brand":[],"product_cat":[825,87],"product_tag":[866,1115,1118,1112,1113,1117,1114,1116],"class_list":{"0":"post-10280","1":"product","2":"type-product","3":"status-publish","4":"has-post-thumbnail","6":"product_cat-herbicide","7":"product_cat-pesticides","8":"product_tag-al-qawafel-ind-agr-co","9":"product_tag-contact","10":"product_tag-garlic","11":"product_tag-goldfel-24-ec","12":"product_tag-herbicide","13":"product_tag-onion","14":"product_tag-oxyfluorfen","15":"product_tag-selective","17":"first","18":"instock","19":"shipping-taxable","20":"product-type-simple"},"aioseo_notices":[],"_links":{"self":[{"href":"https:\/\/alqawafel.com\/de\/wp-json\/wp\/v2\/product\/10280","targetHints":{"allow":["GET"]}}],"collection":[{"href":"https:\/\/alqawafel.com\/de\/wp-json\/wp\/v2\/product"}],"about":[{"href":"https:\/\/alqawafel.com\/de\/wp-json\/wp\/v2\/types\/product"}],"replies":[{"embeddable":true,"href":"https:\/\/alqawafel.com\/de\/wp-json\/wp\/v2\/comments?post=10280"}],"version-history":[{"count":13,"href":"https:\/\/alqawafel.com\/de\/wp-json\/wp\/v2\/product\/10280\/revisions"}],"predecessor-version":[{"id":19964,"href":"https:\/\/alqawafel.com\/de\/wp-json\/wp\/v2\/product\/10280\/revisions\/19964"}],"wp:featuredmedia":[{"embeddable":true,"href":"https:\/\/alqawafel.com\/de\/wp-json\/wp\/v2\/media\/18166"}],"wp:attachment":[{"href":"https:\/\/alqawafel.com\/de\/wp-json\/wp\/v2\/media?parent=10280"}],"wp:term":[{"taxonomy":"product_brand","embeddable":true,"href":"https:\/\/alqawafel.com\/de\/wp-json\/wp\/v2\/product_brand?post=10280"},{"taxonomy":"product_cat","embeddable":true,"href":"https:\/\/alqawafel.com\/de\/wp-json\/wp\/v2\/product_cat?post=10280"},{"taxonomy":"product_tag","embeddable":true,"href":"https:\/\/alqawafel.com\/de\/wp-json\/wp\/v2\/product_tag?post=10280"}],"curies":[{"name":"wp","href":"https:\/\/api.w.org\/{rel}","templated":true}]}}