{"id":10284,"date":"2024-11-16T18:47:24","date_gmt":"2024-11-16T18:47:24","guid":{"rendered":"https:\/\/alqawafel.com\/?post_type=product&#038;p=10284"},"modified":"2025-09-08T08:55:40","modified_gmt":"2025-09-08T08:55:40","slug":"neprofel-20-sc","status":"publish","type":"product","link":"https:\/\/alqawafel.com\/de\/product\/neprofel-20-sc\/","title":{"rendered":"Neprofel 20% SC Insektizid"},"content":{"rendered":"<h3><strong>Warum Neprofel 20% SC?<\/strong><\/h3>\n<p><span style=\"font-size: 18px;\">Neprofel 20% SC ist ein leistungsstarkes Breitspektrum-Insektizid zum Schutz von Nutzpflanzen vor einer Vielzahl von Sch\u00e4dlingen. Der Wirkstoff Chlorantraniliprol st\u00f6rt die Muskelfunktion der Insekten, was zu einer schnellen Einstellung der Nahrungsaufnahme und schlie\u00dflich zum Tod f\u00fchrt. Seine doppelte Wirkung - in erster Linie durch Aufnahme und in zweiter Linie durch Kontakt - gew\u00e4hrleistet eine umfassende Sch\u00e4dlingsbek\u00e4mpfung. Neprofel 20% SC ist eine zuverl\u00e4ssige L\u00f6sung zur Kontrolle von Sch\u00e4dlingspopulationen und zur Sicherung der Ernteertr\u00e4ge.<\/span><\/p>\n<h3><strong>Identifizierung<\/strong><\/h3>\n<ul>\n<li><span style=\"font-size: 18px;\"><strong>Art der Formulierung:<\/strong> Suspensionskonzentrat (SC)<\/span><\/li>\n<li><span style=\"font-size: 18px;\"><strong>Aktiver Inhaltsstoff:<\/strong> Chlorantraniliprol 20% (w\/v)<\/span><\/li>\n<li><span style=\"font-size: 18px;\"><strong>Chemische Gruppe:<\/strong> Diamid<\/span><\/li>\n<li><span style=\"font-size: 18px;\"><strong>Wirkungsweise:<\/strong> Verschlucken und Kontakt, verursacht Lethargie, Muskell\u00e4hmung, Einstellung der Nahrungsaufnahme und schlie\u00dflich Tod bei Insekten<\/span><\/li>\n<\/ul>\n<h3><strong>Ideale Anwendung von <\/strong><strong>Neprofel 20% SC<\/strong><\/h3>\n<p><span style=\"font-size: 18px;\">Neprofel 20% SC ist bei den folgenden Kulturen und Sch\u00e4dlingen wirksam:<\/span><\/p>\n<ul>\n<li><span style=\"font-size: 18px;\"><strong>Kohl, Brokkoli, Blumenkohl:<\/strong><\/span>\n<ul>\n<li><span style=\"font-size: 18px;\"><strong>Bewerbungsmethode:<\/strong> Boden, Tropfbew\u00e4sserung, Blattwerk<\/span><\/li>\n<li><span style=\"font-size: 18px;\"><strong>Typische Sch\u00e4dlinge:<\/strong> Cutworm, Diamondback Moth, Heuschrecken, Silberblattfliegen (Nymphen)<\/span><\/li>\n<\/ul>\n<\/li>\n<li><span style=\"font-size: 18px;\"><strong>Lauch, Knoblauch, Zwiebel:<\/strong><\/span>\n<ul>\n<li><span style=\"font-size: 18px;\"><strong>Bewerbungsmethode:<\/strong> Blattwerk<\/span><\/li>\n<li><span style=\"font-size: 18px;\"><strong>Typische Sch\u00e4dlinge:<\/strong> Cutworm<\/span><\/li>\n<\/ul>\n<\/li>\n<li><span style=\"font-size: 18px;\"><strong>Gurke, K\u00fcrbis, Squash, K\u00fcrbis, Wassermelone, Melone:<\/strong><\/span>\n<ul>\n<li><span style=\"font-size: 18px;\"><strong>Bewerbungsmethode:<\/strong> Boden, Tropfbew\u00e4sserung, Blattwerk<\/span><\/li>\n<li><span style=\"font-size: 18px;\"><strong>Typische Sch\u00e4dlinge:<\/strong> Miniermotten (Larven), Silberblattfliege (Nymphen), Schnittwurm<\/span><\/li>\n<\/ul>\n<\/li>\n<li><span style=\"font-size: 18px;\"><strong>Tomate, Peperoni, Paprika, Aubergine, Okra:<\/strong><\/span>\n<ul>\n<li><span style=\"font-size: 18px;\"><strong>Bewerbungsmethode:<\/strong> Boden, Tropfbew\u00e4sserung, Blattwerk<\/span><\/li>\n<li><span style=\"font-size: 18px;\"><strong>Typische Sch\u00e4dlinge:<\/strong> Kartoffelk\u00e4fer, Maisz\u00fcnsler, Maiswurm, Tomatenfruchtwurm, Blattminierer (Larven), Wei\u00dfe Fliege (Nymphen)<\/span><\/li>\n<\/ul>\n<\/li>\n<li><span style=\"font-size: 18px;\"><strong>Kartoffel:<\/strong><\/span>\n<ul>\n<li><span style=\"font-size: 18px;\"><strong>Bewerbungsmethode:<\/strong> Blatt-Chemisierung \u00fcber Kopf<\/span><\/li>\n<li><span style=\"font-size: 18px;\"><strong>Typische Sch\u00e4dlinge:<\/strong> Kartoffelk\u00e4fer, Maisz\u00fcnsler, Kartoffelknollenwurm, Heuschrecken, Maiswurm<\/span><\/li>\n<\/ul>\n<\/li>\n<li><span style=\"font-size: 18px;\"><strong>Zuckermais:<\/strong><\/span>\n<ul>\n<li><span style=\"font-size: 18px;\"><strong>Bewerbungsmethode:<\/strong> Boden, Blattbew\u00e4sserung Overhead Chemigation<\/span><\/li>\n<li><span style=\"font-size: 18px;\"><strong>Typische Sch\u00e4dlinge:<\/strong> Maisz\u00fcnsler, Herbstheerwurm, Schnittwurm<\/span><\/li>\n<\/ul>\n<\/li>\n<li><span style=\"font-size: 18px;\"><strong>Andere Kulturen (Kopfsalat, Erdbeeren, Spinat usw.):<\/strong><\/span>\n<ul>\n<li><span style=\"font-size: 18px;\"><strong>Bewerbungsmethode:<\/strong> Blattwerk<\/span><\/li>\n<li><span style=\"font-size: 18px;\"><strong>Typische Sch\u00e4dlinge:<\/strong> Cutworm, K\u00e4fer<\/span><\/li>\n<\/ul>\n<\/li>\n<\/ul>\n<h3>Verwendungsrate:<\/h3>\n<p><span style=\"font-size: 14pt;\">100-200 ml pro 200 l Wasser<\/span><\/p>\n<h3>Verpackung<\/h3>\n<ul>\n<li><span style=\"font-size: 18px;\"><strong>250 ml<\/strong><\/span><\/li>\n<\/ul>\n<p><img loading=\"lazy\" decoding=\"async\" class=\"alignnone size-medium wp-image-18524\" src=\"https:\/\/alqawafel.com\/wp-content\/uploads\/2024\/11\/Neprofel-20-SC-LOGO-300x300.webp\" alt=\"\u00a0Neprofel 20% SC Ein Breitspektrum-Insektizid mit Chlorantraniliprol zur wirksamen Sch\u00e4dlingsbek\u00e4mpfung in vielen Kulturpflanzen, das die Muskelfunktion der Insekten st\u00f6rt.\" width=\"300\" height=\"300\" srcset=\"https:\/\/alqawafel.com\/wp-content\/uploads\/2024\/11\/Neprofel-20-SC-LOGO-300x300.webp 300w, https:\/\/alqawafel.com\/wp-content\/uploads\/2024\/11\/Neprofel-20-SC-LOGO-150x150.webp 150w, https:\/\/alqawafel.com\/wp-content\/uploads\/2024\/11\/Neprofel-20-SC-LOGO-768x768.webp 768w, https:\/\/alqawafel.com\/wp-content\/uploads\/2024\/11\/Neprofel-20-SC-LOGO.webp 1000w\" sizes=\"auto, (max-width: 300px) 100vw, 300px\" \/><\/p>\n<p>&nbsp;<\/p>","protected":false},"excerpt":{"rendered":"<div class=\"flex max-w-full flex-col flex-grow\">\n<div class=\"min-h-8 text-message flex w-full flex-col items-end gap-2 whitespace-normal break-words [.text-message+&amp;]:mt-5\" dir=\"auto\" data-message-author-role=\"assistant\" data-message-id=\"fefd6d65-31a6-4606-a3cc-99f63c1a1b1c\" data-message-model-slug=\"gpt-4o\">\n<div class=\"flex w-full flex-col gap-1 empty:hidden first:pt-[3px]\">\n<div class=\"markdown prose w-full break-words dark:prose-invert light\">\n<p><span style=\"font-size: 18px;\">\u00a0Neprofel 20% SC A broad-spectrum insecticide with Chlorantraniliprole for effective pest control in many crops, disrupting insect muscle function.<\/span><\/p>\n<\/div>\n<\/div>\n<\/div>\n<\/div>\n<div class=\"mb-2 flex gap-3 empty:hidden -ml-2\">\n<div class=\"items-center justify-start rounded-xl p-1 z-10 -mt-1 bg-token-main-surface-primary md:absolute flex\">\n<div class=\"flex items-center\">\n<div class=\"flex items-center pb-0\"><\/div>\n<\/div>\n<\/div>\n<\/div>\n","protected":false},"featured_media":18524,"comment_status":"open","ping_status":"closed","template":"","meta":{"om_disable_all_campaigns":false,"_monsterinsights_skip_tracking":false,"_monsterinsights_sitenote_active":false,"_monsterinsights_sitenote_note":"","_monsterinsights_sitenote_category":0},"product_brand":[],"product_cat":[822,87],"product_tag":[866,1120,1121,1122,841,1119],"class_list":{"0":"post-10284","1":"product","2":"type-product","3":"status-publish","4":"has-post-thumbnail","6":"product_cat-insecticide","7":"product_cat-pesticides","8":"product_tag-al-qawafel-ind-agr-co","9":"product_tag-chlorantraniliprole","10":"product_tag-cutworm","11":"product_tag-fall-armyworm","12":"product_tag-insecticide","13":"product_tag-neprofel-20-sc","15":"first","16":"instock","17":"shipping-taxable","18":"product-type-simple"},"aioseo_notices":[],"_links":{"self":[{"href":"https:\/\/alqawafel.com\/de\/wp-json\/wp\/v2\/product\/10284","targetHints":{"allow":["GET"]}}],"collection":[{"href":"https:\/\/alqawafel.com\/de\/wp-json\/wp\/v2\/product"}],"about":[{"href":"https:\/\/alqawafel.com\/de\/wp-json\/wp\/v2\/types\/product"}],"replies":[{"embeddable":true,"href":"https:\/\/alqawafel.com\/de\/wp-json\/wp\/v2\/comments?post=10284"}],"version-history":[{"count":12,"href":"https:\/\/alqawafel.com\/de\/wp-json\/wp\/v2\/product\/10284\/revisions"}],"predecessor-version":[{"id":19946,"href":"https:\/\/alqawafel.com\/de\/wp-json\/wp\/v2\/product\/10284\/revisions\/19946"}],"wp:featuredmedia":[{"embeddable":true,"href":"https:\/\/alqawafel.com\/de\/wp-json\/wp\/v2\/media\/18524"}],"wp:attachment":[{"href":"https:\/\/alqawafel.com\/de\/wp-json\/wp\/v2\/media?parent=10284"}],"wp:term":[{"taxonomy":"product_brand","embeddable":true,"href":"https:\/\/alqawafel.com\/de\/wp-json\/wp\/v2\/product_brand?post=10284"},{"taxonomy":"product_cat","embeddable":true,"href":"https:\/\/alqawafel.com\/de\/wp-json\/wp\/v2\/product_cat?post=10284"},{"taxonomy":"product_tag","embeddable":true,"href":"https:\/\/alqawafel.com\/de\/wp-json\/wp\/v2\/product_tag?post=10284"}],"curies":[{"name":"wp","href":"https:\/\/api.w.org\/{rel}","templated":true}]}}