{"id":10338,"date":"2024-11-17T08:26:22","date_gmt":"2024-11-17T08:26:22","guid":{"rendered":"https:\/\/alqawafel.com\/?post_type=product&#038;p=10338"},"modified":"2025-08-12T08:29:09","modified_gmt":"2025-08-12T08:29:09","slug":"gurke-qsc-109-f1","status":"publish","type":"product","link":"https:\/\/alqawafel.com\/de\/product\/cucumber-qsc-109-f1\/","title":{"rendered":"Gurke QSC-109 F1"},"content":{"rendered":"<p><span style=\"font-size: 18px;\">Salatgurke QSC-109 F1: Eine ertragreiche Beita-alpha-Gurke, ideal f\u00fcr niedrige bis mittlere Temperaturen, die einheitliche, gl\u00e4nzend gr\u00fcne Fr\u00fcchte hervorbringt.<\/span><\/p>\n<table>\n<thead>\n<tr>\n<th><span style=\"font-size: 18px;\"><strong>Attribut<\/strong><\/span><\/th>\n<th><span style=\"font-size: 18px;\"><strong>Einzelheiten<\/strong><\/span><\/th>\n<\/tr>\n<\/thead>\n<tbody>\n<tr>\n<td><span style=\"font-size: 18px;\"><strong>Produktname<\/strong><\/span><\/td>\n<td><span style=\"font-size: 18px;\">Gurke QSC-109 F1<\/span><\/td>\n<\/tr>\n<tr>\n<td><span style=\"font-size: 18px;\"><strong>Typ<\/strong><\/span><\/td>\n<td><span style=\"font-size: 18px;\">Beita-Alpha-Gew\u00e4chshaus<\/span><\/td>\n<\/tr>\n<tr>\n<td><span style=\"font-size: 18px;\"><strong>Fruchtsatz Stil<\/strong><\/span><\/td>\n<td><span style=\"font-size: 18px;\">Einzelne Frucht pro Knoten mit Verzweigung<\/span><\/td>\n<\/tr>\n<tr>\n<td><span style=\"font-size: 18px;\"><strong>Saison<\/strong><\/span><\/td>\n<td><span style=\"font-size: 18px;\">Niedrige bis moderate Temperaturen<\/span><\/td>\n<\/tr>\n<tr>\n<td><span style=\"font-size: 18px;\"><strong>Vegetatives Wachstum<\/strong><\/span><\/td>\n<td><span style=\"font-size: 18px;\">Kr\u00e4ftige Pflanze mit mittelgro\u00dfen, dunkelgr\u00fcnen Bl\u00e4ttern<\/span><\/td>\n<\/tr>\n<tr>\n<td><span style=\"font-size: 18px;\"><strong>Merkmale der Fr\u00fcchte<\/strong><\/span><\/td>\n<td><span style=\"font-size: 18px;\">gl\u00e4nzend gr\u00fcne Fr\u00fcchte mit guten Rippen, 16-17 cm L\u00e4nge, hohe Gleichm\u00e4\u00dfigkeit und hohe Produktion<\/span><\/td>\n<\/tr>\n<tr>\n<td><span style=\"font-size: 18px;\"><strong>Vertr\u00e4glichkeit (IR)<\/strong><\/span><\/td>\n<td><span style=\"font-size: 18px;\">CMV (Cucumber Mosaic Virus), ZYMV (Zucchini Yellow Mosaic Virus), CVYV (Cucumber Vein Yellowing Virus), PM (Powdery Mildew)<\/span><\/td>\n<\/tr>\n<\/tbody>\n<\/table>\n<p><img loading=\"lazy\" decoding=\"async\" class=\"alignnone size-medium wp-image-10339\" src=\"https:\/\/alqawafel.com\/wp-content\/uploads\/2024\/11\/WhatsApp-Image-2024-11-17-at-11.28.15-AM-225x300.jpeg\" alt=\"Gurke QSC-109 F1 \" width=\"225\" height=\"300\" srcset=\"https:\/\/alqawafel.com\/wp-content\/uploads\/2024\/11\/WhatsApp-Image-2024-11-17-at-11.28.15-AM-225x300.jpeg 225w, https:\/\/alqawafel.com\/wp-content\/uploads\/2024\/11\/WhatsApp-Image-2024-11-17-at-11.28.15-AM-150x200.jpeg 150w, https:\/\/alqawafel.com\/wp-content\/uploads\/2024\/11\/WhatsApp-Image-2024-11-17-at-11.28.15-AM.jpeg 768w\" sizes=\"auto, (max-width: 225px) 100vw, 225px\" \/><\/p>\n<p>&nbsp;<\/p>\n<p><a title=\"Zur\u00fcck zu Saatgut\" href=\"https:\/\/alqawafel.com\/de\/samen\/\">Zur\u00fcck zu Saatgut<\/a><\/p>\n<p><a title=\"Facebook\" href=\"https:\/\/alqawafel.com\/de\/facebook\/\" target=\"_blank\" rel=\"noopener\">Facebook<\/a><\/p>\n<p><a title=\"Linkedin\" href=\"https:\/\/www.linkedin.com\/company\/alqawafel-ind-agr-co\/\" target=\"_blank\" rel=\"noopener\">Linkedin<\/a><\/p>","protected":false},"excerpt":{"rendered":"<p><span style=\"font-size: 18px;\">Salatgurke QSC-109 F1: Eine zuverl\u00e4ssige Beita-alpha-Sorte mit 16-17 cm gro\u00dfen, tiefgr\u00fcnen Fr\u00fcchten, hoher Uniformit\u00e4t und Toleranz gegen\u00fcber CMV, ZYMV, CVYV und PM.<\/span><\/p>","protected":false},"featured_media":10339,"comment_status":"open","ping_status":"closed","template":"","meta":{"om_disable_all_campaigns":false,"_monsterinsights_skip_tracking":false,"_monsterinsights_sitenote_active":false,"_monsterinsights_sitenote_note":"","_monsterinsights_sitenote_category":0},"product_brand":[],"product_cat":[827,237],"product_tag":[866,1097,1133,1098,1099,1132,1101],"class_list":{"0":"post-10338","1":"product","2":"type-product","3":"status-publish","4":"has-post-thumbnail","6":"product_cat-cucumber","7":"product_cat-seeds","8":"product_tag-al-qawafel-ind-agr-co","9":"product_tag-beita-alpha-cucumber","10":"product_tag-cucumber-qsc-109-f1","11":"product_tag-greenhouse-cucumber","12":"product_tag-high-yield-cucumber","13":"product_tag-low-temperature-cucumber","14":"product_tag-seeds","16":"first","17":"instock","18":"shipping-taxable","19":"product-type-simple"},"aioseo_notices":[],"_links":{"self":[{"href":"https:\/\/alqawafel.com\/de\/wp-json\/wp\/v2\/product\/10338","targetHints":{"allow":["GET"]}}],"collection":[{"href":"https:\/\/alqawafel.com\/de\/wp-json\/wp\/v2\/product"}],"about":[{"href":"https:\/\/alqawafel.com\/de\/wp-json\/wp\/v2\/types\/product"}],"replies":[{"embeddable":true,"href":"https:\/\/alqawafel.com\/de\/wp-json\/wp\/v2\/comments?post=10338"}],"version-history":[{"count":5,"href":"https:\/\/alqawafel.com\/de\/wp-json\/wp\/v2\/product\/10338\/revisions"}],"predecessor-version":[{"id":19535,"href":"https:\/\/alqawafel.com\/de\/wp-json\/wp\/v2\/product\/10338\/revisions\/19535"}],"wp:featuredmedia":[{"embeddable":true,"href":"https:\/\/alqawafel.com\/de\/wp-json\/wp\/v2\/media\/10339"}],"wp:attachment":[{"href":"https:\/\/alqawafel.com\/de\/wp-json\/wp\/v2\/media?parent=10338"}],"wp:term":[{"taxonomy":"product_brand","embeddable":true,"href":"https:\/\/alqawafel.com\/de\/wp-json\/wp\/v2\/product_brand?post=10338"},{"taxonomy":"product_cat","embeddable":true,"href":"https:\/\/alqawafel.com\/de\/wp-json\/wp\/v2\/product_cat?post=10338"},{"taxonomy":"product_tag","embeddable":true,"href":"https:\/\/alqawafel.com\/de\/wp-json\/wp\/v2\/product_tag?post=10338"}],"curies":[{"name":"wp","href":"https:\/\/api.w.org\/{rel}","templated":true}]}}