{"id":10347,"date":"2024-11-17T08:44:35","date_gmt":"2024-11-17T08:44:35","guid":{"rendered":"https:\/\/alqawafel.com\/?post_type=product&#038;p=10347"},"modified":"2025-08-12T08:56:44","modified_gmt":"2025-08-12T08:56:44","slug":"gurke-qsc-110-f1","status":"publish","type":"product","link":"https:\/\/alqawafel.com\/de\/product\/cucumber-qsc-110-f1\/","title":{"rendered":"Gurke QSC-110 F1"},"content":{"rendered":"<p><span style=\"font-size: 18px;\">Salatgurke QSC-110 F1: Eine Mini-Gurkensorte mit hellgr\u00fcnen Fr\u00fcchten, au\u00dfergew\u00f6hnlicher Produktivit\u00e4t und ausgezeichneter Toleranz.<\/span><\/p>\n<table>\n<thead>\n<tr>\n<th><span style=\"font-size: 18px;\"><strong>Attribut<\/strong><\/span><\/th>\n<th><span style=\"font-size: 18px;\"><strong>Einzelheiten<\/strong><\/span><\/th>\n<\/tr>\n<\/thead>\n<tbody>\n<tr>\n<td><span style=\"font-size: 18px;\"><strong>Produktname<\/strong><\/span><\/td>\n<td><span style=\"font-size: 18px;\">Gurke QSC-110 F1<\/span><\/td>\n<\/tr>\n<tr>\n<td><span style=\"font-size: 18px;\"><strong>Typ<\/strong><\/span><\/td>\n<td><span style=\"font-size: 18px;\">Mini-Gurke<\/span><\/td>\n<\/tr>\n<tr>\n<td><span style=\"font-size: 18px;\"><strong>Fruchtsatz Stil<\/strong><\/span><\/td>\n<td><span style=\"font-size: 18px;\">Mini-Mehrfrucht, 3-5 Fr\u00fcchte pro Knoten<\/span><\/td>\n<\/tr>\n<tr>\n<td><span style=\"font-size: 18px;\"><strong>Saison<\/strong><\/span><\/td>\n<td><span style=\"font-size: 18px;\">Sommer, geeignet f\u00fcr hohe bis mittlere Temperaturen<\/span><\/td>\n<\/tr>\n<tr>\n<td><span style=\"font-size: 18px;\"><strong>Vegetatives Wachstum<\/strong><\/span><\/td>\n<td><span style=\"font-size: 18px;\">Mittlere Pflanze<\/span><\/td>\n<\/tr>\n<tr>\n<td><span style=\"font-size: 18px;\"><strong>Merkmale der Fr\u00fcchte<\/strong><\/span><\/td>\n<td><span style=\"font-size: 18px;\">Hellgr\u00fcne Fr\u00fcchte, 8-10 cm lang<\/span><\/td>\n<\/tr>\n<tr>\n<td><span style=\"font-size: 18px;\"><strong>Vertr\u00e4glichkeit (IR)<\/strong><\/span><\/td>\n<td><span style=\"font-size: 18px;\">PM (Echter Mehltau), DM (Falscher Mehltau), CMV (Cucumber Mosaic Virus), CVYV (Cucumber Vein Yellowing Virus), ZYMV (Zucchini Yellow Mosaic Virus)<\/span><\/td>\n<\/tr>\n<\/tbody>\n<\/table>\n<p><img loading=\"lazy\" decoding=\"async\" class=\"alignnone size-medium wp-image-10350\" src=\"https:\/\/alqawafel.com\/wp-content\/uploads\/2024\/11\/WhatsApp-Image-2024-11-17-at-11.26.25-AM-225x300.jpeg\" alt=\"Gurke QSC-110 F1 \" width=\"225\" height=\"300\" srcset=\"https:\/\/alqawafel.com\/wp-content\/uploads\/2024\/11\/WhatsApp-Image-2024-11-17-at-11.26.25-AM-225x300.jpeg 225w, https:\/\/alqawafel.com\/wp-content\/uploads\/2024\/11\/WhatsApp-Image-2024-11-17-at-11.26.25-AM-768x1024.jpeg 768w, https:\/\/alqawafel.com\/wp-content\/uploads\/2024\/11\/WhatsApp-Image-2024-11-17-at-11.26.25-AM-150x200.jpeg 150w, https:\/\/alqawafel.com\/wp-content\/uploads\/2024\/11\/WhatsApp-Image-2024-11-17-at-11.26.25-AM.jpeg 960w\" sizes=\"auto, (max-width: 225px) 100vw, 225px\" \/><\/p>\n<p>&nbsp;<\/p>\n<p><a title=\"Zur\u00fcck zu Saatgut\" href=\"https:\/\/alqawafel.com\/de\/samen\/\">Zur\u00fcck zu Saatgut<\/a><\/p>\n<p><a title=\"Facebook\" href=\"https:\/\/alqawafel.com\/de\/facebook\/\" target=\"_blank\" rel=\"noopener\">Facebook<\/a><\/p>\n<p><a title=\"Linkedin\" href=\"https:\/\/www.linkedin.com\/company\/alqawafel-ind-agr-co\/\" target=\"_blank\" rel=\"noopener\">Linkedin<\/a><\/p>","protected":false},"excerpt":{"rendered":"<p><span style=\"font-size: 18px;\">Salatgurke QSC-110 F1: Eine ertragreiche Mini-Gurke mit 8-10 cm gro\u00dfen hellgr\u00fcnen Fr\u00fcchten und Toleranz gegen\u00fcber PM, DM, CMV, CVYV und ZYMV. Perfekt f\u00fcr warme Klimazonen.<\/span><\/p>","protected":false},"featured_media":10350,"comment_status":"open","ping_status":"closed","template":"","meta":{"om_disable_all_campaigns":false,"_monsterinsights_skip_tracking":false,"_monsterinsights_sitenote_active":false,"_monsterinsights_sitenote_note":"","_monsterinsights_sitenote_category":0},"product_brand":[],"product_cat":[827,237],"product_tag":[866,1134,1098,1136,1135,1101,1100],"class_list":{"0":"post-10347","1":"product","2":"type-product","3":"status-publish","4":"has-post-thumbnail","6":"product_cat-cucumber","7":"product_cat-seeds","8":"product_tag-al-qawafel-ind-agr-co","9":"product_tag-cucumber-qsc-110-f1","10":"product_tag-greenhouse-cucumber","11":"product_tag-high-yield-mini-cucumber","12":"product_tag-mini-cucumber","13":"product_tag-seeds","14":"product_tag-summer-cucumber","16":"first","17":"instock","18":"shipping-taxable","19":"product-type-simple"},"aioseo_notices":[],"_links":{"self":[{"href":"https:\/\/alqawafel.com\/de\/wp-json\/wp\/v2\/product\/10347","targetHints":{"allow":["GET"]}}],"collection":[{"href":"https:\/\/alqawafel.com\/de\/wp-json\/wp\/v2\/product"}],"about":[{"href":"https:\/\/alqawafel.com\/de\/wp-json\/wp\/v2\/types\/product"}],"replies":[{"embeddable":true,"href":"https:\/\/alqawafel.com\/de\/wp-json\/wp\/v2\/comments?post=10347"}],"version-history":[{"count":5,"href":"https:\/\/alqawafel.com\/de\/wp-json\/wp\/v2\/product\/10347\/revisions"}],"predecessor-version":[{"id":19536,"href":"https:\/\/alqawafel.com\/de\/wp-json\/wp\/v2\/product\/10347\/revisions\/19536"}],"wp:featuredmedia":[{"embeddable":true,"href":"https:\/\/alqawafel.com\/de\/wp-json\/wp\/v2\/media\/10350"}],"wp:attachment":[{"href":"https:\/\/alqawafel.com\/de\/wp-json\/wp\/v2\/media?parent=10347"}],"wp:term":[{"taxonomy":"product_brand","embeddable":true,"href":"https:\/\/alqawafel.com\/de\/wp-json\/wp\/v2\/product_brand?post=10347"},{"taxonomy":"product_cat","embeddable":true,"href":"https:\/\/alqawafel.com\/de\/wp-json\/wp\/v2\/product_cat?post=10347"},{"taxonomy":"product_tag","embeddable":true,"href":"https:\/\/alqawafel.com\/de\/wp-json\/wp\/v2\/product_tag?post=10347"}],"curies":[{"name":"wp","href":"https:\/\/api.w.org\/{rel}","templated":true}]}}