{"id":10475,"date":"2024-11-17T17:16:19","date_gmt":"2024-11-17T17:16:19","guid":{"rendered":"https:\/\/alqawafel.com\/?post_type=product&#038;p=10475"},"modified":"2025-06-11T08:06:05","modified_gmt":"2025-06-11T08:06:05","slug":"tachfel-30-sl","status":"publish","type":"product","link":"https:\/\/alqawafel.com\/de\/product\/tachfel-30-sl\/","title":{"rendered":"Tachfel 30% SL Fungizid"},"content":{"rendered":"<h3>Warum Tachfel 30% SL?<\/h3>\n<p><span style=\"font-size: 18px\">Tachfel 30% SL ist ein systemisches Fungizid, das sowohl pr\u00e4ventiv als auch kurativ gegen Pilzkrankheiten wirkt, die Saatgut und Boden befallen. Durch die Hemmung der DNA\/RNA-Synthese in Pilzen beugt es der Keimlingswelke wirksam vor und kontrolliert kritische Pilzinfektionen wie Fusarium- und Pythiumwelke. Tachfel 30% SL ist ein unverzichtbares Instrument f\u00fcr Landwirte, die die Gesundheit ihrer Pflanzen von der Aussaat bis zum fr\u00fchen Wachstumsstadium sch\u00fctzen wollen.<\/span><\/p>\n<h3>Identifizierung<\/h3>\n<ul>\n<li><span style=\"font-size: 18px\"><strong>Formulierung<\/strong>: L\u00f6sliches Konzentrat (SL)<\/span><\/li>\n<li><span style=\"font-size: 18px\"><strong>Aktiver Wirkstoff<\/strong>: Hymexazol 30% (41,52% als Kaliumsalze) (w\/w)<\/span><\/li>\n<li><span style=\"font-size: 18px\"><strong>Chemische Gruppe<\/strong>: Oxazol<\/span><\/li>\n<li><span style=\"font-size: 18px\"><strong>Wirkungsweise<\/strong>: Systemisches Fungizid mit pr\u00e4ventiven und kurativen Eigenschaften, das Pilzkrankheiten durch Hemmung der DNA\/RNA-Synthese von Pilzen bek\u00e4mpft.<\/span><\/li>\n<\/ul>\n<h3>Ideale Anwendung von Tachfel 30% SL<\/h3>\n<p><span style=\"font-size: 18px\">Empfohlen f\u00fcr den Einsatz in den folgenden Kulturen mit typischen Sch\u00e4dlingszielen wie aufgef\u00fchrt:<\/span><\/p>\n<h4><span style=\"font-size: 18px\">Hauptkulturen und typische Sch\u00e4dlinge:<\/span><\/h4>\n<ul>\n<li><span style=\"font-size: 18px\"><strong>Kraut<\/strong>: Kontrolliert <em>Pythium<\/em><\/span><\/li>\n<li><span style=\"font-size: 18px\"><strong>Kopfsalat<\/strong>: Kontrolliert <em>Verticillium<\/em><\/span><\/li>\n<li><span style=\"font-size: 18px\"><strong>Erbsen<\/strong>: Kontrolliert <em>Wurzelf\u00e4ule<\/em><\/span><\/li>\n<li><span style=\"font-size: 18px\"><strong>Bohnen<\/strong>: Kontrolliert <em>Wurzelf\u00e4ule<\/em><\/span><\/li>\n<li><span style=\"font-size: 18px\"><strong>Gurke<\/strong>: Kontrolliert <em>Pythium, Fusarium<\/em><\/span><\/li>\n<li><span style=\"font-size: 18px\"><strong>Melone<\/strong>: Kontrolliert <em>Pythium<\/em><\/span><\/li>\n<li><span style=\"font-size: 18px\"><strong>Spinat<\/strong>: Kontrolliert <em>Pythium<\/em><\/span><\/li>\n<li><span style=\"font-size: 18px\"><strong>Wassermelone<\/strong>: Kontrolliert <em>Fusarium<\/em><\/span><\/li>\n<li><span style=\"font-size: 18px\"><strong>Okra<\/strong>: Kontrolliert <em>Pythium<\/em><\/span><\/li>\n<li><span style=\"font-size: 18px\"><strong>Zuckerr\u00fcben<\/strong>: Kontrolliert <em>D\u00e4mpfung aus<\/em><\/span><\/li>\n<li><span style=\"font-size: 18px\"><strong>Baum (Baumschule)<\/strong>: Kontrolliert <em>Krankheiten des Welkens<\/em><\/span><\/li>\n<li><span style=\"font-size: 18px\"><strong>Zierpflanzen<\/strong>: Kontrolliert <em>Krankheiten des Welkens<\/em><\/span><\/li>\n<\/ul>\n<h3>Verwendungsrate:<\/h3>\n<p><span style=\"font-size: 14pt\">200-400 ml pro 200 l Wasser<\/span><\/p>\n<h3>Verpackung<\/h3>\n<ul>\n<li><span style=\"font-size: 18px\"><strong>500 ml<\/strong><\/span><\/li>\n<\/ul>\n<p><img loading=\"lazy\" decoding=\"async\" class=\"alignnone size-medium wp-image-18556\" src=\"https:\/\/alqawafel.com\/wp-content\/uploads\/2024\/11\/Tachfel-30-SL-LOGO-300x300.webp\" alt=\"Tachfel 30% SL, ein systemisches Fungizid mit Hymexazol 30%, sch\u00fctzt Pflanzen durch die Verhinderung der Keimlingswelke und die Bek\u00e4mpfung von Fusarium-, Pythium- und D\u00e4mpfungskrankheiten.\" width=\"300\" height=\"300\" srcset=\"https:\/\/alqawafel.com\/wp-content\/uploads\/2024\/11\/Tachfel-30-SL-LOGO-300x300.webp 300w, https:\/\/alqawafel.com\/wp-content\/uploads\/2024\/11\/Tachfel-30-SL-LOGO-150x150.webp 150w, https:\/\/alqawafel.com\/wp-content\/uploads\/2024\/11\/Tachfel-30-SL-LOGO-768x768.webp 768w, https:\/\/alqawafel.com\/wp-content\/uploads\/2024\/11\/Tachfel-30-SL-LOGO.webp 1000w\" sizes=\"auto, (max-width: 300px) 100vw, 300px\" \/><\/p>","protected":false},"excerpt":{"rendered":"<p><span style=\"font-size: 18px\">Tachfel 30% SL, ein systemisches Fungizid mit Hymexazol 30%, sch\u00fctzt Pflanzen durch die Verhinderung der Keimlingswelke und die Bek\u00e4mpfung von Fusarium-, Pythium- und D\u00e4mpfungskrankheiten.<\/span><\/p>","protected":false},"featured_media":18556,"comment_status":"open","ping_status":"closed","template":"","meta":{"om_disable_all_campaigns":false,"_monsterinsights_skip_tracking":false,"_monsterinsights_sitenote_active":false,"_monsterinsights_sitenote_note":"","_monsterinsights_sitenote_category":0},"product_brand":[],"product_cat":[823,87],"product_tag":[866,1174,901,1175,1173,1176,1172,1171],"class_list":{"0":"post-10475","1":"product","2":"type-product","3":"status-publish","4":"has-post-thumbnail","6":"product_cat-fungicide","7":"product_cat-pesticides","8":"product_tag-al-qawafel-ind-agr-co","9":"product_tag-damping-off","10":"product_tag-fungicide","11":"product_tag-fusarium","12":"product_tag-hymexazol","13":"product_tag-pythium","14":"product_tag-systemic","15":"product_tag-tachfel-30-sl","17":"first","18":"instock","19":"shipping-taxable","20":"product-type-simple"},"aioseo_notices":[],"_links":{"self":[{"href":"https:\/\/alqawafel.com\/de\/wp-json\/wp\/v2\/product\/10475","targetHints":{"allow":["GET"]}}],"collection":[{"href":"https:\/\/alqawafel.com\/de\/wp-json\/wp\/v2\/product"}],"about":[{"href":"https:\/\/alqawafel.com\/de\/wp-json\/wp\/v2\/types\/product"}],"replies":[{"embeddable":true,"href":"https:\/\/alqawafel.com\/de\/wp-json\/wp\/v2\/comments?post=10475"}],"version-history":[{"count":7,"href":"https:\/\/alqawafel.com\/de\/wp-json\/wp\/v2\/product\/10475\/revisions"}],"predecessor-version":[{"id":18824,"href":"https:\/\/alqawafel.com\/de\/wp-json\/wp\/v2\/product\/10475\/revisions\/18824"}],"wp:featuredmedia":[{"embeddable":true,"href":"https:\/\/alqawafel.com\/de\/wp-json\/wp\/v2\/media\/18556"}],"wp:attachment":[{"href":"https:\/\/alqawafel.com\/de\/wp-json\/wp\/v2\/media?parent=10475"}],"wp:term":[{"taxonomy":"product_brand","embeddable":true,"href":"https:\/\/alqawafel.com\/de\/wp-json\/wp\/v2\/product_brand?post=10475"},{"taxonomy":"product_cat","embeddable":true,"href":"https:\/\/alqawafel.com\/de\/wp-json\/wp\/v2\/product_cat?post=10475"},{"taxonomy":"product_tag","embeddable":true,"href":"https:\/\/alqawafel.com\/de\/wp-json\/wp\/v2\/product_tag?post=10475"}],"curies":[{"name":"wp","href":"https:\/\/api.w.org\/{rel}","templated":true}]}}