{"id":10496,"date":"2024-11-17T18:20:54","date_gmt":"2024-11-17T18:20:54","guid":{"rendered":"https:\/\/alqawafel.com\/?post_type=product&#038;p=10496"},"modified":"2025-09-03T08:42:42","modified_gmt":"2025-09-03T08:42:42","slug":"q-beste-50-wdg","status":"publish","type":"product","link":"https:\/\/alqawafel.com\/de\/product\/q-best-50-wdg\/","title":{"rendered":"Q - Bestes Insektizid 50% WDG"},"content":{"rendered":"<h3>Warum Q - Best 50% WDG?<\/h3>\n<p><span style=\"font-size: 18px;\">Q - Best 50% WDG ist ein spezielles Insektizid zur Bek\u00e4mpfung von Blattl\u00e4usen und anderen saugenden Sch\u00e4dlingen. Mit seiner systemischen und translaminaren Wirkung hemmt es wirksam die Nahrungsaufnahme der Sch\u00e4dlinge und bietet eine langfristige Kontrolle. Dieses Produkt ist eine unverzichtbare L\u00f6sung f\u00fcr Landwirte, die einen zuverl\u00e4ssigen Schutz gegen Sch\u00e4dlinge in einer Vielzahl von Kulturen suchen.<\/span><\/p>\n<h3>Identifizierung<\/h3>\n<ul>\n<li><span style=\"font-size: 18px;\"><strong>Formulierung<\/strong>: Wasserdispergierbares Granulat (WDG)<\/span><\/li>\n<li><span style=\"font-size: 18px;\"><strong>Aktiver Wirkstoff<\/strong>: Flonicamid 50% (w\/w)<\/span><\/li>\n<li><span style=\"font-size: 18px;\"><strong>Chemische Gruppe<\/strong>: Pyridin<\/span><\/li>\n<li><span style=\"font-size: 18px;\"><strong>Wirkungsweise<\/strong>: Hemmt die Nahrungsaufnahme von Sch\u00e4dlingen durch systemische und translaminare Wirkung und gew\u00e4hrleistet eine wirksame und lang anhaltende Bek\u00e4mpfung.<\/span><\/li>\n<\/ul>\n<h3>Ideale Anwendung von Q - Best 50% WDG<\/h3>\n<p><span style=\"font-size: 18px;\">Q - Best 50% WDG wird f\u00fcr den Einsatz in den folgenden Kulturen mit typischen Sch\u00e4dlingszielen empfohlen (siehe Liste):<\/span><\/p>\n<h4>Pflanzenbau und Sch\u00e4dlingsbek\u00e4mpfung:<\/h4>\n<ul>\n<li><span style=\"font-size: 18px;\"><strong>Kohl, Brokkoli, Blumenkohl<\/strong>: Kontrolliert <em>Blattlaus, Wei\u00dfe Fliege<\/em><\/span><\/li>\n<li><span style=\"font-size: 18px;\"><strong>Gurke, K\u00fcrbis, Flaschenk\u00fcrbis, K\u00fcrbis, Wassermelone, Melone: <\/strong>Bek\u00e4mpft Blattl\u00e4use, Wei\u00dfe Fliege, Thripse<\/span><\/li>\n<li><span style=\"font-size: 18px;\"><strong>Kopfsalat<\/strong>: Kontrolliert <em>Blattlaus<\/em><\/span><\/li>\n<li><span style=\"font-size: 18px;\"><strong>Linsen, Puffbohnen, Bohnen, Kichererbsen, Erbsen, Lupine<\/strong>: Kontrolliert <em>Blattlaus<\/em><\/span><\/li>\n<li><span style=\"font-size: 18px;\"><strong>Ingwer, Kartoffel, S\u00fc\u00dfkartoffel, Artischocke<\/strong>: Kontrolliert <em>Wei\u00dfe Fliege , Blattlaus<\/em><\/span><\/li>\n<li><span style=\"font-size: 18px;\"><strong>Rote Beete, R\u00fcbe, Rettich, Sellerie, Petersilie, Spinat, Karotte<\/strong>: Kontrolliert <em>Blattlaus, Wei\u00dfe Fliege<\/em><\/span><\/li>\n<li><span style=\"font-size: 18px;\"><strong>Tomate, Chilischote, Aubergine, Okra: <\/strong>Bek\u00e4mpft Blattl\u00e4use, Wei\u00dfe Fliege, Tomaten-Psylla, Thripse<\/span><\/li>\n<li><span style=\"font-size: 18px;\"><strong>Zitrone, Orange, Clementine, Mandarine, Grapefruit, Kumquat, Pomilo<\/strong>: Kontrolliert <em>Citrus Psylla , Blattlaus\u00a0<\/em><\/span><\/li>\n<li><span style=\"font-size: 18px;\"><strong>Mispel, Apfel, Birne, Quitte<\/strong>: Kontrolliert <em>Blattlaus\u00a0<\/em><\/span><\/li>\n<li><span style=\"font-size: 18px;\"><strong>Pfirsich, Nektarine, Pflaume, Aprikose, Kirsche<\/strong>: Kontrolliert <em>Blattlaus<\/em><\/span><\/li>\n<li><span style=\"font-size: 18px;\"><strong>Weintrauben, Kiwi<\/strong>: Kontrolliert <em>Blattlaus<\/em><\/span><\/li>\n<li><span style=\"font-size: 18px;\"><strong>Weintrauben<\/strong>: Kontrolliert <em>Wolll\u00e4use<\/em><\/span><\/li>\n<li><span style=\"font-size: 18px;\"><strong>Sonnenblume<\/strong>: Kontrolliert <em>Blattlaus<\/em><\/span><\/li>\n<\/ul>\n<h3>Verwendungsrate:<\/h3>\n<p><span style=\"font-size: 14pt;\">50-100 g pro 200 l Wasser<\/span><\/p>\n<h3>Verpackung<\/h3>\n<ul>\n<li><span style=\"font-size: 18px;\"><strong>1 kg<\/strong><\/span><\/li>\n<\/ul>\n<p><img loading=\"lazy\" decoding=\"async\" class=\"alignnone size-medium wp-image-18475\" src=\"https:\/\/alqawafel.com\/wp-content\/uploads\/2024\/11\/Q-Best-50-WDG-LOGO-300x300.webp\" alt=\"Q - Best 50% WDG ist ein Insektizid mit systemischer und translaminarer Wirkung zur Bek\u00e4mpfung von Blattl\u00e4usen, Wei\u00dfen Fliegen und Thripsen, das eine wirksame Sch\u00e4dlingsbek\u00e4mpfung in Nutzpflanzen gew\u00e4hrleistet.\" width=\"300\" height=\"300\" srcset=\"https:\/\/alqawafel.com\/wp-content\/uploads\/2024\/11\/Q-Best-50-WDG-LOGO-300x300.webp 300w, https:\/\/alqawafel.com\/wp-content\/uploads\/2024\/11\/Q-Best-50-WDG-LOGO-150x150.webp 150w, https:\/\/alqawafel.com\/wp-content\/uploads\/2024\/11\/Q-Best-50-WDG-LOGO-768x768.webp 768w, https:\/\/alqawafel.com\/wp-content\/uploads\/2024\/11\/Q-Best-50-WDG-LOGO.webp 1000w\" sizes=\"auto, (max-width: 300px) 100vw, 300px\" \/><\/p>","protected":false},"excerpt":{"rendered":"<p><span style=\"font-size: 18px;\">Q - Best 50% WDG ist ein Insektizid mit systemischer und translaminarer Wirkung zur Bek\u00e4mpfung von Blattl\u00e4usen, Wei\u00dfen Fliegen und Thripsen, das eine wirksame Sch\u00e4dlingsbek\u00e4mpfung in Nutzpflanzen gew\u00e4hrleistet.<\/span><\/p>","protected":false},"featured_media":18475,"comment_status":"open","ping_status":"closed","template":"","meta":{"om_disable_all_campaigns":false,"_monsterinsights_skip_tracking":false,"_monsterinsights_sitenote_active":false,"_monsterinsights_sitenote_note":"","_monsterinsights_sitenote_category":0},"product_brand":[],"product_cat":[822,87],"product_tag":[866,876,1184,841,1183,1182,858],"class_list":{"0":"post-10496","1":"product","2":"type-product","3":"status-publish","4":"has-post-thumbnail","6":"product_cat-insecticide","7":"product_cat-pesticides","8":"product_tag-al-qawafel-ind-agr-co","9":"product_tag-aphids","10":"product_tag-flonicamid","11":"product_tag-insecticide","12":"product_tag-q-best-50-wdg","13":"product_tag-thrips","14":"product_tag-whitefly","16":"first","17":"instock","18":"shipping-taxable","19":"product-type-simple"},"aioseo_notices":[],"_links":{"self":[{"href":"https:\/\/alqawafel.com\/de\/wp-json\/wp\/v2\/product\/10496","targetHints":{"allow":["GET"]}}],"collection":[{"href":"https:\/\/alqawafel.com\/de\/wp-json\/wp\/v2\/product"}],"about":[{"href":"https:\/\/alqawafel.com\/de\/wp-json\/wp\/v2\/types\/product"}],"replies":[{"embeddable":true,"href":"https:\/\/alqawafel.com\/de\/wp-json\/wp\/v2\/comments?post=10496"}],"version-history":[{"count":14,"href":"https:\/\/alqawafel.com\/de\/wp-json\/wp\/v2\/product\/10496\/revisions"}],"predecessor-version":[{"id":19939,"href":"https:\/\/alqawafel.com\/de\/wp-json\/wp\/v2\/product\/10496\/revisions\/19939"}],"wp:featuredmedia":[{"embeddable":true,"href":"https:\/\/alqawafel.com\/de\/wp-json\/wp\/v2\/media\/18475"}],"wp:attachment":[{"href":"https:\/\/alqawafel.com\/de\/wp-json\/wp\/v2\/media?parent=10496"}],"wp:term":[{"taxonomy":"product_brand","embeddable":true,"href":"https:\/\/alqawafel.com\/de\/wp-json\/wp\/v2\/product_brand?post=10496"},{"taxonomy":"product_cat","embeddable":true,"href":"https:\/\/alqawafel.com\/de\/wp-json\/wp\/v2\/product_cat?post=10496"},{"taxonomy":"product_tag","embeddable":true,"href":"https:\/\/alqawafel.com\/de\/wp-json\/wp\/v2\/product_tag?post=10496"}],"curies":[{"name":"wp","href":"https:\/\/api.w.org\/{rel}","templated":true}]}}