{"id":10525,"date":"2024-11-17T20:21:24","date_gmt":"2024-11-17T20:21:24","guid":{"rendered":"https:\/\/alqawafel.com\/?post_type=product&#038;p=10525"},"modified":"2025-06-11T11:21:35","modified_gmt":"2025-06-11T11:21:35","slug":"clethofel-24-ec","status":"publish","type":"product","link":"https:\/\/alqawafel.com\/de\/product\/clethofel-24-ec\/","title":{"rendered":"Clethofel 24% EC Herbizid"},"content":{"rendered":"<h3>Warum Clethofel 24% EC?<\/h3>\n<p><span style=\"font-size: 18px\">Clethofel 24% EC ist ein systemisches und selektives Herbizid zur Bek\u00e4mpfung von ein- und mehrj\u00e4hrigen schmalbl\u00e4ttrigen Gr\u00e4sern nach Pflanzenaufgang. Es wird schnell \u00fcber das behandelte Laub aufgenommen und in das Wurzelsystem und die wachsenden Pflanzenteile verlagert, was eine effiziente Unkrautbek\u00e4mpfung gew\u00e4hrleistet. Dieses Produkt ist ideal f\u00fcr Landwirte, die eine wirksame Unkrautbek\u00e4mpfung f\u00fcr eine Vielzahl von Kulturen suchen.<\/span><\/p>\n<h3>Identifizierung<\/h3>\n<ul>\n<li><span style=\"font-size: 18px\"><strong>Formulierung<\/strong>: Emulgierbares Konzentrat (EC)<\/span><\/li>\n<li><span style=\"font-size: 18px\"><strong>Aktiver Wirkstoff<\/strong>: Clethodim 24% (w\/v)<\/span><\/li>\n<li><span style=\"font-size: 18px\"><strong>Chemische Gruppe<\/strong>: Cyclohexandion-Oxim<\/span><\/li>\n<li><span style=\"font-size: 18px\"><strong>Wirkungsweise<\/strong>: Systemisches, selektives Herbizid, das schnell von den Bl\u00e4ttern zu den Wurzeln und anderen wachsenden Teilen \u00fcbergeht und auf Unkr\u00e4uter nach Pflanzenaufgang abzielt.<\/span><\/li>\n<\/ul>\n<h3>Ideale Anwendung von Clethofel 24% EC<\/h3>\n<p><span style=\"font-size: 18px\">Clethofel 24% EC wird f\u00fcr den Einsatz in den folgenden Kulturen mit den aufgef\u00fchrten typischen Sch\u00e4dlingszielen empfohlen:<\/span><\/p>\n<h4><span style=\"font-size: 18px\">Pflanzenbau und Sch\u00e4dlingsbek\u00e4mpfung:<\/span><\/h4>\n<ul>\n<li><span style=\"font-size: 18px\"><strong>Kohl, Blumenkohl, Brokkoli, Karotte<\/strong>: Kontrolliert <em>Einj\u00e4hrige und mehrj\u00e4hrige schmalbl\u00e4ttrige Gr\u00e4ser nach Pflanzenaufgang<\/em><\/span><\/li>\n<li><span style=\"font-size: 18px\"><strong>Paprika, Auberginen<\/strong>: Kontrolliert <em>Einj\u00e4hrige und mehrj\u00e4hrige schmalbl\u00e4ttrige Gr\u00e4ser nach Pflanzenaufgang<\/em><\/span><\/li>\n<li><span style=\"font-size: 18px\"><strong>Wassermelone, Gurke, Melone, K\u00fcrbis, K\u00fcrbisse<\/strong>: Kontrolliert <em>Einj\u00e4hrige und mehrj\u00e4hrige schmalbl\u00e4ttrige Gr\u00e4ser nach Pflanzenaufgang<\/em><\/span><\/li>\n<li><span style=\"font-size: 18px\"><strong>Zwiebel, Knoblauch<\/strong>: Kontrolliert <em>Einj\u00e4hrige und mehrj\u00e4hrige schmalbl\u00e4ttrige Gr\u00e4ser nach Pflanzenaufgang<\/em><\/span><\/li>\n<li><span style=\"font-size: 18px\"><strong>Kartoffel<\/strong>: Kontrolliert <em>Einj\u00e4hrige und mehrj\u00e4hrige schmalbl\u00e4ttrige Gr\u00e4ser nach Pflanzenaufgang<\/em><\/span><\/li>\n<li><span style=\"font-size: 18px\"><strong>Rettich<\/strong>: Kontrolliert <em>Einj\u00e4hrige und mehrj\u00e4hrige schmalbl\u00e4ttrige Gr\u00e4ser nach Pflanzenaufgang<\/em><\/span><\/li>\n<li><span style=\"font-size: 18px\"><strong>Tomate<\/strong>: Kontrolliert <em>Einj\u00e4hrige und mehrj\u00e4hrige schmalbl\u00e4ttrige Gr\u00e4ser nach Pflanzenaufgang<\/em><\/span><\/li>\n<li><span style=\"font-size: 18px\"><strong>Strawberry<\/strong>: Kontrolliert <em>Einj\u00e4hrige und mehrj\u00e4hrige schmalbl\u00e4ttrige Gr\u00e4ser nach Pflanzenaufgang<\/em><\/span><\/li>\n<li><span style=\"font-size: 18px\"><strong>Karotte<\/strong>: Kontrolliert <em>Einj\u00e4hrige und mehrj\u00e4hrige schmalbl\u00e4ttrige Gr\u00e4ser nach Pflanzenaufgang<\/em><\/span><\/li>\n<li><span style=\"font-size: 18px\"><strong>Aprikose, Pfirsich, Pflaume, Kirsche, Nektarine<\/strong>: Kontrolliert <em>Einj\u00e4hrige und mehrj\u00e4hrige schmalbl\u00e4ttrige Gr\u00e4ser nach Pflanzenaufgang<\/em><\/span><\/li>\n<li><span style=\"font-size: 18px\"><strong>Apfel, Birne, Quitte, Mispel<\/strong>: Kontrolliert <em>Einj\u00e4hrige und mehrj\u00e4hrige schmalbl\u00e4ttrige Gr\u00e4ser nach Pflanzenaufgang<\/em><\/span><\/li>\n<\/ul>\n<h3>Verwendungsrate:<\/h3>\n<p><span style=\"font-size: 14pt\">100-200 ml pro 200 l Wasser<\/span><\/p>\n<h3>Verpackung<\/h3>\n<ul>\n<li><span style=\"font-size: 18px\"><strong>1 L<\/strong><\/span><\/li>\n<\/ul>\n<p><img loading=\"lazy\" decoding=\"async\" class=\"alignnone size-medium wp-image-18176\" src=\"https:\/\/alqawafel.com\/wp-content\/uploads\/2024\/11\/Clethofel-24-EC-LOGO-300x300.webp\" alt=\"Clethofel 24% EC ist ein systemisches Herbizid zur Bek\u00e4mpfung einj\u00e4hriger und mehrj\u00e4hriger schmalbl\u00e4ttriger Gr\u00e4ser nach Pflanzenaufgang in Kulturen wie Tomaten, Kartoffeln und Kohl.\" width=\"300\" height=\"300\" srcset=\"https:\/\/alqawafel.com\/wp-content\/uploads\/2024\/11\/Clethofel-24-EC-LOGO-300x300.webp 300w, https:\/\/alqawafel.com\/wp-content\/uploads\/2024\/11\/Clethofel-24-EC-LOGO-150x150.webp 150w, https:\/\/alqawafel.com\/wp-content\/uploads\/2024\/11\/Clethofel-24-EC-LOGO-768x768.webp 768w, https:\/\/alqawafel.com\/wp-content\/uploads\/2024\/11\/Clethofel-24-EC-LOGO.webp 1000w\" sizes=\"auto, (max-width: 300px) 100vw, 300px\" \/><\/p>","protected":false},"excerpt":{"rendered":"<p><span style=\"font-size: 18px\">Clethofel 24% EC ist ein systemisches Herbizid zur Bek\u00e4mpfung einj\u00e4hriger und mehrj\u00e4hriger schmalbl\u00e4ttriger Gr\u00e4ser nach Pflanzenaufgang in Kulturen wie Tomaten, Kartoffeln und Kohl.<\/span><\/p>","protected":false},"featured_media":18176,"comment_status":"open","ping_status":"closed","template":"","meta":{"om_disable_all_campaigns":false,"_monsterinsights_skip_tracking":false,"_monsterinsights_sitenote_active":false,"_monsterinsights_sitenote_note":"","_monsterinsights_sitenote_category":0},"product_brand":[],"product_cat":[825,87],"product_tag":[866,1202,1206,1200,1204,1113,1205,1203,1201,1172],"class_list":{"0":"post-10525","1":"product","2":"type-product","3":"status-publish","4":"has-post-thumbnail","6":"product_cat-herbicide","7":"product_cat-pesticides","8":"product_tag-al-qawafel-ind-agr-co","9":"product_tag-annual","10":"product_tag-clethodim","11":"product_tag-clethofel-24-ec","12":"product_tag-grasses","13":"product_tag-herbicide","14":"product_tag-narrow-leave","15":"product_tag-perennial","16":"product_tag-post-emergence","17":"product_tag-systemic","19":"first","20":"instock","21":"shipping-taxable","22":"product-type-simple"},"aioseo_notices":[],"_links":{"self":[{"href":"https:\/\/alqawafel.com\/de\/wp-json\/wp\/v2\/product\/10525","targetHints":{"allow":["GET"]}}],"collection":[{"href":"https:\/\/alqawafel.com\/de\/wp-json\/wp\/v2\/product"}],"about":[{"href":"https:\/\/alqawafel.com\/de\/wp-json\/wp\/v2\/types\/product"}],"replies":[{"embeddable":true,"href":"https:\/\/alqawafel.com\/de\/wp-json\/wp\/v2\/comments?post=10525"}],"version-history":[{"count":10,"href":"https:\/\/alqawafel.com\/de\/wp-json\/wp\/v2\/product\/10525\/revisions"}],"predecessor-version":[{"id":18906,"href":"https:\/\/alqawafel.com\/de\/wp-json\/wp\/v2\/product\/10525\/revisions\/18906"}],"wp:featuredmedia":[{"embeddable":true,"href":"https:\/\/alqawafel.com\/de\/wp-json\/wp\/v2\/media\/18176"}],"wp:attachment":[{"href":"https:\/\/alqawafel.com\/de\/wp-json\/wp\/v2\/media?parent=10525"}],"wp:term":[{"taxonomy":"product_brand","embeddable":true,"href":"https:\/\/alqawafel.com\/de\/wp-json\/wp\/v2\/product_brand?post=10525"},{"taxonomy":"product_cat","embeddable":true,"href":"https:\/\/alqawafel.com\/de\/wp-json\/wp\/v2\/product_cat?post=10525"},{"taxonomy":"product_tag","embeddable":true,"href":"https:\/\/alqawafel.com\/de\/wp-json\/wp\/v2\/product_tag?post=10525"}],"curies":[{"name":"wp","href":"https:\/\/api.w.org\/{rel}","templated":true}]}}