{"id":10634,"date":"2024-11-18T09:14:07","date_gmt":"2024-11-18T09:14:07","guid":{"rendered":"https:\/\/alqawafel.com\/?post_type=product&#038;p=10634"},"modified":"2025-08-17T07:40:46","modified_gmt":"2025-08-17T07:40:46","slug":"pfefferscharf-qshp-504-f1","status":"publish","type":"product","link":"https:\/\/alqawafel.com\/de\/product\/hot-pepper-qshp-504-f1\/","title":{"rendered":"Scharfe Paprika QSHP-504 F1"},"content":{"rendered":"<p><span style=\"font-size: 18px;\">Scharfer Paprika QSHP-504 F1: Eine hochscharfe Charleston-Pfeffersorte f\u00fcr Gew\u00e4chshaus und Freiland. Erzeugt dunkelgr\u00fcne bis rote konische Fr\u00fcchte (18\u00d73 cm) mit starker Wuchsleistung und Resistenz gegen ToMV und TMV.<\/span><\/p>\n<table>\n<thead>\n<tr>\n<th><span style=\"font-size: 18px;\"><strong>Attribut<\/strong><\/span><\/th>\n<th><span style=\"font-size: 18px;\"><strong>Einzelheiten<\/strong><\/span><\/th>\n<\/tr>\n<\/thead>\n<tbody>\n<tr>\n<td><span style=\"font-size: 18px;\"><strong>Produktname<\/strong><\/span><\/td>\n<td><span style=\"font-size: 18px;\">Scharfe Paprika QSHP-504 F1<\/span><\/td>\n<\/tr>\n<tr>\n<td><span style=\"font-size: 18px;\"><strong>Typ<\/strong><\/span><\/td>\n<td><span style=\"font-size: 18px;\">Scharfer Charleston-Pfeffer f\u00fcr Gew\u00e4chshaus und Freiland<\/span><\/td>\n<\/tr>\n<tr>\n<td><span style=\"font-size: 18px;\"><strong>Vegetatives Wachstum<\/strong><\/span><\/td>\n<td><span style=\"font-size: 18px;\">Starke Pflanze<\/span><\/td>\n<\/tr>\n<tr>\n<td><span style=\"font-size: 18px;\"><strong>Merkmale der Fr\u00fcchte<\/strong><\/span><\/td>\n<td><span style=\"font-size: 18px;\">Dunkelgr\u00fcne bis rote Fr\u00fcchte, zylindrisch-konische Form, Ma\u00dfe 18 x 3 cm<\/span><\/td>\n<\/tr>\n<tr>\n<td><span style=\"font-size: 18px;\"><strong>Sch\u00e4rfe<\/strong><\/span><\/td>\n<td><span style=\"font-size: 18px;\">Hoch<\/span><\/td>\n<\/tr>\n<tr>\n<td><span style=\"font-size: 18px;\"><strong>Vertr\u00e4glichkeit (IR)<\/strong><\/span><\/td>\n<td><span style=\"font-size: 18px;\">ToMV (Tomaten-Mosaik-Virus), TMV (Tabak-Mosaik-Virus)<\/span><\/td>\n<\/tr>\n<\/tbody>\n<\/table>\n<p>&nbsp;<\/p>\n<p>&nbsp;<\/p>\n<p><a title=\"Zur\u00fcck zu Saatgut\" href=\"https:\/\/alqawafel.com\/de\/samen\/\">Zur\u00fcck zu Saatgut<\/a><\/p>\n<p><a title=\"Facebook\" href=\"https:\/\/alqawafel.com\/de\/facebook\/\" target=\"_blank\" rel=\"noopener\">Facebook<\/a><\/p>\n<p><a title=\"Linkedin\" href=\"https:\/\/www.linkedin.com\/company\/alqawafel-ind-agr-co\/\" target=\"_blank\" rel=\"noopener\">Linkedin<\/a><\/p>","protected":false},"excerpt":{"rendered":"<p><span style=\"font-size: 18px;\">Scharfer Paprika QSHP-504 F1: Ein robuster Charleston-Pfeffer f\u00fcr Gew\u00e4chshaus und Freiland mit hoher Sch\u00e4rfe und Resistenz gegen ToMV und TMV.<\/span><\/p>","protected":false},"featured_media":0,"comment_status":"open","ping_status":"closed","template":"","meta":{"om_disable_all_campaigns":false,"_monsterinsights_skip_tracking":false,"_monsterinsights_sitenote_active":false,"_monsterinsights_sitenote_note":"","_monsterinsights_sitenote_category":0},"product_brand":[],"product_cat":[837,237],"product_tag":[866,1235,1230,1229,1236,1231,1101],"class_list":{"0":"post-10634","1":"product","2":"type-product","3":"status-publish","5":"product_cat-hot-pepper","6":"product_cat-seeds","7":"product_tag-al-qawafel-ind-agr-co","8":"product_tag-charleston-pepper","9":"product_tag-greenhouse-pepper","10":"product_tag-hot-pepper","11":"product_tag-hot-pepper-qshp-504-f1","12":"product_tag-open-field-pepper","13":"product_tag-seeds","15":"first","16":"instock","17":"shipping-taxable","18":"product-type-simple"},"aioseo_notices":[],"_links":{"self":[{"href":"https:\/\/alqawafel.com\/de\/wp-json\/wp\/v2\/product\/10634","targetHints":{"allow":["GET"]}}],"collection":[{"href":"https:\/\/alqawafel.com\/de\/wp-json\/wp\/v2\/product"}],"about":[{"href":"https:\/\/alqawafel.com\/de\/wp-json\/wp\/v2\/types\/product"}],"replies":[{"embeddable":true,"href":"https:\/\/alqawafel.com\/de\/wp-json\/wp\/v2\/comments?post=10634"}],"version-history":[{"count":2,"href":"https:\/\/alqawafel.com\/de\/wp-json\/wp\/v2\/product\/10634\/revisions"}],"predecessor-version":[{"id":19588,"href":"https:\/\/alqawafel.com\/de\/wp-json\/wp\/v2\/product\/10634\/revisions\/19588"}],"wp:attachment":[{"href":"https:\/\/alqawafel.com\/de\/wp-json\/wp\/v2\/media?parent=10634"}],"wp:term":[{"taxonomy":"product_brand","embeddable":true,"href":"https:\/\/alqawafel.com\/de\/wp-json\/wp\/v2\/product_brand?post=10634"},{"taxonomy":"product_cat","embeddable":true,"href":"https:\/\/alqawafel.com\/de\/wp-json\/wp\/v2\/product_cat?post=10634"},{"taxonomy":"product_tag","embeddable":true,"href":"https:\/\/alqawafel.com\/de\/wp-json\/wp\/v2\/product_tag?post=10634"}],"curies":[{"name":"wp","href":"https:\/\/api.w.org\/{rel}","templated":true}]}}