{"id":10636,"date":"2024-11-18T09:19:59","date_gmt":"2024-11-18T09:19:59","guid":{"rendered":"https:\/\/alqawafel.com\/?post_type=product&#038;p=10636"},"modified":"2025-08-17T07:36:46","modified_gmt":"2025-08-17T07:36:46","slug":"pfefferscharf-qshp-505-f1","status":"publish","type":"product","link":"https:\/\/alqawafel.com\/de\/product\/hot-pepper-qshp-505-f1\/","title":{"rendered":"Scharfe Paprika QSHP-505 F1"},"content":{"rendered":"<p><span style=\"font-size: 18px;\">Scharfer Paprika QSHP-505 F1: Eine hochscharfe Paprikasorte f\u00fcr Gew\u00e4chshaus und Freiland. Produziert dunkelgr\u00fcne, kegelf\u00f6rmige Fr\u00fcchte (17-20 cm) mit starker Wuchskraft und Resistenz gegen ToMV und TMV.<\/span><\/p>\n<table>\n<thead>\n<tr>\n<th><span style=\"font-size: 18px;\"><strong>Attribut<\/strong><\/span><\/th>\n<th><span style=\"font-size: 18px;\"><strong>Einzelheiten<\/strong><\/span><\/th>\n<\/tr>\n<\/thead>\n<tbody>\n<tr>\n<td><span style=\"font-size: 18px;\"><strong>Produktname<\/strong><\/span><\/td>\n<td><span style=\"font-size: 18px;\">Scharfe Paprika QSHP - 505 F1<\/span><\/td>\n<\/tr>\n<tr>\n<td><span style=\"font-size: 18px;\"><strong>Typ<\/strong><\/span><\/td>\n<td><span style=\"font-size: 18px;\">Scharfer Pfeffer f\u00fcr Gew\u00e4chshaus und Freiland<\/span><\/td>\n<\/tr>\n<tr>\n<td><span style=\"font-size: 18px;\"><strong>Vegetatives Wachstum<\/strong><\/span><\/td>\n<td><span style=\"font-size: 18px;\">Starke Pflanze<\/span><\/td>\n<\/tr>\n<tr>\n<td><span style=\"font-size: 18px;\"><strong>Merkmale der Fr\u00fcchte<\/strong><\/span><\/td>\n<td><span style=\"font-size: 18px;\">Dunkelgr\u00fcne Fr\u00fcchte, zylindrisch-kegelf\u00f6rmig, 17-20 cm lang<\/span><\/td>\n<\/tr>\n<tr>\n<td><span style=\"font-size: 18px;\"><strong>Sch\u00e4rfe<\/strong><\/span><\/td>\n<td><span style=\"font-size: 18px;\">Hoch<\/span><\/td>\n<\/tr>\n<tr>\n<td><span style=\"font-size: 18px;\"><strong>Vertr\u00e4glichkeit (IR)<\/strong><\/span><\/td>\n<td><span style=\"font-size: 18px;\">ToMV (Tomaten-Mosaik-Virus), TMV (Tabak-Mosaik-Virus)<\/span><\/td>\n<\/tr>\n<\/tbody>\n<\/table>\n<p><img loading=\"lazy\" decoding=\"async\" class=\"alignnone size-medium wp-image-10637\" src=\"https:\/\/alqawafel.com\/wp-content\/uploads\/2024\/11\/WhatsApp-Image-2024-11-17-at-12.48.52-PM-2-225x300.jpeg\" alt=\"Scharfe Paprika QSHP-505 F1 \" width=\"225\" height=\"300\" srcset=\"https:\/\/alqawafel.com\/wp-content\/uploads\/2024\/11\/WhatsApp-Image-2024-11-17-at-12.48.52-PM-2-225x300.jpeg 225w, https:\/\/alqawafel.com\/wp-content\/uploads\/2024\/11\/WhatsApp-Image-2024-11-17-at-12.48.52-PM-2-150x200.jpeg 150w, https:\/\/alqawafel.com\/wp-content\/uploads\/2024\/11\/WhatsApp-Image-2024-11-17-at-12.48.52-PM-2.jpeg 768w\" sizes=\"auto, (max-width: 225px) 100vw, 225px\" \/><\/p>\n<p>&nbsp;<\/p>\n<p><a title=\"Zur\u00fcck zu Saatgut\" href=\"https:\/\/alqawafel.com\/de\/samen\/\">Zur\u00fcck zu Saatgut<\/a><\/p>\n<p><a title=\"Facebook\" href=\"https:\/\/alqawafel.com\/de\/facebook\/\" target=\"_blank\" rel=\"noopener\">Facebook<\/a><\/p>\n<p><a title=\"Linkedin\" href=\"https:\/\/www.linkedin.com\/company\/alqawafel-ind-agr-co\/\" target=\"_blank\" rel=\"noopener\">Linkedin<\/a><\/p>","protected":false},"excerpt":{"rendered":"<p><span style=\"font-size: 18px;\">Scharfer Paprika QSHP-505 F1: Ein vielseitiger scharfer Pfeffer f\u00fcr Gew\u00e4chshaus und Freiland mit hoher Sch\u00e4rfe und Resistenz gegen ToMV und TMV.<\/span><\/p>","protected":false},"featured_media":10637,"comment_status":"open","ping_status":"closed","template":"","meta":{"om_disable_all_campaigns":false,"_monsterinsights_skip_tracking":false,"_monsterinsights_sitenote_active":false,"_monsterinsights_sitenote_note":"","_monsterinsights_sitenote_category":0},"product_brand":[],"product_cat":[837,237],"product_tag":[866,1235,1230,1229,1236,1231,1101],"class_list":{"0":"post-10636","1":"product","2":"type-product","3":"status-publish","4":"has-post-thumbnail","6":"product_cat-hot-pepper","7":"product_cat-seeds","8":"product_tag-al-qawafel-ind-agr-co","9":"product_tag-charleston-pepper","10":"product_tag-greenhouse-pepper","11":"product_tag-hot-pepper","12":"product_tag-hot-pepper-qshp-504-f1","13":"product_tag-open-field-pepper","14":"product_tag-seeds","16":"first","17":"instock","18":"shipping-taxable","19":"product-type-simple"},"aioseo_notices":[],"_links":{"self":[{"href":"https:\/\/alqawafel.com\/de\/wp-json\/wp\/v2\/product\/10636","targetHints":{"allow":["GET"]}}],"collection":[{"href":"https:\/\/alqawafel.com\/de\/wp-json\/wp\/v2\/product"}],"about":[{"href":"https:\/\/alqawafel.com\/de\/wp-json\/wp\/v2\/types\/product"}],"replies":[{"embeddable":true,"href":"https:\/\/alqawafel.com\/de\/wp-json\/wp\/v2\/comments?post=10636"}],"version-history":[{"count":4,"href":"https:\/\/alqawafel.com\/de\/wp-json\/wp\/v2\/product\/10636\/revisions"}],"predecessor-version":[{"id":19582,"href":"https:\/\/alqawafel.com\/de\/wp-json\/wp\/v2\/product\/10636\/revisions\/19582"}],"wp:featuredmedia":[{"embeddable":true,"href":"https:\/\/alqawafel.com\/de\/wp-json\/wp\/v2\/media\/10637"}],"wp:attachment":[{"href":"https:\/\/alqawafel.com\/de\/wp-json\/wp\/v2\/media?parent=10636"}],"wp:term":[{"taxonomy":"product_brand","embeddable":true,"href":"https:\/\/alqawafel.com\/de\/wp-json\/wp\/v2\/product_brand?post=10636"},{"taxonomy":"product_cat","embeddable":true,"href":"https:\/\/alqawafel.com\/de\/wp-json\/wp\/v2\/product_cat?post=10636"},{"taxonomy":"product_tag","embeddable":true,"href":"https:\/\/alqawafel.com\/de\/wp-json\/wp\/v2\/product_tag?post=10636"}],"curies":[{"name":"wp","href":"https:\/\/api.w.org\/{rel}","templated":true}]}}