{"id":10689,"date":"2024-11-18T09:53:06","date_gmt":"2024-11-18T09:53:06","guid":{"rendered":"https:\/\/alqawafel.com\/?post_type=product&#038;p=10689"},"modified":"2025-08-12T12:56:25","modified_gmt":"2025-08-12T12:56:25","slug":"squash-qssq-405-f1","status":"publish","type":"product","link":"https:\/\/alqawafel.com\/de\/product\/squash-qssq-405-f1\/","title":{"rendered":"K\u00fcrbis QSSq-405 F1"},"content":{"rendered":"<p><span style=\"font-size: 18px;\">K\u00fcrbis QSSq-405 F1: Eine sommertaugliche Iskandarany-K\u00fcrbissorte f\u00fcr Freiland und Gew\u00e4chshaus. Produziert leuchtend gr\u00fcne, zylindrische Fr\u00fcchte (14-18 cm) mit einer Reifezeit von 40 Tagen und starker Krankheitsresistenz.<\/span><\/p>\n<table>\n<thead>\n<tr>\n<th><span style=\"font-size: 18px;\"><strong>Attribut<\/strong><\/span><\/th>\n<th><span style=\"font-size: 18px;\"><strong>Einzelheiten<\/strong><\/span><\/th>\n<\/tr>\n<\/thead>\n<tbody>\n<tr>\n<td><span style=\"font-size: 18px;\"><strong>Produktname<\/strong><\/span><\/td>\n<td><span style=\"font-size: 18px;\">K\u00fcrbis QSSq-405 F1<\/span><\/td>\n<\/tr>\n<tr>\n<td><span style=\"font-size: 18px;\"><strong>Typ<\/strong><\/span><\/td>\n<td><span style=\"font-size: 18px;\">Iskandarany-Sorte f\u00fcr Freiland und Gew\u00e4chshaus<\/span><\/td>\n<\/tr>\n<tr>\n<td><span style=\"font-size: 18px;\"><strong>Fruchtsatz Stil<\/strong><\/span><\/td>\n<td><span style=\"font-size: 18px;\">Gut, mit einer Reifezeit von etwa 40 Tagen<\/span><\/td>\n<\/tr>\n<tr>\n<td><span style=\"font-size: 18px;\"><strong>Vegetatives Wachstum<\/strong><\/span><\/td>\n<td><span style=\"font-size: 18px;\">Starke, kompakte Pflanze<\/span><\/td>\n<\/tr>\n<tr>\n<td><span style=\"font-size: 18px;\"><strong>Merkmale der Fr\u00fcchte<\/strong><\/span><\/td>\n<td><span style=\"font-size: 18px;\">Leuchtend gr\u00fcn, zylindrische Form, 14-18 cm gro\u00df, f\u00fcr den Sommer geeignet<\/span><\/td>\n<\/tr>\n<tr>\n<td><span style=\"font-size: 18px;\"><strong>Vertr\u00e4glichkeit (IR)<\/strong><\/span><\/td>\n<td><span style=\"font-size: 18px;\">PM (Echter Mehltau), CMV (Gurkenmosaikvirus), WMV (Wassermelonenmosaikvirus), ZYMV (Zucchinigelbmosaikvirus)<\/span><\/td>\n<\/tr>\n<\/tbody>\n<\/table>\n<p><img loading=\"lazy\" decoding=\"async\" class=\"alignnone size-medium wp-image-10696\" src=\"https:\/\/alqawafel.com\/wp-content\/uploads\/2024\/11\/405-225x300.jpg\" alt=\"K\u00fcrbis QSSq-405 F1\" width=\"225\" height=\"300\" srcset=\"https:\/\/alqawafel.com\/wp-content\/uploads\/2024\/11\/405-225x300.jpg 225w, https:\/\/alqawafel.com\/wp-content\/uploads\/2024\/11\/405-768x1024.jpg 768w, https:\/\/alqawafel.com\/wp-content\/uploads\/2024\/11\/405-150x200.jpg 150w, https:\/\/alqawafel.com\/wp-content\/uploads\/2024\/11\/405.jpg 960w\" sizes=\"auto, (max-width: 225px) 100vw, 225px\" \/><\/p>\n<p>&nbsp;<\/p>\n<p><a title=\"Zur\u00fcck zu Saatgut\" href=\"https:\/\/alqawafel.com\/de\/samen\/\">Zur\u00fcck zu Saatgut<\/a><\/p>\n<p><a title=\"Facebook\" href=\"https:\/\/alqawafel.com\/de\/facebook\/\" target=\"_blank\" rel=\"noopener\">Facebook<\/a><\/p>\n<p><a title=\"Linkedin\" href=\"https:\/\/www.linkedin.com\/company\/alqawafel-ind-agr-co\/\" target=\"_blank\" rel=\"noopener\">Linkedin<\/a><\/p>","protected":false},"excerpt":{"rendered":"<p><span style=\"font-size: 18px;\">K\u00fcrbis QSSq-405 F1: Ein robuster Iskandarany-K\u00fcrbis f\u00fcr den Sommeranbau mit leuchtend gr\u00fcnen, zylindrischen Fr\u00fcchten und Resistenz gegen PM, CMV, WMV und ZYMV.<\/span><\/p>","protected":false},"featured_media":10696,"comment_status":"open","ping_status":"closed","template":"","meta":{"om_disable_all_campaigns":false,"_monsterinsights_skip_tracking":false,"_monsterinsights_sitenote_active":false,"_monsterinsights_sitenote_note":"","_monsterinsights_sitenote_category":0},"product_brand":[],"product_cat":[237,829],"product_tag":[866,1245,1250,1240,1101,1252,1247],"class_list":{"0":"post-10689","1":"product","2":"type-product","3":"status-publish","4":"has-post-thumbnail","6":"product_cat-seeds","7":"product_cat-squash","8":"product_tag-al-qawafel-ind-agr-co","9":"product_tag-greenhouse-squash","10":"product_tag-iskandarany-squash","11":"product_tag-open-field-squash","12":"product_tag-seeds","13":"product_tag-squash-qssq-405-f1","14":"product_tag-summer-squash","16":"first","17":"instock","18":"shipping-taxable","19":"product-type-simple"},"aioseo_notices":[],"_links":{"self":[{"href":"https:\/\/alqawafel.com\/de\/wp-json\/wp\/v2\/product\/10689","targetHints":{"allow":["GET"]}}],"collection":[{"href":"https:\/\/alqawafel.com\/de\/wp-json\/wp\/v2\/product"}],"about":[{"href":"https:\/\/alqawafel.com\/de\/wp-json\/wp\/v2\/types\/product"}],"replies":[{"embeddable":true,"href":"https:\/\/alqawafel.com\/de\/wp-json\/wp\/v2\/comments?post=10689"}],"version-history":[{"count":4,"href":"https:\/\/alqawafel.com\/de\/wp-json\/wp\/v2\/product\/10689\/revisions"}],"predecessor-version":[{"id":19580,"href":"https:\/\/alqawafel.com\/de\/wp-json\/wp\/v2\/product\/10689\/revisions\/19580"}],"wp:featuredmedia":[{"embeddable":true,"href":"https:\/\/alqawafel.com\/de\/wp-json\/wp\/v2\/media\/10696"}],"wp:attachment":[{"href":"https:\/\/alqawafel.com\/de\/wp-json\/wp\/v2\/media?parent=10689"}],"wp:term":[{"taxonomy":"product_brand","embeddable":true,"href":"https:\/\/alqawafel.com\/de\/wp-json\/wp\/v2\/product_brand?post=10689"},{"taxonomy":"product_cat","embeddable":true,"href":"https:\/\/alqawafel.com\/de\/wp-json\/wp\/v2\/product_cat?post=10689"},{"taxonomy":"product_tag","embeddable":true,"href":"https:\/\/alqawafel.com\/de\/wp-json\/wp\/v2\/product_tag?post=10689"}],"curies":[{"name":"wp","href":"https:\/\/api.w.org\/{rel}","templated":true}]}}