{"id":10717,"date":"2024-11-18T10:29:56","date_gmt":"2024-11-18T10:29:56","guid":{"rendered":"https:\/\/alqawafel.com\/?post_type=product&#038;p=10717"},"modified":"2025-08-12T12:53:53","modified_gmt":"2025-08-12T12:53:53","slug":"squash-qssq-408-f1","status":"publish","type":"product","link":"https:\/\/alqawafel.com\/de\/product\/squash-qssq-408-f1\/","title":{"rendered":"K\u00fcrbis QSSq-408 F1"},"content":{"rendered":"<p><span style=\"font-size: 18px;\">Zucchini QSSq-408 F1: Eine ertragreiche dunkelgr\u00fcne Zucchinisorte f\u00fcr den Freilandanbau. Produziert tief dunkelgr\u00fcne, zylindrische Fr\u00fcchte (15-20 cm) mit einer Reifezeit von 40 Tagen und starker Krankheitsresistenz.<\/span><\/p>\n<table style=\"width: 100%; height: 243px;\">\n<thead>\n<tr style=\"height: 27px;\">\n<th style=\"height: 27px;\"><span style=\"font-size: 18px;\"><strong>Attribut<\/strong><\/span><\/th>\n<th style=\"height: 27px;\"><span style=\"font-size: 18px;\"><strong>Einzelheiten<\/strong><\/span><\/th>\n<\/tr>\n<\/thead>\n<tbody>\n<tr style=\"height: 27px;\">\n<td style=\"height: 27px;\"><span style=\"font-size: 18px;\"><strong>Produktname<\/strong><\/span><\/td>\n<td style=\"height: 27px;\"><span style=\"font-size: 18px;\">K\u00fcrbis QSSq-408 F1<\/span><\/td>\n<\/tr>\n<tr style=\"height: 27px;\">\n<td style=\"height: 27px;\"><span style=\"font-size: 18px;\"><strong>Typ<\/strong><\/span><\/td>\n<td style=\"height: 27px;\"><span style=\"font-size: 18px;\">Dunkelgr\u00fcne Zucchinisorte f\u00fcr das Freiland<\/span><\/td>\n<\/tr>\n<tr style=\"height: 27px;\">\n<td style=\"height: 27px;\"><span style=\"font-size: 18px;\"><strong>Fruchtsatz Stil<\/strong><\/span><\/td>\n<td style=\"height: 27px;\"><span style=\"font-size: 18px;\">Gut, mit einer Reifezeit von etwa 40 Tagen<\/span><\/td>\n<\/tr>\n<tr style=\"height: 27px;\">\n<td style=\"height: 27px;\"><span style=\"font-size: 18px;\"><strong>Vegetatives Wachstum<\/strong><\/span><\/td>\n<td style=\"height: 27px;\"><span style=\"font-size: 18px;\">Starke, kompakte Pflanze<\/span><\/td>\n<\/tr>\n<tr style=\"height: 54px;\">\n<td style=\"height: 54px;\"><span style=\"font-size: 18px;\"><strong>Merkmale der Fr\u00fcchte<\/strong><\/span><\/td>\n<td style=\"height: 54px;\"><span style=\"font-size: 18px;\">Tief dunkelgr\u00fcn, zylindrische Form, 15-20 cm gro\u00df<\/span><\/td>\n<\/tr>\n<tr style=\"height: 54px;\">\n<td style=\"height: 54px;\"><span style=\"font-size: 18px;\"><strong>Vertr\u00e4glichkeit (IR)<\/strong><\/span><\/td>\n<td style=\"height: 54px;\"><span style=\"font-size: 18px;\">PM (Echter Mehltau), CMV (Gurkenmosaikvirus), WMV (Wassermelonenmosaikvirus), ZYMV (Zucchinigelbmosaikvirus)<\/span><\/td>\n<\/tr>\n<\/tbody>\n<\/table>\n<p>&nbsp;<\/p>\n<p>&nbsp;<\/p>\n<p><a title=\"Zur\u00fcck zu Saatgut\" href=\"https:\/\/alqawafel.com\/de\/samen\/\">Zur\u00fcck zu Saatgut<\/a><\/p>\n<p><a title=\"Facebook\" href=\"https:\/\/alqawafel.com\/de\/facebook\/\" target=\"_blank\" rel=\"noopener\">Facebook<\/a><\/p>\n<p><a title=\"Linkedin\" href=\"https:\/\/www.linkedin.com\/company\/alqawafel-ind-agr-co\/\" target=\"_blank\" rel=\"noopener\">Linkedin<\/a><\/p>","protected":false},"excerpt":{"rendered":"<p><span style=\"font-size: 18px;\">K\u00fcrbis QSSq-408 F1: Eine robuste, dunkelgr\u00fcne Zucchini f\u00fcr offene Felder mit Fr\u00fcchten, die resistent gegen PM, CMV, WMV und ZYMV sind und eine schnelle Reifezeit von 40 Tagen haben.<\/span><\/p>","protected":false},"featured_media":0,"comment_status":"open","ping_status":"closed","template":"","meta":{"om_disable_all_campaigns":false,"_monsterinsights_skip_tracking":false,"_monsterinsights_sitenote_active":false,"_monsterinsights_sitenote_note":"","_monsterinsights_sitenote_category":0},"product_brand":[],"product_cat":[237,829],"product_tag":[866,1257,1251,1241,1240,1101,1256],"class_list":{"0":"post-10717","1":"product","2":"type-product","3":"status-publish","5":"product_cat-seeds","6":"product_cat-squash","7":"product_tag-al-qawafel-ind-agr-co","8":"product_tag-dark-green-zucchini","9":"product_tag-early-maturing-squash","10":"product_tag-high-yield-squash","11":"product_tag-open-field-squash","12":"product_tag-seeds","13":"product_tag-squash-qssq-408-f1","15":"first","16":"instock","17":"shipping-taxable","18":"product-type-simple"},"aioseo_notices":[],"_links":{"self":[{"href":"https:\/\/alqawafel.com\/de\/wp-json\/wp\/v2\/product\/10717","targetHints":{"allow":["GET"]}}],"collection":[{"href":"https:\/\/alqawafel.com\/de\/wp-json\/wp\/v2\/product"}],"about":[{"href":"https:\/\/alqawafel.com\/de\/wp-json\/wp\/v2\/types\/product"}],"replies":[{"embeddable":true,"href":"https:\/\/alqawafel.com\/de\/wp-json\/wp\/v2\/comments?post=10717"}],"version-history":[{"count":3,"href":"https:\/\/alqawafel.com\/de\/wp-json\/wp\/v2\/product\/10717\/revisions"}],"predecessor-version":[{"id":19577,"href":"https:\/\/alqawafel.com\/de\/wp-json\/wp\/v2\/product\/10717\/revisions\/19577"}],"wp:attachment":[{"href":"https:\/\/alqawafel.com\/de\/wp-json\/wp\/v2\/media?parent=10717"}],"wp:term":[{"taxonomy":"product_brand","embeddable":true,"href":"https:\/\/alqawafel.com\/de\/wp-json\/wp\/v2\/product_brand?post=10717"},{"taxonomy":"product_cat","embeddable":true,"href":"https:\/\/alqawafel.com\/de\/wp-json\/wp\/v2\/product_cat?post=10717"},{"taxonomy":"product_tag","embeddable":true,"href":"https:\/\/alqawafel.com\/de\/wp-json\/wp\/v2\/product_tag?post=10717"}],"curies":[{"name":"wp","href":"https:\/\/api.w.org\/{rel}","templated":true}]}}