{"id":11001,"date":"2024-11-19T07:46:07","date_gmt":"2024-11-19T07:46:07","guid":{"rendered":"https:\/\/alqawafel.com\/?post_type=product&#038;p=11001"},"modified":"2025-06-11T08:40:45","modified_gmt":"2025-06-11T08:40:45","slug":"q-cyper-25-ec","status":"publish","type":"product","link":"https:\/\/alqawafel.com\/de\/product\/q-cyper-25-ec\/","title":{"rendered":"Q-Cyper 25 EC Insektizid"},"content":{"rendered":"<div class=\"flex-shrink-0 flex flex-col relative items-end\">\n<h3>Warum Q-Cyper 25 EC?<\/h3>\n<p><span style=\"font-size: 18px\">Q-Cyper 25 EC ist ein nicht-systemisches Insektizid mit robuster Kontakt- und Magenwirkung gegen eine Vielzahl von Sch\u00e4dlingen. Mit seinen Anti-Fress-Eigenschaften und seiner guten Restaktivit\u00e4t bietet es lang anhaltenden Schutz f\u00fcr die Kulturen. Dieses Produkt ist ideal f\u00fcr Landwirte, die nach zuverl\u00e4ssigen L\u00f6sungen f\u00fcr die Sch\u00e4dlingsbek\u00e4mpfung in verschiedenen Kulturen suchen.<\/span><\/p>\n<h3>Identifizierung von Q-Cyper 25 EC<\/h3>\n<ul>\n<li><span style=\"font-size: 18px\"><strong>Formulierung<\/strong>: Emulgierbares Konzentrat (EC)<\/span><\/li>\n<li><span style=\"font-size: 18px\"><strong>Aktiver Wirkstoff<\/strong>: Cypermethrin 25% (w\/v)<\/span><\/li>\n<li><span style=\"font-size: 18px\"><strong>Chemische Gruppe<\/strong>: Pyrethroid<\/span><\/li>\n<li><span style=\"font-size: 18px\"><strong>Wirkungsweise<\/strong>: Nicht-systemisches Insektizid mit Kontakt- und Magenwirkung, das gegen Fressfeinde und als R\u00fcckstand wirkt.<\/span><\/li>\n<\/ul>\n<h3>Ideale Anwendung<\/h3>\n<p><span style=\"font-size: 18px\">\u00a0Empfohlen f\u00fcr den Einsatz in den folgenden Kulturen mit typischen Sch\u00e4dlingszielen wie aufgef\u00fchrt:<\/span><\/p>\n<h3>Pflanzenbau und Sch\u00e4dlingsbek\u00e4mpfung:<\/h3>\n<ul>\n<li><span style=\"font-size: 18px\"><strong>Brokkoli, Blumenkohl, Wei\u00dfkohl<\/strong>: Kontrolliert <em>Schnittw\u00fcrmer, Blattminierer, Blattl\u00e4use, Wei\u00dfe Fliegen, K\u00e4fer, Thripse<\/em><\/span><\/li>\n<li><span style=\"font-size: 18px\"><strong>Kopfsalat<\/strong>: Kontrolliert <em>Schnittw\u00fcrmer, K\u00e4fer, Thripse<\/em><\/span><\/li>\n<li><span style=\"font-size: 18px\"><strong>Zwiebeln, gr\u00fcne Zwiebeln, Knoblauch<\/strong>: Kontrolliert <em>Schnittw\u00fcrmer, Blattminierer, Blattl\u00e4use, Thripse<\/em><\/span><\/li>\n<\/ul>\n<h3>Verwendungsrate:<\/h3>\n<p><span style=\"font-size: 14pt\">50-100 ml pro 200 l Wasser<\/span><\/p>\n<h3>Verpackung<\/h3>\n<ul>\n<li><span style=\"font-size: 18px\"><strong>1 L<\/strong><\/span><\/li>\n<\/ul>\n<p><img loading=\"lazy\" decoding=\"async\" class=\"alignnone size-medium wp-image-17858\" src=\"https:\/\/alqawafel.com\/wp-content\/uploads\/2024\/11\/Q-Cyper-25-EC-LOGO-300x300.webp\" alt=\"Das Insektizid Q-Cyper 25 EC hat eine Kontakt- und Bauchwirkung mit Residualeffekt und bek\u00e4mpft Sch\u00e4dlinge wie Blattl\u00e4use, Wei\u00dfe Fliegen und K\u00e4fer in Nutzpflanzen.\" width=\"300\" height=\"300\" srcset=\"https:\/\/alqawafel.com\/wp-content\/uploads\/2024\/11\/Q-Cyper-25-EC-LOGO-300x300.webp 300w, https:\/\/alqawafel.com\/wp-content\/uploads\/2024\/11\/Q-Cyper-25-EC-LOGO-150x150.webp 150w, https:\/\/alqawafel.com\/wp-content\/uploads\/2024\/11\/Q-Cyper-25-EC-LOGO-768x768.webp 768w, https:\/\/alqawafel.com\/wp-content\/uploads\/2024\/11\/Q-Cyper-25-EC-LOGO.webp 1000w\" sizes=\"auto, (max-width: 300px) 100vw, 300px\" \/><\/p>\n<\/div>\n<p>&nbsp;<\/p>","protected":false},"excerpt":{"rendered":"<p><span style=\"font-size: 18px\">Das Insektizid Q-Cyper 25 EC hat eine Kontakt- und Bauchwirkung mit Residualeffekt und bek\u00e4mpft Sch\u00e4dlinge wie Blattl\u00e4use, Wei\u00dfe Fliegen und K\u00e4fer in Nutzpflanzen.<\/span><\/p>","protected":false},"featured_media":17858,"comment_status":"open","ping_status":"closed","template":"","meta":{"om_disable_all_campaigns":false,"_monsterinsights_skip_tracking":false,"_monsterinsights_sitenote_active":false,"_monsterinsights_sitenote_note":"","_monsterinsights_sitenote_category":0},"product_brand":[],"product_cat":[822,87],"product_tag":[866,1115,860,841,857,1365,1325,1187,1355],"class_list":{"0":"post-11001","1":"product","2":"type-product","3":"status-publish","4":"has-post-thumbnail","6":"product_cat-insecticide","7":"product_cat-pesticides","8":"product_tag-al-qawafel-ind-agr-co","9":"product_tag-contact","10":"product_tag-cypermethrin","11":"product_tag-insecticide","12":"product_tag-leafminer","13":"product_tag-pyrethroid","14":"product_tag-q-cyper-25-ec","15":"product_tag-residual","16":"product_tag-stomach","18":"first","19":"instock","20":"shipping-taxable","21":"product-type-simple"},"aioseo_notices":[],"_links":{"self":[{"href":"https:\/\/alqawafel.com\/de\/wp-json\/wp\/v2\/product\/11001","targetHints":{"allow":["GET"]}}],"collection":[{"href":"https:\/\/alqawafel.com\/de\/wp-json\/wp\/v2\/product"}],"about":[{"href":"https:\/\/alqawafel.com\/de\/wp-json\/wp\/v2\/types\/product"}],"replies":[{"embeddable":true,"href":"https:\/\/alqawafel.com\/de\/wp-json\/wp\/v2\/comments?post=11001"}],"version-history":[{"count":10,"href":"https:\/\/alqawafel.com\/de\/wp-json\/wp\/v2\/product\/11001\/revisions"}],"predecessor-version":[{"id":18845,"href":"https:\/\/alqawafel.com\/de\/wp-json\/wp\/v2\/product\/11001\/revisions\/18845"}],"wp:featuredmedia":[{"embeddable":true,"href":"https:\/\/alqawafel.com\/de\/wp-json\/wp\/v2\/media\/17858"}],"wp:attachment":[{"href":"https:\/\/alqawafel.com\/de\/wp-json\/wp\/v2\/media?parent=11001"}],"wp:term":[{"taxonomy":"product_brand","embeddable":true,"href":"https:\/\/alqawafel.com\/de\/wp-json\/wp\/v2\/product_brand?post=11001"},{"taxonomy":"product_cat","embeddable":true,"href":"https:\/\/alqawafel.com\/de\/wp-json\/wp\/v2\/product_cat?post=11001"},{"taxonomy":"product_tag","embeddable":true,"href":"https:\/\/alqawafel.com\/de\/wp-json\/wp\/v2\/product_tag?post=11001"}],"curies":[{"name":"wp","href":"https:\/\/api.w.org\/{rel}","templated":true}]}}