{"id":11004,"date":"2024-11-19T07:53:12","date_gmt":"2024-11-19T07:53:12","guid":{"rendered":"https:\/\/alqawafel.com\/?post_type=product&#038;p=11004"},"modified":"2025-06-11T10:11:30","modified_gmt":"2025-06-11T10:11:30","slug":"toxamit-11-sc","status":"publish","type":"product","link":"https:\/\/alqawafel.com\/de\/product\/toxamite-11-sc\/","title":{"rendered":"Toxamite 11 SC Mitizid"},"content":{"rendered":"<div class=\"flex-shrink-0 flex flex-col relative items-end\">\n<h3>Warum Toxamite 11% SC?<\/h3>\n<p><span style=\"font-size: 18px\">Toxamite 11% SC ist ein hochwirksames Kontaktmilbenbek\u00e4mpfungsmittel, das speziell f\u00fcr die Bek\u00e4mpfung von Milben in verschiedenen Wachstumsstadien, einschlie\u00dflich Eiern, Larven und Nymphen, entwickelt wurde. Durch die Hemmung des H\u00e4utungsprozesses bietet es einen umfassenden Schutz und sorgt f\u00fcr eine deutliche Reduzierung der Milbenpopulationen. Es ist die ideale Wahl f\u00fcr Landwirte, die eine zuverl\u00e4ssige Milbenbek\u00e4mpfung f\u00fcr ihre Kulturen suchen.<\/span><\/p>\n<h3>Identifizierung<\/h3>\n<ul>\n<li><span style=\"font-size: 18px\"><strong>Formulierung<\/strong>: Suspensionskonzentrat (SC)<\/span><\/li>\n<li><span style=\"font-size: 18px\"><strong>Aktiver Wirkstoff<\/strong>: Etoxazol 11% (w\/v)<\/span><\/li>\n<li><span style=\"font-size: 18px\"><strong>Chemische Gruppe<\/strong>: Diphenyl-Oxazolin<\/span><\/li>\n<li><span style=\"font-size: 18px\"><strong>Wirkungsweise<\/strong>: Kontaktmitizid, das die H\u00e4utung von Milben in verschiedenen Lebensstadien (Eier, Larven und Nymphen) hemmt.<\/span><\/li>\n<\/ul>\n<h3>Ideale Anwendung von Toxamite 11% SC<\/h3>\n<p><span style=\"font-size: 18px\">Wirksam bei den folgenden Kulturen und Sch\u00e4dlingen:<\/span><\/p>\n<ul>\n<li><span style=\"font-size: 18px\"><strong>Apfel, Birne, Mispel, Quitte:<\/strong><\/span>\n<ul>\n<li><span style=\"font-size: 18px\"><strong>Bek\u00e4mpfte Sch\u00e4dlinge:<\/strong> Rote Milbe, Europ\u00e4ische Milbe<\/span><\/li>\n<\/ul>\n<\/li>\n<li><span style=\"font-size: 18px\"><strong>Zitrusfr\u00fcchte (Orange, Zitrone, Pomelo, Mandarine):<\/strong><\/span>\n<ul>\n<li><span style=\"font-size: 18px\"><strong>Bek\u00e4mpfte Sch\u00e4dlinge:<\/strong> Milben<\/span><\/li>\n<\/ul>\n<\/li>\n<li><span style=\"font-size: 18px\"><strong>Tomate, Paprika:<\/strong><\/span>\n<ul>\n<li><span style=\"font-size: 18px\"><strong>Bek\u00e4mpfte Sch\u00e4dlinge:<\/strong> Zweifleckige Spinnmilbe<\/span><\/li>\n<\/ul>\n<\/li>\n<li><span style=\"font-size: 18px\"><strong>Banane:<\/strong><\/span>\n<ul>\n<li><span style=\"font-size: 18px\"><strong>Bek\u00e4mpfte Sch\u00e4dlinge:<\/strong> Milben<\/span><\/li>\n<\/ul>\n<\/li>\n<\/ul>\n<h3>Verwendungsrate:<\/h3>\n<p><span style=\"font-size: 14pt\">70-100 ml pro 200 l Wasser<\/span><\/p>\n<h3>Verpackung<\/h3>\n<ul>\n<li><span style=\"font-size: 18px\"><strong>500 ml<\/strong><\/span><\/li>\n<\/ul>\n<\/div>\n<p><img loading=\"lazy\" decoding=\"async\" class=\"alignnone size-medium wp-image-18566\" src=\"https:\/\/alqawafel.com\/wp-content\/uploads\/2024\/11\/TOXAMITE-11-SC-LOGO-300x300.webp\" alt=\"Das Kontaktmilbenbek\u00e4mpfungsmittel Toxamite 11 SC bek\u00e4mpft Milben in allen Wachstumsstadien, einschlie\u00dflich Eiern und Nymphen, und bietet einen gr\u00fcndlichen und zuverl\u00e4ssigen Pflanzenschutz.\" width=\"300\" height=\"300\" srcset=\"https:\/\/alqawafel.com\/wp-content\/uploads\/2024\/11\/TOXAMITE-11-SC-LOGO-300x300.webp 300w, https:\/\/alqawafel.com\/wp-content\/uploads\/2024\/11\/TOXAMITE-11-SC-LOGO-150x150.webp 150w, https:\/\/alqawafel.com\/wp-content\/uploads\/2024\/11\/TOXAMITE-11-SC-LOGO-768x768.webp 768w, https:\/\/alqawafel.com\/wp-content\/uploads\/2024\/11\/TOXAMITE-11-SC-LOGO.webp 1000w\" sizes=\"auto, (max-width: 300px) 100vw, 300px\" \/><\/p>\n<p>&nbsp;<\/p>","protected":false},"excerpt":{"rendered":"<p><span style=\"font-size: 18px\">Das Kontaktmilbenbek\u00e4mpfungsmittel Toxamite 11 SC bek\u00e4mpft Milben in allen Wachstumsstadien, einschlie\u00dflich Eiern und Nymphen, und bietet einen gr\u00fcndlichen und zuverl\u00e4ssigen Pflanzenschutz.<\/span><\/p>","protected":false},"featured_media":18566,"comment_status":"open","ping_status":"closed","template":"","meta":{"om_disable_all_campaigns":false,"_monsterinsights_skip_tracking":false,"_monsterinsights_sitenote_active":false,"_monsterinsights_sitenote_note":"","_monsterinsights_sitenote_category":0},"product_brand":[],"product_cat":[824,87],"product_tag":[866,1115,1345,845,844,1326],"class_list":{"0":"post-11004","1":"product","2":"type-product","3":"status-publish","4":"has-post-thumbnail","6":"product_cat-miticide","7":"product_cat-pesticides","8":"product_tag-al-qawafel-ind-agr-co","9":"product_tag-contact","10":"product_tag-etoxazole","11":"product_tag-mite","12":"product_tag-miticide","13":"product_tag-toxamite-11-sc","15":"first","16":"instock","17":"shipping-taxable","18":"product-type-simple"},"aioseo_notices":[],"_links":{"self":[{"href":"https:\/\/alqawafel.com\/de\/wp-json\/wp\/v2\/product\/11004","targetHints":{"allow":["GET"]}}],"collection":[{"href":"https:\/\/alqawafel.com\/de\/wp-json\/wp\/v2\/product"}],"about":[{"href":"https:\/\/alqawafel.com\/de\/wp-json\/wp\/v2\/types\/product"}],"replies":[{"embeddable":true,"href":"https:\/\/alqawafel.com\/de\/wp-json\/wp\/v2\/comments?post=11004"}],"version-history":[{"count":8,"href":"https:\/\/alqawafel.com\/de\/wp-json\/wp\/v2\/product\/11004\/revisions"}],"predecessor-version":[{"id":18885,"href":"https:\/\/alqawafel.com\/de\/wp-json\/wp\/v2\/product\/11004\/revisions\/18885"}],"wp:featuredmedia":[{"embeddable":true,"href":"https:\/\/alqawafel.com\/de\/wp-json\/wp\/v2\/media\/18566"}],"wp:attachment":[{"href":"https:\/\/alqawafel.com\/de\/wp-json\/wp\/v2\/media?parent=11004"}],"wp:term":[{"taxonomy":"product_brand","embeddable":true,"href":"https:\/\/alqawafel.com\/de\/wp-json\/wp\/v2\/product_brand?post=11004"},{"taxonomy":"product_cat","embeddable":true,"href":"https:\/\/alqawafel.com\/de\/wp-json\/wp\/v2\/product_cat?post=11004"},{"taxonomy":"product_tag","embeddable":true,"href":"https:\/\/alqawafel.com\/de\/wp-json\/wp\/v2\/product_tag?post=11004"}],"curies":[{"name":"wp","href":"https:\/\/api.w.org\/{rel}","templated":true}]}}