{"id":11006,"date":"2024-11-19T08:00:56","date_gmt":"2024-11-19T08:00:56","guid":{"rendered":"https:\/\/alqawafel.com\/?post_type=product&#038;p=11006"},"modified":"2025-09-09T12:32:36","modified_gmt":"2025-09-09T12:32:36","slug":"glyofel-48-sl","status":"publish","type":"product","link":"https:\/\/alqawafel.com\/de\/product\/glyofel-48-sl\/","title":{"rendered":"Glyofel 48% SL Herbizid"},"content":{"rendered":"<div class=\"flex-shrink-0 flex flex-col relative items-end\">\n<h3><span style=\"font-size: 18pt;\">Warum Glyofel 48% SL?<\/span><\/h3>\n<p><span style=\"font-size: 18px;\">Glyofel48% SL ist ein systemisches Herbizid, das f\u00fcr die Unkrautbek\u00e4mpfung mit breitem Wirkungsspektrum entwickelt wurde. Es bek\u00e4mpft sowohl einj\u00e4hrige als auch mehrj\u00e4hrige breitbl\u00e4ttrige Unkr\u00e4uter und ist damit die ideale Wahl f\u00fcr den Einsatz auf nicht landwirtschaftlich genutzten Fl\u00e4chen, Obstb\u00e4umen und Traubenfeldern. Mit seiner F\u00e4higkeit, Unkr\u00e4uter im Nachauflauf- und im aktiven Wachstumsstadium zu bek\u00e4mpfen, gew\u00e4hrleistet Glyofel 48% SL eine optimale Unkrautbek\u00e4mpfung und bereitet die Felder f\u00fcr die Bepflanzung vor.<\/span><\/p>\n<h3><span style=\"font-size: 18pt;\">Identifizierung von Glyofel 48% SL<\/span><\/h3>\n<ul>\n<li><span style=\"font-size: 18px;\"><strong>Formulierung<\/strong>: L\u00f6sliches Konzentrat (SL)<\/span><\/li>\n<li><span style=\"font-size: 18px;\"><strong>Aktiver Wirkstoff<\/strong>: Glyphosat-Isopropylamin 48% (w\/v)<\/span><\/li>\n<li><span style=\"font-size: 18px;\"><strong>Chemische Gruppe<\/strong>: Phosphonoglycin<\/span><\/li>\n<li><span style=\"font-size: 18px;\"><strong>Wirkungsweise<\/strong>: Systemische Wirkung zur wirksamen Bek\u00e4mpfung von ein- und mehrj\u00e4hrigen Unkr\u00e4utern.<\/span><\/li>\n<\/ul>\n<h3><span style=\"font-size: 18pt;\">Ideale Anwendung<\/span><\/h3>\n<p><span style=\"font-size: 18px;\">Empfohlen f\u00fcr den Einsatz in den folgenden Kulturen und Gebieten mit typischen Unkrautzielen wie aufgef\u00fchrt:<\/span><\/p>\n<h3><span style=\"font-size: 18pt; color: #000000;\">Kulturpflanzen- und Unkrautbek\u00e4mpfung:<\/span><\/h3>\n<ul>\n<li><span style=\"font-size: 18px;\"><strong>Obstb\u00e4ume und Traubenfelder<\/strong>: Kontrolliert <em>Mehrj\u00e4hrige und einj\u00e4hrige Unkr\u00e4uter (Spr\u00fchen nach Pflanzenaufgang und im aktiven Wachstumsstadium)<\/em><\/span><\/li>\n<li><span style=\"font-size: 18px;\"><strong>Unkultivierte Fl\u00e4chen<\/strong>: Kontrolliert <em>Einj\u00e4hrige Unkr\u00e4uter, mehrj\u00e4hrige Unkr\u00e4uter<\/em><\/span><\/li>\n<li><span style=\"font-size: 18px;\"><strong>Feldvorbereitung vor der Pflanzung<\/strong>: Kontrolliert <em>Mehrj\u00e4hriges und einj\u00e4hriges Unkraut.<\/em><\/span><\/li>\n<\/ul>\n<p><span style=\"font-size: 18pt; color: #000000;\"><strong data-start=\"63\" data-end=\"80\">Ziel-Unkr\u00e4uter:<\/strong><\/span><\/p>\n<ul>\n<li>Scheidengras, Quecke, Flughafer, Wildgerste, Kn\u00f6terich, Dodder, M\u00e4useschwanz, Kornrade, Weizengras, Reitgras, Johnsongras, Kanarienvogelgras, Bermudagras, Einj\u00e4hrige Halme, Kleine Gerste.<\/li>\n<\/ul>\n<p><span style=\"font-size: 18pt; color: #000000;\"><strong data-start=\"279\" data-end=\"296\">Zielkulturen:<\/strong><\/span><\/p>\n<ul>\n<li>Kohl, Brokkoli, Blumenkohl<\/li>\n<li>Paprika, Aubergine<\/li>\n<li>Wassermelone, Melone, K\u00fcrbis, Zucchini<\/li>\n<li>Zwiebel, Knoblauch<\/li>\n<li>Kartoffel<\/li>\n<li>Rettich (bl\u00e4ttrig)<\/li>\n<li>Tomate<\/li>\n<li>Strawberry<\/li>\n<li>Karotte<\/li>\n<li>Aprikose, Pfirsich, Pflaume, Kirsche, Nektarine<\/li>\n<li>Apfel, Birne, Quitte, Mispel<\/li>\n<\/ul>\n<p><span style=\"font-size: 18pt; color: #000000;\"><strong data-start=\"527\" data-end=\"557\">Optimale Anwendungsphase:<\/strong><\/span><\/p>\n<ul>\n<li>Beim Auftreten von Unkraut im 3-Blatt-Stadium bis zum Beginn der Seitentriebbildung.<\/li>\n<\/ul>\n<h3>Verwendungsrate:<\/h3>\n<p><span style=\"font-size: 14pt;\">1000 ml pro 200 l Wasser<\/span><\/p>\n<h3>Verpackung<\/h3>\n<ul>\n<li><span style=\"font-size: 18px;\"><strong>1 L<\/strong><\/span><\/li>\n<li><strong>5 L<\/strong><\/li>\n<\/ul>\n<p><img loading=\"lazy\" decoding=\"async\" class=\"alignnone size-medium wp-image-18186\" src=\"https:\/\/alqawafel.com\/wp-content\/uploads\/2024\/11\/Glyofel-48-SL-LOGO-300x300.webp\" alt=\"Das systemische Herbizid Glyofel 48% SL bietet ein breites Spektrum an Bek\u00e4mpfungsm\u00f6glichkeiten f\u00fcr ein- und mehrj\u00e4hrige Unkr\u00e4uter in Obstb\u00e4umen, Weinbergen und nicht landwirtschaftlich genutzten Fl\u00e4chen.\" width=\"300\" height=\"300\" srcset=\"https:\/\/alqawafel.com\/wp-content\/uploads\/2024\/11\/Glyofel-48-SL-LOGO-300x300.webp 300w, https:\/\/alqawafel.com\/wp-content\/uploads\/2024\/11\/Glyofel-48-SL-LOGO-150x150.webp 150w, https:\/\/alqawafel.com\/wp-content\/uploads\/2024\/11\/Glyofel-48-SL-LOGO-768x768.webp 768w, https:\/\/alqawafel.com\/wp-content\/uploads\/2024\/11\/Glyofel-48-SL-LOGO.webp 1000w\" sizes=\"auto, (max-width: 300px) 100vw, 300px\" \/><\/p>\n<\/div>\n<p>&nbsp;<\/p>","protected":false},"excerpt":{"rendered":"<p><span style=\"font-size: 18px;\">Das systemische Herbizid Glyofel 48% SL bietet ein breites Spektrum an Bek\u00e4mpfungsm\u00f6glichkeiten f\u00fcr ein- und mehrj\u00e4hrige Unkr\u00e4uter in Obstb\u00e4umen, Weinbergen und nicht landwirtschaftlich genutzten Fl\u00e4chen.<\/span><\/p>","protected":false},"featured_media":18186,"comment_status":"open","ping_status":"closed","template":"","meta":{"om_disable_all_campaigns":false,"_monsterinsights_skip_tracking":false,"_monsterinsights_sitenote_active":false,"_monsterinsights_sitenote_note":"","_monsterinsights_sitenote_category":0},"product_brand":[],"product_cat":[825,87],"product_tag":[866,1202,1356,1327,1357,1113,1203,1172],"class_list":{"0":"post-11006","1":"product","2":"type-product","3":"status-publish","4":"has-post-thumbnail","6":"product_cat-herbicide","7":"product_cat-pesticides","8":"product_tag-al-qawafel-ind-agr-co","9":"product_tag-annual","10":"product_tag-broad-spectrum","11":"product_tag-glyofel-48-sl","12":"product_tag-glyphosate-isopropylamine","13":"product_tag-herbicide","14":"product_tag-perennial","15":"product_tag-systemic","17":"first","18":"instock","19":"shipping-taxable","20":"product-type-simple"},"aioseo_notices":[],"_links":{"self":[{"href":"https:\/\/alqawafel.com\/de\/wp-json\/wp\/v2\/product\/11006","targetHints":{"allow":["GET"]}}],"collection":[{"href":"https:\/\/alqawafel.com\/de\/wp-json\/wp\/v2\/product"}],"about":[{"href":"https:\/\/alqawafel.com\/de\/wp-json\/wp\/v2\/types\/product"}],"replies":[{"embeddable":true,"href":"https:\/\/alqawafel.com\/de\/wp-json\/wp\/v2\/comments?post=11006"}],"version-history":[{"count":12,"href":"https:\/\/alqawafel.com\/de\/wp-json\/wp\/v2\/product\/11006\/revisions"}],"predecessor-version":[{"id":19957,"href":"https:\/\/alqawafel.com\/de\/wp-json\/wp\/v2\/product\/11006\/revisions\/19957"}],"wp:featuredmedia":[{"embeddable":true,"href":"https:\/\/alqawafel.com\/de\/wp-json\/wp\/v2\/media\/18186"}],"wp:attachment":[{"href":"https:\/\/alqawafel.com\/de\/wp-json\/wp\/v2\/media?parent=11006"}],"wp:term":[{"taxonomy":"product_brand","embeddable":true,"href":"https:\/\/alqawafel.com\/de\/wp-json\/wp\/v2\/product_brand?post=11006"},{"taxonomy":"product_cat","embeddable":true,"href":"https:\/\/alqawafel.com\/de\/wp-json\/wp\/v2\/product_cat?post=11006"},{"taxonomy":"product_tag","embeddable":true,"href":"https:\/\/alqawafel.com\/de\/wp-json\/wp\/v2\/product_tag?post=11006"}],"curies":[{"name":"wp","href":"https:\/\/api.w.org\/{rel}","templated":true}]}}