{"id":11010,"date":"2024-11-19T08:20:24","date_gmt":"2024-11-19T08:20:24","guid":{"rendered":"https:\/\/alqawafel.com\/?post_type=product&#038;p=11010"},"modified":"2025-06-11T08:38:10","modified_gmt":"2025-06-11T08:38:10","slug":"abamixam-16-9-sc","status":"publish","type":"product","link":"https:\/\/alqawafel.com\/de\/product\/abamixam-16-9-sc\/","title":{"rendered":"Abamixam 16.9% SC Insektizid"},"content":{"rendered":"<div class=\"flex-shrink-0 flex flex-col relative items-end\">\n<h3>Warum Abamixam 16.9% SC?<\/h3>\n<p><span style=\"font-size: 18px\">Abamixam16.9% SC ist ein systemisches Insektizid, das zwei leistungsstarke Wirkstoffe zur wirksamen Sch\u00e4dlingsbek\u00e4mpfung kombiniert. Mit seiner Kontakt- und Magenwirkung bietet es zuverl\u00e4ssigen Schutz gegen eine Vielzahl von Insekten. Abamixam 16.9% SC ist eine ideale L\u00f6sung f\u00fcr Landwirte, die Sch\u00e4dlinge in verschiedenen Kulturen effizient bek\u00e4mpfen wollen.<\/span><\/p>\n<h3>Identifizierung<\/h3>\n<ul>\n<li><span style=\"font-size: 18px\"><strong>Formulierung<\/strong>: Suspensionskonzentrat (SC)<\/span><\/li>\n<li><span style=\"font-size: 18px\"><strong>Aktiver Wirkstoff<\/strong>: Abamectin 3% + Thiamethoxam 13,9% (w\/w)<\/span><\/li>\n<li><span style=\"font-size: 18px\"><strong>Chemische Gruppe<\/strong>: Avermectin + Neonicotinoid<\/span><\/li>\n<li><span style=\"font-size: 18px\"><strong>Wirkungsweise<\/strong>: Systemisches Insektizid mit Kontakt- und Magenwirkung zur wirksamen Bek\u00e4mpfung und Beseitigung von Sch\u00e4dlingen.<\/span><\/li>\n<\/ul>\n<h3>Ideale Anwendung von Abamixam 16.9% SC<\/h3>\n<p><span style=\"font-size: 18px\">Abamixam16.9% SC wird f\u00fcr den Einsatz in den folgenden Kulturen mit typischen Sch\u00e4dlingszielen, wie aufgef\u00fchrt, empfohlen:<\/span><\/p>\n<h3>Pflanzenbau und Sch\u00e4dlingsbek\u00e4mpfung:<\/h3>\n<ul>\n<li><span style=\"font-size: 18px\"><strong>Zitrusfr\u00fcchte<\/strong>: Kontrolliert <em>Zitrusblattl\u00e4use, Trips, Milben, Schildl\u00e4use<\/em><\/span><\/li>\n<li><span style=\"font-size: 18px\"><strong>Kartoffel<\/strong>: Kontrolliert <em>Blatth\u00fcpfer, Milbe<\/em><\/span><\/li>\n<\/ul>\n<h3>Verwendungsrate:<\/h3>\n<p><span style=\"font-size: 14pt\">70-120 ml pro 200 l Wasser<\/span><\/p>\n<h3>Verpackung<\/h3>\n<ul>\n<li><span style=\"font-size: 18px\"><strong>1 L<\/strong><\/span><\/li>\n<\/ul>\n<\/div>\n<p><img loading=\"lazy\" decoding=\"async\" class=\"alignnone size-medium wp-image-17924\" src=\"https:\/\/alqawafel.com\/wp-content\/uploads\/2024\/11\/Abamuxam-16.9-sc-LOGO-300x300.webp\" alt=\"Abamixam 16.9% SC ist ein systemisches Insektizid mit einer Kombination aus Kontakt- und Magenwirkung, das Blattl\u00e4use, Milben, Thripse und Zikaden bei Zitrusfr\u00fcchten und Kartoffeln bek\u00e4mpft.\" width=\"300\" height=\"300\" srcset=\"https:\/\/alqawafel.com\/wp-content\/uploads\/2024\/11\/Abamuxam-16.9-sc-LOGO-300x300.webp 300w, https:\/\/alqawafel.com\/wp-content\/uploads\/2024\/11\/Abamuxam-16.9-sc-LOGO-150x150.webp 150w, https:\/\/alqawafel.com\/wp-content\/uploads\/2024\/11\/Abamuxam-16.9-sc-LOGO-768x768.webp 768w, https:\/\/alqawafel.com\/wp-content\/uploads\/2024\/11\/Abamuxam-16.9-sc-LOGO.webp 1000w\" sizes=\"auto, (max-width: 300px) 100vw, 300px\" \/><\/p>","protected":false},"excerpt":{"rendered":"<div class=\"flex max-w-full flex-col flex-grow\">\n<div class=\"min-h-8 text-message flex w-full flex-col items-end gap-2 whitespace-normal break-words [.text-message+&amp;]:mt-5\" dir=\"auto\" data-message-author-role=\"assistant\" data-message-id=\"c40f433f-4ee2-4e08-9329-2493f6ec05f1\" data-message-model-slug=\"gpt-4o\">\n<div class=\"flex w-full flex-col gap-1 empty:hidden first:pt-[3px]\">\n<div class=\"markdown prose w-full break-words dark:prose-invert light\">\n<div class=\"flex max-w-full flex-col flex-grow\">\n<div class=\"min-h-8 text-message flex w-full flex-col items-end gap-2 whitespace-normal break-words [.text-message+&amp;]:mt-5\" dir=\"auto\" data-message-author-role=\"assistant\" data-message-id=\"b99b8dac-22e2-4c15-bc7c-b4632a862d86\" data-message-model-slug=\"gpt-4o\">\n<div class=\"flex w-full flex-col gap-1 empty:hidden first:pt-[3px]\">\n<div class=\"markdown prose w-full break-words dark:prose-invert light\">\n<p><span style=\"font-size: 18px\">Abamixam 16.9% SC is a systemic insecticide combining contact &amp; stomach action, controlling aphids, mites, thrips, and leaf hoppers in citrus and potatoes.<\/span><\/p>\n<\/div>\n<\/div>\n<\/div>\n<\/div>\n<div class=\"mb-2 flex gap-3 empty:hidden -ml-2\">\n<div class=\"items-center justify-start rounded-xl p-1 flex\">\n<div class=\"flex items-center\">\n<div class=\"flex items-center pb-0\"><\/div>\n<\/div>\n<\/div>\n<\/div>\n<\/div>\n<\/div>\n<\/div>\n<\/div>\n","protected":false},"featured_media":17924,"comment_status":"open","ping_status":"closed","template":"","meta":{"om_disable_all_campaigns":false,"_monsterinsights_skip_tracking":false,"_monsterinsights_sitenote_active":false,"_monsterinsights_sitenote_note":"","_monsterinsights_sitenote_category":0},"product_brand":[],"product_cat":[822,87],"product_tag":[852,1329,866,1115,841,1355,1172,848],"class_list":{"0":"post-11010","1":"product","2":"type-product","3":"status-publish","4":"has-post-thumbnail","6":"product_cat-insecticide","7":"product_cat-pesticides","8":"product_tag-abamectin","9":"product_tag-abamixam-16-9-sc","10":"product_tag-al-qawafel-ind-agr-co","11":"product_tag-contact","12":"product_tag-insecticide","13":"product_tag-stomach","14":"product_tag-systemic","15":"product_tag-thiamethoxam","17":"first","18":"instock","19":"shipping-taxable","20":"product-type-simple"},"aioseo_notices":[],"_links":{"self":[{"href":"https:\/\/alqawafel.com\/de\/wp-json\/wp\/v2\/product\/11010","targetHints":{"allow":["GET"]}}],"collection":[{"href":"https:\/\/alqawafel.com\/de\/wp-json\/wp\/v2\/product"}],"about":[{"href":"https:\/\/alqawafel.com\/de\/wp-json\/wp\/v2\/types\/product"}],"replies":[{"embeddable":true,"href":"https:\/\/alqawafel.com\/de\/wp-json\/wp\/v2\/comments?post=11010"}],"version-history":[{"count":11,"href":"https:\/\/alqawafel.com\/de\/wp-json\/wp\/v2\/product\/11010\/revisions"}],"predecessor-version":[{"id":18843,"href":"https:\/\/alqawafel.com\/de\/wp-json\/wp\/v2\/product\/11010\/revisions\/18843"}],"wp:featuredmedia":[{"embeddable":true,"href":"https:\/\/alqawafel.com\/de\/wp-json\/wp\/v2\/media\/17924"}],"wp:attachment":[{"href":"https:\/\/alqawafel.com\/de\/wp-json\/wp\/v2\/media?parent=11010"}],"wp:term":[{"taxonomy":"product_brand","embeddable":true,"href":"https:\/\/alqawafel.com\/de\/wp-json\/wp\/v2\/product_brand?post=11010"},{"taxonomy":"product_cat","embeddable":true,"href":"https:\/\/alqawafel.com\/de\/wp-json\/wp\/v2\/product_cat?post=11010"},{"taxonomy":"product_tag","embeddable":true,"href":"https:\/\/alqawafel.com\/de\/wp-json\/wp\/v2\/product_tag?post=11010"}],"curies":[{"name":"wp","href":"https:\/\/api.w.org\/{rel}","templated":true}]}}