{"id":11050,"date":"2024-11-19T11:07:45","date_gmt":"2024-11-19T11:07:45","guid":{"rendered":"https:\/\/alqawafel.com\/?post_type=product&#038;p=11050"},"modified":"2025-06-11T08:19:00","modified_gmt":"2025-06-11T08:19:00","slug":"pyramide-10-sl","status":"publish","type":"product","link":"https:\/\/alqawafel.com\/de\/product\/pyram-10-sl\/","title":{"rendered":"Pyram 10% SL Insektizid"},"content":{"rendered":"<div class=\"flex-shrink-0 flex flex-col relative items-end\">\n<h3>Warum Pyram 10% SL?<\/h3>\n<p><span style=\"font-size: 18px\">Pyram 10% SL ist ein systemisches Insektizid mit translaminarer Wirkung, das eine wirksame Sch\u00e4dlingsbek\u00e4mpfung durch Kontakt- und Magenwirkung erm\u00f6glicht. Es unterbricht das zentrale Nervensystem des Insekts und sorgt so f\u00fcr eine effiziente und schnelle Beseitigung. Dieses Produkt ist ideal f\u00fcr Landwirte, die zuverl\u00e4ssige L\u00f6sungen f\u00fcr die Sch\u00e4dlingsbek\u00e4mpfung in einer Vielzahl von Kulturen suchen.<\/span><\/p>\n<h3>Identifizierung<\/h3>\n<ul>\n<li><span style=\"font-size: 18px\"><strong>Formulierung<\/strong>: L\u00f6sliches Konzentrat (SL)<\/span><\/li>\n<li><span style=\"font-size: 18px\"><strong>Aktiver Wirkstoff<\/strong>: Nitenpyram 10% (w\/v)<\/span><\/li>\n<li><span style=\"font-size: 18px\"><strong>Chemische Gruppe<\/strong>: Neonicotinoid<\/span><\/li>\n<li><span style=\"font-size: 18px\"><strong>Wirkungsweise<\/strong>: Systemisches Insektizid mit translaminarer Wirkung, das auf das zentrale Nervensystem der Zielsch\u00e4dlinge wirkt.<\/span><\/li>\n<\/ul>\n<h3>Ideale Anwendung f\u00fcr Pyram 10% SL<\/h3>\n<p><span style=\"font-size: 18px\">empfohlen f\u00fcr die Anwendung bei den folgenden Kulturen mit typischen Sch\u00e4dlingszielen wie aufgef\u00fchrt:<\/span><\/p>\n<h4>Pflanzenbau und Sch\u00e4dlingsbek\u00e4mpfung:<\/h4>\n<ul>\n<li><span style=\"font-size: 18px\"><strong>Kartoffel<\/strong>: Kontrolliert <em>Blattl\u00e4use<\/em><\/span><\/li>\n<li><span style=\"font-size: 18px\"><strong>Gurke<\/strong>: Kontrolliert <em>Wei\u00dfe Fliege, Trips, Blattl\u00e4use<\/em><\/span><\/li>\n<li><span style=\"font-size: 18px\"><strong>Wassermelone<\/strong>: Kontrolliert <em>Wei\u00dfe Fliege, Trips, Blattl\u00e4use<\/em><\/span><\/li>\n<li><span style=\"font-size: 18px\"><strong>Melone<\/strong>: Kontrolliert <em>Wei\u00dfe Fliege, Trips, Blattl\u00e4use<\/em><\/span><\/li>\n<li><span style=\"font-size: 18px\"><strong>Rettich<\/strong>: Kontrolliert <em>Blattl\u00e4use<\/em><\/span><\/li>\n<li><span style=\"font-size: 18px\"><strong>Strawberry<\/strong>: Kontrolliert <em>Blattl\u00e4use<\/em><\/span><\/li>\n<li><span style=\"font-size: 18px\"><strong>Apfel<\/strong>: Kontrolliert <em>Blattl\u00e4use<\/em><\/span><\/li>\n<li><span style=\"font-size: 18px\"><strong>Pfirsich<\/strong>: Kontrolliert <em>Blattl\u00e4use<\/em><\/span><\/li>\n<li><span style=\"font-size: 18px\"><strong>Zierpflanzen<\/strong>: Kontrolliert <em>Wei\u00dfe Fliege<\/em><\/span><\/li>\n<\/ul>\n<h3>Verwendungsrate:<\/h3>\n<p><span style=\"font-size: 14pt\">100-200 ml<\/span><span style=\"font-size: 14pt\">\u00a0pro 200 l Wasser<\/span><\/p>\n<h3>Verpackung<\/h3>\n<ul>\n<li><span style=\"font-size: 18px\"><strong>1 L<\/strong><\/span><\/li>\n<\/ul>\n<\/div>\n<p><img loading=\"lazy\" decoding=\"async\" class=\"alignnone size-medium wp-image-17936\" src=\"https:\/\/alqawafel.com\/wp-content\/uploads\/2024\/11\/Pyram-10-SL-LOGO-300x300.webp\" alt=\"Pyram 10% SL: Systemisches Insektizid auf Nitenpyram-Basis zur Bek\u00e4mpfung von Blattl\u00e4usen und Wei\u00dfen Fliegen. Wirksam mit translaminarer Aktivit\u00e4t f\u00fcr eine optimale Sch\u00e4dlingsbek\u00e4mpfung.\" width=\"300\" height=\"300\" srcset=\"https:\/\/alqawafel.com\/wp-content\/uploads\/2024\/11\/Pyram-10-SL-LOGO-300x300.webp 300w, https:\/\/alqawafel.com\/wp-content\/uploads\/2024\/11\/Pyram-10-SL-LOGO-150x150.webp 150w, https:\/\/alqawafel.com\/wp-content\/uploads\/2024\/11\/Pyram-10-SL-LOGO-768x768.webp 768w, https:\/\/alqawafel.com\/wp-content\/uploads\/2024\/11\/Pyram-10-SL-LOGO.webp 1000w\" sizes=\"auto, (max-width: 300px) 100vw, 300px\" \/><\/p>","protected":false},"excerpt":{"rendered":"<p><span style=\"font-size: 18px\">Pyram 10% SL: Systemisches Insektizid auf Nitenpyram-Basis zur Bek\u00e4mpfung von Blattl\u00e4usen und Wei\u00dfen Fliegen. Wirksam mit translaminarer Aktivit\u00e4t f\u00fcr eine optimale Sch\u00e4dlingsbek\u00e4mpfung.<\/span><\/p>","protected":false},"featured_media":17936,"comment_status":"open","ping_status":"closed","template":"","meta":{"om_disable_all_campaigns":false,"_monsterinsights_skip_tracking":false,"_monsterinsights_sitenote_active":false,"_monsterinsights_sitenote_note":"","_monsterinsights_sitenote_category":0},"product_brand":[],"product_cat":[822,87],"product_tag":[866,847,841,1354,1337,1172,1209,858],"class_list":{"0":"post-11050","1":"product","2":"type-product","3":"status-publish","4":"has-post-thumbnail","6":"product_cat-insecticide","7":"product_cat-pesticides","8":"product_tag-al-qawafel-ind-agr-co","9":"product_tag-aphid","10":"product_tag-insecticide","11":"product_tag-nitenpyram","12":"product_tag-pyram-10-sl","13":"product_tag-systemic","14":"product_tag-translaminar","15":"product_tag-whitefly","17":"first","18":"instock","19":"shipping-taxable","20":"product-type-simple"},"aioseo_notices":[],"_links":{"self":[{"href":"https:\/\/alqawafel.com\/de\/wp-json\/wp\/v2\/product\/11050","targetHints":{"allow":["GET"]}}],"collection":[{"href":"https:\/\/alqawafel.com\/de\/wp-json\/wp\/v2\/product"}],"about":[{"href":"https:\/\/alqawafel.com\/de\/wp-json\/wp\/v2\/types\/product"}],"replies":[{"embeddable":true,"href":"https:\/\/alqawafel.com\/de\/wp-json\/wp\/v2\/comments?post=11050"}],"version-history":[{"count":10,"href":"https:\/\/alqawafel.com\/de\/wp-json\/wp\/v2\/product\/11050\/revisions"}],"predecessor-version":[{"id":18832,"href":"https:\/\/alqawafel.com\/de\/wp-json\/wp\/v2\/product\/11050\/revisions\/18832"}],"wp:featuredmedia":[{"embeddable":true,"href":"https:\/\/alqawafel.com\/de\/wp-json\/wp\/v2\/media\/17936"}],"wp:attachment":[{"href":"https:\/\/alqawafel.com\/de\/wp-json\/wp\/v2\/media?parent=11050"}],"wp:term":[{"taxonomy":"product_brand","embeddable":true,"href":"https:\/\/alqawafel.com\/de\/wp-json\/wp\/v2\/product_brand?post=11050"},{"taxonomy":"product_cat","embeddable":true,"href":"https:\/\/alqawafel.com\/de\/wp-json\/wp\/v2\/product_cat?post=11050"},{"taxonomy":"product_tag","embeddable":true,"href":"https:\/\/alqawafel.com\/de\/wp-json\/wp\/v2\/product_tag?post=11050"}],"curies":[{"name":"wp","href":"https:\/\/api.w.org\/{rel}","templated":true}]}}