{"id":12785,"date":"2024-12-16T08:15:52","date_gmt":"2024-12-16T08:15:52","guid":{"rendered":"https:\/\/alqawafel.com\/?post_type=product&#038;p=12785"},"modified":"2026-01-08T09:14:02","modified_gmt":"2026-01-08T09:14:02","slug":"wachstum-13-5-40-t-e","status":"publish","type":"product","link":"https:\/\/alqawafel.com\/de\/product\/growth-13-5-40-t-e\/","title":{"rendered":"Wachstum 13-5-40 + T.E. D\u00fcngemittel"},"content":{"rendered":"<p><span style=\"font-family: arial, helvetica, sans-serif;\"><strong>Warum sollte man sich f\u00fcr Growth 13-5-40 + T.E. entscheiden?<\/strong><\/span><\/p>\n<p><span style=\"font-family: arial, helvetica, sans-serif;\">Growth 13-5-40 + T.E. ist ein vollst\u00e4ndig wasserl\u00f6slicher, hochentwickelter D\u00fcnger mit einem hohen Kaliumgehalt sowie Stickstoff, Phosphor und wichtigen Mikron\u00e4hrstoffen. Diese Formulierung unterst\u00fctzt das Pflanzenwachstum, verbessert die Fruchtqualit\u00e4t und erh\u00f6ht die Effizienz der N\u00e4hrstoffaufnahme selbst unter salzigen Bodenbedingungen. Es ist mit verschiedenen Bew\u00e4sserungssystemen kompatibel und eignet sich daher f\u00fcr Gem\u00fcse, Obstkulturen, Feldfr\u00fcchte und Zierpflanzen.<\/span><\/p>\n<p><span style=\"font-family: arial, helvetica, sans-serif;\"><strong>Wichtigste Vorteile<\/strong><\/span><\/p>\n<ul>\n<li><span style=\"font-family: arial, helvetica, sans-serif;\"><strong>Hoher Kaliumgehalt:<\/strong> Sorgt f\u00fcr gr\u00f6\u00dfere Fr\u00fcchte, bessere Qualit\u00e4t und h\u00f6here Ertr\u00e4ge, insbesondere bei kaliumbed\u00fcrftigen Pflanzen.<\/span><\/li>\n<li><span style=\"font-family: arial, helvetica, sans-serif;\"><strong>Ausgewogene Ern\u00e4hrung:<\/strong> Enth\u00e4lt Stickstoff, Phosphor, Schwefel, Magnesium und chelatierte Mikron\u00e4hrstoffe zur Unterst\u00fctzung der Pflanzengesundheit.<\/span><\/li>\n<li><span style=\"font-family: arial, helvetica, sans-serif;\"><strong>Optimaler pH-Wert:<\/strong> H\u00e4lt einen pH-Wert von <strong>6<\/strong> unter <strong>1 g\/L<\/strong>, Dadurch wird eine maximale Verf\u00fcgbarkeit und Aufnahme von N\u00e4hrstoffen gew\u00e4hrleistet.<\/span><\/li>\n<li><span style=\"font-family: arial, helvetica, sans-serif;\"><strong>Niedrige elektrische Leitf\u00e4higkeit (EC):<\/strong> Geeignet f\u00fcr salzhaltige B\u00f6den und hilft, Pflanzenstress zu reduzieren.<\/span><\/li>\n<li><span style=\"font-family: arial, helvetica, sans-serif;\"><strong>Mikron\u00e4hrstoffe und Vitamine:<\/strong> Angereichert mit chelatiertem Eisen, Zink, Mangan, Kupfer und Bor sowie mit wichtigen Vitaminen wie Riboflavin, Pyridoxin, Nicotinamid und Thiamin.<\/span><\/li>\n<li><span style=\"font-family: arial, helvetica, sans-serif;\"><strong>Chloridfrei:<\/strong> Sicher f\u00fcr chloridempfindliche Kulturen und reduziert das Toxizit\u00e4tsrisiko.<\/span><\/li>\n<li><span style=\"font-family: arial, helvetica, sans-serif;\"><strong>Vollst\u00e4ndig wasserl\u00f6slich:<\/strong> Ideal f\u00fcr Tropfbew\u00e4sserung, Sprinklersysteme und Flutbew\u00e4sserung.<\/span><\/li>\n<\/ul>\n<p class=\"translation-block\"><span style=\"font-size: 18px\">Chemische Zusammensetzung<\/span><\/p>\n<ul>\n<li><span style=\"font-family: arial, helvetica, sans-serif;\">Stickstoff (N): 13%<\/span><\/li>\n<li><span style=\"font-family: arial, helvetica, sans-serif;\">Phosphor (P\u2082O\u2085): 5%<\/span><\/li>\n<li><span style=\"font-family: arial, helvetica, sans-serif;\">Kalium (K\u2082O): 40%<\/span><\/li>\n<\/ul>\n<p><span style=\"font-family: arial, helvetica, sans-serif;\"><strong>Chelatierte Mikron\u00e4hrstoffe:<\/strong><\/span><\/p>\n<ul>\n<li><span style=\"font-family: arial, helvetica, sans-serif;\">Eisen (Fe) EDTA<\/span><\/li>\n<li><span style=\"font-family: arial, helvetica, sans-serif;\">Zink (Zn) EDTA<\/span><\/li>\n<li><span style=\"font-family: arial, helvetica, sans-serif;\">Mangan (Mn) EDTA<\/span><\/li>\n<li><span style=\"font-family: arial, helvetica, sans-serif;\">Kupfer (Cu) EDTA<\/span><\/li>\n<li><span style=\"font-family: arial, helvetica, sans-serif;\">Bor (B)<\/span><\/li>\n<\/ul>\n<p><span style=\"font-family: arial, helvetica, sans-serif;\"><strong>Zusatzstoffe: <\/strong>Riboflavin, Pyridoxin, Nicotinamid, Thiamin und organische S\u00e4uren.<\/span><\/p>\n<p><span style=\"font-family: arial, helvetica, sans-serif;\"><strong>Ideale Anwendung (Zielkulturen)<\/strong><\/span><\/p>\n<ul>\n<li><span style=\"font-family: arial, helvetica, sans-serif;\">Gem\u00fcseanbau im Gew\u00e4chshaus und im Freiland<\/span><\/li>\n<li><span style=\"font-family: arial, helvetica, sans-serif;\">Feldfr\u00fcchte<\/span><\/li>\n<li><span style=\"font-family: arial, helvetica, sans-serif;\">Obstb\u00e4ume<\/span><\/li>\n<li><span style=\"font-family: arial, helvetica, sans-serif;\">Zierpflanzen<\/span><\/li>\n<\/ul>\n<p><span style=\"font-family: arial, helvetica, sans-serif;\"><strong>Anwendungsrate<\/strong><\/span><\/p>\n<p><span style=\"font-family: arial, helvetica, sans-serif;\"><strong>Freilandgem\u00fcse: <\/strong>2-3 kg\/Dunum<\/span><\/p>\n<p><span style=\"font-family: arial, helvetica, sans-serif;\"><strong>Gew\u00e4chshausgem\u00fcse:<\/strong> 2-3 kg\/Gew\u00e4chshaus<\/span><\/p>\n<p><span style=\"font-family: arial, helvetica, sans-serif;\"><strong>Obstb\u00e4ume: <\/strong>50-100 g\/Baum (je nach Alter)<\/span><\/p>\n<p><span style=\"font-family: arial, helvetica, sans-serif;\"><strong>Verpackung<\/strong><\/span><\/p>\n<ul>\n<li><span style=\"font-family: arial, helvetica, sans-serif;\"><strong>25-kg-S\u00e4cke<\/strong><\/span><\/li>\n<\/ul>\n<p><img loading=\"lazy\" decoding=\"async\" class=\"size-medium wp-image-20021\" src=\"https:\/\/alqawafel.com\/wp-content\/uploads\/2024\/12\/Growth-LOGO-13-5-40-300x300.webp\" alt=\"Growth 13-5-40 + T.E. ist ein vollst\u00e4ndig wasserl\u00f6slicher D\u00fcnger, der einen hohen Kaliumgehalt sowie Stickstoff, Phosphor und wichtige Mikron\u00e4hrstoffe enth\u00e4lt.\" width=\"300\" height=\"300\" srcset=\"https:\/\/alqawafel.com\/wp-content\/uploads\/2024\/12\/Growth-LOGO-13-5-40-300x300.webp 300w, https:\/\/alqawafel.com\/wp-content\/uploads\/2024\/12\/Growth-LOGO-13-5-40-150x150.webp 150w, https:\/\/alqawafel.com\/wp-content\/uploads\/2024\/12\/Growth-LOGO-13-5-40-768x768.webp 768w, https:\/\/alqawafel.com\/wp-content\/uploads\/2024\/12\/Growth-LOGO-13-5-40-12x12.webp 12w, https:\/\/alqawafel.com\/wp-content\/uploads\/2024\/12\/Growth-LOGO-13-5-40.webp 1000w\" sizes=\"auto, (max-width: 300px) 100vw, 300px\" \/><\/p>","protected":false},"excerpt":{"rendered":"<p><span style=\"font-family: arial, helvetica, sans-serif;\">Growth 13-5-40 + T.E. ist ein vollst\u00e4ndig wasserl\u00f6slicher D\u00fcnger, der einen hohen Kaliumgehalt sowie Stickstoff, Phosphor und wichtige Mikron\u00e4hrstoffe enth\u00e4lt. <\/span><\/p>","protected":false},"featured_media":20021,"comment_status":"open","ping_status":"closed","template":"","meta":{"om_disable_all_campaigns":false,"_monsterinsights_skip_tracking":false,"_monsterinsights_sitenote_active":false,"_monsterinsights_sitenote_note":"","_monsterinsights_sitenote_category":0},"product_brand":[2213],"product_cat":[50,2131],"product_tag":[866,1035,463,2007,881,1999],"class_list":{"0":"post-12785","1":"product","2":"type-product","3":"status-publish","4":"has-post-thumbnail","6":"product_brand-growth","7":"product_cat-fertilizers","8":"product_cat-water-soluble-fertilizers","9":"product_tag-al-qawafel-ind-agr-co","10":"product_tag-balanced-nutrition","11":"product_tag-fertilizer","12":"product_tag-growth-15-5-35t-e","13":"product_tag-high-potassium","14":"product_tag-highly-soluble","16":"first","17":"instock","18":"shipping-taxable","19":"product-type-simple"},"aioseo_notices":[],"_links":{"self":[{"href":"https:\/\/alqawafel.com\/de\/wp-json\/wp\/v2\/product\/12785","targetHints":{"allow":["GET"]}}],"collection":[{"href":"https:\/\/alqawafel.com\/de\/wp-json\/wp\/v2\/product"}],"about":[{"href":"https:\/\/alqawafel.com\/de\/wp-json\/wp\/v2\/types\/product"}],"replies":[{"embeddable":true,"href":"https:\/\/alqawafel.com\/de\/wp-json\/wp\/v2\/comments?post=12785"}],"version-history":[{"count":8,"href":"https:\/\/alqawafel.com\/de\/wp-json\/wp\/v2\/product\/12785\/revisions"}],"predecessor-version":[{"id":20022,"href":"https:\/\/alqawafel.com\/de\/wp-json\/wp\/v2\/product\/12785\/revisions\/20022"}],"wp:featuredmedia":[{"embeddable":true,"href":"https:\/\/alqawafel.com\/de\/wp-json\/wp\/v2\/media\/20021"}],"wp:attachment":[{"href":"https:\/\/alqawafel.com\/de\/wp-json\/wp\/v2\/media?parent=12785"}],"wp:term":[{"taxonomy":"product_brand","embeddable":true,"href":"https:\/\/alqawafel.com\/de\/wp-json\/wp\/v2\/product_brand?post=12785"},{"taxonomy":"product_cat","embeddable":true,"href":"https:\/\/alqawafel.com\/de\/wp-json\/wp\/v2\/product_cat?post=12785"},{"taxonomy":"product_tag","embeddable":true,"href":"https:\/\/alqawafel.com\/de\/wp-json\/wp\/v2\/product_tag?post=12785"}],"curies":[{"name":"wp","href":"https:\/\/api.w.org\/{rel}","templated":true}]}}