{"id":12801,"date":"2024-12-16T09:08:17","date_gmt":"2024-12-16T09:08:17","guid":{"rendered":"https:\/\/alqawafel.com\/?post_type=product&#038;p=12801"},"modified":"2025-06-24T09:56:12","modified_gmt":"2025-06-24T09:56:12","slug":"nebracid-85","status":"publish","type":"product","link":"https:\/\/alqawafel.com\/de\/product\/nebracid-85\/","title":{"rendered":"NebrAcid 85% D\u00fcngemittel"},"content":{"rendered":"<h3 class=\"translation-block\"><strong data-start=\"245\" data-end=\"301\">Warum haben Sie sich f\u00fcr <span style=\"font-size: 14pt\">NebrAcid 85% Fl\u00fcssigd\u00fcnger<\/span> entschieden?<\/strong><\/h3>\n<p><span style=\"font-size: 14pt\"><strong data-start=\"73\" data-end=\"89\">NebrAcid 85%<\/strong>\u00a0ist ein gebrauchsfertiger Fl\u00fcssigd\u00fcnger mit einer hohen Phosphorkonzentration, der f\u00fcr die direkte Ausbringung zur Deckung des wesentlichen Phosphorbedarfs der Pflanzen bestimmt ist.<\/span><br data-start=\"249\" data-end=\"252\" \/><span style=\"font-size: 14pt\">Seine schnelle Phosphoraufnahme f\u00f6rdert das Pflanzenwachstum und erh\u00f6ht die Produktivit\u00e4t.<\/span><\/p>\n<p data-start=\"335\" data-end=\"714\"><span style=\"font-size: 14pt\">Dank seines niedrigen pH-Werts tr\u00e4gt NebrAcid 85% dazu bei, den S\u00e4uregehalt des Bew\u00e4sserungswassers und des Bodens zu reduzieren und durch Schmutz und Kalkablagerungen verstopfte Poren in Bew\u00e4sserungsrohren zu \u00f6ffnen.<\/span><br data-start=\"499\" data-end=\"502\" \/><span style=\"font-size: 14pt\">Es ist auch ein vielseitiges Produkt, das das fr\u00fche Wachstum und die Bl\u00fcte w\u00e4hrend des Anbaus unterst\u00fctzt und vor der Pflanzung zur Reinigung der Bew\u00e4sserungskan\u00e4le verwendet werden kann, um einen reibungslosen Wasserfluss und eine effiziente N\u00e4hrstoffzufuhr zu gew\u00e4hrleisten.<\/span><\/p>\n<h3 data-start=\"88\" data-end=\"106\"><strong data-start=\"92\" data-end=\"106\">Ideale Anwendung<\/strong><\/h3>\n<p><strong><span style=\"font-size: 18px\">Geeignet f\u00fcr die Verwendung in:<\/span><\/strong><\/p>\n<ol>\n<li><span style=\"font-size: 18px\">Feldfr\u00fcchte<\/span><\/li>\n<li><span style=\"font-size: 18px\">Plastik-Hausgem\u00fcse<\/span><\/li>\n<li><span style=\"font-size: 18px\">Freilandgem\u00fcse<\/span><\/li>\n<li><span style=\"font-size: 18px\">Obstb\u00e4ume<\/span><\/li>\n<\/ol>\n<h3 class=\"translation-block\"><strong data-start=\"245\" data-end=\"301\"><span style=\"font-size: 14pt\">NebrAcid 85% <\/span><\/strong><strong data-start=\"73\" data-end=\"88\">Vorteile<\/strong><\/h3>\n<p><span style=\"font-size: 14pt\">- <strong data-start=\"63\" data-end=\"97\">Hohe Phosphorkonzentration:<\/strong> Erm\u00f6glicht eine effiziente Pflanzenern\u00e4hrung, die das Wachstum und die Produktivit\u00e4t f\u00f6rdert.<\/span><br data-start=\"167\" data-end=\"170\" \/><span style=\"font-size: 14pt\">- <strong data-start=\"172\" data-end=\"194\">Geringe saure Wirkung:<\/strong> Verbessert die Qualit\u00e4t des Bew\u00e4sserungswassers und des Bodens und erh\u00f6ht die N\u00e4hrstoffeffizienz.<\/span><br data-start=\"277\" data-end=\"280\" data-is-only-node=\"\" \/><span style=\"font-size: 14pt\">- <strong data-start=\"282\" data-end=\"313\">Reinigung der Bew\u00e4sserungsanlage:<\/strong> Entfernt Kalkablagerungen und verbessert den Wasserfluss f\u00fcr eine bessere N\u00e4hrstoffzufuhr.<\/span><br data-start=\"392\" data-end=\"395\" \/><span style=\"font-size: 14pt\">- <strong data-start=\"397\" data-end=\"436\">Unterst\u00fctzung f\u00fcr kritische Wachstumsphasen:<\/strong> F\u00f6rdert das fr\u00fche Wachstum und die Bl\u00fctenbildung und verbessert die Ernteertr\u00e4ge.<\/span><br data-start=\"503\" data-end=\"506\" \/><span style=\"font-size: 14pt\">- <strong data-start=\"508\" data-end=\"534\">Vielseitige Anwendung:<\/strong> Es eignet sich sowohl f\u00fcr den Hydrokultur- als auch f\u00fcr den Bodenanbau und ist damit eine flexible Wahl f\u00fcr Landwirte.<\/span><\/p>\n<h3 data-start=\"364\" data-end=\"459\"><strong data-start=\"125\" data-end=\"146\">Anwendungsrate<\/strong><\/h3>\n<p data-start=\"364\" data-end=\"459\" class=\"translation-block\"><span style=\"font-size: 14pt\">Je nach Bodenart und pH-Wert mit einer Aufwandmenge von <strong data-start=\"168\" data-end=\"188\">2-3 kg pro Dunum<\/strong> ausbringen. <\/span><\/p>\n<h3 data-start=\"364\" data-end=\"459\">Verpacken<\/h3>\n<p><span style=\"font-size: 14pt\">25 kg-Gallone<\/span><\/p>\n<p><img loading=\"lazy\" decoding=\"async\" class=\"alignnone size-medium wp-image-16779\" src=\"https:\/\/alqawafel.com\/wp-content\/uploads\/2024\/12\/NebrAcid-85-LOGO-300x300.webp\" alt=\"NebrAcid 85%\" width=\"300\" height=\"300\" srcset=\"https:\/\/alqawafel.com\/wp-content\/uploads\/2024\/12\/NebrAcid-85-LOGO-300x300.webp 300w, https:\/\/alqawafel.com\/wp-content\/uploads\/2024\/12\/NebrAcid-85-LOGO-150x150.webp 150w, https:\/\/alqawafel.com\/wp-content\/uploads\/2024\/12\/NebrAcid-85-LOGO-768x768.webp 768w, https:\/\/alqawafel.com\/wp-content\/uploads\/2024\/12\/NebrAcid-85-LOGO.webp 1000w\" sizes=\"auto, (max-width: 300px) 100vw, 300px\" \/><\/p>","protected":false},"excerpt":{"rendered":"<p><span style=\"font-size: 18px\">NebrAcid 85% ist ein Fl\u00fcssigd\u00fcnger mit hohem Phosphorgehalt, der die N\u00e4hrstoffaufnahme verbessert, den pH-Wert des Bodens senkt und die Bl\u00fcte und den Ernteertrag steigert.<\/span><\/p>","protected":false},"featured_media":16779,"comment_status":"open","ping_status":"closed","template":"","meta":{"om_disable_all_campaigns":false,"_monsterinsights_skip_tracking":false,"_monsterinsights_sitenote_active":false,"_monsterinsights_sitenote_note":"","_monsterinsights_sitenote_category":0},"product_brand":[],"product_cat":[50,2134],"product_tag":[866,912,463,913,877,2023,914],"class_list":{"0":"post-12801","1":"product","2":"type-product","3":"status-publish","4":"has-post-thumbnail","6":"product_cat-fertilizers","7":"product_cat-liquid-fertilizers","8":"product_tag-al-qawafel-ind-agr-co","9":"product_tag-fast-absorption","10":"product_tag-fertilizer","11":"product_tag-growth-boost","12":"product_tag-high-phosphorus","13":"product_tag-nebracid","14":"product_tag-soil-conditioning","16":"first","17":"instock","18":"shipping-taxable","19":"product-type-simple"},"aioseo_notices":[],"_links":{"self":[{"href":"https:\/\/alqawafel.com\/de\/wp-json\/wp\/v2\/product\/12801","targetHints":{"allow":["GET"]}}],"collection":[{"href":"https:\/\/alqawafel.com\/de\/wp-json\/wp\/v2\/product"}],"about":[{"href":"https:\/\/alqawafel.com\/de\/wp-json\/wp\/v2\/types\/product"}],"replies":[{"embeddable":true,"href":"https:\/\/alqawafel.com\/de\/wp-json\/wp\/v2\/comments?post=12801"}],"version-history":[{"count":14,"href":"https:\/\/alqawafel.com\/de\/wp-json\/wp\/v2\/product\/12801\/revisions"}],"predecessor-version":[{"id":12804,"href":"https:\/\/alqawafel.com\/de\/wp-json\/wp\/v2\/product\/12801\/revisions\/12804"}],"wp:featuredmedia":[{"embeddable":true,"href":"https:\/\/alqawafel.com\/de\/wp-json\/wp\/v2\/media\/16779"}],"wp:attachment":[{"href":"https:\/\/alqawafel.com\/de\/wp-json\/wp\/v2\/media?parent=12801"}],"wp:term":[{"taxonomy":"product_brand","embeddable":true,"href":"https:\/\/alqawafel.com\/de\/wp-json\/wp\/v2\/product_brand?post=12801"},{"taxonomy":"product_cat","embeddable":true,"href":"https:\/\/alqawafel.com\/de\/wp-json\/wp\/v2\/product_cat?post=12801"},{"taxonomy":"product_tag","embeddable":true,"href":"https:\/\/alqawafel.com\/de\/wp-json\/wp\/v2\/product_tag?post=12801"}],"curies":[{"name":"wp","href":"https:\/\/api.w.org\/{rel}","templated":true}]}}