{"id":12834,"date":"2024-12-16T10:25:13","date_gmt":"2024-12-16T10:25:13","guid":{"rendered":"https:\/\/alqawafel.com\/?post_type=product&#038;p=12834"},"modified":"2025-06-23T10:38:17","modified_gmt":"2025-06-23T10:38:17","slug":"baigreen1-dunger","status":"publish","type":"product","link":"https:\/\/alqawafel.com\/de\/product\/baigreen1-fertilizer\/","title":{"rendered":"BAIGREEN1 D\u00fcngemittel"},"content":{"rendered":"<h3>Warum BAIGREEN1 w\u00e4hlen?<\/h3>\n<p class=\"translation-block\"><span style=\"font-size: 18px\">BAIGREEN1 ist ein leistungsstarker, nat\u00fcrlicher D\u00fcnger, der aus der Meeresalge <em>Ascophyllum Nodosum<\/em> gewonnen wird und f\u00fcr seinen hohen Gehalt an Makro- und Mikron\u00e4hrstoffen, nat\u00fcrlichen Wachstumsregulatoren, Vitaminen und Aminos\u00e4uren bekannt ist. Diese organische Verbindung unterst\u00fctzt die Pflanzengesundheit, indem sie den Bedarf an zus\u00e4tzlicher Bew\u00e4sserung, D\u00fcngung und Pestiziden reduziert und gleichzeitig eine hohe Widerstandsf\u00e4higkeit gegen Wetterstress wie Hitze, K\u00e4lte und Trockenheit bietet. Mit BAIGREEN1 wachsen die Pflanzen ges\u00fcnder und produzieren auf nat\u00fcrliche Weise geschmackvolle Ernten, was es ideal f\u00fcr den nachhaltigen \u00f6kologischen Landbau macht.<\/span><\/p>\n<h3>Die wichtigsten Vorteile von BAIGREEN1<\/h3>\n<ul>\n<li><span style=\"font-size: 18px\"><strong>N\u00e4hrstoffreiches Biostimulans:<\/strong> Enth\u00e4lt wichtige Makro-, Mikro- und Nebenn\u00e4hrstoffe, nat\u00fcrliche Wachstumsregulatoren und organische S\u00e4uren f\u00fcr eine ausgewogene Pflanzenern\u00e4hrung.<\/span><\/li>\n<li><span style=\"font-size: 18px\"><strong>St\u00e4rkt die Widerstandsf\u00e4higkeit der Pflanzen:<\/strong> Erh\u00f6ht die Widerstandsf\u00e4higkeit gegen Hitze, K\u00e4lte und Trockenheit und sch\u00fctzt die Pflanzen vor Umweltstress.<\/span><\/li>\n<li><span style=\"font-size: 18px\"><strong>Aktiviert Wurzeln und Bl\u00e4tter:<\/strong> Stimuliert das Wachstum von Wurzeln und Bl\u00e4ttern gleichzeitig aufgrund seiner Zusammensetzung aus nat\u00fcrlichen Pflanzenelementen.<\/span><\/li>\n<li><span style=\"font-size: 18px\"><strong>Verbessert den Geschmack und die Qualit\u00e4t:<\/strong> Erzeugt Pflanzen mit nat\u00fcrlichem Geschmack, frei von unnat\u00fcrlichen Zusatzstoffen.<\/span><\/li>\n<li><span style=\"font-size: 18px\"><strong>Unterst\u00fctzt den \u00f6kologischen Landbau:<\/strong> BAIGREEN1 ist ungiftig und frei von sch\u00e4dlichen R\u00fcckst\u00e4nden und erf\u00fcllt die Standards des \u00f6kologischen Landbaus, was die Sicherheit der Umwelt gew\u00e4hrleistet.<\/span><\/li>\n<li><span style=\"font-size: 18px\"><strong>Verbessert die Effizienz von D\u00fcngemitteln und Pestiziden:<\/strong> Verst\u00e4rkt die Wirksamkeit von D\u00fcngemitteln und Pestiziden und erm\u00f6glicht eine sichere Mischung mit anderen Behandlungen.<\/span><\/li>\n<\/ul>\n<h3>Ideale Anwendung<\/h3>\n<p><span style=\"font-size: 18px\"><strong>Anwendung im Boden:<\/strong> F\u00fcr die Wurzelaufnahme, um die N\u00e4hrstoffaufnahme aus dem Boden zu verbessern.<\/span><br \/>\n<span style=\"font-size: 18px\"><strong>Anwendung \u00fcber das Blatt:<\/strong> Direkt auf die Bl\u00e4tter spr\u00fchen f\u00fcr eine schnelle Absorption und Wachstumsf\u00f6rderung.<\/span><\/p>\n<p><span style=\"font-size: 18px\"><strong>Geeignet f\u00fcr:<\/strong><\/span><\/p>\n<ul>\n<li><span style=\"font-size: 18px\"><strong>Gem\u00fcse<\/strong><\/span><\/li>\n<li><span style=\"font-size: 18px\"><strong>Obstb\u00e4ume<\/strong><\/span><\/li>\n<li><span style=\"font-size: 18px\"><strong>Kartoffeln<\/strong><\/span><\/li>\n<li><span style=\"font-size: 18px\"><strong>Zierpflanzen<\/strong><\/span><\/li>\n<li><span style=\"font-size: 18px\"><strong>Bananen<\/strong><\/span><\/li>\n<\/ul>\n<h3>Zusammensetzung<\/h3>\n<ul>\n<li><span style=\"font-size: 18px\"><strong>Extrakt aus Meeresalgen (Ascophyllum Nodosum):<\/strong> Reich an Makro- und Mikron\u00e4hrstoffen<\/span><\/li>\n<li><span style=\"font-size: 18px\"><strong>Nat\u00fcrliche Wachstumsregulatoren:<\/strong> Auxine, Aminos\u00e4uren, Enzyme, Vitamine und organische S\u00e4uren<\/span><\/li>\n<\/ul>\n<h3>Anwendungsrate<\/h3>\n<p><strong>Anwendung im Boden:<\/strong> Auftragen mit einer Rate von <strong data-start=\"165\" data-end=\"186\">1 Liter pro Dunum<\/strong>einmal im Monat, f\u00fcr alle Arten von Kulturen.<\/p>\n<p><strong>Blattd\u00fcngung:<\/strong> F\u00fcr Freiland- und Gew\u00e4chshausgem\u00fcse, Obstb\u00e4ume und Zierpflanzen wird eine Menge von <strong data-start=\"346\" data-end=\"384\">200-300 ml pro 200 Liter Wasser<\/strong>.<\/p>\n<h3>Verpackung<\/h3>\n<ul>\n<li><span style=\"font-size: 18px\"><strong>1-Liter-Flasche<\/strong><\/span><\/li>\n<\/ul>\n<p><img loading=\"lazy\" decoding=\"async\" class=\"alignnone size-medium wp-image-16759\" src=\"https:\/\/alqawafel.com\/wp-content\/uploads\/2024\/12\/Baigreen1-LOGO-300x300.webp\" alt=\"BAIGREEN1\" width=\"300\" height=\"300\" srcset=\"https:\/\/alqawafel.com\/wp-content\/uploads\/2024\/12\/Baigreen1-LOGO-300x300.webp 300w, https:\/\/alqawafel.com\/wp-content\/uploads\/2024\/12\/Baigreen1-LOGO-150x150.webp 150w, https:\/\/alqawafel.com\/wp-content\/uploads\/2024\/12\/Baigreen1-LOGO-768x768.webp 768w, https:\/\/alqawafel.com\/wp-content\/uploads\/2024\/12\/Baigreen1-LOGO.webp 1000w\" sizes=\"auto, (max-width: 300px) 100vw, 300px\" \/><\/p>","protected":false},"excerpt":{"rendered":"<p><span style=\"font-size: 18px\">BAIGREEN1 ist ein nat\u00fcrlicher D\u00fcnger auf Algenbasis, der die Pflanzengesundheit verbessert, die Stressresistenz erh\u00f6ht und \u00f6kologische Anbaumethoden unterst\u00fctzt.<\/span><\/p>","protected":false},"featured_media":16759,"comment_status":"open","ping_status":"closed","template":"","meta":{"om_disable_all_campaigns":false,"_monsterinsights_skip_tracking":false,"_monsterinsights_sitenote_active":false,"_monsterinsights_sitenote_note":"","_monsterinsights_sitenote_category":0},"product_brand":[],"product_cat":[2138,50],"product_tag":[866,2021,463,469,1030,995,1029],"class_list":{"0":"post-12834","1":"product","2":"type-product","3":"status-publish","4":"has-post-thumbnail","6":"product_cat-biostimulants-fertilizers","7":"product_cat-fertilizers","8":"product_tag-al-qawafel-ind-agr-co","9":"product_tag-baigreen1","10":"product_tag-fertilizer","11":"product_tag-organic-farming","12":"product_tag-organic-fertilizer","13":"product_tag-plant-vitality","14":"product_tag-seaweed-based","16":"first","17":"instock","18":"shipping-taxable","19":"product-type-simple"},"aioseo_notices":[],"_links":{"self":[{"href":"https:\/\/alqawafel.com\/de\/wp-json\/wp\/v2\/product\/12834","targetHints":{"allow":["GET"]}}],"collection":[{"href":"https:\/\/alqawafel.com\/de\/wp-json\/wp\/v2\/product"}],"about":[{"href":"https:\/\/alqawafel.com\/de\/wp-json\/wp\/v2\/types\/product"}],"replies":[{"embeddable":true,"href":"https:\/\/alqawafel.com\/de\/wp-json\/wp\/v2\/comments?post=12834"}],"version-history":[{"count":8,"href":"https:\/\/alqawafel.com\/de\/wp-json\/wp\/v2\/product\/12834\/revisions"}],"predecessor-version":[{"id":18977,"href":"https:\/\/alqawafel.com\/de\/wp-json\/wp\/v2\/product\/12834\/revisions\/18977"}],"wp:featuredmedia":[{"embeddable":true,"href":"https:\/\/alqawafel.com\/de\/wp-json\/wp\/v2\/media\/16759"}],"wp:attachment":[{"href":"https:\/\/alqawafel.com\/de\/wp-json\/wp\/v2\/media?parent=12834"}],"wp:term":[{"taxonomy":"product_brand","embeddable":true,"href":"https:\/\/alqawafel.com\/de\/wp-json\/wp\/v2\/product_brand?post=12834"},{"taxonomy":"product_cat","embeddable":true,"href":"https:\/\/alqawafel.com\/de\/wp-json\/wp\/v2\/product_cat?post=12834"},{"taxonomy":"product_tag","embeddable":true,"href":"https:\/\/alqawafel.com\/de\/wp-json\/wp\/v2\/product_tag?post=12834"}],"curies":[{"name":"wp","href":"https:\/\/api.w.org\/{rel}","templated":true}]}}