{"id":20016,"date":"2026-01-08T09:04:18","date_gmt":"2026-01-08T09:04:18","guid":{"rendered":"https:\/\/alqawafel.com\/?post_type=product&#038;p=20016"},"modified":"2026-01-08T09:15:25","modified_gmt":"2026-01-08T09:15:25","slug":"rapsgrasdunger","status":"publish","type":"product","link":"https:\/\/alqawafel.com\/de\/product\/rapegreen-fertilizer\/","title":{"rendered":"Rapegreen D\u00fcngemittel"},"content":{"rendered":"<p><span style=\"font-family: arial, helvetica, sans-serif;\"><strong>Warum Rapegreen w\u00e4hlen?<\/strong><\/span><\/p>\n<p><span style=\"font-family: arial, helvetica, sans-serif;\">Rapegreen ist ein nat\u00fcrlicher organischer D\u00fcnger 100%, der aus Raps\u00f6l gewonnen wird. Er ist eine ideale L\u00f6sung zur Verbesserung der Bodenfruchtbarkeit und zur F\u00f6rderung des Pflanzenwachstums auf sichere und umweltfreundliche Weise. Dank seiner nat\u00fcrlichen Bestandteile verbessert Rapigreen die physikalischen und chemischen Eigenschaften des Bodens und erh\u00f6ht die F\u00e4higkeit des Bodens, Wasser und N\u00e4hrstoffe zu binden, was die Produktion gesunder, hochwertiger Pflanzen f\u00f6rdert.<\/span><\/p>\n<p><span style=\"font-family: arial, helvetica, sans-serif;\"><strong>Wichtigste Vorteile<\/strong><\/span><\/p>\n<ul>\n<li><span style=\"font-family: arial, helvetica, sans-serif;\"><strong>Stimuliert das vegetative Wachstum:<\/strong> Enth\u00e4lt Stickstoff, der die Blattbildung und die Proteinsynthese unterst\u00fctzt und eine gesunde, ausgewogene vegetative Entwicklung f\u00f6rdert.<\/span><\/li>\n<li><span style=\"font-family: arial, helvetica, sans-serif;\"><strong>Verbessert die Qualit\u00e4t der Ernte:<\/strong> Erh\u00f6ht die Fruchtgr\u00f6\u00dfe und verbessert Farbe, Geschmack und Lagerf\u00e4higkeit.<\/span><\/li>\n<li><span style=\"font-family: arial, helvetica, sans-serif;\"><strong>Erh\u00f6ht die Toleranz gegen\u00fcber Umweltstress:<\/strong> Verbessert die Toleranz der Pflanzen gegen\u00fcber Trockenheit, Hitze und Salzgehalt durch Verbesserung der Bodenbeschaffenheit und des Wasserhalteverm\u00f6gens.<\/span><\/li>\n<li><span style=\"font-family: arial, helvetica, sans-serif;\"><strong>Unterst\u00fctzt die mikrobielle Aktivit\u00e4t im Boden:<\/strong> F\u00f6rdert die n\u00fctzliche mikrobielle Aktivit\u00e4t, verbessert die biologische Fruchtbarkeit und die Pflanzengesundheit.<\/span><\/li>\n<li><span style=\"font-family: arial, helvetica, sans-serif;\"><strong>Verbessert die Effizienz der N\u00e4hrstoffaufnahme:<\/strong> Wirkt als nat\u00fcrliches Streumittel bei Blattanwendungen und verbessert die N\u00e4hrstoffaufnahme durch das Pflanzengewebe.<\/span><\/li>\n<\/ul>\n<p class=\"translation-block\"><span style=\"font-size: 18px\">Chemische Zusammensetzung<\/span><\/p>\n<ul>\n<li><span style=\"font-family: arial, helvetica, sans-serif;\">Organisches Material: 30%<\/span><\/li>\n<li><span style=\"font-family: arial, helvetica, sans-serif;\">Raps\u00f6l: 65%<\/span><\/li>\n<li><span style=\"font-family: arial, helvetica, sans-serif;\">Stickstoff (N): 5%<\/span><\/li>\n<li><span style=\"font-family: arial, helvetica, sans-serif;\">Kalium (K\u2082O): 5%<\/span><\/li>\n<\/ul>\n<p><span style=\"font-family: arial, helvetica, sans-serif;\"><strong>Ideale Anwendung (Zielkulturen)<\/strong><\/span><\/p>\n<ul>\n<li><span style=\"font-family: arial, helvetica, sans-serif;\"><strong>Gem\u00fcse:<\/strong> Tomate, Gurke, Paprika, Aubergine, Kartoffel, Wassermelone, Melone<\/span><\/li>\n<li><span style=\"font-family: arial, helvetica, sans-serif;\"><strong>Fr\u00fcchte:<\/strong> Weintrauben, Zitrusfr\u00fcchte, \u00c4pfel, Pfirsiche, Granat\u00e4pfel, Erdbeeren, Oliven, Steinfr\u00fcchte<\/span><\/li>\n<li><span style=\"font-family: arial, helvetica, sans-serif;\"><strong>Feldfr\u00fcchte:<\/strong> Weizen, Mais, Gerste, Reis<\/span><\/li>\n<\/ul>\n<p><span style=\"font-family: arial, helvetica, sans-serif;\"><strong>Anwendungsrate<\/strong><\/span><\/p>\n<ul>\n<li><span style=\"font-family: arial, helvetica, sans-serif;\"><strong>Anwendung \u00fcber das Blatt:<\/strong><\/span><br \/>\n<span style=\"font-family: arial, helvetica, sans-serif;\">1-2 L \/ 100 L Wasser<\/span><br \/>\n<span style=\"font-family: arial, helvetica, sans-serif;\">Je nach Zustand der Pflanzen alle 10-15 Tage anwenden.<\/span><\/li>\n<\/ul>","protected":false},"excerpt":{"rendered":"<p><span style=\"font-family: arial, helvetica, sans-serif;\">Rapegreen ist ein 100% nat\u00fcrlicher organischer D\u00fcnger, der aus Raps\u00f6l gewonnen wird und die ideale L\u00f6sung zur Verbesserung der Bodenfruchtbarkeit auf sichere und umweltfreundliche Weise darstellt.<\/span><\/p>","protected":false},"featured_media":0,"comment_status":"open","ping_status":"closed","template":"","meta":{"om_disable_all_campaigns":false,"_monsterinsights_skip_tracking":false,"_monsterinsights_sitenote_active":false,"_monsterinsights_sitenote_note":"","_monsterinsights_sitenote_category":0},"product_brand":[],"product_cat":[2138,50],"product_tag":[],"class_list":{"0":"post-20016","1":"product","2":"type-product","3":"status-publish","5":"product_cat-biostimulants-fertilizers","6":"product_cat-fertilizers","8":"first","9":"instock","10":"shipping-taxable","11":"product-type-simple"},"aioseo_notices":[],"_links":{"self":[{"href":"https:\/\/alqawafel.com\/de\/wp-json\/wp\/v2\/product\/20016","targetHints":{"allow":["GET"]}}],"collection":[{"href":"https:\/\/alqawafel.com\/de\/wp-json\/wp\/v2\/product"}],"about":[{"href":"https:\/\/alqawafel.com\/de\/wp-json\/wp\/v2\/types\/product"}],"replies":[{"embeddable":true,"href":"https:\/\/alqawafel.com\/de\/wp-json\/wp\/v2\/comments?post=20016"}],"version-history":[{"count":1,"href":"https:\/\/alqawafel.com\/de\/wp-json\/wp\/v2\/product\/20016\/revisions"}],"predecessor-version":[{"id":20017,"href":"https:\/\/alqawafel.com\/de\/wp-json\/wp\/v2\/product\/20016\/revisions\/20017"}],"wp:attachment":[{"href":"https:\/\/alqawafel.com\/de\/wp-json\/wp\/v2\/media?parent=20016"}],"wp:term":[{"taxonomy":"product_brand","embeddable":true,"href":"https:\/\/alqawafel.com\/de\/wp-json\/wp\/v2\/product_brand?post=20016"},{"taxonomy":"product_cat","embeddable":true,"href":"https:\/\/alqawafel.com\/de\/wp-json\/wp\/v2\/product_cat?post=20016"},{"taxonomy":"product_tag","embeddable":true,"href":"https:\/\/alqawafel.com\/de\/wp-json\/wp\/v2\/product_tag?post=20016"}],"curies":[{"name":"wp","href":"https:\/\/api.w.org\/{rel}","templated":true}]}}