{"id":20018,"date":"2026-01-08T09:07:21","date_gmt":"2026-01-08T09:07:21","guid":{"rendered":"https:\/\/alqawafel.com\/?post_type=product&#038;p=20018"},"modified":"2026-01-08T09:15:19","modified_gmt":"2026-01-08T09:15:19","slug":"gemusegrun","status":"publish","type":"product","link":"https:\/\/alqawafel.com\/de\/product\/vegetable-green\/","title":{"rendered":"Gr\u00fcner Gem\u00fcsed\u00fcnger"},"content":{"rendered":"<p><span style=\"font-family: arial, helvetica, sans-serif;\"><strong>Warum Gem\u00fcsegr\u00fcn w\u00e4hlen?<\/strong><\/span><\/p>\n<p><span style=\"font-family: arial, helvetica, sans-serif;\">Vegetable Green ist ein nat\u00fcrlicher Fl\u00fcssigd\u00fcnger auf der Basis von 35% Pflanzen\u00f6l, das als Absorptionsverst\u00e4rker und Pflanzenaktivator wirkt. Au\u00dferdem enth\u00e4lt es 5% wasserl\u00f6sliches Kalium (K\u2082O), das die Fruchtqualit\u00e4t verbessert und den Pflanzen hilft, Umweltstress wie Trockenheit, Hitze und Salzgehalt zu verkraften.<\/span><\/p>\n<p><span style=\"font-family: arial, helvetica, sans-serif;\"><strong>Wichtigste Vorteile<\/strong><\/span><\/p>\n<ul>\n<li><span style=\"font-family: arial, helvetica, sans-serif;\"><strong>Stimuliert das vegetative Wachstum: <\/strong>Pflanzen\u00f6l unterst\u00fctzt ein ausgewogenes Wachstum durch F\u00f6rderung der vegetativen Entwicklung.<\/span><\/li>\n<li><span style=\"font-family: arial, helvetica, sans-serif;\"><strong>Verbessert die Qualit\u00e4t der Ernte: <\/strong>Vergr\u00f6\u00dfert die Fr\u00fcchte und verbessert Farbe und Geschmack, was den Marktwert erh\u00f6ht.<\/span><\/li>\n<li><span style=\"font-family: arial, helvetica, sans-serif;\"><strong>Erh\u00f6ht die Stresstoleranz: <\/strong>Hilft den Pflanzen, ung\u00fcnstigen klimatischen Bedingungen wie Trockenheit und hohen Temperaturen zu widerstehen.<\/span><\/li>\n<li><span style=\"font-family: arial, helvetica, sans-serif;\"><strong>Verbessert die Aufnahmeeffizienz: <\/strong>Pflanzen\u00f6l wirkt als Absorptionsverst\u00e4rker und erh\u00f6ht die Wirksamkeit anderer N\u00e4hrstoffe, wenn es in der Blattd\u00fcngung verwendet wird.<\/span><\/li>\n<\/ul>\n<p class=\"translation-block\"><span style=\"font-size: 18px\">Chemische Zusammensetzung<\/span><\/p>\n<ul>\n<li><span style=\"font-family: arial, helvetica, sans-serif;\">Pflanzliches \u00d6l: 35%<\/span><\/li>\n<li><span style=\"font-family: arial, helvetica, sans-serif;\">Kalium (K\u2082O): 5%<\/span><\/li>\n<\/ul>\n<p><span style=\"font-family: arial, helvetica, sans-serif;\"><strong>Ideale Anwendung<\/strong><\/span><\/p>\n<ul>\n<li><span style=\"font-family: arial, helvetica, sans-serif;\"><strong>Gem\u00fcse:<\/strong> Tomate, Gurke, Paprika, Aubergine, Kartoffel, Wassermelone, Melone<\/span><\/li>\n<li><span style=\"font-family: arial, helvetica, sans-serif;\"><strong>Fr\u00fcchte:<\/strong> Weintrauben, Zitrusfr\u00fcchte, \u00c4pfel, Granat\u00e4pfel, Erdbeeren, Oliven, Steinobst<\/span><\/li>\n<li><span style=\"font-family: arial, helvetica, sans-serif;\"><strong>Feldfr\u00fcchte:<\/strong> Weizen, Mais, Gerste, Reis<\/span><\/li>\n<\/ul>\n<p><span style=\"font-family: arial, helvetica, sans-serif;\"><strong>Anwendungsrate<\/strong><\/span><\/p>\n<ul>\n<li><span style=\"font-family: arial, helvetica, sans-serif;\"><strong>Anwendung \u00fcber das Blatt:<\/strong><\/span><br \/>\n<span style=\"font-family: arial, helvetica, sans-serif;\">1-2 L \/ 100 L Wasser<\/span><br \/>\n<span style=\"font-family: arial, helvetica, sans-serif;\">Je nach Zustand der Pflanzen alle 10-15 Tage anwenden.<\/span><\/li>\n<\/ul>","protected":false},"excerpt":{"rendered":"<p><span style=\"font-family: arial, helvetica, sans-serif;\">Vegetable Green ist ein nat\u00fcrlicher Fl\u00fcssigd\u00fcnger auf der Basis von 35% Pflanzen\u00f6l, das als Absorptionsverst\u00e4rker und Pflanzenaktivator wirkt.<\/span><\/p>","protected":false},"featured_media":0,"comment_status":"open","ping_status":"closed","template":"","meta":{"om_disable_all_campaigns":false,"_monsterinsights_skip_tracking":false,"_monsterinsights_sitenote_active":false,"_monsterinsights_sitenote_note":"","_monsterinsights_sitenote_category":0},"product_brand":[],"product_cat":[50,2136],"product_tag":[],"class_list":{"0":"post-20018","1":"product","2":"type-product","3":"status-publish","5":"product_cat-fertilizers","6":"product_cat-specialty-fertilizers","8":"first","9":"instock","10":"shipping-taxable","11":"product-type-simple"},"aioseo_notices":[],"_links":{"self":[{"href":"https:\/\/alqawafel.com\/de\/wp-json\/wp\/v2\/product\/20018","targetHints":{"allow":["GET"]}}],"collection":[{"href":"https:\/\/alqawafel.com\/de\/wp-json\/wp\/v2\/product"}],"about":[{"href":"https:\/\/alqawafel.com\/de\/wp-json\/wp\/v2\/types\/product"}],"replies":[{"embeddable":true,"href":"https:\/\/alqawafel.com\/de\/wp-json\/wp\/v2\/comments?post=20018"}],"version-history":[{"count":1,"href":"https:\/\/alqawafel.com\/de\/wp-json\/wp\/v2\/product\/20018\/revisions"}],"predecessor-version":[{"id":20019,"href":"https:\/\/alqawafel.com\/de\/wp-json\/wp\/v2\/product\/20018\/revisions\/20019"}],"wp:attachment":[{"href":"https:\/\/alqawafel.com\/de\/wp-json\/wp\/v2\/media?parent=20018"}],"wp:term":[{"taxonomy":"product_brand","embeddable":true,"href":"https:\/\/alqawafel.com\/de\/wp-json\/wp\/v2\/product_brand?post=20018"},{"taxonomy":"product_cat","embeddable":true,"href":"https:\/\/alqawafel.com\/de\/wp-json\/wp\/v2\/product_cat?post=20018"},{"taxonomy":"product_tag","embeddable":true,"href":"https:\/\/alqawafel.com\/de\/wp-json\/wp\/v2\/product_tag?post=20018"}],"curies":[{"name":"wp","href":"https:\/\/api.w.org\/{rel}","templated":true}]}}