{"id":20023,"date":"2026-01-08T09:25:42","date_gmt":"2026-01-08T09:25:42","guid":{"rendered":"https:\/\/alqawafel.com\/?post_type=product&#038;p=20023"},"modified":"2026-01-08T09:31:43","modified_gmt":"2026-01-08T09:31:43","slug":"zinkafos-0-61-0-8zn","status":"publish","type":"product","link":"https:\/\/alqawafel.com\/de\/product\/zincafos-0-61-0-8zn\/","title":{"rendered":"Zincafos 0-61-0 + 8Zn D\u00fcngemittel"},"content":{"rendered":"<p><span style=\"font-family: arial, helvetica, sans-serif;\"><strong>Warum Zincafos 0-61-0 + 8Zn w\u00e4hlen?<\/strong><\/span><\/p>\n<p><span style=\"font-family: arial, helvetica, sans-serif;\">Zincafos 0-61-0 + 8Zn ist ein fortschrittlicher fl\u00fcssiger Phosphord\u00fcnger, der mit einer hohen Konzentration von Zink (8%) angereichert ist. Er wurde entwickelt, um Phosphor- und Zinkm\u00e4ngel sowohl durch Boden- als auch durch Blattanwendung schnell und effizient zu beheben. Die Formulierung f\u00f6rdert die Bl\u00fcte, verbessert den Fruchtansatz und st\u00e4rkt die Toleranz der Pflanzen gegen\u00fcber Umwelt- und physiologischem Stress.<\/span><\/p>\n<p><span style=\"font-family: arial, helvetica, sans-serif;\"><strong>Wichtigste Vorteile<\/strong><\/span><\/p>\n<ul>\n<li><span style=\"font-family: arial, helvetica, sans-serif;\"><strong>Schnelle Quelle f\u00fcr Phosphor und Zink:<\/strong> Behebt schnell Phosphor- und Zinkmangel durch Boden- oder Blattanwendung.<\/span><\/li>\n<li><span style=\"font-family: arial, helvetica, sans-serif;\"><strong>F\u00f6rdert die Bl\u00fcte und den Fruchtansatz:<\/strong> St\u00e4rkt die Bl\u00fctenknospen und f\u00f6rdert den Fruchtansatz, was zu einem h\u00f6heren Ertrag und einer besseren Qualit\u00e4t f\u00fchrt.<\/span><\/li>\n<li><span style=\"font-family: arial, helvetica, sans-serif;\"><strong>Verbessert die Widerstandsf\u00e4higkeit der Pflanzen:<\/strong> Erh\u00f6ht die Toleranz gegen\u00fcber klimatischen Belastungen wie Wind und K\u00e4lte und unterst\u00fctzt die pflanzlichen Abwehrmechanismen.<\/span><\/li>\n<li><span style=\"font-family: arial, helvetica, sans-serif;\"><strong>Unterst\u00fctzt lebenswichtige Wachstumsprozesse:<\/strong> F\u00f6rdert die Wurzelentwicklung, aktiviert die Energieproduktion und unterst\u00fctzt sowohl die vegetativen als auch die reproduktiven Wachstumsphasen.<\/span><\/li>\n<\/ul>\n<p class=\"translation-block\"><span style=\"font-size: 18px\">Chemische Zusammensetzung<\/span><\/p>\n<ul>\n<li><span style=\"font-family: arial, helvetica, sans-serif;\">Phosphor (P\u2082O\u2085): 61%<\/span><\/li>\n<li><span style=\"font-family: arial, helvetica, sans-serif;\">Zink (Zn): 8%<\/span><\/li>\n<\/ul>\n<p><span style=\"font-family: arial, helvetica, sans-serif;\"><strong>Ideale Anwendung (Zielkulturen)<\/strong><\/span><\/p>\n<ul>\n<li><span style=\"font-family: arial, helvetica, sans-serif;\">Gew\u00e4chshausgem\u00fcse<\/span><\/li>\n<li><span style=\"font-family: arial, helvetica, sans-serif;\">Freilandgem\u00fcse<\/span><\/li>\n<li><span style=\"font-family: arial, helvetica, sans-serif;\">Obstb\u00e4ume<\/span><\/li>\n<li><span style=\"font-family: arial, helvetica, sans-serif;\">Zierpflanzen<\/span><\/li>\n<\/ul>\n<p><span style=\"font-family: arial, helvetica, sans-serif;\"><strong>Anwendungsrate<\/strong><\/span><\/p>\n<ul>\n<li><span style=\"font-family: arial, helvetica, sans-serif;\"><strong>Gew\u00e4chshausgem\u00fcse:<\/strong> 250-500 mL\/Gew\u00e4chshaus<\/span><\/li>\n<li><span style=\"font-family: arial, helvetica, sans-serif;\"><strong>Freilandgem\u00fcse:<\/strong> 250-500 mL\/Dunum<\/span><\/li>\n<li><span style=\"font-family: arial, helvetica, sans-serif;\"><strong>Obstb\u00e4ume:<\/strong> 25-50 mL\/Baum<\/span><\/li>\n<li><span style=\"font-family: arial, helvetica, sans-serif;\"><strong>Zierpflanzen:<\/strong> 1-2,5 mL\/L Wasser<\/span><\/li>\n<li><span style=\"font-family: arial, helvetica, sans-serif;\"><strong>Allgemeine Blattspritzmenge:<\/strong> 250-500 mL \/ 200 L Wasser<\/span><\/li>\n<\/ul>\n<p><span style=\"font-family: arial, helvetica, sans-serif;\"><strong>Verpackung<\/strong><\/span><\/p>\n<ul>\n<li><span style=\"font-family: arial, helvetica, sans-serif;\">1 L Flasche<\/span><\/li>\n<\/ul>\n<p><img loading=\"lazy\" decoding=\"async\" class=\"size-medium wp-image-20025\" src=\"https:\/\/alqawafel.com\/wp-content\/uploads\/2026\/01\/Zinca-phose-LOGO-300x300.webp\" alt=\"Zincafos 0-61-0 + 8Zn ist ein fortschrittlicher fl\u00fcssiger Phosphord\u00fcnger, der mit einer hohen Konzentration von Zink (8%) angereichert ist.\" width=\"300\" height=\"300\" srcset=\"https:\/\/alqawafel.com\/wp-content\/uploads\/2026\/01\/Zinca-phose-LOGO-300x300.webp 300w, https:\/\/alqawafel.com\/wp-content\/uploads\/2026\/01\/Zinca-phose-LOGO-150x150.webp 150w, https:\/\/alqawafel.com\/wp-content\/uploads\/2026\/01\/Zinca-phose-LOGO-768x768.webp 768w, https:\/\/alqawafel.com\/wp-content\/uploads\/2026\/01\/Zinca-phose-LOGO-12x12.webp 12w, https:\/\/alqawafel.com\/wp-content\/uploads\/2026\/01\/Zinca-phose-LOGO.webp 1000w\" sizes=\"auto, (max-width: 300px) 100vw, 300px\" \/><\/p>","protected":false},"excerpt":{"rendered":"<p><span style=\"font-family: arial, helvetica, sans-serif;\">Zincafos 0-61-0 + 8Zn ist ein fortschrittlicher fl\u00fcssiger Phosphord\u00fcnger mit einer hohen Konzentration an Zink. Es bietet eine schnelle Korrektur von Phosphor und Zink<\/span><\/p>","protected":false},"featured_media":20025,"comment_status":"open","ping_status":"closed","template":"","meta":{"om_disable_all_campaigns":false,"_monsterinsights_skip_tracking":false,"_monsterinsights_sitenote_active":false,"_monsterinsights_sitenote_note":"","_monsterinsights_sitenote_category":0},"product_brand":[],"product_cat":[50,2137],"product_tag":[],"class_list":{"0":"post-20023","1":"product","2":"type-product","3":"status-publish","4":"has-post-thumbnail","6":"product_cat-fertilizers","7":"product_cat-smart-fertilizers","9":"first","10":"instock","11":"shipping-taxable","12":"product-type-simple"},"aioseo_notices":[],"_links":{"self":[{"href":"https:\/\/alqawafel.com\/de\/wp-json\/wp\/v2\/product\/20023","targetHints":{"allow":["GET"]}}],"collection":[{"href":"https:\/\/alqawafel.com\/de\/wp-json\/wp\/v2\/product"}],"about":[{"href":"https:\/\/alqawafel.com\/de\/wp-json\/wp\/v2\/types\/product"}],"replies":[{"embeddable":true,"href":"https:\/\/alqawafel.com\/de\/wp-json\/wp\/v2\/comments?post=20023"}],"version-history":[{"count":2,"href":"https:\/\/alqawafel.com\/de\/wp-json\/wp\/v2\/product\/20023\/revisions"}],"predecessor-version":[{"id":20031,"href":"https:\/\/alqawafel.com\/de\/wp-json\/wp\/v2\/product\/20023\/revisions\/20031"}],"wp:featuredmedia":[{"embeddable":true,"href":"https:\/\/alqawafel.com\/de\/wp-json\/wp\/v2\/media\/20025"}],"wp:attachment":[{"href":"https:\/\/alqawafel.com\/de\/wp-json\/wp\/v2\/media?parent=20023"}],"wp:term":[{"taxonomy":"product_brand","embeddable":true,"href":"https:\/\/alqawafel.com\/de\/wp-json\/wp\/v2\/product_brand?post=20023"},{"taxonomy":"product_cat","embeddable":true,"href":"https:\/\/alqawafel.com\/de\/wp-json\/wp\/v2\/product_cat?post=20023"},{"taxonomy":"product_tag","embeddable":true,"href":"https:\/\/alqawafel.com\/de\/wp-json\/wp\/v2\/product_tag?post=20023"}],"curies":[{"name":"wp","href":"https:\/\/api.w.org\/{rel}","templated":true}]}}