{"id":10036,"date":"2024-11-13T12:38:24","date_gmt":"2024-11-13T12:38:24","guid":{"rendered":"https:\/\/alqawafel.com\/?post_type=product&#038;p=10036"},"modified":"2025-06-30T08:39:05","modified_gmt":"2025-06-30T08:39:05","slug":"an-nebras-10-10-10-abono","status":"publish","type":"product","link":"https:\/\/alqawafel.com\/es\/product\/an-nebras-10-10-10-fertilizer\/","title":{"rendered":"Fertilizante AN-Nebras 10-10-10"},"content":{"rendered":"<h3>\u00bfPor qu\u00e9 elegir el fertilizante l\u00edquido compuesto 10-10-10 de AN-Nebras?<\/h3>\n<p><span style=\"font-size: 18px\">AN-Nebras 10-10-10 Fertilizante L\u00edquido Compuesto proporciona a las plantas una proporci\u00f3n equilibrada de nitr\u00f3geno, f\u00f3sforo y potasio (NPK) junto con micronutrientes esenciales, \u00e1cidos org\u00e1nicos y vitaminas. Adem\u00e1s, esta composici\u00f3n \u00fanica promueve activamente un crecimiento y desarrollo saludables en una amplia gama de tipos de plantas y condiciones del suelo. Su f\u00f3rmula cuidadosamente equilibrada tambi\u00e9n crea un efecto ligeramente \u00e1cido en las soluciones de riego, lo que mejora la absorci\u00f3n de nutrientes, incluso en suelos dif\u00edciles. Con cada soluci\u00f3n de 1 g\/L que alcanza un pH de aproximadamente 6, AN-Nebras crea eficazmente un entorno ideal para la absorci\u00f3n de nutrientes.<\/span><\/p>\n<h3>Ventajas<\/h3>\n<ul>\n<li><span style=\"font-size: 18px\"><strong>F\u00f3rmula NPK equilibrada:<\/strong> Aporta a partes iguales nitr\u00f3geno, f\u00f3sforo y potasio, esenciales para el desarrollo robusto de las plantas.<\/span><\/li>\n<li><span style=\"font-size: 18px\"><strong>Absorci\u00f3n mejorada en suelos diversos:<\/strong> El efecto \u00e1cido mejora la absorci\u00f3n de nutrientes en diversos tipos de suelo.<\/span><\/li>\n<li><span style=\"font-size: 18px\"><strong>Baja conductividad el\u00e9ctrica (CE):<\/strong> Con un bajo valor de EC de 1 g\/L, AN-Nebras es ideal para suelos de alta salinidad, ayudando a mitigar el estr\u00e9s salino.<\/span><\/li>\n<li><span style=\"font-size: 18px\"><strong>Alta solubilidad:<\/strong> AN-Nebras se disuelve f\u00e1cilmente, lo que permite su uso en distintos sistemas de riego y garantiza un aporte eficaz de nutrientes.<\/span><\/li>\n<\/ul>\n<h3>Aplicaci\u00f3n ideal<\/h3>\n<p><strong><span style=\"font-size: 18px\">AN-Nebras 10-10-10 es vers\u00e1til y puede aplicarse a:<\/span><\/strong><\/p>\n<ol>\n<li><span style=\"font-size: 18px\">Verduras de interior de pl\u00e1stico<\/span><\/li>\n<li><span style=\"font-size: 18px\">Hortalizas de campo abierto<\/span><\/li>\n<li><span style=\"font-size: 18px\">\u00c1rboles frutales<\/span><\/li>\n<li><span style=\"font-size: 18px\">Cultivos de campo<\/span><\/li>\n<li><span style=\"font-size: 14pt\">Plantas ornamentales<\/span><\/li>\n<\/ol>\n<h3>AN-Nebras 10-10-10 Composici\u00f3n qu\u00edmica<\/h3>\n<ul>\n<li><span style=\"font-size: 18px\"><strong>Nutrientes primarios:<\/strong> Nitr\u00f3geno (N 10%), F\u00f3sforo (P\u2082O\u2085 10%), Potasio (K\u2082O 10%).<\/span><\/li>\n<li><span style=\"font-size: 18px\"><strong>Micronutrientes:<\/strong> Hierro (Fe) (quelado con \u00e1cido c\u00edtrico EDTA), Zinc (Zn) (quelado con \u00e1cido c\u00edtrico EDTA), Manganeso (Mn) (quelado con \u00e1cido c\u00edtrico EDTA), Cobre (Cu) (quelado con \u00e1cido c\u00edtrico EDTA).<\/span><\/li>\n<li><span style=\"font-size: 18px\"><strong>Aditivos:<\/strong> Riboflavina, Piridoxina, Nicotinamida, Tiamina, \u00c1cido org\u00e1nico.<\/span><\/li>\n<li><span style=\"font-size: 18px\"><strong>Sin cloruro:<\/strong> Garantiza la seguridad de las plantas y la salud del suelo a largo plazo.<\/span><\/li>\n<\/ul>\n<h3 data-start=\"138\" data-end=\"166\"><strong data-start=\"144\" data-end=\"166\">Tarifas de aplicaci\u00f3n:<\/strong><\/h3>\n<h4 data-start=\"168\" data-end=\"219\"><strong data-start=\"176\" data-end=\"219\">Casa de pl\u00e1stico para hortalizas (invernaderos):<\/strong><\/h4>\n<ul data-start=\"220\" data-end=\"423\">\n<li data-start=\"220\" data-end=\"284\">\n<p data-start=\"222\" data-end=\"284\"><strong data-start=\"222\" data-end=\"254\">Desde la siembra hasta los 30-40 d\u00edas:<\/strong><br data-start=\"254\" data-end=\"257\" \/>1,5 kg por vivienda (500 m\u00b2)<\/p>\n<\/li>\n<li data-start=\"285\" data-end=\"423\">\n<p data-start=\"287\" data-end=\"423\"><strong data-start=\"287\" data-end=\"314\">En etapas posteriores de crecimiento:<\/strong><br data-start=\"314\" data-end=\"317\" \/>2-4 kg por vivienda (500 m\u00b2) a 1 g\/L de agua<\/p>\n<\/li>\n<\/ul>\n<h4 data-start=\"425\" data-end=\"459\"><strong data-start=\"433\" data-end=\"459\">Hortalizas de campo abierto:<\/strong><\/h4>\n<ul data-start=\"460\" data-end=\"511\">\n<li data-start=\"460\" data-end=\"511\">\n<p data-start=\"462\" data-end=\"511\">2-4 kg por 1000 m\u00b2<\/p>\n<\/li>\n<\/ul>\n<h4 data-start=\"513\" data-end=\"537\"><strong data-start=\"521\" data-end=\"537\">\u00c1rboles frutales:<\/strong><\/h4>\n<ul data-start=\"538\" data-end=\"615\">\n<li data-start=\"538\" data-end=\"615\">\n<p data-start=\"540\" data-end=\"615\">50-150 ml por \u00e1rbol, seg\u00fan la especie, la edad y las necesidades nutricionales<\/p>\n<\/li>\n<\/ul>\n<h4 data-start=\"617\" data-end=\"648\"><strong data-start=\"625\" data-end=\"648\">Aplicaci\u00f3n foliar:<\/strong><\/h4>\n<ul data-start=\"649\" data-end=\"761\">\n<li data-start=\"649\" data-end=\"683\">\n<p data-start=\"651\" data-end=\"683\">500-1000 ml por 200 L de agua<\/p>\n<\/li>\n<\/ul>\n<h4 data-start=\"893\" data-end=\"929\"><strong data-start=\"901\" data-end=\"929\">Sand\u00eda y mel\u00f3n cantalupo:<\/strong><\/h4>\n<ul data-start=\"930\" data-end=\"1011\">\n<li data-start=\"930\" data-end=\"1011\">\n<p data-start=\"932\" data-end=\"1011\">1-2 kg por 1000 m\u00b2 desde el inicio del crecimiento hasta la floraci\u00f3n<br data-start=\"981\" data-end=\"984\" \/><em data-start=\"986\" data-end=\"1011\">Aplicar 2-3 veces por semana.<\/em><\/p>\n<\/li>\n<\/ul>\n<h3>Embalaje<\/h3>\n<p><span style=\"font-size: 18px\">Disponible en envases de 1 L, 5 L y 25 L, AN-Nebras 10-10-10 ofrece opciones flexibles para satisfacer las necesidades de diversas explotaciones agr\u00edcolas.<\/span><\/p>\n<p><img loading=\"lazy\" decoding=\"async\" class=\"alignnone size-medium wp-image-18283\" src=\"https:\/\/alqawafel.com\/wp-content\/uploads\/2024\/11\/AN-Nebras-10-10-10-LOGO-300x300.webp\" alt=\"AN-Nebras 10-10-10 Fertilizante L\u00edquido Compuesto proporciona NPK equilibrado y nutrientes esenciales, apoyando una amplia gama de cultivos en diversas condiciones del suelo.\" width=\"300\" height=\"300\" srcset=\"https:\/\/alqawafel.com\/wp-content\/uploads\/2024\/11\/AN-Nebras-10-10-10-LOGO-300x300.webp 300w, https:\/\/alqawafel.com\/wp-content\/uploads\/2024\/11\/AN-Nebras-10-10-10-LOGO-150x150.webp 150w, https:\/\/alqawafel.com\/wp-content\/uploads\/2024\/11\/AN-Nebras-10-10-10-LOGO-768x768.webp 768w, https:\/\/alqawafel.com\/wp-content\/uploads\/2024\/11\/AN-Nebras-10-10-10-LOGO.webp 1000w\" sizes=\"auto, (max-width: 300px) 100vw, 300px\" \/><\/p>","protected":false},"excerpt":{"rendered":"<p><span style=\"font-size: 18px\">AN-Nebras 10-10-10 Fertilizante L\u00edquido Compuesto proporciona NPK equilibrado y nutrientes esenciales, apoyando una amplia gama de cultivos en diversas condiciones del suelo.<\/span><\/p>","protected":false},"featured_media":18283,"comment_status":"open","ping_status":"closed","template":"","meta":{"om_disable_all_campaigns":false,"_monsterinsights_skip_tracking":false,"_monsterinsights_sitenote_active":false,"_monsterinsights_sitenote_note":"","_monsterinsights_sitenote_category":0},"product_brand":[],"product_cat":[50,2134],"product_tag":[866,910,894,463,911,864,887],"class_list":{"0":"post-10036","1":"product","2":"type-product","3":"status-publish","4":"has-post-thumbnail","6":"product_cat-fertilizers","7":"product_cat-liquid-fertilizers","8":"product_tag-al-qawafel-ind-agr-co","9":"product_tag-an-nebras-10-10-10","10":"product_tag-balanced-npk","11":"product_tag-fertilizer","12":"product_tag-high-solubility","13":"product_tag-nutrient-absorption","14":"product_tag-versatile-application","16":"first","17":"instock","18":"shipping-taxable","19":"product-type-simple"},"aioseo_notices":[],"_links":{"self":[{"href":"https:\/\/alqawafel.com\/es\/wp-json\/wp\/v2\/product\/10036","targetHints":{"allow":["GET"]}}],"collection":[{"href":"https:\/\/alqawafel.com\/es\/wp-json\/wp\/v2\/product"}],"about":[{"href":"https:\/\/alqawafel.com\/es\/wp-json\/wp\/v2\/types\/product"}],"replies":[{"embeddable":true,"href":"https:\/\/alqawafel.com\/es\/wp-json\/wp\/v2\/comments?post=10036"}],"version-history":[{"count":11,"href":"https:\/\/alqawafel.com\/es\/wp-json\/wp\/v2\/product\/10036\/revisions"}],"predecessor-version":[{"id":19265,"href":"https:\/\/alqawafel.com\/es\/wp-json\/wp\/v2\/product\/10036\/revisions\/19265"}],"wp:featuredmedia":[{"embeddable":true,"href":"https:\/\/alqawafel.com\/es\/wp-json\/wp\/v2\/media\/18283"}],"wp:attachment":[{"href":"https:\/\/alqawafel.com\/es\/wp-json\/wp\/v2\/media?parent=10036"}],"wp:term":[{"taxonomy":"product_brand","embeddable":true,"href":"https:\/\/alqawafel.com\/es\/wp-json\/wp\/v2\/product_brand?post=10036"},{"taxonomy":"product_cat","embeddable":true,"href":"https:\/\/alqawafel.com\/es\/wp-json\/wp\/v2\/product_cat?post=10036"},{"taxonomy":"product_tag","embeddable":true,"href":"https:\/\/alqawafel.com\/es\/wp-json\/wp\/v2\/product_tag?post=10036"}],"curies":[{"name":"wp","href":"https:\/\/api.w.org\/{rel}","templated":true}]}}