{"id":10038,"date":"2024-11-13T12:39:18","date_gmt":"2024-11-13T12:39:18","guid":{"rendered":"https:\/\/alqawafel.com\/?post_type=product&#038;p=10038"},"modified":"2025-06-24T09:56:00","modified_gmt":"2025-06-24T09:56:00","slug":"nebracid-60","status":"publish","type":"product","link":"https:\/\/alqawafel.com\/es\/product\/nebracid-60\/","title":{"rendered":"Abono NebrAcid 60%"},"content":{"rendered":"<h3 class=\"translation-block\"><strong data-start=\"245\" data-end=\"301\">\u00bfPor qu\u00e9 eligi\u00f3 el <span style=\"font-size: 14pt\">abono l\u00edquido NebrAcid 60%<\/span>\"<\/strong>?<\/h3>\n<p><span style=\"font-size: 14pt\"><strong data-start=\"73\" data-end=\"89\">NebrAcid 60%<\/strong>\u00a0es un fertilizante l\u00edquido listo para usar con una alta concentraci\u00f3n de f\u00f3sforo, dise\u00f1ado para su aplicaci\u00f3n directa con el fin de satisfacer las necesidades esenciales de f\u00f3sforo de las plantas.<\/span><br data-start=\"249\" data-end=\"252\" \/><span style=\"font-size: 14pt\">Su r\u00e1pida absorci\u00f3n de f\u00f3sforo favorece el crecimiento de las plantas y aumenta la productividad.<\/span><\/p>\n<p data-start=\"335\" data-end=\"714\"><span style=\"font-size: 14pt\">Gracias a su bajo pH, NebrAcid 60% ayuda a reducir la acidez del agua de riego y del suelo, abriendo los poros obstruidos de las tuber\u00edas de riego causados por la suciedad y los dep\u00f3sitos de calcio.<\/span><br data-start=\"499\" data-end=\"502\" \/><span style=\"font-size: 14pt\">Tambi\u00e9n es un producto vers\u00e1til que favorece el crecimiento temprano y la floraci\u00f3n durante el cultivo, y puede utilizarse antes de plantar para limpiar los canales de riego, garantizando un flujo de agua uniforme y un suministro eficaz de nutrientes.<\/span><\/p>\n<h3 data-start=\"88\" data-end=\"106\"><strong data-start=\"92\" data-end=\"106\">Aplicaci\u00f3n ideal<\/strong><\/h3>\n<p><strong><span style=\"font-size: 18px\">Adecuado para su uso en:<\/span><\/strong><\/p>\n<ol>\n<li><span style=\"font-size: 18px\">Cultivos de campo<\/span><\/li>\n<li><span style=\"font-size: 18px\">Verduras de interior de pl\u00e1stico<\/span><\/li>\n<li><span style=\"font-size: 18px\">Hortalizas de campo abierto<\/span><\/li>\n<li><span style=\"font-size: 18px\">\u00c1rboles frutales<\/span><\/li>\n<\/ol>\n<h3 class=\"translation-block\"><strong data-start=\"245\" data-end=\"301\"><span style=\"font-size: 14pt\">NebrAcid 60% <\/span><\/strong><strong data-start=\"73\" data-end=\"88\">Ventajas<\/strong><\/h3>\n<p><span style=\"font-size: 14pt\">- <strong data-start=\"63\" data-end=\"97\">Alta concentraci\u00f3n de f\u00f3sforo:<\/strong> Permite una nutrici\u00f3n eficaz de las plantas, mejorando el crecimiento y la productividad.<\/span><br data-start=\"167\" data-end=\"170\" \/><span style=\"font-size: 14pt\">- <strong data-start=\"172\" data-end=\"194\">Bajo efecto \u00e1cido:<\/strong> Mejora la calidad del agua de riego y del suelo, aumentando la eficacia de los nutrientes.<\/span><br data-start=\"277\" data-end=\"280\" data-is-only-node=\"\" \/><span style=\"font-size: 14pt\">- <strong data-start=\"282\" data-end=\"313\">Limpieza del sistema de riego:<\/strong> Elimina los dep\u00f3sitos de calcio y mejora el flujo de agua para un mejor aporte de nutrientes.<\/span><br data-start=\"392\" data-end=\"395\" \/><span style=\"font-size: 14pt\">- <strong data-start=\"397\" data-end=\"436\">Apoyo a las etapas cr\u00edticas del crecimiento:<\/strong> Potencia el crecimiento temprano y la formaci\u00f3n de flores, mejorando el rendimiento de los cultivos.<\/span><br data-start=\"503\" data-end=\"506\" \/><span style=\"font-size: 14pt\">- <strong data-start=\"508\" data-end=\"534\">Aplicaci\u00f3n vers\u00e1til:<\/strong> Adecuado tanto para cultivos hidrop\u00f3nicos como en suelo, lo que lo convierte en una opci\u00f3n flexible para los agricultores.<\/span><\/p>\n<h3 data-start=\"364\" data-end=\"459\"><strong data-start=\"125\" data-end=\"146\">Tasa de aplicaci\u00f3n<\/strong><\/h3>\n<p data-start=\"364\" data-end=\"459\" class=\"translation-block\"><span style=\"font-size: 14pt\">Aplicar a raz\u00f3n de <strong data-start=\"168\" data-end=\"188\">2-3 kg por dunum<\/strong>, dependiendo del tipo de suelo y del nivel de pH. <\/span><\/p>\n<h3 data-start=\"364\" data-end=\"459\">Embalaje<\/h3>\n<p><span style=\"font-size: 14pt\">Gal\u00f3n de 25 kg<\/span><\/p>\n<p><img loading=\"lazy\" decoding=\"async\" class=\"alignnone size-medium wp-image-16795\" src=\"https:\/\/alqawafel.com\/wp-content\/uploads\/2024\/11\/NebrAcid-60-LOGO-300x300.webp\" alt=\"NebrAcid 60%\" width=\"300\" height=\"300\" srcset=\"https:\/\/alqawafel.com\/wp-content\/uploads\/2024\/11\/NebrAcid-60-LOGO-300x300.webp 300w, https:\/\/alqawafel.com\/wp-content\/uploads\/2024\/11\/NebrAcid-60-LOGO-150x150.webp 150w, https:\/\/alqawafel.com\/wp-content\/uploads\/2024\/11\/NebrAcid-60-LOGO-768x768.webp 768w, https:\/\/alqawafel.com\/wp-content\/uploads\/2024\/11\/NebrAcid-60-LOGO.webp 1000w\" sizes=\"auto, (max-width: 300px) 100vw, 300px\" \/><\/p>","protected":false},"excerpt":{"rendered":"<p><span style=\"font-size: 18px\">NebrAcid 60% es un fertilizante l\u00edquido rico en f\u00f3sforo que mejora la absorci\u00f3n de nutrientes, reduce el pH del suelo y potencia la floraci\u00f3n y el rendimiento de los cultivos.<\/span><\/p>","protected":false},"featured_media":16795,"comment_status":"open","ping_status":"closed","template":"","meta":{"om_disable_all_campaigns":false,"_monsterinsights_skip_tracking":false,"_monsterinsights_sitenote_active":false,"_monsterinsights_sitenote_note":"","_monsterinsights_sitenote_category":0},"product_brand":[],"product_cat":[50,2134],"product_tag":[866,912,463,913,877,2025,914],"class_list":{"0":"post-10038","1":"product","2":"type-product","3":"status-publish","4":"has-post-thumbnail","6":"product_cat-fertilizers","7":"product_cat-liquid-fertilizers","8":"product_tag-al-qawafel-ind-agr-co","9":"product_tag-fast-absorption","10":"product_tag-fertilizer","11":"product_tag-growth-boost","12":"product_tag-high-phosphorus","13":"product_tag-nebracid-60","14":"product_tag-soil-conditioning","16":"first","17":"instock","18":"shipping-taxable","19":"product-type-simple"},"aioseo_notices":[],"_links":{"self":[{"href":"https:\/\/alqawafel.com\/es\/wp-json\/wp\/v2\/product\/10038","targetHints":{"allow":["GET"]}}],"collection":[{"href":"https:\/\/alqawafel.com\/es\/wp-json\/wp\/v2\/product"}],"about":[{"href":"https:\/\/alqawafel.com\/es\/wp-json\/wp\/v2\/types\/product"}],"replies":[{"embeddable":true,"href":"https:\/\/alqawafel.com\/es\/wp-json\/wp\/v2\/comments?post=10038"}],"version-history":[{"count":10,"href":"https:\/\/alqawafel.com\/es\/wp-json\/wp\/v2\/product\/10038\/revisions"}],"predecessor-version":[{"id":19125,"href":"https:\/\/alqawafel.com\/es\/wp-json\/wp\/v2\/product\/10038\/revisions\/19125"}],"wp:featuredmedia":[{"embeddable":true,"href":"https:\/\/alqawafel.com\/es\/wp-json\/wp\/v2\/media\/16795"}],"wp:attachment":[{"href":"https:\/\/alqawafel.com\/es\/wp-json\/wp\/v2\/media?parent=10038"}],"wp:term":[{"taxonomy":"product_brand","embeddable":true,"href":"https:\/\/alqawafel.com\/es\/wp-json\/wp\/v2\/product_brand?post=10038"},{"taxonomy":"product_cat","embeddable":true,"href":"https:\/\/alqawafel.com\/es\/wp-json\/wp\/v2\/product_cat?post=10038"},{"taxonomy":"product_tag","embeddable":true,"href":"https:\/\/alqawafel.com\/es\/wp-json\/wp\/v2\/product_tag?post=10038"}],"curies":[{"name":"wp","href":"https:\/\/api.w.org\/{rel}","templated":true}]}}