{"id":10040,"date":"2024-11-13T12:50:15","date_gmt":"2024-11-13T12:50:15","guid":{"rendered":"https:\/\/alqawafel.com\/?post_type=product&#038;p=10040"},"modified":"2025-07-27T09:48:59","modified_gmt":"2025-07-27T09:48:59","slug":"an-nebras-11-8-6t-e","status":"publish","type":"product","link":"https:\/\/alqawafel.com\/es\/product\/an-nebras-11-8-6t-e\/","title":{"rendered":"Fertilizante AN-Nebras 11-8-6+T.E."},"content":{"rendered":"<h3 data-start=\"255\" data-end=\"296\"><strong data-start=\"259\" data-end=\"296\">\u00bfPor qu\u00e9 elegir AN-Nebras 11-8-6+T.E.?<\/strong><\/h3>\n<p data-start=\"297\" data-end=\"656\"><span style=\"font-size: 14pt;\">AN-Nebras 11-8-6+T.E. es un fertilizante l\u00edquido de alta calidad formulado para satisfacer todas las necesidades nutricionales de sus cultivos. Proporciona una mezcla equilibrada de macro y micronutrientes, potenciada con amino\u00e1cidos, \u00e1cido f\u00falvico, extractos de algas, \u00e1cidos org\u00e1nicos y vitaminas esenciales. Esta potente combinaci\u00f3n favorece el crecimiento vigoroso de las plantas y la mejora de la calidad de los frutos.<\/span><\/p>\n<p data-start=\"658\" data-end=\"883\"><span style=\"font-size: 14pt;\">Con un pH ligeramente \u00e1cido (~6 a 1 g\/L) y una conductividad el\u00e9ctrica (CE) baja, AN-Nebras garantiza una absorci\u00f3n \u00f3ptima de nutrientes, incluso en suelos salinos. Tambi\u00e9n se disuelve f\u00e1cilmente, por lo que es ideal para la fertirrigaci\u00f3n y la pulverizaci\u00f3n foliar.<\/span><\/p>\n<h3 data-start=\"885\" data-end=\"901\"><strong data-start=\"889\" data-end=\"901\">Beneficios<\/strong><\/h3>\n<ul data-start=\"902\" data-end=\"1405\">\n<li data-start=\"902\" data-end=\"1054\">\n<p data-start=\"904\" data-end=\"1054\"><span style=\"font-size: 14pt;\"><strong data-start=\"906\" data-end=\"929\">Nutrici\u00f3n completa:<\/strong> Contiene NPK (11-8-6), microelementos quelados (Fe, Zn, Mn, Cu) y compuestos org\u00e1nicos como extractos de algas y amino\u00e1cidos.<\/span><\/p>\n<\/li>\n<li data-start=\"1055\" data-end=\"1150\">\n<p data-start=\"1057\" data-end=\"1150\"><span style=\"font-size: 14pt;\"><strong data-start=\"1059\" data-end=\"1079\">Mayor captaci\u00f3n:<\/strong> Una ligera acidez ayuda a que los nutrientes penetren f\u00e1cilmente en todo tipo de suelos.<\/span><\/p>\n<\/li>\n<li data-start=\"1151\" data-end=\"1235\">\n<p data-start=\"1153\" data-end=\"1235\"><span style=\"font-size: 14pt;\"><strong data-start=\"1155\" data-end=\"1173\">Tolerante a la sal:<\/strong> Su baja EC la hace segura para suelos salinos y zonas propensas al estr\u00e9s.<\/span><\/p>\n<\/li>\n<li data-start=\"1236\" data-end=\"1331\">\n<p data-start=\"1238\" data-end=\"1331\"><span style=\"font-size: 14pt;\"><strong data-start=\"1240\" data-end=\"1265\">Aplicaci\u00f3n flexible:<\/strong> Compatible con invernaderos, campos abiertos, \u00e1rboles y plantas ornamentales.<\/span><\/p>\n<\/li>\n<li data-start=\"1332\" data-end=\"1405\">\n<p data-start=\"1334\" data-end=\"1405\"><span style=\"font-size: 14pt;\"><strong data-start=\"1336\" data-end=\"1354\">Sin cloruro:<\/strong> Seguro para la salud del suelo y la vitalidad de las plantas a largo plazo.<\/span><\/p>\n<\/li>\n<\/ul>\n<h3 data-start=\"1407\" data-end=\"1435\" class=\"translation-block\"><span style=\"font-size: 18px\">Composici\u00f3n qu\u00edmica<\/span>.<\/h3>\n<ul data-start=\"1436\" data-end=\"1801\">\n<li data-start=\"1436\" data-end=\"1538\">\n<p data-start=\"1438\" data-end=\"1462\"><span style=\"font-size: 14pt;\"><strong data-start=\"1438\" data-end=\"1460\">Nutrientes primarios:<\/strong><\/span><\/p>\n<ul data-start=\"1465\" data-end=\"1538\">\n<li data-start=\"1465\" data-end=\"1486\">\n<p data-start=\"1467\" data-end=\"1486\"><span style=\"font-size: 14pt;\">Nitr\u00f3geno (N): 11%<\/span><\/p>\n<\/li>\n<li data-start=\"1489\" data-end=\"1514\">\n<p data-start=\"1491\" data-end=\"1514\"><span style=\"font-size: 14pt;\">F\u00f3sforo (P\u2082O\u2085): 8%<\/span><\/p>\n<\/li>\n<li data-start=\"1517\" data-end=\"1538\">\n<p data-start=\"1519\" data-end=\"1538\"><span style=\"font-size: 14pt;\">Potasio (K\u2082O): 6%<\/span><\/p>\n<\/li>\n<\/ul>\n<\/li>\n<li data-start=\"1539\" data-end=\"1649\">\n<p data-start=\"1541\" data-end=\"1595\"><span style=\"font-size: 14pt;\"><strong data-start=\"1541\" data-end=\"1593\">Micronutrientes (quelados con \u00e1cido c\u00edtrico EDTA):<\/strong><\/span><\/p>\n<ul data-start=\"1598\" data-end=\"1649\">\n<li data-start=\"1598\" data-end=\"1649\">\n<p data-start=\"1600\" data-end=\"1649\"><span style=\"font-size: 14pt;\">Hierro (Fe), Zinc (Zn), Manganeso (Mn), Cobre (Cu)<\/span><\/p>\n<\/li>\n<\/ul>\n<\/li>\n<li data-start=\"1650\" data-end=\"1801\">\n<p data-start=\"1652\" data-end=\"1676\"><span style=\"font-size: 14pt;\"><strong data-start=\"1652\" data-end=\"1674\">Aditivos org\u00e1nicos:<\/strong><\/span><\/p>\n<ul data-start=\"1679\" data-end=\"1801\">\n<li data-start=\"1679\" data-end=\"1740\">\n<p data-start=\"1681\" data-end=\"1740\"><span style=\"font-size: 14pt;\">Extractos de algas, Amino\u00e1cidos, \u00c1cidos org\u00e1nicos, \u00c1cido f\u00falvico<\/span><\/p>\n<\/li>\n<li data-start=\"1743\" data-end=\"1801\">\n<p data-start=\"1745\" data-end=\"1801\"><span style=\"font-size: 14pt;\">Vitaminas: Riboflavina, Piridoxina, Nicotinamida, Tiamina<\/span><\/p>\n<\/li>\n<\/ul>\n<\/li>\n<\/ul>\n<h3 data-start=\"1803\" data-end=\"1828\"><strong data-start=\"1807\" data-end=\"1828\">Aplicaci\u00f3n ideal<\/strong><\/h3>\n<ul data-start=\"1829\" data-end=\"2235\">\n<li data-start=\"1829\" data-end=\"1958\">\n<p data-start=\"1831\" data-end=\"1865\"><span style=\"font-size: 14pt;\"><strong data-start=\"1834\" data-end=\"1863\">Verduras de interior de pl\u00e1stico:<\/strong><\/span><\/p>\n<ul data-start=\"1868\" data-end=\"1958\">\n<li data-start=\"1868\" data-end=\"1902\">\n<p data-start=\"1870\" data-end=\"1902\"><span style=\"font-size: 14pt;\">Fase inicial: 1,5 kg por 500 m\u00b2<\/span><\/p>\n<\/li>\n<li data-start=\"1905\" data-end=\"1958\">\n<p data-start=\"1907\" data-end=\"1958\"><span style=\"font-size: 14pt;\">Fase tard\u00eda: 2-4 kg por 500 m\u00b2 (concentraci\u00f3n de 1 g\/L)<\/span><\/p>\n<\/li>\n<\/ul>\n<\/li>\n<li data-start=\"1959\" data-end=\"2015\">\n<p data-start=\"1961\" data-end=\"1992\"><span style=\"font-size: 14pt;\"><strong data-start=\"1964\" data-end=\"1990\">Hortalizas de campo abierto:<\/strong><\/span><\/p>\n<ul data-start=\"1995\" data-end=\"2015\">\n<li data-start=\"1995\" data-end=\"2015\">\n<p data-start=\"1997\" data-end=\"2015\"><span style=\"font-size: 14pt;\">2-4 kg por 1000 m\u00b2<\/span><\/p>\n<\/li>\n<\/ul>\n<\/li>\n<li data-start=\"2016\" data-end=\"2091\">\n<p data-start=\"2018\" data-end=\"2039\"><span style=\"font-size: 14pt;\"><strong data-start=\"2021\" data-end=\"2037\">\u00c1rboles frutales:<\/strong><\/span><\/p>\n<ul data-start=\"2042\" data-end=\"2091\">\n<li data-start=\"2042\" data-end=\"2091\">\n<p data-start=\"2044\" data-end=\"2091\"><span style=\"font-size: 14pt;\">50-150 ml por \u00e1rbol (dependiendo de la edad y la especie)<\/span><\/p>\n<\/li>\n<\/ul>\n<\/li>\n<li data-start=\"2092\" data-end=\"2151\">\n<p data-start=\"2094\" data-end=\"2116\"><span style=\"font-size: 14pt;\"><strong data-start=\"2097\" data-end=\"2114\">Pulverizaci\u00f3n foliar:<\/strong><\/span><\/p>\n<ul data-start=\"2119\" data-end=\"2151\">\n<li data-start=\"2119\" data-end=\"2151\">\n<p data-start=\"2121\" data-end=\"2151\"><span style=\"font-size: 14pt;\">500-1000 ml por 200 L de agua<\/span><\/p>\n<\/li>\n<\/ul>\n<\/li>\n<li data-start=\"2152\" data-end=\"2235\">\n<p data-start=\"2154\" data-end=\"2175\"><span style=\"font-size: 14pt;\"><strong data-start=\"2157\" data-end=\"2173\">Ornamentales:<\/strong><\/span><\/p>\n<ul data-start=\"2178\" data-end=\"2235\">\n<li data-start=\"2178\" data-end=\"2235\">\n<p data-start=\"2180\" data-end=\"2235\"><span style=\"font-size: 14pt;\">Apto para uso general mediante aplicaci\u00f3n al suelo o foliar<\/span><\/p>\n<\/li>\n<\/ul>\n<\/li>\n<\/ul>\n<h3 data-start=\"2237\" data-end=\"2254\"><strong data-start=\"2241\" data-end=\"2254\">Embalaje<\/strong><\/h3>\n<p data-start=\"2255\" data-end=\"2307\"><span style=\"font-size: 14pt;\">Disponible en:<\/span><br data-start=\"2268\" data-end=\"2271\" \/><span style=\"font-size: 14pt;\">1 Litro | 5 Litros | 25 Kilogramos<\/span><\/p>\n<p><img loading=\"lazy\" decoding=\"async\" class=\"alignnone size-medium wp-image-18271\" src=\"https:\/\/alqawafel.com\/wp-content\/uploads\/2024\/11\/AN-Nebras-11-8-6-LOGO-300x300.webp\" alt=\"AN-Nebras 11-8-6+T.E. Fertilizante L\u00edquido Compuesto es una soluci\u00f3n rica en nutrientes con \u00e1cidos org\u00e1nicos, extractos de algas y vitaminas, que promueve la salud de las plantas.\" width=\"300\" height=\"300\" srcset=\"https:\/\/alqawafel.com\/wp-content\/uploads\/2024\/11\/AN-Nebras-11-8-6-LOGO-300x300.webp 300w, https:\/\/alqawafel.com\/wp-content\/uploads\/2024\/11\/AN-Nebras-11-8-6-LOGO-150x150.webp 150w, https:\/\/alqawafel.com\/wp-content\/uploads\/2024\/11\/AN-Nebras-11-8-6-LOGO-768x768.webp 768w, https:\/\/alqawafel.com\/wp-content\/uploads\/2024\/11\/AN-Nebras-11-8-6-LOGO.webp 1000w\" sizes=\"auto, (max-width: 300px) 100vw, 300px\" \/><\/p>","protected":false},"excerpt":{"rendered":"<p><span style=\"font-size: 18px;\">AN-Nebras 11-8-6+T.E. Fertilizante L\u00edquido Compuesto es una soluci\u00f3n rica en nutrientes con \u00e1cidos org\u00e1nicos, extractos de algas y vitaminas, que promueve la salud de las plantas.<\/span><\/p>","protected":false},"featured_media":18271,"comment_status":"open","ping_status":"closed","template":"","meta":{"om_disable_all_campaigns":false,"_monsterinsights_skip_tracking":false,"_monsterinsights_sitenote_active":false,"_monsterinsights_sitenote_note":"","_monsterinsights_sitenote_category":0},"product_brand":[],"product_cat":[50,2134],"product_tag":[866,915,918,463,917,916,889],"class_list":{"0":"post-10040","1":"product","2":"type-product","3":"status-publish","4":"has-post-thumbnail","6":"product_cat-fertilizers","7":"product_cat-liquid-fertilizers","8":"product_tag-al-qawafel-ind-agr-co","9":"product_tag-an-nebras-11-8-6t-e","10":"product_tag-diverse-soils","11":"product_tag-fertilizer","12":"product_tag-growth-support","13":"product_tag-low-ec","14":"product_tag-nutrient-rich","16":"first","17":"instock","18":"shipping-taxable","19":"product-type-simple"},"aioseo_notices":[],"_links":{"self":[{"href":"https:\/\/alqawafel.com\/es\/wp-json\/wp\/v2\/product\/10040","targetHints":{"allow":["GET"]}}],"collection":[{"href":"https:\/\/alqawafel.com\/es\/wp-json\/wp\/v2\/product"}],"about":[{"href":"https:\/\/alqawafel.com\/es\/wp-json\/wp\/v2\/types\/product"}],"replies":[{"embeddable":true,"href":"https:\/\/alqawafel.com\/es\/wp-json\/wp\/v2\/comments?post=10040"}],"version-history":[{"count":13,"href":"https:\/\/alqawafel.com\/es\/wp-json\/wp\/v2\/product\/10040\/revisions"}],"predecessor-version":[{"id":19454,"href":"https:\/\/alqawafel.com\/es\/wp-json\/wp\/v2\/product\/10040\/revisions\/19454"}],"wp:featuredmedia":[{"embeddable":true,"href":"https:\/\/alqawafel.com\/es\/wp-json\/wp\/v2\/media\/18271"}],"wp:attachment":[{"href":"https:\/\/alqawafel.com\/es\/wp-json\/wp\/v2\/media?parent=10040"}],"wp:term":[{"taxonomy":"product_brand","embeddable":true,"href":"https:\/\/alqawafel.com\/es\/wp-json\/wp\/v2\/product_brand?post=10040"},{"taxonomy":"product_cat","embeddable":true,"href":"https:\/\/alqawafel.com\/es\/wp-json\/wp\/v2\/product_cat?post=10040"},{"taxonomy":"product_tag","embeddable":true,"href":"https:\/\/alqawafel.com\/es\/wp-json\/wp\/v2\/product_tag?post=10040"}],"curies":[{"name":"wp","href":"https:\/\/api.w.org\/{rel}","templated":true}]}}