{"id":10043,"date":"2024-11-13T12:59:51","date_gmt":"2024-11-13T12:59:51","guid":{"rendered":"https:\/\/alqawafel.com\/?post_type=product&#038;p=10043"},"modified":"2025-06-30T08:35:59","modified_gmt":"2025-06-30T08:35:59","slug":"an-nebras-40-0-0","status":"publish","type":"product","link":"https:\/\/alqawafel.com\/es\/product\/an-nebras-40-0-0\/","title":{"rendered":"Fertilizante AN-Nebras 40-0-0"},"content":{"rendered":"<h3>\u00a0\u00bfPor qu\u00e9 elegir el fertilizante l\u00edquido AN-Nebras 40-0-0 Multi Nitrogen?<\/h3>\n<p><span style=\"font-size: 18px\">AN-Nebras 40-0-0 Multi Nitrogen Fertilizer es una potente soluci\u00f3n de nitr\u00f3geno, derivada de cuatro fuentes de nitr\u00f3geno. En particular, esta formulaci\u00f3n \u00fanica garantiza un suministro estable y eficaz de nitr\u00f3geno a las plantas, especialmente en condiciones de baja temperatura en las que la absorci\u00f3n de nitr\u00f3geno puede resultar dif\u00edcil. Adem\u00e1s, AN-Nebras no contiene azufre ni cloruro, por lo que es ideal para sistemas hidrop\u00f3nicos y diversas aplicaciones en suelo.<\/span><\/p>\n<p><span style=\"font-size: 18px\">Adem\u00e1s, este fertilizante es altamente compatible con otros fertilizantes solubles, lo que aumenta su versatilidad para programas de fertilizaci\u00f3n integrados. Y lo que es m\u00e1s importante, su eficacia se hace notar poco despu\u00e9s de la aplicaci\u00f3n, proporcionando resultados r\u00e1pidos y favoreciendo la salud \u00f3ptima de las plantas.<\/span><\/p>\n<h3>Ventajas<\/h3>\n<ul>\n<li><span style=\"font-size: 18px\"><strong>Nitr\u00f3geno de alta eficiencia:<\/strong> Aporta nitr\u00f3geno concentrado derivado de cuatro fuentes, garantizando un rendimiento fiable incluso a temperaturas m\u00e1s bajas, promoviendo un crecimiento vegetativo fuerte y sano.<\/span><\/li>\n<li><span style=\"font-size: 18px\"><strong>Estabilidad del suelo:<\/strong> La f\u00f3rmula estable maximiza la retenci\u00f3n de nitr\u00f3geno en el suelo, reduciendo las p\u00e9rdidas y mejorando la eficacia.<\/span><\/li>\n<li><span style=\"font-size: 18px\"><strong>Resultados de acci\u00f3n r\u00e1pida:<\/strong> Proporciona una r\u00e1pida disponibilidad de nitr\u00f3geno, favoreciendo el crecimiento de las plantas en un corto per\u00edodo de tiempo.<\/span><\/li>\n<li><span style=\"font-size: 18px\"><strong>Sin azufre ni cloruro:<\/strong> Seguro para sistemas hidrop\u00f3nicos y compatible con diversas aplicaciones foliares y en tierra.<\/span><\/li>\n<li><span style=\"font-size: 18px\"><strong>Compatibilidad de mezcla:<\/strong> Funciona bien con otros fertilizantes solubles, mejorando la flexibilidad de los nutrientes.<\/span><\/li>\n<\/ul>\n<h3>Aplicaci\u00f3n ideal<\/h3>\n<p><strong><span style=\"font-size: 18px\">AN-Nebras 40-0-0 es adecuado para una amplia gama de cultivos, entre los que se incluyen:<\/span><\/strong><\/p>\n<ol>\n<li><span style=\"font-size: 18px\">Hortalizas (campo abierto e invernaderos)<\/span><\/li>\n<li><span style=\"font-size: 18px\">\u00c1rboles frutales<\/span><\/li>\n<li><span style=\"font-size: 18px\">Cultivos de campo<\/span><\/li>\n<li><span style=\"font-size: 18px\">Flores y plantas ornamentales<\/span><\/li>\n<li><span style=\"font-size: 18px\">C\u00e9spedes<\/span><\/li>\n<\/ol>\n<h3 data-start=\"124\" data-end=\"152\"><strong data-start=\"130\" data-end=\"152\">Tarifas de aplicaci\u00f3n:<\/strong><\/h3>\n<h4 data-start=\"154\" data-end=\"202\"><strong data-start=\"162\" data-end=\"202\">Aplicaci\u00f3n al suelo (dosis por hect\u00e1rea):<\/strong><\/h4>\n<ul data-start=\"203\" data-end=\"483\">\n<li data-start=\"203\" data-end=\"272\">\n<p data-start=\"205\" data-end=\"272\"><strong data-start=\"205\" data-end=\"249\">Hortalizas (campo abierto e invernaderos):<\/strong><br data-start=\"249\" data-end=\"252\" \/>30 - 40 L por dosis<\/p>\n<\/li>\n<li data-start=\"273\" data-end=\"314\">\n<p data-start=\"275\" data-end=\"314\"><strong data-start=\"275\" data-end=\"291\">\u00c1rboles frutales:<\/strong><br data-start=\"291\" data-end=\"294\" \/>40 - 50 L por dosis<\/p>\n<\/li>\n<li data-start=\"352\" data-end=\"393\">\n<p data-start=\"354\" data-end=\"393\"><strong data-start=\"354\" data-end=\"370\">Cultivos de campo:<\/strong><br data-start=\"370\" data-end=\"373\" \/>20 - 30 L por dosis<\/p>\n<\/li>\n<li data-start=\"394\" data-end=\"447\">\n<p data-start=\"396\" data-end=\"447\"><strong data-start=\"396\" data-end=\"424\">Flores y plantas ornamentales:<\/strong><br data-start=\"424\" data-end=\"427\" \/>20 - 30 L por dosis<\/p>\n<\/li>\n<\/ul>\n<h4 data-start=\"485\" data-end=\"543\"><strong data-start=\"493\" data-end=\"543\">Aplicaci\u00f3n foliar (Dosis por 1000 L de agua):<\/strong><\/h4>\n<ul data-start=\"544\" data-end=\"723\">\n<li data-start=\"544\" data-end=\"581\">\n<p data-start=\"546\" data-end=\"581\"><strong data-start=\"546\" data-end=\"561\">Verduras:<\/strong><br data-start=\"561\" data-end=\"564\" \/>1500 - 1800 cm\u00b3<\/p>\n<\/li>\n<li data-start=\"582\" data-end=\"629\">\n<p data-start=\"584\" data-end=\"629\"><strong data-start=\"584\" data-end=\"609\">\u00c1rboles frutales:<\/strong><br data-start=\"609\" data-end=\"612\" \/>1200 - 1500 cm\u00b3<\/p>\n<\/li>\n<li data-start=\"630\" data-end=\"690\">\n<p data-start=\"632\" data-end=\"690\"><strong data-start=\"632\" data-end=\"670\">Cultivos de campo, flores y plantas ornamentales:<\/strong><br data-start=\"670\" data-end=\"673\" \/>1000 - 1200 cm\u00b3<\/p>\n<\/li>\n<\/ul>\n<h3>AN-Nebras 40-0-0 Embalaje<\/h3>\n<p><span style=\"font-size: 18px\">Disponible en envases de 1 L, 5 L y 25 kg.<\/span><\/p>\n<p><img loading=\"lazy\" decoding=\"async\" class=\"alignnone size-medium wp-image-16791\" src=\"https:\/\/alqawafel.com\/wp-content\/uploads\/2024\/11\/LOGO-\u0633\u0645\u0627\u062f-\u0627\u0644\u0646\u0628\u0631\u0627\u0633-\u0627\u0644\u0633\u0627\u0626\u0644-0-0-40-300x300.webp\" alt=\"AN-Nebras 40-0-0 \" width=\"300\" height=\"300\" srcset=\"\" sizes=\"auto, (max-width: 300px) 100vw, 300px\" data-srcset=\"\" \/><\/p>","protected":false},"excerpt":{"rendered":"<p><span style=\"font-size: 18px\">El fertilizante l\u00edquido AN-Nebras 40-0-0 Multi Nitrogen, derivado de cuatro fuentes de nitr\u00f3geno, proporciona nitr\u00f3geno de alta eficacia para aplicaciones al suelo y foliares.<\/span><\/p>","protected":false},"featured_media":16791,"comment_status":"open","ping_status":"closed","template":"","meta":{"om_disable_all_campaigns":false,"_monsterinsights_skip_tracking":false,"_monsterinsights_sitenote_active":false,"_monsterinsights_sitenote_note":"","_monsterinsights_sitenote_category":0},"product_brand":[],"product_cat":[50,2134],"product_tag":[866,1391,922,463,919,921,920],"class_list":{"0":"post-10043","1":"product","2":"type-product","3":"status-publish","4":"has-post-thumbnail","6":"product_cat-fertilizers","7":"product_cat-liquid-fertilizers","8":"product_tag-al-qawafel-ind-agr-co","9":"product_tag-an-nebras-40-0-0","10":"product_tag-fast-action","11":"product_tag-fertilizer","12":"product_tag-multi-source-nitrogen","13":"product_tag-nitrogen-boost","14":"product_tag-sulfur-free","16":"first","17":"instock","18":"shipping-taxable","19":"product-type-simple"},"aioseo_notices":[],"_links":{"self":[{"href":"https:\/\/alqawafel.com\/es\/wp-json\/wp\/v2\/product\/10043","targetHints":{"allow":["GET"]}}],"collection":[{"href":"https:\/\/alqawafel.com\/es\/wp-json\/wp\/v2\/product"}],"about":[{"href":"https:\/\/alqawafel.com\/es\/wp-json\/wp\/v2\/types\/product"}],"replies":[{"embeddable":true,"href":"https:\/\/alqawafel.com\/es\/wp-json\/wp\/v2\/comments?post=10043"}],"version-history":[{"count":11,"href":"https:\/\/alqawafel.com\/es\/wp-json\/wp\/v2\/product\/10043\/revisions"}],"predecessor-version":[{"id":19262,"href":"https:\/\/alqawafel.com\/es\/wp-json\/wp\/v2\/product\/10043\/revisions\/19262"}],"wp:featuredmedia":[{"embeddable":true,"href":"https:\/\/alqawafel.com\/es\/wp-json\/wp\/v2\/media\/16791"}],"wp:attachment":[{"href":"https:\/\/alqawafel.com\/es\/wp-json\/wp\/v2\/media?parent=10043"}],"wp:term":[{"taxonomy":"product_brand","embeddable":true,"href":"https:\/\/alqawafel.com\/es\/wp-json\/wp\/v2\/product_brand?post=10043"},{"taxonomy":"product_cat","embeddable":true,"href":"https:\/\/alqawafel.com\/es\/wp-json\/wp\/v2\/product_cat?post=10043"},{"taxonomy":"product_tag","embeddable":true,"href":"https:\/\/alqawafel.com\/es\/wp-json\/wp\/v2\/product_tag?post=10043"}],"curies":[{"name":"wp","href":"https:\/\/api.w.org\/{rel}","templated":true}]}}