{"id":10048,"date":"2024-11-13T14:47:38","date_gmt":"2024-11-13T14:47:38","guid":{"rendered":"https:\/\/alqawafel.com\/?post_type=product&#038;p=10048"},"modified":"2025-08-06T08:50:12","modified_gmt":"2025-08-06T08:50:12","slug":"micromezcla-21","status":"publish","type":"product","link":"https:\/\/alqawafel.com\/es\/product\/micromix-21\/","title":{"rendered":"Fertilizante Micromix 21"},"content":{"rendered":"<h3>\u00bfPor qu\u00e9 elegir Micromix 21?<\/h3>\n<p><span style=\"font-size: 18px;\">Micromix 21 es un fertilizante de micronutrientes totalmente soluble en agua formulado para corregir las carencias de micronutrientes esenciales como el zinc, el manganeso, el hierro y el cobre. Adem\u00e1s, con un nivel de pH de 4, esta mezcla de micronutrientes quelatados es adecuada para una amplia gama de plantas. Adem\u00e1s, su completa solubilidad y eficaz quelaci\u00f3n permiten una r\u00e1pida absorci\u00f3n de nutrientes, garantizando que las plantas reciban elementos vitales para un crecimiento y rendimiento saludables.<\/span><\/p>\n<h3>Principales ventajas<\/h3>\n<ul>\n<li><span style=\"font-size: 18px;\"><strong>Apoyo de micronutrientes esenciales:<\/strong> Aporta zinc, manganeso, hierro y cobre para tratar eficazmente las carencias de nutrientes espec\u00edficos.<\/span><\/li>\n<li><span style=\"font-size: 18px;\"><strong>Nivel \u00f3ptimo de pH:<\/strong> Con un pH de 4, Micromix 21 mejora la absorci\u00f3n de nutrientes y la compatibilidad con diversas plantas y tipos de suelo.<\/span><\/li>\n<li><span style=\"font-size: 18px;\"><strong>Solubilidad completa:<\/strong> Se disuelve completamente en agua, lo que permite una f\u00e1cil aplicaci\u00f3n mediante pulverizaci\u00f3n foliar o sistemas de riego.<\/span><\/li>\n<li><span style=\"font-size: 18px;\"><strong>F\u00f3rmula quelatada:<\/strong> Garantiza que los nutrientes permanezcan estables y f\u00e1cilmente disponibles para su absorci\u00f3n por las plantas.<\/span><\/li>\n<\/ul>\n<h3>Aplicaci\u00f3n ideal<\/h3>\n<p><strong><span style=\"font-size: 18px;\">Micromix 21 es vers\u00e1til y puede aplicarse a trav\u00e9s de:<\/span><\/strong><\/p>\n<ol>\n<li><span style=\"font-size: 18px;\"><strong>Pulverizaci\u00f3n foliar<\/strong> - Directamente sobre las hojas para corregir eficazmente las deficiencias.<\/span><\/li>\n<li><span style=\"font-size: 18px;\"><strong>Sistemas de riego<\/strong> - Compatible con m\u00faltiples m\u00e9todos de riego para una distribuci\u00f3n c\u00f3moda y uniforme.<\/span><\/li>\n<\/ol>\n<h3>Micromix 21 Ideal para tratar las carencias de micronutrientes en:<\/h3>\n<ul>\n<li data-start=\"68\" data-end=\"96\">\n<p data-start=\"70\" data-end=\"96\"><span style=\"font-size: 14pt;\">Verduras caseras de pl\u00e1stico<\/span><\/p>\n<\/li>\n<li data-start=\"97\" data-end=\"126\">\n<p data-start=\"99\" data-end=\"126\"><span style=\"font-size: 14pt;\">Verduras de campo abierto<\/span><\/p>\n<\/li>\n<li data-start=\"127\" data-end=\"146\">\n<p data-start=\"129\" data-end=\"146\"><span style=\"font-size: 14pt;\">\u00c1rboles frutales<\/span><\/p>\n<\/li>\n<li data-start=\"147\" data-end=\"166\">\n<p data-start=\"149\" data-end=\"166\"><span style=\"font-size: 14pt;\">Cultivos de campo<\/span><\/p>\n<\/li>\n<li data-start=\"167\" data-end=\"190\">\n<p data-start=\"169\" data-end=\"190\"><span style=\"font-size: 14pt;\">Plantas ornamentales<\/span><\/p>\n<\/li>\n<\/ul>\n<h3>Composici\u00f3n qu\u00edmica:<\/h3>\n<ul>\n<li><span style=\"font-size: 18px;\"><strong>Micronutrientes primarios:<\/strong> Zinc (Zn), Manganeso (Mn), Hierro (Fe), Cobre (Cu)<\/span><\/li>\n<li><span style=\"font-size: 18px;\"><b>Nivel de Ph a 4<\/b><\/span><\/li>\n<li><span style=\"font-size: 18px;\"><strong>Solubilidad:<\/strong> Completamente soluble en agua<\/span><\/li>\n<\/ul>\n<h3 data-start=\"592\" data-end=\"619\"><strong data-start=\"598\" data-end=\"619\">Tasa de aplicaci\u00f3n<\/strong><\/h3>\n<ul data-start=\"620\" data-end=\"720\">\n<li data-start=\"620\" data-end=\"720\">\n<p data-start=\"622\" data-end=\"720\" class=\"translation-block\"><span style=\"font-size: 14pt\"><strong data-start=\"622\" data-end=\"635\">4-6 kg\/ha<\/strong>, aplicados <strong data-start=\"645\" data-end=\"661\">de 2 a 3 veces<\/strong>, ya sea <strong data-start=\"670\" data-end=\"689\">en pulverizaci\u00f3n foliar<\/strong> o <strong data-start=\"693\" data-end=\"719\">mediante sistemas de riego<\/strong>.<\/span><\/p>\n<\/li>\n<\/ul>\n<h3>Embalaje<\/h3>\n<ul>\n<li><span style=\"font-size: 14pt;\">1 Kg<\/span><\/li>\n<\/ul>\n<p><img loading=\"lazy\" decoding=\"async\" class=\"alignnone size-medium wp-image-17036\" src=\"https:\/\/alqawafel.com\/wp-content\/uploads\/2024\/11\/Micromix-21-LOGO-300x300.webp\" alt=\"Micromezcla 21 \" width=\"300\" height=\"300\" srcset=\"https:\/\/alqawafel.com\/wp-content\/uploads\/2024\/11\/Micromix-21-LOGO-300x300.webp 300w, https:\/\/alqawafel.com\/wp-content\/uploads\/2024\/11\/Micromix-21-LOGO-150x150.webp 150w, https:\/\/alqawafel.com\/wp-content\/uploads\/2024\/11\/Micromix-21-LOGO-768x768.webp 768w, https:\/\/alqawafel.com\/wp-content\/uploads\/2024\/11\/Micromix-21-LOGO.webp 1000w\" sizes=\"auto, (max-width: 300px) 100vw, 300px\" \/><\/p>","protected":false},"excerpt":{"rendered":"<p><span style=\"font-size: 18px;\">Micromix 21 es un abono de micronutrientes soluble en agua que aporta nutrientes esenciales para un crecimiento y un rendimiento sanos.<\/span><\/p>","protected":false},"featured_media":17036,"comment_status":"open","ping_status":"closed","template":"","meta":{"om_disable_all_campaigns":false,"_monsterinsights_skip_tracking":false,"_monsterinsights_sitenote_active":false,"_monsterinsights_sitenote_note":"","_monsterinsights_sitenote_category":0},"product_brand":[2216],"product_cat":[50,2135],"product_tag":[866,924,926,463,927,923,925],"class_list":{"0":"post-10048","1":"product","2":"type-product","3":"status-publish","4":"has-post-thumbnail","6":"product_brand-micronate","7":"product_cat-fertilizers","8":"product_cat-micro-nutrients-fertilizers","9":"product_tag-al-qawafel-ind-agr-co","10":"product_tag-chelated-micronutrients","11":"product_tag-deficiency-correction","12":"product_tag-fertilizer","13":"product_tag-foliar-irrigation","14":"product_tag-micromix-21-fertilizer","15":"product_tag-ph-optimized","17":"first","18":"instock","19":"shipping-taxable","20":"product-type-simple"},"aioseo_notices":[],"_links":{"self":[{"href":"https:\/\/alqawafel.com\/es\/wp-json\/wp\/v2\/product\/10048","targetHints":{"allow":["GET"]}}],"collection":[{"href":"https:\/\/alqawafel.com\/es\/wp-json\/wp\/v2\/product"}],"about":[{"href":"https:\/\/alqawafel.com\/es\/wp-json\/wp\/v2\/types\/product"}],"replies":[{"embeddable":true,"href":"https:\/\/alqawafel.com\/es\/wp-json\/wp\/v2\/comments?post=10048"}],"version-history":[{"count":11,"href":"https:\/\/alqawafel.com\/es\/wp-json\/wp\/v2\/product\/10048\/revisions"}],"predecessor-version":[{"id":19484,"href":"https:\/\/alqawafel.com\/es\/wp-json\/wp\/v2\/product\/10048\/revisions\/19484"}],"wp:featuredmedia":[{"embeddable":true,"href":"https:\/\/alqawafel.com\/es\/wp-json\/wp\/v2\/media\/17036"}],"wp:attachment":[{"href":"https:\/\/alqawafel.com\/es\/wp-json\/wp\/v2\/media?parent=10048"}],"wp:term":[{"taxonomy":"product_brand","embeddable":true,"href":"https:\/\/alqawafel.com\/es\/wp-json\/wp\/v2\/product_brand?post=10048"},{"taxonomy":"product_cat","embeddable":true,"href":"https:\/\/alqawafel.com\/es\/wp-json\/wp\/v2\/product_cat?post=10048"},{"taxonomy":"product_tag","embeddable":true,"href":"https:\/\/alqawafel.com\/es\/wp-json\/wp\/v2\/product_tag?post=10048"}],"curies":[{"name":"wp","href":"https:\/\/api.w.org\/{rel}","templated":true}]}}