{"id":10052,"date":"2024-11-13T15:02:33","date_gmt":"2024-11-13T15:02:33","guid":{"rendered":"https:\/\/alqawafel.com\/?post_type=product&#038;p=10052"},"modified":"2025-09-18T08:17:01","modified_gmt":"2025-09-18T08:17:01","slug":"micronato-14","status":"publish","type":"product","link":"https:\/\/alqawafel.com\/es\/product\/micronate-14\/","title":{"rendered":"Fertilizante Micronate 14"},"content":{"rendered":"<h3>\u00bfPor qu\u00e9 elegir Micronate 14?<\/h3>\n<p><span style=\"font-size: 18px;\">Micronate 14 es una potente mezcla de micronutrientes quelatados -hierro, zinc, boro, magnesio, manganeso y cobre- que favorecen el crecimiento saludable de las plantas. Quelatados con los \u00e1cidos etilendiaminotetraac\u00e9tico y c\u00edtrico, estos elementos se absorben f\u00e1cilmente y solucionan r\u00e1pidamente las deficiencias m\u00e1s comunes, como el amarilleamiento de las hojas. Adem\u00e1s, Micronate 14 incluye \u00e1cidos org\u00e1nicos, amino\u00e1cidos y vitaminas esenciales que aumentan la resistencia de las plantas, favorecen el crecimiento de hojas frescas y mejoran la resistencia a las heladas y a los cambios clim\u00e1ticos.<\/span><\/p>\n<p><span style=\"font-size: 18px;\">Adem\u00e1s, incluye aditivos y agentes esparcidores exclusivos que maximizan la absorci\u00f3n de nutrientes y la resistencia de las plantas. Su versatilidad lo hace eficaz tanto para aplicaciones foliares como al suelo, garantizando un tratamiento completo de las deficiencias de nutrientes.<\/span><\/p>\n<h3>Principales ventajas del fertilizante micronutriente Micronate 14<\/h3>\n<ul>\n<li><span style=\"font-size: 18px;\"><strong>Composici\u00f3n rica en micronutrientes:<\/strong> Proporciona elementos esenciales, como hierro, zinc, boro, magnesio, manganeso y cobre, para una salud equilibrada de las plantas.<\/span><\/li>\n<li><span style=\"font-size: 18px;\"><strong>Alta eficacia de absorci\u00f3n:<\/strong> Su formulaci\u00f3n quelatada garantiza una r\u00e1pida absorci\u00f3n de nutrientes tanto por v\u00eda foliar como por aplicaci\u00f3n al suelo.<\/span><\/li>\n<li><span style=\"font-size: 18px;\"><strong>Aumento de la resistencia de las plantas:<\/strong> Mejora la resistencia al estr\u00e9s ambiental y favorece el crecimiento fresco y vibrante de las hojas.<\/span><\/li>\n<li><span style=\"font-size: 18px;\"><strong>Fertilizaci\u00f3n rentable:<\/strong> Se integra perfectamente con los programas de protecci\u00f3n para aumentar la eficacia y reducir los costes.<\/span><\/li>\n<li><span style=\"font-size: 18px;\"><strong>Correcci\u00f3n r\u00e1pida de carencias:<\/strong> Ideal para cultivos de temporada corta, como las hortalizas, que necesitan un aporte r\u00e1pido de nutrientes.<\/span><\/li>\n<\/ul>\n<h3>Papel de los micronutrientes clave en el micronato 14<\/h3>\n<ul>\n<li><span style=\"font-size: 18px;\"><strong>Hierro (Fe):<\/strong> Activa las enzimas, favorece la s\u00edntesis de clorofila y es esencial para la fotos\u00edntesis.<\/span><\/li>\n<li><span style=\"font-size: 18px;\"><strong>Zinc (Zn):<\/strong> Necesario para la s\u00edntesis de prote\u00ednas, la activaci\u00f3n de enzimas y la estabilidad de la clorofila.<\/span><\/li>\n<li><span style=\"font-size: 18px;\"><strong>Manganeso (Mn):<\/strong> Interviene en la fotos\u00edntesis, la s\u00edntesis de prote\u00ednas y regula la presi\u00f3n de \u00f3smosis.<\/span><\/li>\n<li><span style=\"font-size: 18px;\"><strong>Magnesio (Mg):<\/strong> Vital para la formaci\u00f3n de clorofila y la fotos\u00edntesis.<\/span><\/li>\n<li><span style=\"font-size: 18px;\"><strong>Boro (B):<\/strong> Favorece el transporte de az\u00facares y la estructura de la pared celular.<\/span><\/li>\n<li><span style=\"font-size: 18px;\"><strong>Cobre (Cu):<\/strong> Facilita la s\u00edntesis de prote\u00ednas y la activaci\u00f3n de enzimas.<\/span><\/li>\n<\/ul>\n<h3>M\u00e9todos de aplicaci\u00f3n del fertilizante micronutriente Micronate 14<\/h3>\n<ol>\n<li><span style=\"font-size: 18px;\"><strong>Aplicaci\u00f3n foliar para una r\u00e1pida absorci\u00f3n de nutrientes:<\/strong> Muy eficaz durante los periodos de m\u00e1ximo crecimiento y para los cultivos de temporada corta.<\/span><\/li>\n<li><span style=\"font-size: 18px;\"><strong>Aplicaci\u00f3n al suelo para la absorci\u00f3n radicular:<\/strong> Ideal para garantizar la disponibilidad de micronutrientes a trav\u00e9s de la zona radicular.<\/span><\/li>\n<li><span style=\"font-size: 18px;\"><strong>Fertirrigaci\u00f3n para una distribuci\u00f3n uniforme:<\/strong> Adecuado para su integraci\u00f3n en sistemas de riego para distribuir uniformemente los nutrientes.<\/span><\/li>\n<\/ol>\n<h3>Micronate 14 Aplicaci\u00f3n ideal<\/h3>\n<ul>\n<li><span style=\"font-size: 18px;\"><strong>Hortalizas (invernadero y campo abierto)<\/strong><\/span><\/li>\n<li><span style=\"font-size: 18px;\"><strong>\u00c1rboles frutales<\/strong><\/span><\/li>\n<li><span style=\"font-size: 18px;\"><strong>Cultivos de campo<\/strong><\/span><\/li>\n<li><span style=\"font-size: 18px;\"><strong>Plantas ornamentales<\/strong><\/span><\/li>\n<\/ul>\n<h3>Tasa de aplicaci\u00f3n<\/h3>\n<p data-start=\"149\" data-end=\"173\"><span style=\"font-size: 14pt;\"><strong data-start=\"149\" data-end=\"171\">Aplicaci\u00f3n foliar<\/strong><\/span><\/p>\n<ul data-start=\"174\" data-end=\"405\">\n<li data-start=\"174\" data-end=\"216\">\n<p data-start=\"176\" data-end=\"216\"><span style=\"font-size: 14pt;\">Verduras: 200-250 g \/ 200 L de agua<\/span><\/p>\n<\/li>\n<li data-start=\"217\" data-end=\"260\">\n<p data-start=\"219\" data-end=\"260\"><span style=\"font-size: 14pt;\">Frutales: 250-300 g \/ 200 L de agua<\/span><\/p>\n<\/li>\n<li data-start=\"330\" data-end=\"358\">\n<p data-start=\"332\" data-end=\"358\"><span style=\"font-size: 14pt;\">Cultivos de campo: 1-2 kg \/ ha<\/span><\/p>\n<\/li>\n<li data-start=\"359\" data-end=\"405\">\n<p data-start=\"361\" data-end=\"405\"><span style=\"font-size: 14pt;\">Plantas ornamentales: 10-20 g \/ 20 L de agua<\/span><\/p>\n<\/li>\n<\/ul>\n<p data-start=\"407\" data-end=\"429\"><span style=\"font-size: 14pt;\"><strong data-start=\"407\" data-end=\"427\">Aplicaci\u00f3n al suelo<\/strong><\/span><\/p>\n<ul data-start=\"430\" data-end=\"658\">\n<li data-start=\"430\" data-end=\"483\">\n<p data-start=\"432\" data-end=\"483\"><span style=\"font-size: 14pt;\">Hortalizas de invernadero: 250-500 g \/ nave (500 m\u00b2)<\/span><\/p>\n<\/li>\n<li data-start=\"484\" data-end=\"530\">\n<p data-start=\"486\" data-end=\"530\"><span style=\"font-size: 14pt;\">Hortalizas de campo abierto: 250-500 g \/ 1000 m\u00b2<\/span><\/p>\n<\/li>\n<li data-start=\"531\" data-end=\"591\">\n<p data-start=\"533\" data-end=\"591\"><span style=\"font-size: 14pt;\">\u00c1rboles frutales: 50-100 g \/ \u00e1rbol (seg\u00fan el tipo y la edad)<\/span><\/p>\n<\/li>\n<li data-start=\"592\" data-end=\"658\">\n<p data-start=\"594\" data-end=\"658\"><span style=\"font-size: 14pt;\">Pl\u00e1tano: 100-200 g \/ 1000 L de agua de riego cada 2-3 semanas<\/span><\/p>\n<\/li>\n<\/ul>\n<p data-start=\"660\" data-end=\"677\"><span style=\"font-size: 14pt;\"><strong data-start=\"660\" data-end=\"675\">Fertirrigaci\u00f3n<\/strong><\/span><\/p>\n<ul data-start=\"678\" data-end=\"743\">\n<li data-start=\"678\" data-end=\"743\">\n<p data-start=\"680\" data-end=\"743\"><span style=\"font-size: 14pt;\">10-20 g \/ 100 L de agua<\/span><\/p>\n<\/li>\n<\/ul>\n<h3>Composici\u00f3n qu\u00edmica para un tratamiento eficaz de las carencias<\/h3>\n<ul>\n<li><span style=\"font-size: 18px;\"><strong>Hierro (Fe 9.3%):<\/strong> EDTA quelatado con \u00e1cido c\u00edtrico<\/span><\/li>\n<li><span style=\"font-size: 18px;\"><strong>Zinc (Zn 0,2):<\/strong> EDTA quelatado con \u00e1cido c\u00edtrico<\/span><\/li>\n<li><span style=\"font-size: 18px;\"><strong>Manganeso (Mn 2%):<\/strong> EDTA quelatado con \u00e1cido c\u00edtrico<\/span><\/li>\n<li><span style=\"font-size: 18px;\"><strong>Magnesio (Mg 2%):<\/strong> EDTA quelatado con \u00e1cido c\u00edtrico<\/span><\/li>\n<li><span style=\"font-size: 18px;\"><strong>Boro (B)<\/strong><\/span><\/li>\n<li><span style=\"font-size: 18px;\"><strong>Cobre (Cu 0,15%):<\/strong> EDTA quelatado con \u00e1cido c\u00edtrico<\/span><\/li>\n<li><span style=\"font-size: 18px;\"><strong>Molibdeno (Mo 0,1%)<\/strong><\/span><\/li>\n<\/ul>\n<h3>Embalaje<\/h3>\n<p><span style=\"font-size: 18px;\">Disponible en bolsas de 1 kg y 5 kg, Micronate 14 ofrece c\u00f3modas opciones de envasado para satisfacer diversas necesidades agr\u00edcolas.<\/span><\/p>\n<p><img loading=\"lazy\" decoding=\"async\" class=\"alignnone size-medium wp-image-17030\" src=\"https:\/\/alqawafel.com\/wp-content\/uploads\/2024\/11\/Micronate-14-.logo_-300x300.webp\" alt=\"Micronato 14 \" width=\"300\" height=\"300\" srcset=\"https:\/\/alqawafel.com\/wp-content\/uploads\/2024\/11\/Micronate-14-.logo_-300x300.webp 300w, https:\/\/alqawafel.com\/wp-content\/uploads\/2024\/11\/Micronate-14-.logo_-150x150.webp 150w, https:\/\/alqawafel.com\/wp-content\/uploads\/2024\/11\/Micronate-14-.logo_-768x768.webp 768w, https:\/\/alqawafel.com\/wp-content\/uploads\/2024\/11\/Micronate-14-.logo_.webp 1000w\" sizes=\"auto, (max-width: 300px) 100vw, 300px\" \/><\/p>","protected":false},"excerpt":{"rendered":"<p><span style=\"font-size: 18px;\">Micronate 14 es un abono completo a base de micronutrientes quelatados dise\u00f1ado para mejorar la resistencia de las plantas y tratar eficazmente las carencias de micronutrientes.<\/span><\/p>","protected":false},"featured_media":17030,"comment_status":"open","ping_status":"closed","template":"","meta":{"om_disable_all_campaigns":false,"_monsterinsights_skip_tracking":false,"_monsterinsights_sitenote_active":false,"_monsterinsights_sitenote_note":"","_monsterinsights_sitenote_category":0},"product_brand":[2216],"product_cat":[50,2135],"product_tag":[866,924,926,463,930,928,929],"class_list":{"0":"post-10052","1":"product","2":"type-product","3":"status-publish","4":"has-post-thumbnail","6":"product_brand-micronate","7":"product_cat-fertilizers","8":"product_cat-micro-nutrients-fertilizers","9":"product_tag-al-qawafel-ind-agr-co","10":"product_tag-chelated-micronutrients","11":"product_tag-deficiency-correction","12":"product_tag-fertilizer","13":"product_tag-foliar-soil","14":"product_tag-micronate-14","15":"product_tag-plant-resilience","17":"first","18":"instock","19":"shipping-taxable","20":"product-type-simple"},"aioseo_notices":[],"_links":{"self":[{"href":"https:\/\/alqawafel.com\/es\/wp-json\/wp\/v2\/product\/10052","targetHints":{"allow":["GET"]}}],"collection":[{"href":"https:\/\/alqawafel.com\/es\/wp-json\/wp\/v2\/product"}],"about":[{"href":"https:\/\/alqawafel.com\/es\/wp-json\/wp\/v2\/types\/product"}],"replies":[{"embeddable":true,"href":"https:\/\/alqawafel.com\/es\/wp-json\/wp\/v2\/comments?post=10052"}],"version-history":[{"count":6,"href":"https:\/\/alqawafel.com\/es\/wp-json\/wp\/v2\/product\/10052\/revisions"}],"predecessor-version":[{"id":19969,"href":"https:\/\/alqawafel.com\/es\/wp-json\/wp\/v2\/product\/10052\/revisions\/19969"}],"wp:featuredmedia":[{"embeddable":true,"href":"https:\/\/alqawafel.com\/es\/wp-json\/wp\/v2\/media\/17030"}],"wp:attachment":[{"href":"https:\/\/alqawafel.com\/es\/wp-json\/wp\/v2\/media?parent=10052"}],"wp:term":[{"taxonomy":"product_brand","embeddable":true,"href":"https:\/\/alqawafel.com\/es\/wp-json\/wp\/v2\/product_brand?post=10052"},{"taxonomy":"product_cat","embeddable":true,"href":"https:\/\/alqawafel.com\/es\/wp-json\/wp\/v2\/product_cat?post=10052"},{"taxonomy":"product_tag","embeddable":true,"href":"https:\/\/alqawafel.com\/es\/wp-json\/wp\/v2\/product_tag?post=10052"}],"curies":[{"name":"wp","href":"https:\/\/api.w.org\/{rel}","templated":true}]}}