{"id":10058,"date":"2024-11-13T16:03:13","date_gmt":"2024-11-13T16:03:13","guid":{"rendered":"https:\/\/alqawafel.com\/?post_type=product&#038;p=10058"},"modified":"2025-08-06T07:22:09","modified_gmt":"2025-08-06T07:22:09","slug":"micronato-ca-10","status":"publish","type":"product","link":"https:\/\/alqawafel.com\/es\/product\/micronate-ca-10\/","title":{"rendered":"Fertilizante Micronate Ca 10%"},"content":{"rendered":"<h3>\u00bfPor qu\u00e9 elegir Micronate Ca 10%?<\/h3>\n<p><span style=\"font-size: 14pt;\">Micronate Ca 10% est\u00e1 formulado para proporcionar calcio esencial, enriquecido con \u00e1cidos org\u00e1nicos, amino\u00e1cidos y vitaminas que estimulan el crecimiento de las plantas y mejoran su resistencia. Los aditivos especiales y agentes esparcidores de Micronate Ca 10% optimizan la absorci\u00f3n de nutrientes, maximizando los beneficios de los nutrientes disponibles. Este producto fomenta el crecimiento de hojas frescas y refuerza la resistencia de las plantas a las heladas y otros problemas medioambientales.<\/span><\/p>\n<h3>Principales ventajas del fertilizante de calcio Micronate Ca 10%<\/h3>\n<ul>\n<li><span style=\"font-size: 14pt;\"><strong>Rico en calcio y bioestimulantes naturales:<\/strong> Aporta calcio, \u00e1cidos org\u00e1nicos, amino\u00e1cidos y vitaminas que favorecen un crecimiento sano y la vitalidad de las plantas.<\/span><\/li>\n<li><span style=\"font-size: 14pt;\"><strong>Absorci\u00f3n mejorada de nutrientes:<\/strong> Incluye aditivos y agentes esparcidores para aumentar la absorci\u00f3n de nutrientes, favoreciendo la salud \u00f3ptima de las plantas.<\/span><\/li>\n<li><span style=\"font-size: 14pt;\"><strong>Mejora la resistencia de las plantas:<\/strong> Ayuda a desarrollar hojas frescas y refuerza la resistencia de las plantas a los cambios clim\u00e1ticos, incluidas las heladas.<\/span><\/li>\n<li><span style=\"font-size: 14pt;\"><strong>Aplicaci\u00f3n vers\u00e1til:<\/strong> Adecuado para aplicaciones foliares y al suelo, ofrece opciones flexibles para un suministro eficaz de calcio.<\/span><\/li>\n<\/ul>\n<h3>El papel del calcio en la salud de las plantas<\/h3>\n<p><span style=\"font-size: 14pt;\">El calcio desempe\u00f1a un papel fundamental en la salud y el desarrollo de las plantas:<\/span><\/p>\n<ul>\n<li><span style=\"font-size: 14pt;\"><strong>Estructura de la pared celular:<\/strong> Esencial para reforzar la pared celular y sostener la estructura de la planta.<\/span><\/li>\n<li><span style=\"font-size: 14pt;\"><strong>Frutas de alta calidad:<\/strong> Mejora la capacidad de almacenamiento y la firmeza de la fruta.<\/span><\/li>\n<li><span style=\"font-size: 14pt;\"><strong>Absorci\u00f3n de nutrientes:<\/strong> Ayuda a la absorci\u00f3n de otros nutrientes esenciales.<\/span><\/li>\n<li><span style=\"font-size: 14pt;\"><strong>Resistencia a las enfermedades:<\/strong> Aumenta la firmeza de los tejidos, ayudando a las plantas a resistir eficazmente las enfermedades.<\/span><\/li>\n<\/ul>\n<h3>Dosis de aplicaci\u00f3n foliar recomendadas para Micronate Ca 10%<\/h3>\n<ul>\n<li><span style=\"font-size: 14pt;\"><strong>Hortalizas de invernadero y de campo abierto:<\/strong> 200-250 g por 200 L de agua<\/span><\/li>\n<li><span style=\"font-size: 14pt;\"><strong>\u00c1rboles frutales:<\/strong> 200-300 g por 200 L de agua<\/span><\/li>\n<li><span style=\"font-size: 14pt;\"><strong>Cultivos de campo:<\/strong> 2-3 kg por hect\u00e1rea<\/span><\/li>\n<\/ul>\n<h3>Embalaje<\/h3>\n<p><span style=\"font-size: 14pt;\">Micronate Ca 10% est\u00e1 disponible en bolsas de 1 kg, lo que constituye una opci\u00f3n c\u00f3moda para aplicaciones en cultivos espec\u00edficos.<\/span><\/p>\n<p><img loading=\"lazy\" decoding=\"async\" class=\"alignnone size-medium wp-image-18740\" src=\"https:\/\/alqawafel.com\/wp-content\/uploads\/2024\/11\/Untitled-7-copy-300x300.webp\" alt=\"Micronate Ca 10% (\u00e1cido c\u00edtrico EDTA) es un fertilizante rico en calcio de aplicaci\u00f3n foliar y al suelo con \u00e1cidos org\u00e1nicos, amino\u00e1cidos y vitaminas.\" width=\"300\" height=\"300\" srcset=\"https:\/\/alqawafel.com\/wp-content\/uploads\/2024\/11\/Untitled-7-copy-300x300.webp 300w, https:\/\/alqawafel.com\/wp-content\/uploads\/2024\/11\/Untitled-7-copy-150x150.webp 150w, https:\/\/alqawafel.com\/wp-content\/uploads\/2024\/11\/Untitled-7-copy-768x768.webp 768w, https:\/\/alqawafel.com\/wp-content\/uploads\/2024\/11\/Untitled-7-copy.webp 1000w\" sizes=\"auto, (max-width: 300px) 100vw, 300px\" \/><\/p>","protected":false},"excerpt":{"rendered":"<p>Micronate Ca 10% (\u00e1cido c\u00edtrico EDTA) es un fertilizante rico en calcio de aplicaci\u00f3n foliar y al suelo con \u00e1cidos org\u00e1nicos, amino\u00e1cidos y vitaminas.<\/p>","protected":false},"featured_media":18740,"comment_status":"open","ping_status":"closed","template":"","meta":{"om_disable_all_campaigns":false,"_monsterinsights_skip_tracking":false,"_monsterinsights_sitenote_active":false,"_monsterinsights_sitenote_note":"","_monsterinsights_sitenote_category":0},"product_brand":[2216],"product_cat":[50,2135],"product_tag":[866,934,933,924,926,936,463,930,935],"class_list":{"0":"post-10058","1":"product","2":"type-product","3":"status-publish","4":"has-post-thumbnail","6":"product_brand-micronate","7":"product_cat-fertilizers","8":"product_cat-micro-nutrients-fertilizers","9":"product_tag-al-qawafel-ind-agr-co","10":"product_tag-calcium-deficiency","11":"product_tag-calcium-rich","12":"product_tag-chelated-micronutrients","13":"product_tag-deficiency-correction","14":"product_tag-enhanced-absorption","15":"product_tag-fertilizer","16":"product_tag-foliar-soil","17":"product_tag-fruit-quality","19":"first","20":"instock","21":"shipping-taxable","22":"product-type-simple"},"aioseo_notices":[],"_links":{"self":[{"href":"https:\/\/alqawafel.com\/es\/wp-json\/wp\/v2\/product\/10058","targetHints":{"allow":["GET"]}}],"collection":[{"href":"https:\/\/alqawafel.com\/es\/wp-json\/wp\/v2\/product"}],"about":[{"href":"https:\/\/alqawafel.com\/es\/wp-json\/wp\/v2\/types\/product"}],"replies":[{"embeddable":true,"href":"https:\/\/alqawafel.com\/es\/wp-json\/wp\/v2\/comments?post=10058"}],"version-history":[{"count":9,"href":"https:\/\/alqawafel.com\/es\/wp-json\/wp\/v2\/product\/10058\/revisions"}],"predecessor-version":[{"id":19482,"href":"https:\/\/alqawafel.com\/es\/wp-json\/wp\/v2\/product\/10058\/revisions\/19482"}],"wp:featuredmedia":[{"embeddable":true,"href":"https:\/\/alqawafel.com\/es\/wp-json\/wp\/v2\/media\/18740"}],"wp:attachment":[{"href":"https:\/\/alqawafel.com\/es\/wp-json\/wp\/v2\/media?parent=10058"}],"wp:term":[{"taxonomy":"product_brand","embeddable":true,"href":"https:\/\/alqawafel.com\/es\/wp-json\/wp\/v2\/product_brand?post=10058"},{"taxonomy":"product_cat","embeddable":true,"href":"https:\/\/alqawafel.com\/es\/wp-json\/wp\/v2\/product_cat?post=10058"},{"taxonomy":"product_tag","embeddable":true,"href":"https:\/\/alqawafel.com\/es\/wp-json\/wp\/v2\/product_tag?post=10058"}],"curies":[{"name":"wp","href":"https:\/\/api.w.org\/{rel}","templated":true}]}}